{"id":83,"date":"2020-11-25T11:14:13","date_gmt":"2020-11-25T11:14:13","guid":{"rendered":"https:\/\/plagiarismcheckerx.com\/wordpress\/es\/?page_id=83"},"modified":"2020-12-04T03:45:08","modified_gmt":"2020-12-04T03:45:08","slug":"badges","status":"publish","type":"page","link":"https:\/\/plagiarismcheckerx.com\/pt\/badges","title":{"rendered":"Badges"},"content":{"rendered":"\r\n<section id=\"badges\">\r\n<div class=\"container inner-top-sm\">\r\n<div class=\"row\">\r\n<div class=\"col-md-8 center-block text-center\">\r\n<header>\r\n<h1>Mostre que o seu site est\u00e1 protegido com os nossos distintivos<\/h1>\r\n<\/header>\r\n<p>Utilize os nossos selos para ajudar a sensibilizar o seu p\u00fablico contra o pl\u00e1gio e para alertar potenciais plagi\u00e1rios de que os seus conte\u00fados se encontram protegidos. Para adicionar os nossos distintivos ao seu site, basta copiar o c\u00f3digo HTML abaixo e junt\u00e1-lo ao das suas p\u00e1ginas.<\/p>\r\n<\/div>\r\n<\/div>\r\n<\/div>\r\n\r\n<div class=\"container inner-xs\">\r\n<div class=\"row\">\r\n  <div class=\"col-md-4 col-md-offset-2 text-center\">\r\n    <img src=\"https:\/\/plagiarismcheckerx.com\/assets\/images\/badges\/pcx-protected-11-box.jpg\">\r\n    <textarea readonly name=\"badge_11\"><a href=\"https:\/\/plagiarismcheckerx.com\/\" title=\"plagiarimcheckerx.com Protection Badge\"> <img src=\"https:\/\/plagiarismcheckerx.com\/assets\/images\/badges\/pcx-protected-11.png\" alt=\"plagiarismcheckerx.com Protection Badge\"><\/a><\/textarea><br \/>\r\n<\/div>\r\n<div class=\"col-md-4 text-center\">\r\n  <img src=\"https:\/\/plagiarismcheckerx.com\/assets\/images\/badges\/pcx-protected-12-box.jpg\">\r\n  <textarea readonly name=\"badge_12\"><a href=\"https:\/\/plagiarismcheckerx.com\/\" title=\"plagiarimcheckerx.com Protection Badge\"> <img src=\"https:\/\/plagiarismcheckerx.com\/assets\/images\/badges\/pcx-protected-12.png\" alt=\"plagiarismcheckerx.com Protection Badge\"><\/a><\/textarea><br \/>\r\n<\/div>\r\n<\/div>\r\n\r\n<div class=\"row\">\r\n  <div class=\"col-md-4 col-md-offset-2 text-center\">\r\n    <img src=\"https:\/\/plagiarismcheckerx.com\/assets\/images\/badges\/pcx-protected-9-box.jpg\">\r\n    <textarea readonly name=\"badge_9\"><a href=\"https:\/\/plagiarismcheckerx.com\/\" title=\"plagiarimcheckerx.com Protection Badge\"> <img src=\"https:\/\/plagiarismcheckerx.com\/assets\/images\/badges\/pcx-protected-9.png\" alt=\"plagiarismcheckerx.com Protection Badge\"><\/a><\/textarea><br \/>\r\n<\/div>\r\n<div class=\"col-md-4 text-center\">\r\n  <img src=\"https:\/\/plagiarismcheckerx.com\/assets\/images\/badges\/pcx-protected-10-box.jpg\">\r\n  <textarea readonly name=\"badge_10\"><a href=\"https:\/\/plagiarismcheckerx.com\/\" title=\"plagiarimcheckerx.com Protection Badge\"> <img src=\"https:\/\/plagiarismcheckerx.com\/assets\/images\/badges\/pcx-protected-10.png\" alt=\"plagiarismcheckerx.com Protection Badge\"><\/a><\/textarea><br \/>\r\n<\/div>\r\n<\/div>\r\n\r\n<div class=\"row\">\r\n<div class=\"col-md-4 col-md-offset-2 text-center\">\r\n<img src=\"https:\/\/plagiarismcheckerx.com\/assets\/images\/badges\/pcx-protected-1.png\">\r\n<textarea name=\"badge_1\"><a href=\"https:\/\/plagiarismcheckerx.com\/\" title=\"plagiarimcheckerx.com Protection Badge\"> <img src=\"https:\/\/plagiarismcheckerx.com\/assets\/images\/badges\/pcx-protected-1.png\" alt=\"plagiarismcheckerx.com Protection Badge\"><\/a><\/textarea><br \/>\r\n<img src=\"https:\/\/plagiarismcheckerx.com\/assets\/images\/badges\/pcx-protected-3.png\">\r\n<textarea name=\"badge_3\"><a href=\"https:\/\/plagiarismcheckerx.com\/\" title=\"plagiarimcheckerx.com Protection Badge\"> <img src=\"https:\/\/plagiarismcheckerx.com\/assets\/images\/badges\/pcx-protected-3.png\" alt=\"plagiarismcheckerx.com Protection Badge\"><\/a><\/textarea><br \/>\r\n<img src=\"https:\/\/plagiarismcheckerx.com\/assets\/images\/badges\/pcx-protected-5.png\">\r\n<textarea name=\"badge_5\"><a href=\"https:\/\/plagiarismcheckerx.com\/\" title=\"plagiarimcheckerx.com Protection Badge\"> <img src=\"https:\/\/plagiarismcheckerx.com\/assets\/images\/badges\/pcx-protected-5.png\" alt=\"plagiarismcheckerx.com Protection Badge\"><\/a><\/textarea><br \/>\r\n<img src=\"https:\/\/plagiarismcheckerx.com\/assets\/images\/badges\/pcx-protected-7.png\">\r\n<textarea name=\"badge_7\"><a href=\"https:\/\/plagiarismcheckerx.com\/\" title=\"plagiarimcheckerx.com Protection Badge\"> <img src=\"https:\/\/plagiarismcheckerx.com\/assets\/images\/badges\/pcx-protected-7.png\" alt=\"plagiarismcheckerx.com Protection Badge\"><\/a><\/textarea>\r\n<\/div>\r\n\r\n<div class=\"col-md-4 text-center\">\r\n<img src=\"https:\/\/plagiarismcheckerx.com\/assets\/images\/badges\/pcx-protected-2.png\">\r\n<textarea name=\"badge_2\"><a href=\"https:\/\/plagiarismcheckerx.com\/\" title=\"plagiarimcheckerx.com Protection Badge\"> <img src=\"https:\/\/plagiarismcheckerx.com\/assets\/images\/badges\/pcx-protected-2.png\" alt=\"plagiarismcheckerx.com Protection Badge\"><\/a><\/textarea><br \/>\r\n<img src=\"https:\/\/plagiarismcheckerx.com\/assets\/images\/badges\/pcx-protected-4.png\">\r\n<textarea name=\"badge_4\"><a href=\"https:\/\/plagiarismcheckerx.com\/\" title=\"plagiarimcheckerx.com Protection Badge\"> <img src=\"https:\/\/plagiarismcheckerx.com\/assets\/images\/badges\/pcx-protected-4.png\" alt=\"plagiarismcheckerx.com Protection Badge\"><\/a><\/textarea><br \/>\r\n<img src=\"https:\/\/plagiarismcheckerx.com\/assets\/images\/badges\/pcx-protected-6.png\">\r\n<textarea name=\"badge_6\"><a href=\"https:\/\/plagiarismcheckerx.com\/\" title=\"plagiarimcheckerx.com Protection Badge\"> <img src=\"https:\/\/plagiarismcheckerx.com\/assets\/images\/badges\/pcx-protected-6.png\" alt=\"plagiarismcheckerx.com Protection Badge\"><\/a><\/textarea><br \/>\r\n<img src=\"https:\/\/plagiarismcheckerx.com\/assets\/images\/badges\/pcx-protected-8.png\">\r\n<textarea name=\"badge_8\"><a href=\"https:\/\/plagiarismcheckerx.com\/\" title=\"plagiarimcheckerx.com Protection Badge\"> <img src=\"https:\/\/plagiarismcheckerx.com\/assets\/images\/badges\/pcx-protected-8.png\" alt=\"plagiarismcheckerx.com Protection Badge\"><\/a><\/textarea>\r\n<\/div>\r\n<\/div>\r\n<\/div>\r\n\r\n<\/section>\r\n","protected":false},"excerpt":{"rendered":"<p>Mostre que o seu site est\u00e1 protegido com os nossos distintivos Utilize os nossos selos para ajudar a sensibilizar o seu p\u00fablico contra o pl\u00e1gio e para alertar potenciais plagi\u00e1rios de que os seus conte\u00fados se encontram protegidos. Para adicionar os nossos distintivos ao seu site, basta copiar o c\u00f3digo HTML abaixo e junt\u00e1-lo ao [&hellip;]<\/p>\n","protected":false},"author":1,"featured_media":0,"parent":0,"menu_order":0,"comment_status":"closed","ping_status":"closed","template":"","meta":[],"_links":{"self":[{"href":"https:\/\/plagiarismcheckerx.com\/pt\/wp-json\/wp\/v2\/pages\/83"}],"collection":[{"href":"https:\/\/plagiarismcheckerx.com\/pt\/wp-json\/wp\/v2\/pages"}],"about":[{"href":"https:\/\/plagiarismcheckerx.com\/pt\/wp-json\/wp\/v2\/types\/page"}],"author":[{"embeddable":true,"href":"https:\/\/plagiarismcheckerx.com\/pt\/wp-json\/wp\/v2\/users\/1"}],"replies":[{"embeddable":true,"href":"https:\/\/plagiarismcheckerx.com\/pt\/wp-json\/wp\/v2\/comments?post=83"}],"version-history":[{"count":3,"href":"https:\/\/plagiarismcheckerx.com\/pt\/wp-json\/wp\/v2\/pages\/83\/revisions"}],"predecessor-version":[{"id":349,"href":"https:\/\/plagiarismcheckerx.com\/pt\/wp-json\/wp\/v2\/pages\/83\/revisions\/349"}],"wp:attachment":[{"href":"https:\/\/plagiarismcheckerx.com\/pt\/wp-json\/wp\/v2\/media?parent=83"}],"curies":[{"name":"wp","href":"https:\/\/api.w.org\/{rel}","templated":true}]}}