{"id":77,"date":"2020-11-25T11:00:08","date_gmt":"2020-11-25T11:00:08","guid":{"rendered":"https:\/\/plagiarismcheckerx.com\/wordpress\/es\/?page_id=77"},"modified":"2021-09-21T15:33:29","modified_gmt":"2021-09-21T15:33:29","slug":"system-requirements","status":"publish","type":"page","link":"https:\/\/plagiarismcheckerx.com\/pt\/system-requirements","title":{"rendered":"System Requirements"},"content":{"rendered":"\r\n<section id=\"system-requirements\">\r\n<div class=\"container inner-top-sm\">\r\n<div class=\"row\">\r\n<div class=\"col-md-10 center-block text-center\">\r\n<header>\r\n<h1>Requisitos de Sistema<\/h1>\r\n<\/header>\r\n<p> Plagiarism Checker X \u00e9 um verificador de pl\u00e1gio de refer\u00eancia, concebido para ajudar estudantes, professores, institui\u00e7\u00f5es acad\u00e9micas, empresas de investiga\u00e7\u00e3o, criadores de conte\u00fados web, editores e pessoas de muitos outros setores da sociedade nos seus dom\u00ednios profissionais. Para desfrutar do nosso produto, ser\u00e1 necess\u00e1rio proceder \u00e0 sua instala\u00e7\u00e3o no seu computador. Para o fazer com sucesso, por favor, certifique-se de que este cumpre os seguintes crit\u00e9rios.<\/p>\r\n<\/div>\r\n<\/div>\r\n<\/div>\r\n<\/section>\r\n\r\n<section id=\"system-requirements\">\r\n<div class=\"container inner-xs\">\r\n<div class=\"row\">\r\n<div class=\"col-md-10 center-block\"><br>\r\n<table class=\"table table-striped wide-table\">\r\n<tbody>\r\n<tr>\r\n<td> <\/td>\r\n<td>M\u00ednimo<\/td>\r\n<td>Recomendado<\/td>\r\n<\/tr>\r\n<tr>\r\n<td>Processador<\/td>\r\n<td>1.5GHz ou superior<\/td>\r\n<td>2.5GHz ou superior<\/td>\r\n<\/tr>\r\n<tr>\r\n<td>Mem\u00f3ria (RAM)<\/td>\r\n<td>2GB<\/td>\r\n<td>4GB ou mais<\/td>\r\n<\/tr>\r\n<tr>\r\n<td>Espa\u00e7o livre no disco <\/td>\r\n<td>50MB<\/td>\r\n<td>100MB<\/td>\r\n<\/tr>\r\n<tr>\r\n<td>Donet Framework<\/td>\r\n<td><a href=\"https:\/\/dotnet.microsoft.com\/download\/dotnet-framework\/thank-you\/net451-offline-installer\" target=\"_blank\" rel=\"nofollow noreferrer noopener\">4.5.1 <i class=\"icon-download-1\"><\/i><\/a><\/td>\r\n<td><a href=\"https:\/\/dotnet.microsoft.com\/download\/dotnet-framework\/thank-you\/net471-offline-installer\" target=\"_blank\" rel=\"nofollow noreferrer noopener\">4.7.1 <\/a> ou superior<\/td>\r\n<\/tr>\r\n<tr>\r\n<td>Liga\u00e7\u00e3o \u00e0 internet<\/td>\r\n<td>512 Kbps<\/td>\r\n<td>1 Mbps ou mais<\/td>\r\n<\/tr>\r\n\r\n<\/tbody><\/table>\r\n<br><br><h2>Sistema Operativo<\/h2>\r\n<p>Plagiarism Checker X \u00e9 compat\u00edvel com todos estes sistemas operativos.<\/p>\r\n<table class=\"table table-striped wide-table\">\r\n<tbody>\r\n<tr>\r\n<td> <\/td>\r\n<td>32-Bit<\/td>\r\n<td>64-Bit<\/td>\r\n<\/tr>\r\n\r\n<tr>\r\n<td>Windows 10<\/td>\r\n<td><img src=\"https:\/\/plagiarismcheckerx.com\/assets\/images\/icon_yes_color.png\"><\/td>\r\n<td><img src=\"https:\/\/plagiarismcheckerx.com\/assets\/images\/icon_yes_color.png\"><\/td>\r\n<\/tr>\r\n\r\n<tr>\r\n<td>Windows 8<\/td>\r\n<td><img src=\"https:\/\/plagiarismcheckerx.com\/assets\/images\/icon_yes_color.png\"><\/td>\r\n<td><img src=\"https:\/\/plagiarismcheckerx.com\/assets\/images\/icon_yes_color.png\"><\/td>\r\n<\/tr>\r\n<tr>\r\n<td>Windows 7<\/td>\r\n<td><img src=\"https:\/\/plagiarismcheckerx.com\/assets\/images\/icon_yes_color.png\"><\/td>\r\n<td><img src=\"https:\/\/plagiarismcheckerx.com\/assets\/images\/icon_yes_color.png\"><\/td>\r\n<\/tr>\r\n<tr>\r\n<td>Windows Vista SP2<\/td>\r\n<td><img src=\"https:\/\/plagiarismcheckerx.com\/assets\/images\/icon_yes_color.png\"><\/td>\r\n<td><img src=\"https:\/\/plagiarismcheckerx.com\/assets\/images\/icon_yes_color.png\"><\/td>\r\n<\/tr>\r\n<\/tbody><\/table>\r\n\r\n<br><br><h2>L\u00ednguas<\/h2>\r\n<p>A interface de Plagiarism Checker X est\u00e1 dispon\u00edvel em 7 idiomas, mas a aplica\u00e7\u00e3o suporta mais de 20.<\/p>\r\n<table class=\"table table-striped wide-table\">\r\n<tbody>\r\n<tr>\r\n<td> <\/td>\r\n<td>Disponibilidade<\/td>\r\n<\/tr>\r\n\r\n<tr>\r\n<td>English<\/td>\r\n<td><img src=\"https:\/\/plagiarismcheckerx.com\/assets\/images\/icon_yes_color.png\"><\/td>\r\n<\/tr>\r\n<tr>\r\n<td>Spanish<\/td>\r\n<td><img src=\"https:\/\/plagiarismcheckerx.com\/assets\/images\/icon_yes_color.png\"><\/td>\r\n<\/tr>\r\n<tr>\r\n<td>Deutch<\/td>\r\n<td><img src=\"https:\/\/plagiarismcheckerx.com\/assets\/images\/icon_yes_color.png\"><\/td>\r\n<\/tr>\r\n<tr>\r\n<td>French<\/td>\r\n<td><img src=\"https:\/\/plagiarismcheckerx.com\/assets\/images\/icon_yes_color.png\"><\/td>\r\n<\/tr>\r\n<tr>\r\n<td>German<\/td>\r\n<td><img src=\"https:\/\/plagiarismcheckerx.com\/assets\/images\/icon_yes_color.png\"><\/td>\r\n<\/tr>\r\n<tr>\r\n<td>Italian<\/td>\r\n<td><img src=\"https:\/\/plagiarismcheckerx.com\/assets\/images\/icon_yes_color.png\"><\/td>\r\n<\/tr>\r\n<tr>\r\n<td>Portuguese<\/td>\r\n<td><img src=\"https:\/\/plagiarismcheckerx.com\/assets\/images\/icon_yes_color.png\"><\/td>\r\n<\/tr>\r\n<tr>\r\n<td>Russian<\/td>\r\n<td>Suportada<\/td>\r\n<\/tr>\r\n<tr>\r\n<td>Japanese<\/td>\r\n<td>Suportada<\/td>\r\n<\/tr>\r\n<tr>\r\n<td>Hindi<\/td>\r\n<td>Suportada<\/td>\r\n<\/tr>\r\n<\/tbody><\/table>\r\n<\/div>\r\n<\/div>\r\n<\/div>\r\n<\/section>\r\n\n    <section id=\"customer-satisfaction\">\n    <div class=\"container inner-sm\">\n    <div class=\"row\">\n    <div class=\"col-md-10 col-sm-9 center-block text-center\">\n    <header>\n    <h2>Satisfa\u00e7\u00e3o Garantida<\/h2>\n    <p>\"Plagiarism Checker X foi criado tendo em mente as an\u00e1lises, avalia\u00e7\u00f5es e feedback t\u00e9cnico e funcional do mercado. A sua rapidez, precis\u00e3o e interface amiga do utilizador s\u00e3o garantia de clientes satisfeitos e leais.\"<\/p>\n    <div class=\"row\">\n    <div class=\"col-md-8 center-block text-center\">\n    <figure><img src=\"https:\/\/cdn.plagiarismcheckerx.com\/images\/credit-cards-2.png\" loading=\"lazy\" alt=\"Credit Cards\"> <\/figure>\n    <\/div><\/div>\n    <\/header>\n    <div>\n    <a href=\"..\/download-thank-you\" class=\"btn btn-large btn-gray\">DESCARGA GRATUITA<\/a>&nbsp;\n    <a href=\"..\/buy\" class=\"btn btn-large\">VERS\u00c3O PRO<\/a>\n    <\/div>\n    <\/div>\n    <\/div>\n    <\/div>\n    <\/section>\n\n\n    \r\n","protected":false},"excerpt":{"rendered":"<p>Requisitos de Sistema Plagiarism Checker X \u00e9 um verificador de pl\u00e1gio de refer\u00eancia, concebido para ajudar estudantes, professores, institui\u00e7\u00f5es acad\u00e9micas, empresas de investiga\u00e7\u00e3o, criadores de conte\u00fados web, editores e pessoas de muitos outros setores da sociedade nos seus dom\u00ednios profissionais. Para desfrutar do nosso produto, ser\u00e1 necess\u00e1rio proceder \u00e0 sua instala\u00e7\u00e3o no seu computador. Para [&hellip;]<\/p>\n","protected":false},"author":1,"featured_media":0,"parent":0,"menu_order":0,"comment_status":"closed","ping_status":"closed","template":"","meta":[],"_links":{"self":[{"href":"https:\/\/plagiarismcheckerx.com\/pt\/wp-json\/wp\/v2\/pages\/77"}],"collection":[{"href":"https:\/\/plagiarismcheckerx.com\/pt\/wp-json\/wp\/v2\/pages"}],"about":[{"href":"https:\/\/plagiarismcheckerx.com\/pt\/wp-json\/wp\/v2\/types\/page"}],"author":[{"embeddable":true,"href":"https:\/\/plagiarismcheckerx.com\/pt\/wp-json\/wp\/v2\/users\/1"}],"replies":[{"embeddable":true,"href":"https:\/\/plagiarismcheckerx.com\/pt\/wp-json\/wp\/v2\/comments?post=77"}],"version-history":[{"count":4,"href":"https:\/\/plagiarismcheckerx.com\/pt\/wp-json\/wp\/v2\/pages\/77\/revisions"}],"predecessor-version":[{"id":385,"href":"https:\/\/plagiarismcheckerx.com\/pt\/wp-json\/wp\/v2\/pages\/77\/revisions\/385"}],"wp:attachment":[{"href":"https:\/\/plagiarismcheckerx.com\/pt\/wp-json\/wp\/v2\/media?parent=77"}],"curies":[{"name":"wp","href":"https:\/\/api.w.org\/{rel}","templated":true}]}}