{"id":75,"date":"2020-11-25T10:57:13","date_gmt":"2020-11-25T10:57:13","guid":{"rendered":"https:\/\/plagiarismcheckerx.com\/wordpress\/es\/?page_id=75"},"modified":"2020-12-04T03:45:08","modified_gmt":"2020-12-04T03:45:08","slug":"download","status":"publish","type":"page","link":"https:\/\/plagiarismcheckerx.com\/pt\/download","title":{"rendered":"Download"},"content":{"rendered":"\r\n<section id=\"download\">\r\n<div class=\"container inner-xs\">\r\n<div class=\"row\">\r\n\r\n<div class=\"col-md-7 inner-xs text-center\">\r\n<br>\r\n<h1 align=\"center\">Descarregar Plagiarism Checker<\/h1>\r\n<p>Plagiarism Checker X foi concebido para detetar conte\u00fado plagiado dos seus documentos\/texto, sendo uma ajuda preciosa para os seus utilizadores (como estudantes, professores, escolas e universidades, escritores, profissionais de SEO e outros) a verificar a originalidade dos seus conte\u00fados. Para lhe permitirmos testar em ambiente real as capacidades da nossa solu\u00e7\u00e3o, \u00e9 poss\u00edvel descarregar GRATUITAMENTE uma vers\u00e3o de avalia\u00e7\u00e3o, funcional, mas com algumas limita\u00e7\u00f5es. Detete pl\u00e1gio facilmente e evite que o seu trabalho seja utilizado indevidamente. Para desfrutar da vers\u00e3o completa, com todas as suas inovadoras caracter\u00edsticas, poder\u00e1 adquirir uma licen\u00e7a por apenas $39,95.<\/p>\r\n<a href=\"..\/download-thank-you\" class=\"btn btn-large btn-gray\">DESCARGA GRATUITA<\/a> &nbsp;\r\n<a href=\"..\/buy\" class=\"btn btn-large\">VERS\u00c3O PRO<\/a>\r\n<\/div>\r\n\r\n<div class=\"col-md-5\">\r\n<br>\r\n<img src=\"https:\/\/cdn.plagiarismcheckerx.com\/images\/header-banner-dashboard.jpg\" alt=\"plagairism checker free\" height=\"395px\">\r\n<\/div>\r\n<\/div>\r\n<br>\r\n<\/div>\r\n<\/section>\r\n\n\n<section id=\"clients\">\n<div class=\"container inner-sm\">\n\n<div class=\"row\">\n<div class=\"col-md-8 col-sm-9 center-block text-center\">\n<header>\n<h2>Utilizado por Institutos L\u00edderes<\/h2>\n<p>Valorizamos as experi\u00eancias dos nossos clientes. A velocidade, precis\u00e3o, e facilidade de utiliza\u00e7\u00e3o da interface fez com que os nossos clientes ficassem satisfeitos e com que se tornassem fieis.<\/p>\n<\/header>\n<\/div>\n<\/div>\n\n<div class=\"row inner-top-xs\">\n<div class=\"col-sm-12\">\n<div id=\"owl-clients\" class=\"owl-carousel owl-outer-nav\">\n\n<div class=\"item\">\n<figure>\n<figcaption class=\"text-overlay\">\n<div class=\"info\">\n<h4>IEEE<\/h4>\n<\/div>\n<\/figcaption>\n<img class=\"SliceImages OrgImage1\">\n<\/figure>\n<\/div>\n\n<div class=\"item\">\n<figure>\n<figcaption class=\"text-overlay\">\n<div class=\"info\">\n<h4>American University of Science And Technology<\/h4>\n<\/div>\n<\/figcaption>\n<img class=\"SliceImages OrgImage2\">\n<\/figure>\n<\/div>\n\n<div class=\"item\">\n<figure>\n<figcaption class=\"text-overlay\">\n<div class=\"info\">\n<h4>Remington College<\/h4>\n<\/div>\n<\/figcaption>\n<img class=\"SliceImages OrgImage3\">\n<\/figure>\n<\/div>\n\n<div class=\"item\">\n<figure>\n<figcaption class=\"text-overlay\">\n<div class=\"info\">\n<h4>JM Field Marketing<\/h4>\n<\/div>\n<\/figcaption>\n<img class=\"SliceImages OrgImage4\">\n<\/figure>\n<\/div>\n\n<div class=\"item\">\n<figure>\n<figcaption class=\"text-overlay\">\n<div class=\"info\">\n<h4>University of Maribor<\/h4>\n<\/div>\n<\/figcaption>\n<img class=\"SliceImages OrgImage5\">\n<\/figure>\n<\/div>\n\n<div class=\"item\">\n<figure>\n<figcaption class=\"text-overlay\">\n<div class=\"info\">\n<h4>Great American Cookies<\/h4>\n<\/div>\n<\/figcaption>\n<img class=\"SliceImages OrgImage6\">\n<\/figure>\n<\/div>\n\n<div class=\"item\">\n<figure>\n<figcaption class=\"text-overlay\">\n<div class=\"info\">\n<h4>Ohio University<\/h4>\n<\/div>\n<\/figcaption>\n<img class=\"SliceImages OrgImage7\">\n<\/figure>\n<\/div>\n\n<div class=\"item\">\n<figure>\n<figcaption class=\"text-overlay\">\n<div class=\"info\">\n<h4>University Of Massachusetts Boston<\/h4>\n<\/div>\n<\/figcaption>\n<img class=\"SliceImages OrgImage8\">\n<\/figure>\n<\/div>\n\n<div class=\"item\">\n<figure>\n<figcaption class=\"text-overlay\">\n<div class=\"info\">\n<h4>Labournet Services India<\/h4>\n<\/div>\n<\/figcaption>\n<img class=\"SliceImages OrgImage9\">\n<\/figure>\n<\/div>\n\n<div class=\"item\">\n<figure>\n<figcaption class=\"text-overlay\">\n<div class=\"info\">\n<h4>King Saud University<\/h4>\n<\/div>\n<\/figcaption>\n<img class=\"SliceImages OrgImage10\">\n<\/figure>\n<\/div>\n\n<div class=\"item\">\n<figure>\n<figcaption class=\"text-overlay\">\n<div class=\"info\">\n<h4>Delta-State-University-Abraka<\/h4>\n<\/div>\n<\/figcaption>\n<img class=\"SliceImages OrgImage11\">\n<\/figure>\n<\/div>\n\n<div class=\"item\">\n<figure>\n<figcaption class=\"text-overlay\">\n<div class=\"info\">\n<h4>Trinity College<\/h4>\n<\/div>\n<\/figcaption>\n<img class=\"SliceImages OrgImage12\">\n<\/figure>\n<\/div>\n\n<\/div>\n<\/div>\n<\/div>\n\n<\/div>\n<\/section>\n\n\r\n\n    <section id=\"awards\">\n    <div class=\"container inner-xs\">\n    <div class=\"row\">\n    <div class=\"col-md-11 col-sm-9 center-block text-center\">\n    <header>\n    <h2>Pr\u00e9mios & Certifica\u00e7\u00f5es<\/h2>\n    <\/header>\n    <p>\"Plagiarism Checker X \u00e9 uma solu\u00e7\u00e3o inform\u00e1tica premiada. N\u00e3o gostamos de nos vangloriar, mas temos grande alegria em partilhar as nossas realiza\u00e7\u00f5es e reconhecimento de que temos sido alvo em todo o mundo. T\u00eam vindo a somar-se as avalia\u00e7\u00f5es positivas recebidas de numerosas organiza\u00e7\u00f5es independentes e relacionadas com o setor. Instale o nosso software com a confian\u00e7a de saber que se trata de uma solu\u00e7\u00e3o com capacidades inovadores, motivadoras de elogios a n\u00edvel mundial.\"<\/p>\n    <img src=\"https:\/\/cdn.plagiarismcheckerx.com\/images\/awards\/softonic.png\" loading=\"lazy\" alt=\"softonic\">\n    <img src=\"https:\/\/cdn.plagiarismcheckerx.com\/images\/awards\/software-informer.png\" loading=\"lazy\" alt=\"software informer\">\n    <img src=\"https:\/\/cdn.plagiarismcheckerx.com\/images\/awards\/mcafee.png\" loading=\"lazy\" alt=\"mcafee\">\n    <img src=\"https:\/\/cdn.plagiarismcheckerx.com\/images\/awards\/softpedia.png\" loading=\"lazy\" alt=\"sofepedia\">\n    <img src=\"https:\/\/cdn.plagiarismcheckerx.com\/images\/awards\/softpedia-clean.png\" loading=\"lazy\" alt=\"Softpedia clean\">\n    <img src=\"https:\/\/cdn.plagiarismcheckerx.com\/images\/awards\/software-informer-clean.png\" loading=\"lazy\" alt=\"software informer\">\n    <\/div>\n    <\/div>\n    <\/div>\n    <\/section>\n\n    \r\n\n\n<section id=\"your-data-is-safe\">\n<div class=\"container inner-sm\">\n<div class=\"row\">\n<div class=\"col-md-10 col-sm-9 center-block text-center\">\n<header>\n<h2>Os teus Dados est\u00e3o Seguros no teu Dispositivo, N\u00e3o tens que os Carregar<\/h2>\n<p>\"Como utilizador, n\u00e3o \u00e9s obrigado a carregar os teus trabalhos e conte\u00fado na nossa base de dados; em vez disso, os ficheiros mant\u00eam-se contigo. Esta ferramenta faz do Detector de Pl\u00e1gio X consideravelmente diferente do resto dos fornecedores deste tipo de servi\u00e7o. Portanto, despacha-te! Obt\u00e9m uma c\u00f3pia aqui!\".<\/p>\n<div class=\"row\">\n<div class=\"col-md-8 center-block text-center\">\n<figure><img src=\"https:\/\/cdn.plagiarismcheckerx.com\/images\/credit-cards-2.png\" alt=\"Credit Cards\"> <\/figure>\n<\/div><\/div>\n<\/header>\n<div>\n<a href=\"..\/download-thank-you\" class=\"btn btn-large\">DESCARGA GRATUITA<\/a> \n<a href=\"..\/buy\" class=\"btn btn-large\">VERS\u00c3O PRO<\/a>\n<\/div>\n<\/div>\n<\/div>\n<\/div>\n<\/section>\n\n\r\n","protected":false},"excerpt":{"rendered":"<p>Descarregar Plagiarism Checker Plagiarism Checker X foi concebido para detetar conte\u00fado plagiado dos seus documentos\/texto, sendo uma ajuda preciosa para os seus utilizadores (como estudantes, professores, escolas e universidades, escritores, profissionais de SEO e outros) a verificar a originalidade dos seus conte\u00fados. Para lhe permitirmos testar em ambiente real as capacidades da nossa solu\u00e7\u00e3o, \u00e9 [&hellip;]<\/p>\n","protected":false},"author":1,"featured_media":0,"parent":0,"menu_order":0,"comment_status":"closed","ping_status":"closed","template":"","meta":[],"_links":{"self":[{"href":"https:\/\/plagiarismcheckerx.com\/pt\/wp-json\/wp\/v2\/pages\/75"}],"collection":[{"href":"https:\/\/plagiarismcheckerx.com\/pt\/wp-json\/wp\/v2\/pages"}],"about":[{"href":"https:\/\/plagiarismcheckerx.com\/pt\/wp-json\/wp\/v2\/types\/page"}],"author":[{"embeddable":true,"href":"https:\/\/plagiarismcheckerx.com\/pt\/wp-json\/wp\/v2\/users\/1"}],"replies":[{"embeddable":true,"href":"https:\/\/plagiarismcheckerx.com\/pt\/wp-json\/wp\/v2\/comments?post=75"}],"version-history":[{"count":3,"href":"https:\/\/plagiarismcheckerx.com\/pt\/wp-json\/wp\/v2\/pages\/75\/revisions"}],"predecessor-version":[{"id":357,"href":"https:\/\/plagiarismcheckerx.com\/pt\/wp-json\/wp\/v2\/pages\/75\/revisions\/357"}],"wp:attachment":[{"href":"https:\/\/plagiarismcheckerx.com\/pt\/wp-json\/wp\/v2\/media?parent=75"}],"curies":[{"name":"wp","href":"https:\/\/api.w.org\/{rel}","templated":true}]}}