{"id":73,"date":"2020-11-25T10:55:13","date_gmt":"2020-11-25T10:55:13","guid":{"rendered":"https:\/\/plagiarismcheckerx.com\/wordpress\/es\/?page_id=73"},"modified":"2020-12-04T03:45:09","modified_gmt":"2020-12-04T03:45:09","slug":"screenshots","status":"publish","type":"page","link":"https:\/\/plagiarismcheckerx.com\/pt\/screenshots","title":{"rendered":"Screenshots"},"content":{"rendered":"\r\n<section id=\"screenshots\" class=\"light-bg inner-xs inner-left-xs inner-right-xs\">\r\n<div class=\"container\">\r\n<h1 class=\"team-headline sidelines text-center\"><span>Capturas de ecr\u00e3 de Plagiarism Checker X<\/span><\/h1>\r\n<p align=\"center\"> Poder\u00e1 encontrar aqui algumas capturas de ecr\u00e3 de Plagiarism Checker X.<\/p> <br><br>\r\n\r\n<div class=\"row thumbs gap-lg text-center\">\r\n<div class=\"col-sm-6 thumb\">\r\n<figure class=\"member\">\r\n\r\n<div class=\"member-image\">\r\n\r\n<div class=\"text-overlay\">\r\n<div class=\"info\">\r\n<a href=\"https:\/\/plagiarismcheckerx.com\/assets\/images\/screenshots\/online-plagiarism-start.jpg\" class=\"btn btn-large btn-green\" target=\"_blank\" rel=\"noopener noreferrer\"> Click here to view <\/a>\r\n<\/div><!-- \/.info -->\r\n<\/div><!-- \/.text-overlay -->\r\n<img src=\"https:\/\/plagiarismcheckerx.com\/assets\/images\/screenshots\/online-plagiarism-start.jpg\" alt=\"Check Plagiarism Online\">\r\n<\/div><!-- \/.member-image -->\r\n\r\n<figcaption class=\"member-details bordered no-top-border\">\r\n<h3>Verifica\u00e7\u00e3o de Pl\u00e1gio Online<\/h3>\r\n<\/figcaption>\r\n\r\n<\/figure>\r\n<\/div>\r\n<div class=\"col-sm-6 thumb\">\r\n<figure class=\"member\">\r\n\r\n<div class=\"member-image\">\r\n\r\n<div class=\"text-overlay\">\r\n<div class=\"info\">\r\n<a href=\"https:\/\/plagiarismcheckerx.com\/assets\/images\/screenshots\/online-plagiarism-results.jpg\" class=\"btn btn-large btn-green\" target=\"_blank\" rel=\"noopener noreferrer\"> Click here to view <\/a>\r\n<\/div><!-- \/.info -->\r\n<\/div><!-- \/.text-overlay -->\r\n<img src=\"https:\/\/plagiarismcheckerx.com\/assets\/images\/screenshots\/online-plagiarism-results.jpg\" align=\"Check Plagairism Results\">\r\n<\/div><!-- \/.member-image -->\r\n\r\n<figcaption class=\"member-details bordered no-top-border\">\r\n<h3>Plagiarism Checker X &#8211; Resultados<\/h3>\r\n<\/figcaption>\r\n\r\n<\/figure>\r\n<\/div>\r\n<\/div>\r\n\r\n<div class=\"row thumbs gap-md text-center\">\r\n\r\n<div class=\"col-sm-6 thumb\">\r\n<figure class=\"member\">\r\n<div class=\"member-image\">\r\n<div class=\"text-overlay\">\r\n<div class=\"info\">\r\n<a href=\"https:\/\/plagiarismcheckerx.com\/assets\/images\/screenshots\/online-plagiarism-summary.jpg\" class=\"btn btn-large btn-green\" target=\"_blank\" rel=\"noopener noreferrer\"> Click here to view <\/a>\r\n<\/div><!-- \/.info -->\r\n<\/div><!-- \/.text-overlay -->\r\n<img src=\"https:\/\/plagiarismcheckerx.com\/assets\/images\/screenshots\/online-plagiarism-summary.jpg\" alt=\"Plagiarism Checker X Reports\">\r\n<\/div><!-- \/.member-image -->\r\n\r\n<figcaption class=\"member-details bordered no-top-border\">\r\n<h3>Resumo Geral dos Resultados do Detetor de Pl\u00e1gio<\/h3>\r\n<\/figcaption>\r\n<\/figure>\r\n<\/div>\r\n\r\n<div class=\"col-sm-6 thumb\">\r\n<figure class=\"member\">\r\n<div class=\"member-image\">\r\n<div class=\"text-overlay\">\r\n<div class=\"info\">\r\n<a href=\"https:\/\/plagiarismcheckerx.com\/assets\/images\/screenshots\/online-plagiarism-report.jpg\" class=\"btn btn-large btn-green\" target=\"_blank\" rel=\"noopener noreferrer\"> Click here to view <\/a>\r\n<\/div><!-- \/.info -->\r\n<\/div><!-- \/.text-overlay -->\r\n<img src=\"https:\/\/plagiarismcheckerx.com\/assets\/images\/screenshots\/online-plagiarism-report.jpg\" alt=\"Plagiarism Checker X Originality Report\">\r\n<\/div><!-- \/.member-image -->\r\n\r\n<figcaption class=\"member-details bordered no-top-border\">\r\n<h3>Relat\u00f3rio de Pl\u00e1gio com Destaques<\/h3>\r\n<\/figcaption>\r\n\r\n<\/figure>\r\n<\/div>\r\n<\/div>\r\n\r\n<div class=\"row thumbs gap-md text-center\">\r\n<div class=\"col-sm-6 thumb\">\r\n<figure class=\"member\">\r\n<div class=\"member-image\">\r\n<div class=\"text-overlay\">\r\n<div class=\"info\">\r\n<a href=\"https:\/\/plagiarismcheckerx.com\/assets\/images\/screenshots\/side-by-side-comparison.jpg\" class=\"btn btn-large btn-green\" target=\"_blank\" rel=\"noopener noreferrer\"> Click here to view <\/a>\r\n<\/div><!-- \/.info -->\r\n<\/div><!-- \/.text-overlay -->\r\n<img src=\"https:\/\/plagiarismcheckerx.com\/assets\/images\/screenshots\/side-by-side-comparison.jpg\" alt=\"Side By Side Content Compare\">\r\n<\/div><!-- \/.member-image -->\r\n<figcaption class=\"member-details bordered no-top-border\">\r\n<h3>Compara\u00e7\u00e3o Lado a Lado <\/h3>\r\n<\/figcaption>\r\n<\/figure>\r\n<\/div>\r\n\r\n<div class=\"col-sm-6 thumb last-bottom\">\r\n<figure class=\"member\">\r\n<div class=\"member-image\">\r\n<div class=\"text-overlay\">\r\n<div class=\"info\">\r\n<a href=\"https:\/\/plagiarismcheckerx.com\/assets\/images\/screenshots\/bulk-comparison-results.jpg\" class=\"btn btn-large btn-green\" target=\"_blank\" rel=\"noopener noreferrer\"> Click here to view <\/a>\r\n<\/div><!-- \/.info -->\r\n<\/div><!-- \/.text-overlay -->\r\n<img src=\"https:\/\/plagiarismcheckerx.com\/assets\/images\/screenshots\/bulk-comparison-results.jpg\" align=\"CrossCheck and Cross Plagiarism Comparison\">\r\n<\/div><!-- \/.member-image -->\r\n<figcaption class=\"member-details bordered no-top-border\">\r\n<h3>Pesquisa em Massa<\/h3>\r\n<\/figcaption>\r\n<\/figure>\r\n<\/div>\r\n\r\n<\/div>\r\n\r\n<\/div>\r\n<\/section>\r\n\r\n\n\n<section id=\"clients\">\n<div class=\"container inner-sm\">\n\n<div class=\"row\">\n<div class=\"col-md-8 col-sm-9 center-block text-center\">\n<header>\n<h2>Utilizado por Institutos L\u00edderes<\/h2>\n<p>Valorizamos as experi\u00eancias dos nossos clientes. A velocidade, precis\u00e3o, e facilidade de utiliza\u00e7\u00e3o da interface fez com que os nossos clientes ficassem satisfeitos e com que se tornassem fieis.<\/p>\n<\/header>\n<\/div>\n<\/div>\n\n<div class=\"row inner-top-xs\">\n<div class=\"col-sm-12\">\n<div id=\"owl-clients\" class=\"owl-carousel owl-outer-nav\">\n\n<div class=\"item\">\n<figure>\n<figcaption class=\"text-overlay\">\n<div class=\"info\">\n<h4>IEEE<\/h4>\n<\/div>\n<\/figcaption>\n<img class=\"SliceImages OrgImage1\">\n<\/figure>\n<\/div>\n\n<div class=\"item\">\n<figure>\n<figcaption class=\"text-overlay\">\n<div class=\"info\">\n<h4>American University of Science And Technology<\/h4>\n<\/div>\n<\/figcaption>\n<img class=\"SliceImages OrgImage2\">\n<\/figure>\n<\/div>\n\n<div class=\"item\">\n<figure>\n<figcaption class=\"text-overlay\">\n<div class=\"info\">\n<h4>Remington College<\/h4>\n<\/div>\n<\/figcaption>\n<img class=\"SliceImages OrgImage3\">\n<\/figure>\n<\/div>\n\n<div class=\"item\">\n<figure>\n<figcaption class=\"text-overlay\">\n<div class=\"info\">\n<h4>JM Field Marketing<\/h4>\n<\/div>\n<\/figcaption>\n<img class=\"SliceImages OrgImage4\">\n<\/figure>\n<\/div>\n\n<div class=\"item\">\n<figure>\n<figcaption class=\"text-overlay\">\n<div class=\"info\">\n<h4>University of Maribor<\/h4>\n<\/div>\n<\/figcaption>\n<img class=\"SliceImages OrgImage5\">\n<\/figure>\n<\/div>\n\n<div class=\"item\">\n<figure>\n<figcaption class=\"text-overlay\">\n<div class=\"info\">\n<h4>Great American Cookies<\/h4>\n<\/div>\n<\/figcaption>\n<img class=\"SliceImages OrgImage6\">\n<\/figure>\n<\/div>\n\n<div class=\"item\">\n<figure>\n<figcaption class=\"text-overlay\">\n<div class=\"info\">\n<h4>Ohio University<\/h4>\n<\/div>\n<\/figcaption>\n<img class=\"SliceImages OrgImage7\">\n<\/figure>\n<\/div>\n\n<div class=\"item\">\n<figure>\n<figcaption class=\"text-overlay\">\n<div class=\"info\">\n<h4>University Of Massachusetts Boston<\/h4>\n<\/div>\n<\/figcaption>\n<img class=\"SliceImages OrgImage8\">\n<\/figure>\n<\/div>\n\n<div class=\"item\">\n<figure>\n<figcaption class=\"text-overlay\">\n<div class=\"info\">\n<h4>Labournet Services India<\/h4>\n<\/div>\n<\/figcaption>\n<img class=\"SliceImages OrgImage9\">\n<\/figure>\n<\/div>\n\n<div class=\"item\">\n<figure>\n<figcaption class=\"text-overlay\">\n<div class=\"info\">\n<h4>King Saud University<\/h4>\n<\/div>\n<\/figcaption>\n<img class=\"SliceImages OrgImage10\">\n<\/figure>\n<\/div>\n\n<div class=\"item\">\n<figure>\n<figcaption class=\"text-overlay\">\n<div class=\"info\">\n<h4>Delta-State-University-Abraka<\/h4>\n<\/div>\n<\/figcaption>\n<img class=\"SliceImages OrgImage11\">\n<\/figure>\n<\/div>\n\n<div class=\"item\">\n<figure>\n<figcaption class=\"text-overlay\">\n<div class=\"info\">\n<h4>Trinity College<\/h4>\n<\/div>\n<\/figcaption>\n<img class=\"SliceImages OrgImage12\">\n<\/figure>\n<\/div>\n\n<\/div>\n<\/div>\n<\/div>\n\n<\/div>\n<\/section>\n\n\r\n","protected":false},"excerpt":{"rendered":"<p>Capturas de ecr\u00e3 de Plagiarism Checker X Poder\u00e1 encontrar aqui algumas capturas de ecr\u00e3 de Plagiarism Checker X. Click here to view Verifica\u00e7\u00e3o de Pl\u00e1gio Online Click here to view Plagiarism Checker X &#8211; Resultados Click here to view Resumo Geral dos Resultados do Detetor de Pl\u00e1gio Click here to view Relat\u00f3rio de Pl\u00e1gio com [&hellip;]<\/p>\n","protected":false},"author":1,"featured_media":0,"parent":0,"menu_order":0,"comment_status":"closed","ping_status":"closed","template":"","meta":[],"_links":{"self":[{"href":"https:\/\/plagiarismcheckerx.com\/pt\/wp-json\/wp\/v2\/pages\/73"}],"collection":[{"href":"https:\/\/plagiarismcheckerx.com\/pt\/wp-json\/wp\/v2\/pages"}],"about":[{"href":"https:\/\/plagiarismcheckerx.com\/pt\/wp-json\/wp\/v2\/types\/page"}],"author":[{"embeddable":true,"href":"https:\/\/plagiarismcheckerx.com\/pt\/wp-json\/wp\/v2\/users\/1"}],"replies":[{"embeddable":true,"href":"https:\/\/plagiarismcheckerx.com\/pt\/wp-json\/wp\/v2\/comments?post=73"}],"version-history":[{"count":3,"href":"https:\/\/plagiarismcheckerx.com\/pt\/wp-json\/wp\/v2\/pages\/73\/revisions"}],"predecessor-version":[{"id":356,"href":"https:\/\/plagiarismcheckerx.com\/pt\/wp-json\/wp\/v2\/pages\/73\/revisions\/356"}],"wp:attachment":[{"href":"https:\/\/plagiarismcheckerx.com\/pt\/wp-json\/wp\/v2\/media?parent=73"}],"curies":[{"name":"wp","href":"https:\/\/api.w.org\/{rel}","templated":true}]}}