{"id":71,"date":"2020-11-25T10:53:07","date_gmt":"2020-11-25T10:53:07","guid":{"rendered":"https:\/\/plagiarismcheckerx.com\/wordpress\/es\/?page_id=71"},"modified":"2020-12-04T03:45:08","modified_gmt":"2020-12-04T03:45:08","slug":"bulk-comparison","status":"publish","type":"page","link":"https:\/\/plagiarismcheckerx.com\/pt\/bulk-comparison","title":{"rendered":"Bulk Comparison"},"content":{"rendered":"\r\n<section id=\"services\">\r\n<div class=\"container inner-xs\">\r\n<div class=\"row\">\r\n<div class=\"col-md-5\">\r\n<br><br>\r\n<figure><img src=\"https:\/\/cdn.plagiarismcheckerx.com\/images\/screenshots\/bulk-comparison-results.jpg\" alt=\"\"><\/figure>\r\n<\/div>\r\n\r\n<div class=\"col-md-7\">\r\n<h1 align=\"center\">Verifica\u00e7\u00e3o Cruzada de M\u00faltiplos Documentos!<\/h1>\r\n<p>Nunca foi t\u00e3o f\u00e1cil comparar v\u00e1rios documentos ao mesmo tempo. Uma das principais caracter\u00edsticas diferenciadoras do Plagiarism Checker X \u00e9 n\u00e3o funcionar somente online, fornecer suporte parcial offline. Por exemplo, ao detetar conte\u00fados duplicados em dois documentos, a sec\u00e7\u00e3o de verifica\u00e7\u00e3o cruzada permite-lhe ver e comparar dois documentos um em rela\u00e7\u00e3o ao outro. Isto ajuda a verificar o n\u00edvel de pl\u00e1gio entre eles. O melhor desta funcionalidade \u00e9 tamb\u00e9m poder ser utilizada offline.<\/p>\r\n<div align=\"center\">\r\n<a href=\"..\/download-thank-you\" class=\"btn btn-large btn-gray\">Free Download<\/a>&nbsp;\r\n<a href=\"..\/buy\" class=\"btn btn-large\">Buy PRO<\/a>\r\n<\/div>\r\n<\/div>\r\n<\/div>\r\n<\/div>\r\n\r\n<\/section>\r\n\r\n<section id=\"source\" class=\"light-bg\">\r\n<div class=\"container inner-sm inner-bottom-xs\">\r\n<div class=\"row\">\r\n<div class=\"col-md-12\">\r\n<div class=\"tabs tabs-2-big-top tab-container\">\r\n<ul class=\"etabs text-center\">\r\n<li class=\"tab\">\r\n<a href=\"#tab-1\">\r\n  <h3><i class=\"icon-th-large icn lg\"><\/i> Verifica\u00e7\u00e3o Cruzada<\/h3>\r\n  <p class=\"text-small\">Este m\u00e9todo cont\u00e9m apenas um reposit\u00f3rio, detetando pl\u00e1gio atrav\u00e9s da compara\u00e7\u00e3o de cada um dos ficheiros carregados com os demais. Esta facilidade representa seguramente uma grande economia de tempo, revestindo-se de especial utilidade para professores e editores web, ao fazer com que n\u00e3o precisem de verificar cada artigo\/trabalho individualmente. <br><br> Esta fun\u00e7\u00e3o do Plagiarism Checker X permite aferir os diferentes n\u00edveis de pl\u00e1gio existentes em cada um dos documentos ou url carregados.<\/p>\r\n<\/a>\r\n<\/li>\r\n<li class=\"tab\">\r\n<a href=\"#tab-2\">\r\n  <h3><i class=\"icon-list-1 icn lg\"><\/i> Compara\u00e7\u00e3o em Grupo<\/h3>\r\n  <p class=\"text-small\">Este m\u00e9todo seletivo permite comparar dois reposit\u00f3rios (grupos de documentos ou de url), atrav\u00e9s da compara\u00e7\u00e3o sucessiva dos v\u00e1rios documentos da Fonte (A) com os do Alvo (B). <br><br> As pontua\u00e7\u00f5es de similaridade indicadas no final s\u00e3o representadas como uma lista de c\u00e9lulas que se podem expandir para uma an\u00e1lise mais detalhada.\r\n<\/p>\r\n<\/a>\r\n<\/li>\r\n<\/ul>\r\n\r\n<div class=\"panel-container\">\r\n<div class=\"tab-content\" id=\"tab-1\"><\/div>\r\n<div class=\"tab-content\" id=\"tab-2\">\r\n<\/div>\r\n<\/div>\r\n\r\n<\/div>\r\n<\/div>\r\n<\/div>\r\n<\/div>\r\n<\/section>\r\n\r\n<section id=\"services\">\r\n<div class=\"container\">\r\n<div class=\"row\">\r\n<div class=\"col-md-8 col-sm-9 center-block text-center\">\r\n<header>\r\n<br><br>\r\n<h2>Funcionalidades da Compara\u00e7\u00e3o em Massa<\/h2>\r\n<\/header>\r\n<\/div>\r\n<\/div>\r\n\r\n<div class=\"row inner-top-xs\">\r\n<div class=\"col-sm-1 col-md-offset-1\">\r\n<div class=\"icon pull-right\">\r\n<i class=\"icon-list-1 icn lg\"><\/i>\r\n<\/div>\r\n<\/div>\r\n\r\n<div class=\"col-sm-4 inner-bottom-sm\">\r\n<h3>Compara\u00e7\u00e3o de Grupos<\/h3>\r\n<p class=\"text-small\">Esta ferramenta \u00e9 muito \u00fatil quando pretendemos comparar um conjunto de ficheiros A com um conjunto de ficheiros B, uma vez que indica qu\u00e3o similar \u00e9 cada ficheiro da primeira lista relativamente a cada um dos da segunda. Este recurso permite comparar grupos de v\u00e1rios documentos de cada vez.<\/p>\r\n<\/div>\r\n\r\n<div class=\"col-sm-1\">\r\n<div class=\"icon pull-right\">\r\n<i class=\"icon-text-height icn lg\"><\/i>\r\n<\/div>\r\n<\/div>\r\n\r\n<div class=\"col-sm-4\">\r\n<h3>Resultados em Grelha\/Tabela<\/h3>\r\n<p class=\"text-small\">Os resultados da Compara\u00e7\u00e3o em Grupo s\u00e3o apresentados como uma tabela composta por um conjunto de linhas e colunas. Os ficheiros-fonte (A) s\u00e3o mostrados na sec\u00e7\u00e3o vertical da grelha, ao passo que os ficheiros-alvo (B) s\u00e3o apresentados na horizontal.<\/p>\r\n<\/div>\r\n<\/div>\r\n<div class=\"row inner-xs\">\r\n<div class=\"col-sm-1 col-md-offset-1\">\r\n<div class=\"icon pull-right\">\r\n<i class=\"icon-switch icn lg\"><\/i>\r\n<\/div>\r\n<\/div>\r\n\r\n<div class=\"col-sm-4 inner-bottom-xs\">\r\n<h3>Trocar &amp; Inverter Reposit\u00f3rios<\/h3>\r\n<p class=\"text-small\">A fun\u00e7\u00e3o de inverter posi\u00e7\u00e3o dos documentos permite-lhe alternar os dados carregados entre fonte e alvo. \u00c9 poss\u00edvel verificar altera\u00e7\u00f5es nas percentagens de pl\u00e1gio detetadas alternando os conte\u00fados em an\u00e1lise entre o grupo-fonte e alvo. Para o fazer, basta fazer clique nas setas azuis de inverter posi\u00e7\u00e3o, situadas ao centro do ecr\u00e3 do programa, entre as duas caixas de texto. Trque conte\u00fados rapidamente com apenas um clique.<\/p>\r\n<\/div>\r\n\r\n<div class=\"col-sm-1\">\r\n<div class=\"icon pull-right\">\r\n<i class=\"icon-check-1 icn lg\"><\/i>\r\n<\/div>\r\n<\/div>\r\n\r\n<div class=\"col-sm-4 inner-bottom-sm\">\r\n<h3>Diferentes Percentagens de Semelhan\u00e7a<\/h3>\r\n<p class=\"text-small\">Tivemos em conta os resultados das mais recentes pesquisas, de modo a tornar a sua identifica\u00e7\u00e3o visual t\u00e3o f\u00e1cil e intuitiva quanto poss\u00edvel, decidimos fazer o programa representar as pontua\u00e7\u00f5es de originalidade dos diferentes ficheiros comparados atrav\u00e9s de blocos. Esta representa\u00e7\u00e3o facilita a verifica\u00e7\u00e3o da percentagem de pl\u00e1gio de cada ficheiro relativamente a cada um dos diferentes documentos.<\/p>\r\n<\/div>\r\n<\/div>\r\n\r\n<div class=\"row\">\r\n<div class=\"col-sm-1 col-md-offset-1\">\r\n<div class=\"icon pull-right\">\r\n<i class=\"icon-export icn lg\"><\/i>\r\n<\/div>\r\n<\/div>\r\n\r\n<div class=\"col-sm-4 inner-bottom-sm\">\r\n<h3>Registo de Relat\u00f3rios (WYSIWYG)<\/h3>\r\n<p class=\"text-small\">Os relat\u00f3rios gerados pela fiuncionalidade de compara\u00e7\u00e3o em massa s\u00e3o exatamente id\u00eanticos ao mostrado no ecr\u00e3 do programa. A consist\u00eancia do layout torna os resultados mais f\u00e1ceis de apresentar e de compreender, tornando-os verdadeiramente WYSIWYG (what you see is what you get)!<\/p>\r\n<\/div>\r\n\r\n<div class=\"col-sm-1\">\r\n<div class=\"icon pull-right\">\r\n<i class=\"icon-text-height icn lg\"><\/i>\r\n<\/div>\r\n<\/div>\r\n\r\n<div class=\"col-sm-4\">\r\n<h3>M\u00faltiplos Idiomas &amp; Formatos de Ficheiros<\/h3>\r\n<p class=\"text-small\">O nosso software suporta a an\u00e1lise de uma vasta gama de formatos de ficheiros baseados em texto, permitindo importar documentos em .pdf .txt .doc, .docx, .rtf. &amp; .html, entre muitos outros. Adicionalmente, o nosso programa \u00e9 igualmente compat\u00edvel com caracteres utilizados em diferentes alfabetos, suportando atualmente mais de 20 l\u00ednguas e com novos idiomas a serem adicionados regularmente.<\/p>\r\n<\/div>\r\n<\/div>\r\n\r\n<\/div>\r\n<\/section>\r\n\r\n<section id=\"easySteps\">\r\n<div class=\"row inner-sm\">\r\n<div class=\"col-md-7 center-block text-center\">\r\n<h1>Compara\u00e7\u00e3o em Massa em 5 Passos Simples!<\/h1>\r\n<p>Siga estes passos simples para analisar os n\u00edveis de semelhan\u00e7a existentes entre v\u00e1rios dos seus documentos ou url com a nossa funcionalidade de compara\u00e7\u00e3o em massa. Este processo \u00e9 extremamente f\u00e1cil e intuitivo de seguir, com resultados imediatos.<\/p>\r\n<\/div>\r\n<\/div>\r\n\r\n<div class=\"row inner-bottom-sm\">\r\n  <div class=\"col-md-10 center-block\">\r\n\r\n  <div class=\"col-md-2 text-center col-md-offset-1\">\r\n  <img src=\"https:\/\/cdn.plagiarismcheckerx.com\/images\/thumbnails\/bulk-comparison-box-1.jpg\" loading=\"lazy\" style=\"border-radius: 50%;border: 2px solid #3F8DBF\" alt=\"Compare Two Documents\" width=\"200px\">\r\n  <br><br> <span class=\"blue\">1. <\/span>Selecione o Modo\r\n  <\/div>\r\n\r\n<div class=\"col-md-2 text-center\">\r\n  <img src=\"https:\/\/cdn.plagiarismcheckerx.com\/images\/thumbnails\/bulk-comparison-box-2.jpg\" loading=\"lazy\" style=\"border-radius: 50%;border: 2px solid #3F8DBF\" alt=\"Load Two Documents Comparison\" width=\"200px\">\r\n<br><br> <span class=\"blue\">2. <\/span>Carregue as Fontes\r\n<\/div>\r\n\r\n<div class=\"col-md-2 text-center\">\r\n  <img src=\"https:\/\/cdn.plagiarismcheckerx.com\/images\/thumbnails\/bulk-comparison-box-3.jpg\" loading=\"lazy\" style=\"border-radius: 50%;border: 2px solid #3F8DBF\" alt=\"Load Two Documents Comparison\" width=\"200px\">\r\n<br><br> <span class=\"blue\">3. <\/span>Carregue os Alvos\r\n<\/div>\r\n\r\n\r\n<div class=\"col-md-2 text-center\">\r\n  <img src=\"https:\/\/cdn.plagiarismcheckerx.com\/images\/thumbnails\/bulk-comparison-box-4.jpg\" loading=\"lazy\" style=\"border-radius: 50%;border: 2px solid #3F8DBF\" alt=\"Two Documents Similarity Results\" width=\"200px\">\r\n<br><br><span class=\"blue\">4. <\/span>Verifique Pl\u00e1gio\r\n<\/div>\r\n\r\n<div class=\"col-md-2 text-center\">\r\n  <img src=\"https:\/\/cdn.plagiarismcheckerx.com\/images\/thumbnails\/bulk-comparison-box-5.jpg\" loading=\"lazy\" style=\"border-radius: 50%;border: 2px solid #3F8DBF\" alt=\"Documents Cross Comparison Report\" width=\"200px\">\r\n<br><br><span class=\"blue\">5.<\/span>Visualize &amp; Exporte\r\n<\/div>\r\n\r\n<\/div>\r\n<\/div>\r\n\r\n<\/section>\r\n\r\n<div class=\"light-bg\">\n\n<section id=\"clients\">\n<div class=\"container inner-sm\">\n\n<div class=\"row\">\n<div class=\"col-md-8 col-sm-9 center-block text-center\">\n<header>\n<h2>Utilizado por Institutos L\u00edderes<\/h2>\n<p>Valorizamos as experi\u00eancias dos nossos clientes. A velocidade, precis\u00e3o, e facilidade de utiliza\u00e7\u00e3o da interface fez com que os nossos clientes ficassem satisfeitos e com que se tornassem fieis.<\/p>\n<\/header>\n<\/div>\n<\/div>\n\n<div class=\"row inner-top-xs\">\n<div class=\"col-sm-12\">\n<div id=\"owl-clients\" class=\"owl-carousel owl-outer-nav\">\n\n<div class=\"item\">\n<figure>\n<figcaption class=\"text-overlay\">\n<div class=\"info\">\n<h4>IEEE<\/h4>\n<\/div>\n<\/figcaption>\n<img class=\"SliceImages OrgImage1\">\n<\/figure>\n<\/div>\n\n<div class=\"item\">\n<figure>\n<figcaption class=\"text-overlay\">\n<div class=\"info\">\n<h4>American University of Science And Technology<\/h4>\n<\/div>\n<\/figcaption>\n<img class=\"SliceImages OrgImage2\">\n<\/figure>\n<\/div>\n\n<div class=\"item\">\n<figure>\n<figcaption class=\"text-overlay\">\n<div class=\"info\">\n<h4>Remington College<\/h4>\n<\/div>\n<\/figcaption>\n<img class=\"SliceImages OrgImage3\">\n<\/figure>\n<\/div>\n\n<div class=\"item\">\n<figure>\n<figcaption class=\"text-overlay\">\n<div class=\"info\">\n<h4>JM Field Marketing<\/h4>\n<\/div>\n<\/figcaption>\n<img class=\"SliceImages OrgImage4\">\n<\/figure>\n<\/div>\n\n<div class=\"item\">\n<figure>\n<figcaption class=\"text-overlay\">\n<div class=\"info\">\n<h4>University of Maribor<\/h4>\n<\/div>\n<\/figcaption>\n<img class=\"SliceImages OrgImage5\">\n<\/figure>\n<\/div>\n\n<div class=\"item\">\n<figure>\n<figcaption class=\"text-overlay\">\n<div class=\"info\">\n<h4>Great American Cookies<\/h4>\n<\/div>\n<\/figcaption>\n<img class=\"SliceImages OrgImage6\">\n<\/figure>\n<\/div>\n\n<div class=\"item\">\n<figure>\n<figcaption class=\"text-overlay\">\n<div class=\"info\">\n<h4>Ohio University<\/h4>\n<\/div>\n<\/figcaption>\n<img class=\"SliceImages OrgImage7\">\n<\/figure>\n<\/div>\n\n<div class=\"item\">\n<figure>\n<figcaption class=\"text-overlay\">\n<div class=\"info\">\n<h4>University Of Massachusetts Boston<\/h4>\n<\/div>\n<\/figcaption>\n<img class=\"SliceImages OrgImage8\">\n<\/figure>\n<\/div>\n\n<div class=\"item\">\n<figure>\n<figcaption class=\"text-overlay\">\n<div class=\"info\">\n<h4>Labournet Services India<\/h4>\n<\/div>\n<\/figcaption>\n<img class=\"SliceImages OrgImage9\">\n<\/figure>\n<\/div>\n\n<div class=\"item\">\n<figure>\n<figcaption class=\"text-overlay\">\n<div class=\"info\">\n<h4>King Saud University<\/h4>\n<\/div>\n<\/figcaption>\n<img class=\"SliceImages OrgImage10\">\n<\/figure>\n<\/div>\n\n<div class=\"item\">\n<figure>\n<figcaption class=\"text-overlay\">\n<div class=\"info\">\n<h4>Delta-State-University-Abraka<\/h4>\n<\/div>\n<\/figcaption>\n<img class=\"SliceImages OrgImage11\">\n<\/figure>\n<\/div>\n\n<div class=\"item\">\n<figure>\n<figcaption class=\"text-overlay\">\n<div class=\"info\">\n<h4>Trinity College<\/h4>\n<\/div>\n<\/figcaption>\n<img class=\"SliceImages OrgImage12\">\n<\/figure>\n<\/div>\n\n<\/div>\n<\/div>\n<\/div>\n\n<\/div>\n<\/section>\n\n<\/div>\r\n\n    <section id=\"what-are-you-waiting-for\">\n    <div class=\"container inner-sm\">\n    <div class=\"row\">\n    <div class=\"col-md-10 col-sm-9 center-block text-center\">\n    <header>\n    <h2>De que est\u00e1 \u00e0 espera?<\/h2>\n    <\/header>\n    <p>Resumindo, esta ferramenta f\u00e1cil de usar pode ser uma ajuda preciosa na hora de evitar tanto as dificuldades de utliza\u00e7\u00e3o dos detetores de pl\u00e1gio online como penalidades acad\u00e9micas. Em algumas universidades, o aluno acusado de pl\u00e1gio v\u00ea-se for\u00e7ado a enfrentar penalidades extremas, como suspens\u00f5es, multas e at\u00e9 mesmo a expuls\u00e3o. Um trabalho em infra\u00e7\u00e3o aos direitos de autor pode conduzir a processos judiciais e toda uma s\u00e9rie de outros inconvenientes. Por estes motivos, \u00e9 muito importante pode contar com um detetor de pl\u00e1gio em que se possa confiar.<\/p>\n    <div class=\"row\">\n    <div class=\"col-md-8 center-block text-center\">\n    <figure><img src=\"https:\/\/cdn.plagiarismcheckerx.com\/images\/credit-cards-2.png\" loading=\"lazy\" alt=\"Credit Cards\"> <\/figure>\n    <\/div><\/div>\n    <div>\n    <a href=\"..\/download-thank-you\" class=\"btn btn-large btn-gray\">DESCARGA GRATUITA<\/a>&nbsp;\n    <a href=\"..\/buy\" class=\"btn btn-large\">VERS\u00c3O PRO<\/a>\n    <\/div>\n    <\/div>\n    <\/div>\n    <\/div>\n    <\/section>\n\n\n    \r\n","protected":false},"excerpt":{"rendered":"<p>Verifica\u00e7\u00e3o Cruzada de M\u00faltiplos Documentos! Nunca foi t\u00e3o f\u00e1cil comparar v\u00e1rios documentos ao mesmo tempo. Uma das principais caracter\u00edsticas diferenciadoras do Plagiarism Checker X \u00e9 n\u00e3o funcionar somente online, fornecer suporte parcial offline. Por exemplo, ao detetar conte\u00fados duplicados em dois documentos, a sec\u00e7\u00e3o de verifica\u00e7\u00e3o cruzada permite-lhe ver e comparar dois documentos um em [&hellip;]<\/p>\n","protected":false},"author":1,"featured_media":0,"parent":0,"menu_order":0,"comment_status":"closed","ping_status":"closed","template":"","meta":[],"_links":{"self":[{"href":"https:\/\/plagiarismcheckerx.com\/pt\/wp-json\/wp\/v2\/pages\/71"}],"collection":[{"href":"https:\/\/plagiarismcheckerx.com\/pt\/wp-json\/wp\/v2\/pages"}],"about":[{"href":"https:\/\/plagiarismcheckerx.com\/pt\/wp-json\/wp\/v2\/types\/page"}],"author":[{"embeddable":true,"href":"https:\/\/plagiarismcheckerx.com\/pt\/wp-json\/wp\/v2\/users\/1"}],"replies":[{"embeddable":true,"href":"https:\/\/plagiarismcheckerx.com\/pt\/wp-json\/wp\/v2\/comments?post=71"}],"version-history":[{"count":3,"href":"https:\/\/plagiarismcheckerx.com\/pt\/wp-json\/wp\/v2\/pages\/71\/revisions"}],"predecessor-version":[{"id":355,"href":"https:\/\/plagiarismcheckerx.com\/pt\/wp-json\/wp\/v2\/pages\/71\/revisions\/355"}],"wp:attachment":[{"href":"https:\/\/plagiarismcheckerx.com\/pt\/wp-json\/wp\/v2\/media?parent=71"}],"curies":[{"name":"wp","href":"https:\/\/api.w.org\/{rel}","templated":true}]}}