{"id":69,"date":"2020-11-25T10:47:35","date_gmt":"2020-11-25T10:47:35","guid":{"rendered":"https:\/\/plagiarismcheckerx.com\/wordpress\/es\/?page_id=69"},"modified":"2020-12-04T03:45:09","modified_gmt":"2020-12-04T03:45:09","slug":"side-by-side-comparison","status":"publish","type":"page","link":"https:\/\/plagiarismcheckerx.com\/pt\/side-by-side-comparison","title":{"rendered":"Side by Side Comparison"},"content":{"rendered":"\r\n<section id=\"overview\">\r\n<div class=\"container inner-sm\">\r\n<div class=\"row\">\r\n<div class=\"col-md-5\">\r\n<figure><img src=\"https:\/\/cdn.plagiarismcheckerx.com\/images\/screenshots\/side-by-side-comparison.jpg\" alt=\"\"><\/figure>\r\n<\/div>\r\n<div class=\"col-md-7\">\r\n<h1 align=\"center\">Compara\u00e7\u00e3o Lado a Lado<\/h1>\r\n<p>Agora \u00e9 f\u00e1cil comparar documentos e descobrir a exist\u00eancia de conte\u00fados criados por si noutros lugares da internet. Esta \u00e9 uma solu\u00e7\u00e3o destinada a professores, estudantes, editores e muitos outros criadores de conte\u00fados. Uma das principais caracter\u00edsticas diferenciadoras do Plagiarism Checker X \u00e9 n\u00e3o funcionar apenas online, contando com suporte parcial offline. Por exemplo, em caso de dete\u00e7\u00e3o de conte\u00fado duplicado em dois documentos, a sec\u00e7\u00e3o de verifica\u00e7\u00e3o cruzada permite-lhe olhar e comparar os dois documentos, lado a lado, facilitando a verifica\u00e7\u00e3o da exist\u00eancia ou n\u00e3o de pl\u00e1gio. E o melhor deste recurso \u00e9 tamb\u00e9m funcionar offline.<\/p>\r\n<div align=\"center\">\r\n<a href=\"..\/download-thank-you\" class=\"btn btn-large btn-gray\">Free Download<\/a>&nbsp;\r\n<a href=\"..\/buy\" class=\"btn btn-large\">Buy PRO<\/a>\r\n<\/div>\r\n<\/div>\r\n<\/div>\r\n<\/div>\r\n<\/section>\r\n\r\n<section id=\"source\" class=\"light-bg\">\r\n<div class=\"container inner-sm inner-bottom-xs\">\r\n<div class=\"row\">\r\n<div class=\"col-md-12\">\r\n<div class=\"tabs tabs-2-big-top tab-container\">\r\n<ul class=\"etabs text-center\">\r\n<li class=\"tab\">\r\n<a href=\"#tab-1\">\r\n<h3>Documento-Fonte<\/h3>\r\n<p class=\"text-small\">A fonte \u00e9 o documento ou texto original, utilizado como base de compara\u00e7\u00e3o do conte\u00fado. No final da verifica\u00e7\u00e3o de similaridade, o conte\u00fado id\u00eantico \u00e9 destacado.<\/p>\r\n<br>\r\n<img src=\"https:\/\/cdn.plagiarismcheckerx.com\/images\/thumbnails\/side-by-side-difference-source.jpg\" loading=\"lazy\" alt=\"Two Documents Comparison\" height=\"250px\">\r\n<\/a>\r\n<\/li>\r\n<li class=\"tab\">\r\n<a href=\"#tab-2\">\r\n<h3>Documento-Alvo<\/h3>\r\n<p class=\"text-small\">O alvo \u00e9 o documento ou texto que \u00e9 analisado face ao conte\u00fado da fonte. No final da verifica\u00e7\u00e3o de similaridade, o conte\u00fado id\u00eantico \u00e9 destacado.<\/p>\r\n<br>\r\n<img src=\"https:\/\/cdn.plagiarismcheckerx.com\/images\/thumbnails\/side-by-side-difference-target.jpg\" loading=\"lazy\" alt=\"Two Documents Comparison\" height=\"250px\">\r\n<\/a>\r\n<\/li>\r\n<\/ul>\r\n\r\n<div class=\"panel-container\">\r\n<div class=\"tab-content\" id=\"tab-1\"><\/div>\r\n<div class=\"tab-content\" id=\"tab-2\">\r\n<\/div>\r\n<\/div>\r\n\r\n<\/div>\r\n<\/div>\r\n<\/div>\r\n<\/div>\r\n<\/section>\r\n\r\n<section id=\"services\">\r\n<div class=\"container\">\r\n<div class=\"row\">\r\n<div class=\"col-md-8 col-sm-9 center-block text-center\">\r\n<header>\r\n<br><br>\r\n<h2>Funcionalidades do Detetor de Pl\u00e1gio<\/h2>\r\n<\/header>\r\n<\/div>\r\n<\/div>\r\n\r\n<div class=\"row inner-top-xs\">\r\n<div class=\"col-sm-1 col-md-offset-1\">\r\n<div class=\"icon pull-right\">\r\n<i class=\"icon-doc icn lg\"><\/i>\r\n<\/div>\r\n<\/div>\r\n\r\n<div class=\"col-sm-9 inner-bottom-xs\">\r\n<h3>Interface Simples<\/h3>\r\n<p class=\"text-small\">O Plagiarism Checker X conta com um design inteiramente novo e uma interface de utilizador amiga do utilizador, que torna a introdu\u00e7\u00e3o e an\u00e1lise de conte\u00fados muito mais f\u00e1cil. O novo detetor de conte\u00fado visual remove todos os obst\u00e1culos enfrentados pelo utilizador da internet na hora de verificar se o seu conte\u00fado foi plagiado. O nosso novo &#8216;Detetor de Conte\u00fado Duplicado&#8217; oferece funcionalidades avan\u00e7adas atrav\u00e9s de m\u00f3dulos adicionais separados. Esta interface e utilidades adicionais s\u00e3o de grande utilidade para estudantes, professores, investigadores e profissionais de SEO. <br><br>Ao clicar na op\u00e7\u00e3o de &#8216;compara\u00e7\u00e3o lado a lado&#8217;, s\u00e3o exibidas no seu ecr\u00e3 duas janelas lado a lado. Para utilizar este recurso, basta colar o conte\u00fado a analisar ou importar o documento que o cont\u00e9m e fazer clique em &#8216;analisar agora&#8217;. A an\u00e1lise \u00e9 efetuada e gerado um relat\u00f3rio detalhado em quest\u00e3o de segundos.<\/p>\r\n<\/div>\r\n<\/div>\r\n\r\n<div class=\"row inner-xs\">\r\n<div class=\"col-sm-1 col-md-offset-1\">\r\n<div class=\"icon pull-right\">\r\n<i class=\"icon-switch icn lg\"><\/i>\r\n<\/div>\r\n<\/div>\r\n\r\n<div class=\"col-sm-4 inner-bottom-xs\">\r\n<h3>Inverter Posi\u00e7\u00e3o<\/h3>\r\n<p class=\"text-small\">A fun\u00e7\u00e3o de inverter posi\u00e7\u00e3o permite alternar os conte\u00fados das duas janelas e verificar qual delas cont\u00e9m o original, chegando assim \u00e0 fonte do conte\u00fado. As partes similares detetadas s\u00e3o real\u00e7adas ap\u00f3s conclus\u00e3o da an\u00e1lise, para mais f\u00e1cil identifica\u00e7\u00e3o.<\/p>\r\n<\/div>\r\n\r\n<div class=\"col-sm-1\">\r\n<div class=\"icon pull-right\">\r\n<i class=\"icon-progress-2 icn lg\"><\/i>\r\n<\/div>\r\n<\/div>\r\n\r\n<div class=\"col-sm-4 inner-bottom-sm\">\r\n<h3>Percentagem de Semelhan\u00e7a<\/h3>\r\n<p class=\"text-small\">Tivemos em conta os resultados das mais recentes pesquisas e decidimos apresentar o conte\u00fado duplicado destacado a amarelo de modo a tornar a sua identifica\u00e7\u00e3o visual t\u00e3o f\u00e1cil e intuitiva quanto poss\u00edvel.<\/p>\r\n<\/div>\r\n<\/div>\r\n\r\n<div class=\"row\">\r\n<div class=\"col-sm-1 col-md-offset-1\">\r\n<div class=\"icon pull-right\">\r\n<i class=\"icon-export icn lg\"><\/i>\r\n<\/div>\r\n<\/div>\r\n\r\n<div class=\"col-sm-4 inner-bottom-sm\">\r\n<h3>Exporte Relat\u00f3rios com 1 Clique<\/h3>\r\n<p class=\"text-small\">\u00c9 poss\u00edvel exportar os resultados em formato Word ou em PDF. Estes documentos s\u00e3o compat\u00edveis com Microsoft Word, Libre Office, WPS Office, Google Sheets e a maioria dos processadores de texto mais populares.<\/p>\r\n<\/div>\r\n\r\n<div class=\"col-sm-1\">\r\n<div class=\"icon pull-right\">\r\n<i class=\"icon-gauge-1 icn lg\"><\/i>\r\n<\/div>\r\n<\/div>\r\n\r\n<div class=\"col-sm-4\">\r\n<h3>Resultados da Compara\u00e7\u00e3o com C\u00f3digo de Cores<\/h3>\r\n<p class=\"text-small\">\u00c9 muito f\u00e1cil saber a propor\u00e7\u00e3o dos conte\u00fados semelhantes encontrados entre os documentos-fonte e alvo. \u00c9 mostrada no canto superior direito da aplica\u00e7\u00e3o uma barra com a percentagem de similaridade detetada entre os documentos.<\/p>\r\n<\/div>\r\n<\/div>\r\n\r\n<div class=\"row\">\r\n<div class=\"col-sm-1 col-md-offset-1\">\r\n<div class=\"icon pull-right\">\r\n<i class=\"icon-flash-1 icn lg\"><\/i>\r\n<\/div>\r\n<\/div>\r\n\r\n<div class=\"col-sm-9\">\r\n<h3>Compat\u00edvel com M\u00faltiplos Formatos de Ficheiro e Caracteres<\/h3>\r\n<p class=\"text-small\">Os utilizadores que se veem na necessidade de verificar conte\u00fados em ficheiros de m\u00faltiplos formatos t\u00eam todos os motivos para gostar desta funcionalidade. \u00c9 poss\u00edvel importar para verifica\u00e7\u00e3o documentos nos formatos .pdf .txt .doc, .docx, .rtf. &amp;  .html, entre muitos outros. A nossa solu\u00e7\u00e3o \u00e9 igualmente compat\u00edvel com caracteres utilizados em diferentes alfabetos, suportando atualmente mais de 20 l\u00ednguas e com novos idiomas a serem adicionados regularmente.<\/p>\r\n<\/div>\r\n<\/div>\r\n\r\n<\/div>\r\n<\/section>\r\n\r\n<section id=\"easySteps\">\r\n<div class=\"row inner-md\">\r\n<div class=\"col-md-7 center-block text-center\">\r\n<h1>Compara\u00e7\u00e3o Lado a Lado em 4 Passos Simples!<\/h1>\r\n<p>Siga estes passos simples para aferir o n\u00edvel de semelhan\u00e7a existente entre dois documentos utilizando a fun\u00e7\u00e3o de Diferen\u00e7a Lado a Lado. Este processo \u00e9 extremamente f\u00e1cil e intuitivo de seguir, com resultados imediatos.<\/p>\r\n<\/div>\r\n<\/div>\r\n\r\n<div class=\"row inner-bottom-sm\">\r\n  <div class=\"col-md-8 center-block\">\r\n\r\n  <div class=\"col-md-3 text-center\">\r\n  <img src=\"https:\/\/cdn.plagiarismcheckerx.com\/images\/thumbnails\/side-by-side-difference-box-1.jpg\" loading=\"lazy\" style=\"border-radius: 50%;border: 2px solid #3F8DBF\" alt=\"Source Document\" width=\"200px\">\r\n  <br><br> <span class=\"blue\">1<\/span> Carregue o Documento-Fonte.\r\n  <\/div>\r\n\r\n<div class=\"col-md-3 text-center\">\r\n  <img src=\"https:\/\/cdn.plagiarismcheckerx.com\/images\/thumbnails\/side-by-side-difference-box-2.jpg\" loading=\"lazy\" style=\"border-radius: 50%;border: 2px solid #3F8DBF\" alt=\"Target Document\" width=\"200px\">\r\n<br><br> <span class=\"blue\">2<\/span> Carregue o Documento-Alvo.\r\n<\/div>\r\n\r\n<div class=\"col-md-3 text-center\">\r\n  <img src=\"https:\/\/cdn.plagiarismcheckerx.com\/images\/thumbnails\/side-by-side-difference-box-3.jpg\" loading=\"lazy\" style=\"border-radius: 50%;border: 2px solid #3F8DBF\" alt=\"Check Plagiarism\" width=\"200px\">\r\n<br><br><span class=\"blue\">3<\/span> Clique em Verificar Pl\u00e1gio\r\n<\/div>\r\n\r\n<div class=\"col-md-3 text-center\">\r\n  <img src=\"https:\/\/cdn.plagiarismcheckerx.com\/images\/thumbnails\/side-by-side-difference-box-4.jpg\" loading=\"lazy\" style=\"border-radius: 50%;border: 2px solid #3F8DBF\" alt=\"Text Side By Side Comparison Results\" width=\"200px\">\r\n<br><br><span class=\"blue\">4<\/span> Visualize &amp; Exporte.\r\n<\/div>\r\n\r\n<\/div>\r\n<\/div>\r\n<\/section>\r\n\r\n<div class=\"light-bg\">\n\n<section id=\"clients\">\n<div class=\"container inner-sm\">\n\n<div class=\"row\">\n<div class=\"col-md-8 col-sm-9 center-block text-center\">\n<header>\n<h2>Utilizado por Institutos L\u00edderes<\/h2>\n<p>Valorizamos as experi\u00eancias dos nossos clientes. A velocidade, precis\u00e3o, e facilidade de utiliza\u00e7\u00e3o da interface fez com que os nossos clientes ficassem satisfeitos e com que se tornassem fieis.<\/p>\n<\/header>\n<\/div>\n<\/div>\n\n<div class=\"row inner-top-xs\">\n<div class=\"col-sm-12\">\n<div id=\"owl-clients\" class=\"owl-carousel owl-outer-nav\">\n\n<div class=\"item\">\n<figure>\n<figcaption class=\"text-overlay\">\n<div class=\"info\">\n<h4>IEEE<\/h4>\n<\/div>\n<\/figcaption>\n<img class=\"SliceImages OrgImage1\">\n<\/figure>\n<\/div>\n\n<div class=\"item\">\n<figure>\n<figcaption class=\"text-overlay\">\n<div class=\"info\">\n<h4>American University of Science And Technology<\/h4>\n<\/div>\n<\/figcaption>\n<img class=\"SliceImages OrgImage2\">\n<\/figure>\n<\/div>\n\n<div class=\"item\">\n<figure>\n<figcaption class=\"text-overlay\">\n<div class=\"info\">\n<h4>Remington College<\/h4>\n<\/div>\n<\/figcaption>\n<img class=\"SliceImages OrgImage3\">\n<\/figure>\n<\/div>\n\n<div class=\"item\">\n<figure>\n<figcaption class=\"text-overlay\">\n<div class=\"info\">\n<h4>JM Field Marketing<\/h4>\n<\/div>\n<\/figcaption>\n<img class=\"SliceImages OrgImage4\">\n<\/figure>\n<\/div>\n\n<div class=\"item\">\n<figure>\n<figcaption class=\"text-overlay\">\n<div class=\"info\">\n<h4>University of Maribor<\/h4>\n<\/div>\n<\/figcaption>\n<img class=\"SliceImages OrgImage5\">\n<\/figure>\n<\/div>\n\n<div class=\"item\">\n<figure>\n<figcaption class=\"text-overlay\">\n<div class=\"info\">\n<h4>Great American Cookies<\/h4>\n<\/div>\n<\/figcaption>\n<img class=\"SliceImages OrgImage6\">\n<\/figure>\n<\/div>\n\n<div class=\"item\">\n<figure>\n<figcaption class=\"text-overlay\">\n<div class=\"info\">\n<h4>Ohio University<\/h4>\n<\/div>\n<\/figcaption>\n<img class=\"SliceImages OrgImage7\">\n<\/figure>\n<\/div>\n\n<div class=\"item\">\n<figure>\n<figcaption class=\"text-overlay\">\n<div class=\"info\">\n<h4>University Of Massachusetts Boston<\/h4>\n<\/div>\n<\/figcaption>\n<img class=\"SliceImages OrgImage8\">\n<\/figure>\n<\/div>\n\n<div class=\"item\">\n<figure>\n<figcaption class=\"text-overlay\">\n<div class=\"info\">\n<h4>Labournet Services India<\/h4>\n<\/div>\n<\/figcaption>\n<img class=\"SliceImages OrgImage9\">\n<\/figure>\n<\/div>\n\n<div class=\"item\">\n<figure>\n<figcaption class=\"text-overlay\">\n<div class=\"info\">\n<h4>King Saud University<\/h4>\n<\/div>\n<\/figcaption>\n<img class=\"SliceImages OrgImage10\">\n<\/figure>\n<\/div>\n\n<div class=\"item\">\n<figure>\n<figcaption class=\"text-overlay\">\n<div class=\"info\">\n<h4>Delta-State-University-Abraka<\/h4>\n<\/div>\n<\/figcaption>\n<img class=\"SliceImages OrgImage11\">\n<\/figure>\n<\/div>\n\n<div class=\"item\">\n<figure>\n<figcaption class=\"text-overlay\">\n<div class=\"info\">\n<h4>Trinity College<\/h4>\n<\/div>\n<\/figcaption>\n<img class=\"SliceImages OrgImage12\">\n<\/figure>\n<\/div>\n\n<\/div>\n<\/div>\n<\/div>\n\n<\/div>\n<\/section>\n\n<\/div>\r\n\n    <section id=\"what-are-you-waiting-for\">\n    <div class=\"container inner-sm\">\n    <div class=\"row\">\n    <div class=\"col-md-10 col-sm-9 center-block text-center\">\n    <header>\n    <h2>De que est\u00e1 \u00e0 espera?<\/h2>\n    <\/header>\n    <p>Resumindo, esta ferramenta f\u00e1cil de usar pode ser uma ajuda preciosa na hora de evitar tanto as dificuldades de utliza\u00e7\u00e3o dos detetores de pl\u00e1gio online como penalidades acad\u00e9micas. Em algumas universidades, o aluno acusado de pl\u00e1gio v\u00ea-se for\u00e7ado a enfrentar penalidades extremas, como suspens\u00f5es, multas e at\u00e9 mesmo a expuls\u00e3o. Um trabalho em infra\u00e7\u00e3o aos direitos de autor pode conduzir a processos judiciais e toda uma s\u00e9rie de outros inconvenientes. Por estes motivos, \u00e9 muito importante pode contar com um detetor de pl\u00e1gio em que se possa confiar.<\/p>\n    <div class=\"row\">\n    <div class=\"col-md-8 center-block text-center\">\n    <figure><img src=\"https:\/\/cdn.plagiarismcheckerx.com\/images\/credit-cards-2.png\" loading=\"lazy\" alt=\"Credit Cards\"> <\/figure>\n    <\/div><\/div>\n    <div>\n    <a href=\"..\/download-thank-you\" class=\"btn btn-large btn-gray\">DESCARGA GRATUITA<\/a>&nbsp;\n    <a href=\"..\/buy\" class=\"btn btn-large\">VERS\u00c3O PRO<\/a>\n    <\/div>\n    <\/div>\n    <\/div>\n    <\/div>\n    <\/section>\n\n\n    \r\n","protected":false},"excerpt":{"rendered":"<p>Compara\u00e7\u00e3o Lado a Lado Agora \u00e9 f\u00e1cil comparar documentos e descobrir a exist\u00eancia de conte\u00fados criados por si noutros lugares da internet. Esta \u00e9 uma solu\u00e7\u00e3o destinada a professores, estudantes, editores e muitos outros criadores de conte\u00fados. Uma das principais caracter\u00edsticas diferenciadoras do Plagiarism Checker X \u00e9 n\u00e3o funcionar apenas online, contando com suporte parcial [&hellip;]<\/p>\n","protected":false},"author":1,"featured_media":0,"parent":0,"menu_order":0,"comment_status":"closed","ping_status":"closed","template":"","meta":[],"_links":{"self":[{"href":"https:\/\/plagiarismcheckerx.com\/pt\/wp-json\/wp\/v2\/pages\/69"}],"collection":[{"href":"https:\/\/plagiarismcheckerx.com\/pt\/wp-json\/wp\/v2\/pages"}],"about":[{"href":"https:\/\/plagiarismcheckerx.com\/pt\/wp-json\/wp\/v2\/types\/page"}],"author":[{"embeddable":true,"href":"https:\/\/plagiarismcheckerx.com\/pt\/wp-json\/wp\/v2\/users\/1"}],"replies":[{"embeddable":true,"href":"https:\/\/plagiarismcheckerx.com\/pt\/wp-json\/wp\/v2\/comments?post=69"}],"version-history":[{"count":3,"href":"https:\/\/plagiarismcheckerx.com\/pt\/wp-json\/wp\/v2\/pages\/69\/revisions"}],"predecessor-version":[{"id":335,"href":"https:\/\/plagiarismcheckerx.com\/pt\/wp-json\/wp\/v2\/pages\/69\/revisions\/335"}],"wp:attachment":[{"href":"https:\/\/plagiarismcheckerx.com\/pt\/wp-json\/wp\/v2\/media?parent=69"}],"curies":[{"name":"wp","href":"https:\/\/api.w.org\/{rel}","templated":true}]}}