{"id":67,"date":"2020-11-25T10:42:28","date_gmt":"2020-11-25T10:42:28","guid":{"rendered":"https:\/\/plagiarismcheckerx.com\/wordpress\/es\/?page_id=67"},"modified":"2020-12-04T03:45:09","modified_gmt":"2020-12-04T03:45:09","slug":"online-plagiarism","status":"publish","type":"page","link":"https:\/\/plagiarismcheckerx.com\/pt\/online-plagiarism","title":{"rendered":"Online Plagiarism"},"content":{"rendered":"\r\n<section id=\"online-plagiarism\">\r\n<div class=\"container inner-sm\">\r\n<div class=\"row\">\r\n<div class=\"col-md-6\">\r\n<figure><img src=\"https:\/\/cdn.plagiarismcheckerx.com\/images\/header-banner-online-plagiarism.jpg\" alt=\"\"><\/figure>\r\n<\/div>\r\n\r\n<div class=\"col-md-6\">\r\n<h1>Detetor de Pl\u00e1gio Online<\/h1>\r\n<p>Saiba se os seus conte\u00fados se encontram online. Uma solu\u00e7\u00e3o para professores, estudantes e editores. O pl\u00e1gio \u00e9 um problema constante para estudantes, professores e criadores de conte\u00fados web, administradores de sites e editores. Com a cada vez maior quantidade de recursos disponibilizados na internet, tamb\u00e9m a tend\u00eancia para copiar conte\u00fados tem vindo a crescer. Isto n\u00e3o s\u00f3 vai contra a \u00e9tica profissional, infringe tamb\u00e9m direitos de autor, o que pode resultar em processos judiciais. Ningu\u00e9m gosta de estar em apuros e o Plagiarism Checker permite aos seus utilizadores evitar facilmente este tipo de problemas.<\/p>\r\n<div align=\"center\">\r\n<a href=\"..\/download-thank-you\" class=\"btn btn-large btn-gray\">DESCARGA GRATUITA<\/a> &nbsp;\r\n<a href=\"..\/buy\" class=\"btn btn-large\">VERS\u00c3O PRO<\/a>\r\n<\/div>\r\n<\/div>\r\n<\/div>\r\n<\/div>\r\n<\/section>\r\n\r\n<section id=\"features\">\r\n<div class=\"container inner-top-sm inner-bottom-sm\">\r\n\r\n<div class=\"row\">\r\n<div class=\"col-md-8 col-sm-9 center-block text-center\">\r\n<header>\r\n<h3 style=\"font-size: 35px\" align=\"center\">Simples e Seguro<\/h3>\r\n<p>Verificar a sua escrita inteiramente protegido nunca foi t\u00e3o f\u00e1cil. Verifica\u00e7\u00e3o de similaridade instant\u00e2nea e de elevada precis\u00e3o agora na ponta dos seus dedos. Tamb\u00e9m propriet\u00e1rios de sites encontrar\u00e3o \u00fatil a fun\u00e7\u00e3o de &#8220;verificar as suas p\u00e1ginas&#8221;, que permite a verifica\u00e7\u00e3o da qualidade do conte\u00fado de um site com apenas um clique.<\/p>\r\n<\/header>\r\n<\/div><!-- \/.col -->\r\n<\/div><!-- \/.row -->\r\n\r\n<div class=\"row inner-top-sm\">\r\n\r\n<div class=\"col-md-3 inner-bottom-sm\">\r\n<h3>F\u00e1cil e R\u00e1pido<\/h3>\r\n<p class=\"text-small\">Basta carregar o documento na ferramenta e carregar no bot\u00e3o de analisar. A ferramenta ir\u00e1 comparar o conte\u00fado introduzido com bili\u00f5es de conte\u00fados dispon\u00edveis publicamente por toda a internet.<\/p>\r\n<a href=\"#\" class=\"txt-btn\">Veja todas as possibilidades<\/a>\r\n<\/div><!-- \/.col -->\r\n\r\n<div class=\"col-md-3 inner-bottom-sm\">\r\n<h3>Relat\u00f3rios Intuitivos<\/h3>\r\n<p class=\"text-small\">O layout visualmente apelativo e f\u00e1cil de entender dos relat\u00f3rios gerados facilita a sele\u00e7\u00e3o de fontes similares num instante, oferecendo ainda a possibilidade de exporta\u00e7\u00e3o em formato Word, PDF e muito mais. <\/p>\r\n<a href=\"#\" class=\"txt-btn\">Veja por si<\/a>\r\n<\/div><!-- \/.col -->\r\n\r\n<div class=\"col-md-6 inner-left-xs\">\r\n<figure><img src=\"https:\/\/cdn.plagiarismcheckerx.com\/images\/screenshots\/online-plagiarism-report-color.jpg\" alt=\"\"><\/figure>\r\n<\/div><!-- \/.col -->\r\n\r\n<\/div><!-- \/.row -->\r\n\r\n<\/div><!-- \/.container -->\r\n<\/section>\r\n\r\n<section id=\"online-plagiarism-features\">\r\n<div class=\"container\">\r\n<div class=\"row inner-bottom-xs\">\r\n<div class=\"col-md-8 col-sm-9 center-block text-center\">\r\n<header>\r\n<br><br>\r\n<h2 style=\"font-size: 35px\"> <span style=\"color: #3c78d8\">Caracter\u00edsticas<\/span> do Detetor de Pl\u00e1gio Online<\/h2>\r\n<\/header>\r\n<\/div>\r\n<\/div>\r\n\r\n<div class=\"row inner-top-xs inner-bottom-sm\">\r\n<div class=\"col-sm-1 col-md-offset-1\">\r\n<div class=\"icon pull-right\">\r\n<i class=\"icon-lock-1 icn lg\"><\/i>\r\n<\/div>\r\n<\/div>\r\n\r\n<div class=\"col-sm-4\">\r\n<h3>Privacidade dos Dados<\/h3>\r\n<p class=\"text-small\">O Plagiarism Checker X respeita totalmente a privacidade dos seus dados. Nenhum do texto introduzido no programa \u00e9 revelado, seja a que inst\u00e2ncia for. Este \u00e9 um programa, n\u00e3o um servi\u00e7o: utilizado diretamente a partir do seu ambiente de trabalho. Os dados permanecem no seu dispositivo ao longo de toda a an\u00e1lise, sendo usado unicamente para a verifica\u00e7\u00e3o da exist\u00eancia de pl\u00e1gio e n\u00e3o sendo armazenados remotamente. Para saber mais sobre as nossas medidas de prote\u00e7\u00e3o da sua privacidade, por favor, consulte a nossa pol\u00edtica de privacidade<\/p>\r\n<\/div>\r\n\r\n<div class=\"col-sm-1\">\r\n<div class=\"icon pull-right\">\r\n<i class=\"icon-paper-plane icn lg\"><\/i>\r\n<\/div>\r\n<\/div>\r\n\r\n<div class=\"col-sm-4\">\r\n<h3>Tecnologia de Pesquisa Profunda<\/h3>\r\n<p class=\"text-small\">Reinvent\u00e1mos o Plagiarism Checker X com a mais recente tecnologia de aprendizagem profunda, potenciada por intelig\u00eancia artificial. Esta tecnologia permite aos processadores do backend da aplica\u00e7\u00e3o verificar as mais \u00ednfimas parcelas de dados de vast\u00edssimas quantidades de conte\u00fados publicados online. Isto traduz-se numa experi\u00eancia perfeitamente adaptada \u00e0 obten\u00e7\u00e3o dos melhores resultados.<\/p>\r\n<\/div>\r\n<\/div>\r\n\r\n<div class=\"row inner-bottom-sm\">\r\n<div class=\"col-sm-1 col-md-offset-1\">\r\n<div class=\"icon pull-right\">\r\n<i class=\"icon-flash icn lg\"><\/i>\r\n<\/div>\r\n<\/div>\r\n\r\n<div class=\"col-sm-4\">\r\n<h3>O Dobro da Velocidade<\/h3>\r\n<p class=\"text-small\">A \u00faltima vers\u00e3o do PCX est\u00e1 repleta de funcionalidades poderosas. Esta nova vers\u00e3o apresenta grandes melhorias, que se traduzem no dobro do desempenho, gra\u00e7as \u00e0 utiliza\u00e7\u00e3o de um algoritmo de a\u00e7\u00e3o r\u00e1pida que atua enquanto efetua a an\u00e1lise do seu documento em termos de pl\u00e1gio online. Desfrute do dobro da velocidade de processamento e de uma experi\u00eancia de utiliza\u00e7\u00e3o superior, com resultados mais r\u00e1pidos em apenas alguns cliques.<\/p>\r\n<\/div>\r\n\r\n<div class=\"col-sm-1\">\r\n<div class=\"icon pull-right\">\r\n<i class=\"icon-signal-1 icn md\"><\/i>\r\n<\/div>\r\n<\/div>\r\n\r\n<div class=\"col-sm-4\">\r\n<h3>26% Mais Precis\u00e3o<\/h3>\r\n<p class=\"text-small\">Reinvent\u00e1mos os elementos fundamentais da nossa solu\u00e7\u00e3o para um grande aumento na precis\u00e3o dos resultados obtidos. O conte\u00fado introduzido \u00e9 analisado em profundidade, com grande granularidade de detalhe, o que permite a obten\u00e7\u00e3o de resultados superiores. Ao mesmo tempo, isto permite-lhe oferecer conte\u00fados mais originais. E quanto mais elevada a qualidade, mais elevado o n\u00edvel de exig\u00eancia que satisfaz. Para que o seu texto seja visto como um trabalho da mais alta qualidade, instale j\u00e1 a \u00faltima vers\u00e3o.<\/p>\r\n<\/div>\r\n<\/div>\r\n\r\n<div class=\"row\">\r\n<div class=\"col-sm-1 col-md-offset-1\">\r\n<div class=\"icon pull-right\">\r\n<i class=\"icon-gauge-1 icn lg\"><\/i>\r\n<\/div>\r\n<\/div>\r\n\r\n<div class=\"col-sm-4 inner-bottom-sm\">\r\n<h3>Relat\u00f3rios com Elementos Destacados e por Categorias<\/h3>\r\n<p class=\"text-small\">Demos sempre prioridade \u00e0 facilidade de utiliza\u00e7\u00e3o durante o  desenvolvimento do nosso detetor de pl\u00e1gio. Consequentemente, utilizar o Plagiarism Checker X n\u00e3o \u00e9 apenas simples, mas tamb\u00e9m divertido. O conte\u00fado plagiado \u00e9 apresentado a cor diferente, que varia conforme a percentagem de conte\u00fado copiado existente. Azul e amarelo identificam n\u00edveis aceit\u00e1veis, ao passo que o vermelho indica uma situa\u00e7\u00e3o alarmante, apenas solucion\u00e1vel com a remo\u00e7\u00e3o do conte\u00fado.<\/p>\r\n<\/div>\r\n\r\n<div class=\"col-sm-1\">\r\n<div class=\"icon pull-right\">\r\n<i class=\"icon-eye icn lg\"><\/i>\r\n<\/div>\r\n<\/div>\r\n\r\n<div class=\"col-sm-4\">\r\n<h3>Chegue \u00e0 Fonte Original<\/h3>\r\n<p class=\"text-small\">Os seus relat\u00f3rios abrangentes fazem do Plagiarism Checker X o melhor detetor de pl\u00e1gio online. Demos um passo em frente na verifica\u00e7\u00e3o de conte\u00fados, mostrando-lhe as origens dos mesmos. Ao submeter o seu trabalho para verifica\u00e7\u00e3o, s\u00e3o retornados URLS &#8211; se existirem &#8211; com conte\u00fados id\u00eanticos ao material introduzido, permitindo-lhe assim identificar facilmente a exist\u00eancia de elementos copiados.<\/p>\r\n<\/div>\r\n<\/div>\r\n\r\n<div class=\"row\">\r\n<div class=\"col-sm-1 col-md-offset-1\">\r\n<div class=\"icon pull-right\">\r\n<i class=\"icon-docs icn lg\"><\/i>\r\n<\/div>\r\n<\/div>\r\n\r\n<div class=\"col-sm-4\">\r\n<h3>Incorporado Word &amp; PDF Suporte<\/h3>\r\n<p class=\"text-small\">N\u00e3o tem o Microsoft Office instalado? N\u00e3o h\u00e1 problema! Plagiarism Checker X fornece suporte integrado dos formatos Word e PDF. Agora pode utilizar este recurso, mesmo que n\u00e3o tenha o Microsoft Word instalado no seu computador. O processamento do texto introduzido \u00e9 realizado internamente pela nossa aplica\u00e7\u00e3o, independentemente das solu\u00e7\u00f5es Microsoft ou leitores de PDF que tenha ou n\u00e3o instalados, contribuindo assim para uma experi\u00eancia sem falhas.<\/p>\r\n<\/div>\r\n\r\n<div class=\"col-sm-1\">\r\n<div class=\"icon pull-right\">\r\n<i class=\"icon-export icn lg\"><\/i>\r\n<\/div>\r\n<\/div>\r\n\r\n<div class=\"col-sm-4\">\r\n<h3>Exporte Relat\u00f3rios com 1 Clique<\/h3>\r\n<p class=\"text-small\">\u00c9 poss\u00edvel exportar os resultados da an\u00e1lise \u00e0 exist\u00eancia de pl\u00e1gio, em formatos Word ou PDF, com apenas um clique. N\u00e3o tem o Microsoft Office instalado? N\u00e3o h\u00e1 problema! O Plagiarism Checker X possui suporte integrado dos formatos Word e PDF, permitindo-lhe utiliz\u00e1-los, mesmo que n\u00e3o tenha o Microsoft Word instalado no seu computador. <\/p>\r\n<\/div>\r\n<\/div>\r\n\r\n<\/div>\r\n<\/section>\r\n\r\n<section id=\"easySteps\">\r\n<div class=\"row inner-md\">\r\n<div class=\"col-md-7 center-block text-center\">\r\n<h1>Verifique a Exist\u00eancia de Pl\u00e1gio Online em 4 Passos<\/h1>\r\n<p>Siga estes 4 passos para verificar a percentagem de similaridade do seu documento com uma vasta s\u00e9rie de fontes online. O processo \u00e9 extremamente f\u00e1cil e intuitivo de seguir, com resultados imediatos.<\/p>\r\n<\/div>\r\n<\/div>\r\n\r\n<div class=\"row inner-bottom-sm\">\r\n  <div class=\"col-md-8 center-block\">\r\n\r\n  <div class=\"col-md-3 text-center\">\r\n  <img src=\"https:\/\/cdn.plagiarismcheckerx.com\/images\/thumbnails\/online-plagiarism-box-1.jpg\" loading=\"lazy\" style=\"border-radius: 50%;border: 2px solid #3F8DBF\" alt=\"Source Document\" width=\"200px\">\r\n  <br><br> <span class=\"blue\">1<\/span> Introduza &amp; Clique\r\n  <\/div>\r\n\r\n<div class=\"col-md-3 text-center\">\r\n  <img src=\"https:\/\/cdn.plagiarismcheckerx.com\/images\/thumbnails\/online-plagiarism-box-2.jpg\" loading=\"lazy\" style=\"border-radius: 50%;border: 2px solid #3F8DBF\" alt=\"Target Document\" width=\"200px\">\r\n<br><br> <span class=\"blue\">2<\/span> Aguarde um segundo!\r\n<\/div>\r\n\r\n<div class=\"col-md-3 text-center\">\r\n  <img src=\"https:\/\/cdn.plagiarismcheckerx.com\/images\/thumbnails\/online-plagiarism-box-3.jpg\" loading=\"lazy\" style=\"border-radius: 50%;border: 2px solid #3F8DBF\" alt=\"Check Plagiarism\" width=\"200px\">\r\n<br><br><span class=\"blue\">3<\/span> Veja o resumo\r\n<\/div>\r\n\r\n\r\n<div class=\"col-md-3 text-center\">\r\n  <img src=\"https:\/\/cdn.plagiarismcheckerx.com\/images\/thumbnails\/online-plagiarism-box-4.jpg\" loading=\"lazy\" style=\"border-radius: 50%;border: 2px solid #3F8DBF\" alt=\"Text Side By Side Comparison Results\" width=\"200px\">\r\n<br><br><span class=\"blue\">4<\/span> Veja o Relat\u00f3rio!\r\n<\/div>\r\n\r\n<\/div>\r\n<\/div>\r\n\r\n<\/section>\r\n\r\n<div class=\"light-bg\">\n\n<section id=\"clients\">\n<div class=\"container inner-sm\">\n\n<div class=\"row\">\n<div class=\"col-md-8 col-sm-9 center-block text-center\">\n<header>\n<h2>Utilizado por Institutos L\u00edderes<\/h2>\n<p>Valorizamos as experi\u00eancias dos nossos clientes. A velocidade, precis\u00e3o, e facilidade de utiliza\u00e7\u00e3o da interface fez com que os nossos clientes ficassem satisfeitos e com que se tornassem fieis.<\/p>\n<\/header>\n<\/div>\n<\/div>\n\n<div class=\"row inner-top-xs\">\n<div class=\"col-sm-12\">\n<div id=\"owl-clients\" class=\"owl-carousel owl-outer-nav\">\n\n<div class=\"item\">\n<figure>\n<figcaption class=\"text-overlay\">\n<div class=\"info\">\n<h4>IEEE<\/h4>\n<\/div>\n<\/figcaption>\n<img class=\"SliceImages OrgImage1\">\n<\/figure>\n<\/div>\n\n<div class=\"item\">\n<figure>\n<figcaption class=\"text-overlay\">\n<div class=\"info\">\n<h4>American University of Science And Technology<\/h4>\n<\/div>\n<\/figcaption>\n<img class=\"SliceImages OrgImage2\">\n<\/figure>\n<\/div>\n\n<div class=\"item\">\n<figure>\n<figcaption class=\"text-overlay\">\n<div class=\"info\">\n<h4>Remington College<\/h4>\n<\/div>\n<\/figcaption>\n<img class=\"SliceImages OrgImage3\">\n<\/figure>\n<\/div>\n\n<div class=\"item\">\n<figure>\n<figcaption class=\"text-overlay\">\n<div class=\"info\">\n<h4>JM Field Marketing<\/h4>\n<\/div>\n<\/figcaption>\n<img class=\"SliceImages OrgImage4\">\n<\/figure>\n<\/div>\n\n<div class=\"item\">\n<figure>\n<figcaption class=\"text-overlay\">\n<div class=\"info\">\n<h4>University of Maribor<\/h4>\n<\/div>\n<\/figcaption>\n<img class=\"SliceImages OrgImage5\">\n<\/figure>\n<\/div>\n\n<div class=\"item\">\n<figure>\n<figcaption class=\"text-overlay\">\n<div class=\"info\">\n<h4>Great American Cookies<\/h4>\n<\/div>\n<\/figcaption>\n<img class=\"SliceImages OrgImage6\">\n<\/figure>\n<\/div>\n\n<div class=\"item\">\n<figure>\n<figcaption class=\"text-overlay\">\n<div class=\"info\">\n<h4>Ohio University<\/h4>\n<\/div>\n<\/figcaption>\n<img class=\"SliceImages OrgImage7\">\n<\/figure>\n<\/div>\n\n<div class=\"item\">\n<figure>\n<figcaption class=\"text-overlay\">\n<div class=\"info\">\n<h4>University Of Massachusetts Boston<\/h4>\n<\/div>\n<\/figcaption>\n<img class=\"SliceImages OrgImage8\">\n<\/figure>\n<\/div>\n\n<div class=\"item\">\n<figure>\n<figcaption class=\"text-overlay\">\n<div class=\"info\">\n<h4>Labournet Services India<\/h4>\n<\/div>\n<\/figcaption>\n<img class=\"SliceImages OrgImage9\">\n<\/figure>\n<\/div>\n\n<div class=\"item\">\n<figure>\n<figcaption class=\"text-overlay\">\n<div class=\"info\">\n<h4>King Saud University<\/h4>\n<\/div>\n<\/figcaption>\n<img class=\"SliceImages OrgImage10\">\n<\/figure>\n<\/div>\n\n<div class=\"item\">\n<figure>\n<figcaption class=\"text-overlay\">\n<div class=\"info\">\n<h4>Delta-State-University-Abraka<\/h4>\n<\/div>\n<\/figcaption>\n<img class=\"SliceImages OrgImage11\">\n<\/figure>\n<\/div>\n\n<div class=\"item\">\n<figure>\n<figcaption class=\"text-overlay\">\n<div class=\"info\">\n<h4>Trinity College<\/h4>\n<\/div>\n<\/figcaption>\n<img class=\"SliceImages OrgImage12\">\n<\/figure>\n<\/div>\n\n<\/div>\n<\/div>\n<\/div>\n\n<\/div>\n<\/section>\n\n<\/div>\r\n\n    <section id=\"what-are-you-waiting-for\">\n    <div class=\"container inner-sm\">\n    <div class=\"row\">\n    <div class=\"col-md-10 col-sm-9 center-block text-center\">\n    <header>\n    <h2>De que est\u00e1 \u00e0 espera?<\/h2>\n    <\/header>\n    <p>Resumindo, esta ferramenta f\u00e1cil de usar pode ser uma ajuda preciosa na hora de evitar tanto as dificuldades de utliza\u00e7\u00e3o dos detetores de pl\u00e1gio online como penalidades acad\u00e9micas. Em algumas universidades, o aluno acusado de pl\u00e1gio v\u00ea-se for\u00e7ado a enfrentar penalidades extremas, como suspens\u00f5es, multas e at\u00e9 mesmo a expuls\u00e3o. Um trabalho em infra\u00e7\u00e3o aos direitos de autor pode conduzir a processos judiciais e toda uma s\u00e9rie de outros inconvenientes. Por estes motivos, \u00e9 muito importante pode contar com um detetor de pl\u00e1gio em que se possa confiar.<\/p>\n    <div class=\"row\">\n    <div class=\"col-md-8 center-block text-center\">\n    <figure><img src=\"https:\/\/cdn.plagiarismcheckerx.com\/images\/credit-cards-2.png\" loading=\"lazy\" alt=\"Credit Cards\"> <\/figure>\n    <\/div><\/div>\n    <div>\n    <a href=\"..\/download-thank-you\" class=\"btn btn-large btn-gray\">DESCARGA GRATUITA<\/a>&nbsp;\n    <a href=\"..\/buy\" class=\"btn btn-large\">VERS\u00c3O PRO<\/a>\n    <\/div>\n    <\/div>\n    <\/div>\n    <\/div>\n    <\/section>\n\n\n    \r\n","protected":false},"excerpt":{"rendered":"<p>Detetor de Pl\u00e1gio Online Saiba se os seus conte\u00fados se encontram online. Uma solu\u00e7\u00e3o para professores, estudantes e editores. O pl\u00e1gio \u00e9 um problema constante para estudantes, professores e criadores de conte\u00fados web, administradores de sites e editores. Com a cada vez maior quantidade de recursos disponibilizados na internet, tamb\u00e9m a tend\u00eancia para copiar conte\u00fados [&hellip;]<\/p>\n","protected":false},"author":1,"featured_media":0,"parent":0,"menu_order":0,"comment_status":"closed","ping_status":"closed","template":"","meta":[],"_links":{"self":[{"href":"https:\/\/plagiarismcheckerx.com\/pt\/wp-json\/wp\/v2\/pages\/67"}],"collection":[{"href":"https:\/\/plagiarismcheckerx.com\/pt\/wp-json\/wp\/v2\/pages"}],"about":[{"href":"https:\/\/plagiarismcheckerx.com\/pt\/wp-json\/wp\/v2\/types\/page"}],"author":[{"embeddable":true,"href":"https:\/\/plagiarismcheckerx.com\/pt\/wp-json\/wp\/v2\/users\/1"}],"replies":[{"embeddable":true,"href":"https:\/\/plagiarismcheckerx.com\/pt\/wp-json\/wp\/v2\/comments?post=67"}],"version-history":[{"count":4,"href":"https:\/\/plagiarismcheckerx.com\/pt\/wp-json\/wp\/v2\/pages\/67\/revisions"}],"predecessor-version":[{"id":366,"href":"https:\/\/plagiarismcheckerx.com\/pt\/wp-json\/wp\/v2\/pages\/67\/revisions\/366"}],"wp:attachment":[{"href":"https:\/\/plagiarismcheckerx.com\/pt\/wp-json\/wp\/v2\/media?parent=67"}],"curies":[{"name":"wp","href":"https:\/\/api.w.org\/{rel}","templated":true}]}}