{"id":65,"date":"2020-11-25T10:33:36","date_gmt":"2020-11-25T10:33:36","guid":{"rendered":"https:\/\/plagiarismcheckerx.com\/wordpress\/es\/?page_id=65"},"modified":"2020-12-04T03:45:08","modified_gmt":"2020-12-04T03:45:08","slug":"features","status":"publish","type":"page","link":"https:\/\/plagiarismcheckerx.com\/pt\/features","title":{"rendered":"Features"},"content":{"rendered":"\r\n<section id=\"features\">\r\n<div class=\"container inner-sm\">\r\n<div class=\"row\">\r\n<div class=\"col-md-10 text-center center-block\">\r\n<h1 align=\"center\">Funcionalidades do Plagiarism Checker X<\/h1>\r\n<p>\u00c9 um estudante, trabalhador, blogger ou criador de conte\u00fados trabalhador e esfor\u00e7ado? Ou um professor, redator, editor ou analista de SEO zeloso e cumpridor? Se se enquadra entre os mencionados acima, \u00e9 muito prov\u00e1vel que tenha consci\u00eancia das consequ\u00eancias nefastas do pl\u00e1gio. A nossa equipa na &#8216;Plagiarism Checker X&#8217; d\u00e1 valor ao seu esfor\u00e7o e aos resultados do seu trabalho honesto. Por conseguinte, cri\u00e1mos o melhor detector de pl\u00e1gio do mercado, desenvolvido especialmente para pessoas como voc\u00ea.<\/p>\r\n<div align=\"center\"><a class=\"btn btn-large btn-gray\" href=\"\/download-thank-you\">DESCARGA GRATUITA<\/a>   <a class=\"btn btn-large\" href=\"..\/buy\">VERS\u00c3O PRO<\/a><\/div>\r\n<\/div>\r\n<\/div>\r\n<\/div>\r\n<\/section>\r\n<section id=\"center\" class=\"border-top\">\r\n<div class=\"row inner-md\">\r\n<div class=\"col-md-1\"> <\/div>\r\n<div class=\"col-md-5\">\r\n<h2>Dete\u00e7\u00e3o de Pl\u00e1gio Online<\/h2>\r\n<p>Os nossos recursos de base detetam conte\u00fados plagiados atrav\u00e9s da an\u00e1lise de v\u00e1rios motores de busca. Como resultado, os seus documentos s\u00e3o analisados e comparados com mais de 16 bili\u00f5es de sites indexados.<\/p>\r\n<\/div>\r\n<div class=\"col-md-1\"> <\/div>\r\n<div class=\"col-md-3\"><img style=\"height: 180px\" src=\"https:\/\/cdn.plagiarismcheckerx.com\/images\/promo_one.png\" \/><\/div>\r\n<div class=\"col-md-2\"> <\/div>\r\n<\/div>\r\n<div class=\"row inner-sm\">\r\n<div class=\"col-md-2\"> <\/div>\r\n<div class=\"col-md-3\"><img style=\"height: 180px\" src=\"https:\/\/cdn.plagiarismcheckerx.com\/images\/side-by-side-comparison.png\" \/><\/div>\r\n<div class=\"col-md-1\"> <\/div>\r\n<div class=\"col-md-5\">\r\n<h2>Compara\u00e7\u00e3o Lado a Lado<\/h2>\r\n<p>Uma op\u00e7\u00e3o de grande utilidade, que lhe permite alternar os seus conte\u00fados entre duas janelas, localizando assim elementos plagiados, sem esfor\u00e7o. Editores e analistas de SEO v\u00e3o adorar esta funcionalidade.<\/p>\r\n<\/div>\r\n<div class=\"col-md-1\"> <\/div>\r\n<\/div>\r\n<div class=\"row inner-sm\">\r\n<div class=\"col-md-1\"> <\/div>\r\n<div class=\"col-md-5\">\r\n<h2>Verifica\u00e7\u00e3o Cruzada em Massa<\/h2>\r\n<p>Uma recurso \u00fanica, exclusivo da nossa aplica\u00e7\u00e3o, que permite a an\u00e1lise de m\u00faltiplos documentos para determinar a sua originalidade, dentro de um ou v\u00e1rios reposit\u00f3rios. Com este recurso, por exemplo, um professor pode fazer a an\u00e1lise cruzada dos trabalhos de toda uma turma com apenas um clique.<\/p>\r\n<\/div>\r\n<div class=\"col-md-1\"> <\/div>\r\n<div class=\"col-md-3\"><img style=\"height: 180px\" src=\"https:\/\/cdn.plagiarismcheckerx.com\/images\/bulk-plagiarism.png\" \/><\/div>\r\n<div class=\"col-md-2\"> <\/div>\r\n<\/div>\r\n<div class=\"row inner-sm\">\r\n<div class=\"col-md-2\"> <\/div>\r\n<div class=\"col-md-3\"><img style=\"height: 180px\" src=\"https:\/\/cdn.plagiarismcheckerx.com\/images\/accuracy.png\" \/><\/div>\r\n<div class=\"col-md-1\"> <\/div>\r\n<div class=\"col-md-5\">\r\n<h2>Precisos &amp; Resultados Imediatos<\/h2>\r\n<p>Desfrute da rapidez do nosso algoritmo de ponta, capaz de fazer a verifica\u00e7\u00e3o cruzada de at\u00e9 20.000 palavras por segundo, oferecendo-lhe assim resultados instant\u00e2neos. Adicionalmente, estudos comparativos realizados por ag\u00eancias independentes mostram que a precis\u00e3o das nossas solu\u00e7\u00f5es \u00e9 tr\u00eas vezes superior ao de outras aplica\u00e7\u00f5es semelhantes.<\/p>\r\n<\/div>\r\n<div class=\"col-md-1\"> <\/div>\r\n<\/div>\r\n<div class=\"row inner-sm\">\r\n<div class=\"col-md-1\"> <\/div>\r\n<div class=\"col-md-5\">\r\n<h2>Privacidade 100% Garantida<\/h2>\r\n<p>Nenhum dos conte\u00fados introduzidos \u00e9 copiado, armazenado ou vendido. Atualmente, esta \u00e9 a \u00fanica ferramenta de dete\u00e7\u00e3o de pl\u00e1gio que possui estas caracter\u00edsticas.<\/p>\r\n<\/div>\r\n<div class=\"col-md-1\"> <\/div>\r\n<div class=\"col-md-3 text-center\"><img style=\"height: 180px\" src=\"https:\/\/cdn.plagiarismcheckerx.com\/images\/safe.png\" \/><\/div>\r\n<div class=\"col-md-2\"> <\/div>\r\n<\/div>\r\n<div class=\"row inner-sm\">\r\n<div class=\"col-md-1\"> <\/div>\r\n<div class=\"col-md-4 \"><img style=\"height: 180px\" src=\"https:\/\/cdn.plagiarismcheckerx.com\/images\/formats.png\" \/><\/div>\r\n<div class=\"col-md-1\"> <\/div>\r\n<div class=\"col-md-5\">\r\n<h2>Compatibilidade Alargada<\/h2>\r\n<p>A nossa aplica\u00e7\u00e3o suporta todos os formatos comuns baseados em texto, incluindo PDF, DOCX, DOC, RTF e HTML. A juntar a isto, \u00e9 tamb\u00e9m compat\u00edvel com todas as vers\u00f5es do Windows dispon\u00edveis.<\/p>\r\n<\/div>\r\n<div class=\"col-md-1\"> <\/div>\r\n<\/div>\r\n<div class=\"row inner-sm\">\r\n<div class=\"col-md-1\"> <\/div>\r\n<div class=\"col-md-5\">\r\n<h2>Suporte Multilingue &amp; Disponibilidade<\/h2>\r\n<p>Trabalha em diferentes l\u00ednguas? Se sim, n\u00e3o precisa de pagar por ferramentas distintas, uma vez que a nossa aplica\u00e7\u00e3o j\u00e1 suporta 7 idiomas na totalidade: ingl\u00eas, espanhol, franc\u00eas, alem\u00e3o, italiano, hooland\u00eas e portugu\u00eas. E brevemente ser\u00e3o adicionadas mais l\u00ednguas.<\/p>\r\n<\/div>\r\n<div class=\"col-md-1\"> <\/div>\r\n<div class=\"col-md-3\"><img style=\"height: 180px\" src=\"https:\/\/cdn.plagiarismcheckerx.com\/images\/languages.png\" \/><\/div>\r\n<div class=\"col-md-2\"> <\/div>\r\n<\/div>\r\n<div class=\"row inner-sm\">\r\n<div class=\"col-md-2\"> <\/div>\r\n<div class=\"col-md-3\"><img style=\"height: 180px\" src=\"https:\/\/cdn.plagiarismcheckerx.com\/images\/color-density.png\" \/><\/div>\r\n<div class=\"col-md-1\"> <\/div>\r\n<div class=\"col-md-5\">\r\n<h2>Resultados Baseados em C\u00f3digos de Cores de Diferentes Densidades<\/h2>\r\n<p>Uma forma intuitiva de compreender os resultados com um passar de olhos.<\/p>\r\n<\/div>\r\n<div class=\"col-md-1\"> <\/div>\r\n<\/div>\r\n<div class=\"row inner-sm\">\r\n<div class=\"col-md-1\"> <\/div>\r\n<div class=\"col-md-5\">\r\n<h2>Apoio T\u00e9cnico Dedicado 24\/7<\/h2>\r\n<p>Precisa de ajuda? Contacte-nos em qualquer altura, a partir de qualquer lugar, e fale com um dos nossos representantes de aten\u00e7\u00e3o ao cliente. Sempre dispon\u00edvel para si, todo o dia, todos os dias.<\/p>\r\n<\/div>\r\n<div class=\"col-md-1\"> <\/div>\r\n<div class=\"col-md-3\"><img style=\"height: 180px\" src=\"https:\/\/cdn.plagiarismcheckerx.com\/images\/24x7.png\" \/><\/div>\r\n<div class=\"col-md-2\"> <\/div>\r\n<\/div>\r\n<div class=\"row inner-top-sm\">\r\n<div class=\"col-md-2\"> <\/div>\r\n<div class=\"col-md-3\"><img style=\"height: 180px\" src=\"https:\/\/cdn.plagiarismcheckerx.com\/images\/cost-effective.png\" \/><\/div>\r\n<div class=\"col-md-1\"> <\/div>\r\n<div class=\"col-md-5\">\r\n<h2>Econ\u00f3mico<\/h2>\r\n<p>Por \u00faltimo, mas n\u00e3o menos importante, oferecemos-lhe valor pelo seu dinheiro. Assim, em vez de cobrarmos assinaturas elevadas, oferecemos-lhe uma solu\u00e7\u00e3o de pagamento \u00fanico. Basta que escolha a licen\u00e7a que melhor se adapta \u00e0s suas necessidades, ou seja, se para um ou v\u00e1rios utilizadores.<\/p>\r\n<\/div>\r\n<div class=\"col-md-1\"> <\/div>\r\n<\/div>\r\n<br \/><br \/><br \/><\/section>\r\n<div class=\"light-bg\">\n    <section id=\"quick-video\">\n    <div class=\"container inner-sm\">\n    <div class=\"row\">\n    <div class=\"col-md-10 col-sm-9 center-block text-center\">\n    <header>\n    <h2>V\u00eddeo de Demonstra\u00e7\u00e3o R\u00e1pido de 1 Min!<\/h2>\n    <p>Fique com uma perspetiva geral de todas as ferramentas disponibilizadas pelo Plagiarism Checker X com o nosso v\u00eddeo r\u00e1pido de apenas 1 minuto. Basta fazer clique, dar uma vista de olhos pelas ferramentas dispon\u00edveis e estar\u00e1 pronto a come\u00e7ar.<\/p>\n    <div class=\"row\">\n    <div class=\"col-md-8 center-block text-center\">\n    <iframe src=\"https:\/\/www.youtube.com\/embed\/8hlmDcQ18rE?modestbranding=1&playlist=h9KxPuCCn6M,4Y18EvBvGdg,yzH_fw0bxrU,7zsNw-HEO_Q\" width=\"560\" height=\"315\" frameborder=\"0\"><\/iframe>\n    <\/div><\/div>\n    <\/header>\n    <\/div>\n    <\/div>\n    <\/div>\n    <\/section>\n\n\n    <\/div>\r\n\n\n<section id=\"your-data-is-safe\">\n<div class=\"container inner-sm\">\n<div class=\"row\">\n<div class=\"col-md-10 col-sm-9 center-block text-center\">\n<header>\n<h2>Os teus Dados est\u00e3o Seguros no teu Dispositivo, N\u00e3o tens que os Carregar<\/h2>\n<p>\"Como utilizador, n\u00e3o \u00e9s obrigado a carregar os teus trabalhos e conte\u00fado na nossa base de dados; em vez disso, os ficheiros mant\u00eam-se contigo. Esta ferramenta faz do Detector de Pl\u00e1gio X consideravelmente diferente do resto dos fornecedores deste tipo de servi\u00e7o. Portanto, despacha-te! Obt\u00e9m uma c\u00f3pia aqui!\".<\/p>\n<div class=\"row\">\n<div class=\"col-md-8 center-block text-center\">\n<figure><img src=\"https:\/\/cdn.plagiarismcheckerx.com\/images\/credit-cards-2.png\" alt=\"Credit Cards\"> <\/figure>\n<\/div><\/div>\n<\/header>\n<div>\n<a href=\"..\/download-thank-you\" class=\"btn btn-large\">DESCARGA GRATUITA<\/a> \n<a href=\"..\/buy\" class=\"btn btn-large\">VERS\u00c3O PRO<\/a>\n<\/div>\n<\/div>\n<\/div>\n<\/div>\n<\/section>\n\n\r\n","protected":false},"excerpt":{"rendered":"<p>Funcionalidades do Plagiarism Checker X \u00c9 um estudante, trabalhador, blogger ou criador de conte\u00fados trabalhador e esfor\u00e7ado? Ou um professor, redator, editor ou analista de SEO zeloso e cumpridor? Se se enquadra entre os mencionados acima, \u00e9 muito prov\u00e1vel que tenha consci\u00eancia das consequ\u00eancias nefastas do pl\u00e1gio. A nossa equipa na &#8216;Plagiarism Checker X&#8217; d\u00e1 [&hellip;]<\/p>\n","protected":false},"author":1,"featured_media":0,"parent":0,"menu_order":0,"comment_status":"closed","ping_status":"closed","template":"","meta":[],"_links":{"self":[{"href":"https:\/\/plagiarismcheckerx.com\/pt\/wp-json\/wp\/v2\/pages\/65"}],"collection":[{"href":"https:\/\/plagiarismcheckerx.com\/pt\/wp-json\/wp\/v2\/pages"}],"about":[{"href":"https:\/\/plagiarismcheckerx.com\/pt\/wp-json\/wp\/v2\/types\/page"}],"author":[{"embeddable":true,"href":"https:\/\/plagiarismcheckerx.com\/pt\/wp-json\/wp\/v2\/users\/1"}],"replies":[{"embeddable":true,"href":"https:\/\/plagiarismcheckerx.com\/pt\/wp-json\/wp\/v2\/comments?post=65"}],"version-history":[{"count":4,"href":"https:\/\/plagiarismcheckerx.com\/pt\/wp-json\/wp\/v2\/pages\/65\/revisions"}],"predecessor-version":[{"id":353,"href":"https:\/\/plagiarismcheckerx.com\/pt\/wp-json\/wp\/v2\/pages\/65\/revisions\/353"}],"wp:attachment":[{"href":"https:\/\/plagiarismcheckerx.com\/pt\/wp-json\/wp\/v2\/media?parent=65"}],"curies":[{"name":"wp","href":"https:\/\/api.w.org\/{rel}","templated":true}]}}