{"id":50,"date":"2020-11-25T09:13:40","date_gmt":"2020-11-25T09:13:40","guid":{"rendered":"https:\/\/plagiarismcheckerx.com\/wordpress\/es\/?page_id=50"},"modified":"2020-12-04T03:45:08","modified_gmt":"2020-12-04T03:45:08","slug":"plagiarism-checker-for-publishers","status":"publish","type":"page","link":"https:\/\/plagiarismcheckerx.com\/pt\/plagiarism-checker-for-publishers","title":{"rendered":"For Publishers"},"content":{"rendered":"\r\n<section id=\"services\">\r\n\r\n<div class=\"container inner-top-sm\">\r\n<div class=\"row inner-bottom-sm\">\r\n<div class=\"col-md-4 col-md-offset-1\">\r\n<figure><img src=\"https:\/\/cdn.plagiarismcheckerx.com\/images\/publishers.jpg\" alt=\"\"><\/figure>\r\n<\/div>\r\n\r\n<div class=\"col-md-7\">\r\n\r\n<h1 class=\"text-center\">Detetor de Pl\u00e1gio para Editores &amp; Profissionais de SEO<\/h1>\r\n\r\n<p>\u00c9 muito importante para o administrador de sites ou editor de conte\u00fados online poder garantir a originalidade dos conte\u00fados oferecidos pelo seu portal. Plagiarism Checker X \u00e9 capaz de operar maravilhas junto do propriet\u00e1rio ou gestor d eum site da internet, dado que, mais que apenas detetar pl\u00e1gio online, \u00e9 capaz de ajudar no processo de gest\u00e3o de conte\u00fados.<\/p>\r\n\r\n<div align=\"center\">\r\n\r\n<a href=\"..\/download-thank-you\" class=\"btn btn-large btn-gray\">DESCARGA GRATUITA<\/a> \r\n<a href=\"..\/buy\" class=\"btn btn-large\">VERS\u00c3O PRO<\/a>\r\n\r\n<\/div>\r\n\r\n<\/div>\r\n\r\n<\/div>\r\n\r\n<\/div>\r\n\r\n<\/section>\r\n\r\n<section id=\"features\" class=\"light-bg\">\r\n\r\n<div class=\"container inner-sm\">\r\n\r\n<div class=\"row\">\r\n\r\n<div class=\"col-md-11 col-md-offset-1\">\r\n\r\n<header class=\"text-center\">\r\n\r\n<h2>A Melhor Escolha para o Editor<\/h2>\r\n\r\n<\/header>\r\n\r\n<p><\/p>\r\n\r\n<\/div>\r\n\r\n<\/div>\r\n\r\n<div class=\"row inner-top-sm col-md-offset-1\">\r\n\r\n<div class=\"col-sm-1\">\r\n\r\n<div class=\"icon pull-right\">\r\n\r\n<i class=\"icon-lamp icn lg\"><\/i>\r\n\r\n<\/div>\r\n\r\n<\/div>\r\n\r\n<div class=\"col-sm-5 inner-bottom-sm\">\r\n\r\n<h3>Vis\u00e3o Geral<\/h3>\r\n\r\n<p class=\"text-small\">Um editor tem de ser capaz de detetar se o seu conte\u00fado \u00e9 realmente original ou possui uma quantidade &#8220;inaceit\u00e1vel&#8221; de elementos copiados de outras fontes. Plagiarism Checker X fornece ao utilizador relat\u00f3rios detalhados dos conte\u00fados a publicar. O recurso de &#8220;pesquisa em massa&#8221; \u00e9 outra b\u00ean\u00e7\u00e3o para o editore \/ gestor de conte\u00fados web, dado que permite verificar a exist\u00eancia de pl\u00e1gio em m\u00faltiplos documentos em simult\u00e2neo. N\u00e3o h\u00e1 limite \u00e0 quantidade de documentos que \u00e9 poss\u00edvel analisar, o que permite verificar uma vasta s\u00e9rie de trabalhos\/posts com um s\u00f3 clique.<\/p>\r\n\r\n<\/div>\r\n\r\n<div class=\"col-sm-1\">\r\n\r\n<div class=\"icon pull-right\">\r\n\r\n<i class=\"icon-doc icn lg\"><\/i>\r\n\r\n<\/div>\r\n\r\n<\/div>\r\n\r\n<div class=\"col-sm-5 inner-bottom-sm\">\r\n\r\n<h3>Produto, N\u00e3o Servi\u00e7o<\/h3>\r\n\r\n<p class=\"text-small\">Ao compararmos as diversas ferramentas desta categoria atualmente dispon\u00edveis no mercado, torna-se evidente que Plagiarism Checker X apresenta grandes vantagens em termos de custos sobre a concorr\u00eancia. Se olharmos para os detetores de pl\u00e1gio dispon\u00edveis online, verificamos que a maioria oferece servi\u00e7os numa base de &#8220;pagamento por an\u00e1lise&#8221;. Decidimos proceder de forma diferente e n\u00e3o s\u00f3 oferecemos um modelo de fatura\u00e7\u00e3o muito mais econ\u00f3mico que este, como possibilitamos aos nossos utilizadores desfrutar de um per\u00edodo experimental de 14 dias, gratuito. Por favor, visite a sec\u00e7\u00e3o dedicada \u00e0s funcionalidades das diferentes vers\u00f5es da nossa ferramenta para conhecer com maior detalhe os diferentes recursos e vantagens oferecidos pelo detetor de pl\u00e1gio n\u00famero um do mercado.<\/p>\r\n\r\n<\/div>\r\n\r\n<\/div>\r\n\r\n<div class=\"row inner-top-x col-md-offset-1\">\r\n\r\n<div class=\"col-sm-1\">\r\n\r\n<div class=\"icon pull-right\">\r\n\r\n<i class=\"icon-edit icn lg\"><\/i>\r\n\r\n<\/div>\r\n\r\n<\/div>\r\n\r\n<div class=\"col-sm-5 inner-bottom-sm\">\r\n\r\n<h3>Garantia de Originalidade<\/h3>\r\n\r\n<p class=\"text-small\">A originalidade e a criatividade s\u00e3o as duas caracter\u00edsticas que mais distinguem uma marca de todas as outras. Se o seu conte\u00fado for semelhante a outros ou se estiver a oferecer o mesmo que XYZ, arrisca que os seus clientes possam n\u00e3o ver o seu real valor. Adicionalmente, os motores de pesquisa, como o Google, n\u00e3o gostam de sites que reproduzem conte\u00fados dos seus concorrentes. Para verificar o estado do conte\u00fado publicado no seu blog\/site, basta-lhe colar o URL da p\u00e1gina em quest\u00e3o e fazer clique em &#8220;analisar&#8221;. <br><br> Este software invoca automaticamente uma s\u00e9rie de motores de busca para retornar os seus resultados, incluindo os l\u00edderes do setor, como o Google, Bing, e Yahoo. Adicionalmente, ajuda-o a perceber se os seus artigos publicados est\u00e3o a ser utilizados por outras pessoas.<\/p>\r\n\r\n<\/div>\r\n\r\n<div class=\"col-sm-1\">\r\n\r\n<div class=\"icon pull-right\">\r\n\r\n<i class=\"icon-umbrella icn lg\"><\/i>\r\n\r\n<\/div>\r\n\r\n<\/div>\r\n\r\n\r\n\r\n<div class=\"col-sm-5 inner-bottom-sm\">\r\n\r\n<h3>Poteja a Sua Marca<\/h3>\r\n\r\n<p class=\"text-small\">Os instrumentos de controlo do pl\u00e1gio n\u00e3o s\u00e3o apenas um meio de evitar duplica\u00e7\u00f5es: s\u00e3o tamb\u00e9m uma forma de proteger a sua marca. Pode ser verdadeiramente doloroso vermos um especialista em copiar\/colar a apresentar como seus os frutos do nosso trabalho \u00e1rduo. Por conseguinte, precisa de uma ferramenta de verifica\u00e7\u00e3o de pl\u00e1gio para rastrear o seu trabalho e proteger a sua marca. E na qualidade de editor, est\u00e1 perfeitamente ciente da dimens\u00e3o atual dos problemas de viola\u00e7\u00e3o de direitos de autor <br><br> Sem elaborar, digamos que se trata de uma quest\u00e3o deveras grave, tanto do ponto sde vista \u00e9tico como empresarial e legal. Mesmo quando tudo aquilo que publica \u00e9 fruto da sua pr\u00f3pria mente, \u00e9 fortemente recomend\u00e1vel que dedique uns momentos para se proteger.<\/p>\r\n\r\n<\/div>\r\n\r\n<\/div>\r\n\r\n<\/div>\r\n\r\n<\/section>\r\n\r\n\n\n<section id=\"clients\">\n<div class=\"container inner-sm\">\n\n<div class=\"row\">\n<div class=\"col-md-8 col-sm-9 center-block text-center\">\n<header>\n<h2>Utilizado por Institutos L\u00edderes<\/h2>\n<p>Valorizamos as experi\u00eancias dos nossos clientes. A velocidade, precis\u00e3o, e facilidade de utiliza\u00e7\u00e3o da interface fez com que os nossos clientes ficassem satisfeitos e com que se tornassem fieis.<\/p>\n<\/header>\n<\/div>\n<\/div>\n\n<div class=\"row inner-top-xs\">\n<div class=\"col-sm-12\">\n<div id=\"owl-clients\" class=\"owl-carousel owl-outer-nav\">\n\n<div class=\"item\">\n<figure>\n<figcaption class=\"text-overlay\">\n<div class=\"info\">\n<h4>IEEE<\/h4>\n<\/div>\n<\/figcaption>\n<img class=\"SliceImages OrgImage1\">\n<\/figure>\n<\/div>\n\n<div class=\"item\">\n<figure>\n<figcaption class=\"text-overlay\">\n<div class=\"info\">\n<h4>American University of Science And Technology<\/h4>\n<\/div>\n<\/figcaption>\n<img class=\"SliceImages OrgImage2\">\n<\/figure>\n<\/div>\n\n<div class=\"item\">\n<figure>\n<figcaption class=\"text-overlay\">\n<div class=\"info\">\n<h4>Remington College<\/h4>\n<\/div>\n<\/figcaption>\n<img class=\"SliceImages OrgImage3\">\n<\/figure>\n<\/div>\n\n<div class=\"item\">\n<figure>\n<figcaption class=\"text-overlay\">\n<div class=\"info\">\n<h4>JM Field Marketing<\/h4>\n<\/div>\n<\/figcaption>\n<img class=\"SliceImages OrgImage4\">\n<\/figure>\n<\/div>\n\n<div class=\"item\">\n<figure>\n<figcaption class=\"text-overlay\">\n<div class=\"info\">\n<h4>University of Maribor<\/h4>\n<\/div>\n<\/figcaption>\n<img class=\"SliceImages OrgImage5\">\n<\/figure>\n<\/div>\n\n<div class=\"item\">\n<figure>\n<figcaption class=\"text-overlay\">\n<div class=\"info\">\n<h4>Great American Cookies<\/h4>\n<\/div>\n<\/figcaption>\n<img class=\"SliceImages OrgImage6\">\n<\/figure>\n<\/div>\n\n<div class=\"item\">\n<figure>\n<figcaption class=\"text-overlay\">\n<div class=\"info\">\n<h4>Ohio University<\/h4>\n<\/div>\n<\/figcaption>\n<img class=\"SliceImages OrgImage7\">\n<\/figure>\n<\/div>\n\n<div class=\"item\">\n<figure>\n<figcaption class=\"text-overlay\">\n<div class=\"info\">\n<h4>University Of Massachusetts Boston<\/h4>\n<\/div>\n<\/figcaption>\n<img class=\"SliceImages OrgImage8\">\n<\/figure>\n<\/div>\n\n<div class=\"item\">\n<figure>\n<figcaption class=\"text-overlay\">\n<div class=\"info\">\n<h4>Labournet Services India<\/h4>\n<\/div>\n<\/figcaption>\n<img class=\"SliceImages OrgImage9\">\n<\/figure>\n<\/div>\n\n<div class=\"item\">\n<figure>\n<figcaption class=\"text-overlay\">\n<div class=\"info\">\n<h4>King Saud University<\/h4>\n<\/div>\n<\/figcaption>\n<img class=\"SliceImages OrgImage10\">\n<\/figure>\n<\/div>\n\n<div class=\"item\">\n<figure>\n<figcaption class=\"text-overlay\">\n<div class=\"info\">\n<h4>Delta-State-University-Abraka<\/h4>\n<\/div>\n<\/figcaption>\n<img class=\"SliceImages OrgImage11\">\n<\/figure>\n<\/div>\n\n<div class=\"item\">\n<figure>\n<figcaption class=\"text-overlay\">\n<div class=\"info\">\n<h4>Trinity College<\/h4>\n<\/div>\n<\/figcaption>\n<img class=\"SliceImages OrgImage12\">\n<\/figure>\n<\/div>\n\n<\/div>\n<\/div>\n<\/div>\n\n<\/div>\n<\/section>\n\n\r\n<div class=\"light-bg\">\n\n<section id=\"your-data-is-safe\">\n<div class=\"container inner-sm\">\n<div class=\"row\">\n<div class=\"col-md-10 col-sm-9 center-block text-center\">\n<header>\n<h2>Os teus Dados est\u00e3o Seguros no teu Dispositivo, N\u00e3o tens que os Carregar<\/h2>\n<p>\"Como utilizador, n\u00e3o \u00e9s obrigado a carregar os teus trabalhos e conte\u00fado na nossa base de dados; em vez disso, os ficheiros mant\u00eam-se contigo. Esta ferramenta faz do Detector de Pl\u00e1gio X consideravelmente diferente do resto dos fornecedores deste tipo de servi\u00e7o. Portanto, despacha-te! Obt\u00e9m uma c\u00f3pia aqui!\".<\/p>\n<div class=\"row\">\n<div class=\"col-md-8 center-block text-center\">\n<figure><img src=\"https:\/\/cdn.plagiarismcheckerx.com\/images\/credit-cards-2.png\" alt=\"Credit Cards\"> <\/figure>\n<\/div><\/div>\n<\/header>\n<div>\n<a href=\"..\/download-thank-you\" class=\"btn btn-large\">DESCARGA GRATUITA<\/a> \n<a href=\"..\/buy\" class=\"btn btn-large\">VERS\u00c3O PRO<\/a>\n<\/div>\n<\/div>\n<\/div>\n<\/div>\n<\/section>\n\n<\/div>\r\n","protected":false},"excerpt":{"rendered":"<p>Detetor de Pl\u00e1gio para Editores &amp; Profissionais de SEO \u00c9 muito importante para o administrador de sites ou editor de conte\u00fados online poder garantir a originalidade dos conte\u00fados oferecidos pelo seu portal. Plagiarism Checker X \u00e9 capaz de operar maravilhas junto do propriet\u00e1rio ou gestor d eum site da internet, dado que, mais que apenas [&hellip;]<\/p>\n","protected":false},"author":1,"featured_media":0,"parent":0,"menu_order":0,"comment_status":"closed","ping_status":"closed","template":"","meta":[],"_links":{"self":[{"href":"https:\/\/plagiarismcheckerx.com\/pt\/wp-json\/wp\/v2\/pages\/50"}],"collection":[{"href":"https:\/\/plagiarismcheckerx.com\/pt\/wp-json\/wp\/v2\/pages"}],"about":[{"href":"https:\/\/plagiarismcheckerx.com\/pt\/wp-json\/wp\/v2\/types\/page"}],"author":[{"embeddable":true,"href":"https:\/\/plagiarismcheckerx.com\/pt\/wp-json\/wp\/v2\/users\/1"}],"replies":[{"embeddable":true,"href":"https:\/\/plagiarismcheckerx.com\/pt\/wp-json\/wp\/v2\/comments?post=50"}],"version-history":[{"count":3,"href":"https:\/\/plagiarismcheckerx.com\/pt\/wp-json\/wp\/v2\/pages\/50\/revisions"}],"predecessor-version":[{"id":363,"href":"https:\/\/plagiarismcheckerx.com\/pt\/wp-json\/wp\/v2\/pages\/50\/revisions\/363"}],"wp:attachment":[{"href":"https:\/\/plagiarismcheckerx.com\/pt\/wp-json\/wp\/v2\/media?parent=50"}],"curies":[{"name":"wp","href":"https:\/\/api.w.org\/{rel}","templated":true}]}}