{"id":48,"date":"2020-11-25T10:24:42","date_gmt":"2020-11-25T10:24:42","guid":{"rendered":"https:\/\/plagiarismcheckerx.com\/wordpress\/es\/?page_id=48"},"modified":"2020-12-04T03:45:09","modified_gmt":"2020-12-04T03:45:09","slug":"plagiarism-checker-for-teachers","status":"publish","type":"page","link":"https:\/\/plagiarismcheckerx.com\/pt\/plagiarism-checker-for-teachers","title":{"rendered":"For Teachers"},"content":{"rendered":"\r\n<section id=\"services\">\r\n\r\n<div class=\"container inner-top-md\">\r\n\r\n<div class=\"row inner-bottom-sm\">\r\n  \r\n<div class=\"col-md-4 col-md-offset-1\">\r\n<figure><img src=\"https:\/\/cdn.plagiarismcheckerx.com\/images\/teachers.jpg\" alt=\"\"><\/figure>\r\n<\/div>\r\n\r\n<div class=\"col-md-7\">\r\n  \r\n<h1 class=\"text-center\">Detetor de Pl\u00e1gio para Professores<\/h1>\r\n\r\n<p>Plagiarism Checker X \u00e9 uma verdadeira b\u00ean\u00e7\u00e3o para o professor, dada a economia de tempo representada pelas suas fun\u00e7\u00f5es de compara\u00e7\u00e3o em massa e pesquisa online. Agora \u00e9 f\u00e1cil detetar pl\u00e1gio em trabalhos, teses e artigos, em n\u00e3o mais que breves segundos. A pesquisa em massa traz consigo vantagens adicionais, ao permitir verificar de uma s\u00f3 vez os trabalhos de toda uma turma.<\/p>\r\n\r\n<div align=\"center\">\r\n<a href=\"..\/download-thank-you\" class=\"btn btn-large btn-gray\">DESCARGA GRATUITA<\/a> \r\n<a href=\"..\/buy\" class=\"btn btn-large\">VERS\u00c3O PRO<\/a>\r\n<\/div>\r\n\r\n<\/div>\r\n\r\n<\/div>\r\n\r\n<\/div>\r\n\r\n<\/section>\r\n\r\n\r\n\r\n<section id=\"features\" class=\"light-bg\">\r\n\r\n<div class=\"container inner-sm\">\r\n\r\n<div class=\"row\">\r\n<div class=\"col-md-11 col-md-offset-1\">\r\n<header class=\"text-center\">\r\n<h2>Solu\u00e7\u00f5es para Professores e Investigadores<\/h2>\r\n<\/header>\r\n<p>Professores e investigadores acad\u00e9micos t\u00eam uma enorme necessidade de uma ferramenta de verifica\u00e7\u00e3o de pl\u00e1gio, tanto como ajuda no processo de avaliar e classificar os alunos, como na hora de aferir a qualidade dos seus pr\u00f3prios trabalhos acad\u00e9micos e de investiga\u00e7\u00e3o.<\/p>\r\n<\/div>\r\n<\/div>\r\n\r\n<div class=\"row inner-top-sm col-md-offset-1\">\r\n\r\n<div class=\"col-sm-1\">  \r\n<div class=\"icon pull-right\">\r\n<i class=\"icon-lamp icn lg\"><\/i>\r\n<\/div>\r\n<\/div>\r\n\r\n<div class=\"col-sm-5 inner-bottom-sm\">\r\n<h3>Vis\u00e3o geral<\/h3>\r\n<p class=\"text-small\">Para um tutor, o respeito pelos direitos de autor reveste-se de import\u00e2ncia redobrada. Isto faz com que os seus pr\u00f3prios trabalhos requeiram uma dete\u00e7\u00e3o de pl\u00e1gio ainda mais estrita que os dos seus alunos. Antes de tudo o mais, este detetor de pl\u00e1gio \u00e9 uma grande ajuda para verificar a originalidade do trabalho de investiga\u00e7\u00e3o. Numa recente an\u00e1lise de desempenho, descobriu-se que a nossa ferramenta \u00e9 3 vezes mais r\u00e1pida, precisa e menos dispendiosa do que as alternativas atualmente existentes no mercado.<\/p>\r\n<\/div>\r\n\r\n<div class=\"col-sm-1\">  \r\n<div class=\"icon pull-right\">\r\n<i class=\"icon-thumbs-up-1 icn lg\"><\/i>\r\n<\/div>\r\n<\/div>\r\n\r\n<div class=\"col-sm-5 inner-bottom-sm\">\r\n<h3>Porque dizemos que \u00e9 fant\u00e1stica<\/h3>\r\n<p class=\"text-small\">O professor tem a possibilidade de realizar uma an\u00e1lise comparativa \/ verifica\u00e7\u00e3o cruzada dos trabalhos a avaliar. A op\u00e7\u00e3o de &#8220;pesquisa em massa&#8221; permite comparar entre si os trabalhos de toda uma turma, com um simples clique. Este \u00e9 um recurso fortemente inovador, capaz de representar uma enorme economia de tempo para o professor, que assim pode, por seu lado, entregar os resultados mais rapidamente. Para saber mais, por favor, visite a sec\u00e7\u00e3o do site dedicado \u00e1s funcionalidades da nossa ferramenta<\/p>\r\n<\/div>\r\n\r\n<\/div>\r\n\r\n<div class=\"row inner-top-x col-md-offset-1\">\r\n\r\n<div class=\"col-sm-1\">\r\n<div class=\"icon pull-right\">\r\n<i class=\"icon-cog-alt icn lg\"><\/i>\r\n<\/div>\r\n<\/div>\r\n\r\n<div class=\"col-sm-5\">\r\n<h3>Funcionalidade<\/h3>\r\n<p class=\"text-small\">Uma das maiores vantagens de Plagiarism Checker X \u00e9 a sua capacidade de funcionar em modo online\/offline. Apesar de alguns recursos apenas se encontrarem dispon\u00edveis quando existe liga\u00e7\u00e3o \u00e0 internet, esta aplica\u00e7\u00e3o permite efetuar verifica\u00e7\u00f5es cruzadas de conte\u00fados em ficheiros locais, entre outras tarefas, mesmo em modo offline. Outra vantagem deste detetor de pl\u00e1gio face \u00e1 concorr\u00eancia \u00e9 a sua capacidade de fornecer informa\u00e7\u00e3o detalhada e insights aprofundados com apenas um clique, al\u00e9m de lhe permitir visualizar e guardar o relat\u00f3rio no seu computador.<\/p>\r\n<\/div>\r\n\r\n<div class=\"col-sm-1\">\r\n<div class=\"icon pull-right\">\r\n<i class=\"icon-gift icn lg\"><\/i>\r\n<\/div>\r\n<\/div>\r\n\r\n<div class=\"col-sm-5\">\r\n<h3>Dentro do seu or\u00e7amento<\/h3>\r\n<p class=\"text-small\">Uma an\u00e1lise comparativa dos planos de subscri\u00e7\u00e3o das ferramentas de diversos prestadores desta categoria mostra que Plagiarism Checker X \u00e9 consideravelmente mais econ\u00f3mico que a concorr\u00eancia. Em lugar da necessidade de pagar por an\u00e1lise efetuada, oferecemos-lhe uma assinatura vital\u00edcia, com pesquisas ilimitadas, pelo valor que algumas outras plataformas cobram pela pesquisa de 3-4 artigos.<\/p>\r\n<\/div>\r\n<\/div>\r\n<\/div>\r\n<\/section>\r\n\r\n\n\n<section id=\"clients\">\n<div class=\"container inner-sm\">\n\n<div class=\"row\">\n<div class=\"col-md-8 col-sm-9 center-block text-center\">\n<header>\n<h2>Utilizado por Institutos L\u00edderes<\/h2>\n<p>Valorizamos as experi\u00eancias dos nossos clientes. A velocidade, precis\u00e3o, e facilidade de utiliza\u00e7\u00e3o da interface fez com que os nossos clientes ficassem satisfeitos e com que se tornassem fieis.<\/p>\n<\/header>\n<\/div>\n<\/div>\n\n<div class=\"row inner-top-xs\">\n<div class=\"col-sm-12\">\n<div id=\"owl-clients\" class=\"owl-carousel owl-outer-nav\">\n\n<div class=\"item\">\n<figure>\n<figcaption class=\"text-overlay\">\n<div class=\"info\">\n<h4>IEEE<\/h4>\n<\/div>\n<\/figcaption>\n<img class=\"SliceImages OrgImage1\">\n<\/figure>\n<\/div>\n\n<div class=\"item\">\n<figure>\n<figcaption class=\"text-overlay\">\n<div class=\"info\">\n<h4>American University of Science And Technology<\/h4>\n<\/div>\n<\/figcaption>\n<img class=\"SliceImages OrgImage2\">\n<\/figure>\n<\/div>\n\n<div class=\"item\">\n<figure>\n<figcaption class=\"text-overlay\">\n<div class=\"info\">\n<h4>Remington College<\/h4>\n<\/div>\n<\/figcaption>\n<img class=\"SliceImages OrgImage3\">\n<\/figure>\n<\/div>\n\n<div class=\"item\">\n<figure>\n<figcaption class=\"text-overlay\">\n<div class=\"info\">\n<h4>JM Field Marketing<\/h4>\n<\/div>\n<\/figcaption>\n<img class=\"SliceImages OrgImage4\">\n<\/figure>\n<\/div>\n\n<div class=\"item\">\n<figure>\n<figcaption class=\"text-overlay\">\n<div class=\"info\">\n<h4>University of Maribor<\/h4>\n<\/div>\n<\/figcaption>\n<img class=\"SliceImages OrgImage5\">\n<\/figure>\n<\/div>\n\n<div class=\"item\">\n<figure>\n<figcaption class=\"text-overlay\">\n<div class=\"info\">\n<h4>Great American Cookies<\/h4>\n<\/div>\n<\/figcaption>\n<img class=\"SliceImages OrgImage6\">\n<\/figure>\n<\/div>\n\n<div class=\"item\">\n<figure>\n<figcaption class=\"text-overlay\">\n<div class=\"info\">\n<h4>Ohio University<\/h4>\n<\/div>\n<\/figcaption>\n<img class=\"SliceImages OrgImage7\">\n<\/figure>\n<\/div>\n\n<div class=\"item\">\n<figure>\n<figcaption class=\"text-overlay\">\n<div class=\"info\">\n<h4>University Of Massachusetts Boston<\/h4>\n<\/div>\n<\/figcaption>\n<img class=\"SliceImages OrgImage8\">\n<\/figure>\n<\/div>\n\n<div class=\"item\">\n<figure>\n<figcaption class=\"text-overlay\">\n<div class=\"info\">\n<h4>Labournet Services India<\/h4>\n<\/div>\n<\/figcaption>\n<img class=\"SliceImages OrgImage9\">\n<\/figure>\n<\/div>\n\n<div class=\"item\">\n<figure>\n<figcaption class=\"text-overlay\">\n<div class=\"info\">\n<h4>King Saud University<\/h4>\n<\/div>\n<\/figcaption>\n<img class=\"SliceImages OrgImage10\">\n<\/figure>\n<\/div>\n\n<div class=\"item\">\n<figure>\n<figcaption class=\"text-overlay\">\n<div class=\"info\">\n<h4>Delta-State-University-Abraka<\/h4>\n<\/div>\n<\/figcaption>\n<img class=\"SliceImages OrgImage11\">\n<\/figure>\n<\/div>\n\n<div class=\"item\">\n<figure>\n<figcaption class=\"text-overlay\">\n<div class=\"info\">\n<h4>Trinity College<\/h4>\n<\/div>\n<\/figcaption>\n<img class=\"SliceImages OrgImage12\">\n<\/figure>\n<\/div>\n\n<\/div>\n<\/div>\n<\/div>\n\n<\/div>\n<\/section>\n\n\r\n<div class=\"light-bg\">\n    <section id=\"customer-satisfaction\">\n    <div class=\"container inner-sm\">\n    <div class=\"row\">\n    <div class=\"col-md-10 col-sm-9 center-block text-center\">\n    <header>\n    <h2>Satisfa\u00e7\u00e3o Garantida<\/h2>\n    <p>\"Plagiarism Checker X foi criado tendo em mente as an\u00e1lises, avalia\u00e7\u00f5es e feedback t\u00e9cnico e funcional do mercado. A sua rapidez, precis\u00e3o e interface amiga do utilizador s\u00e3o garantia de clientes satisfeitos e leais.\"<\/p>\n    <div class=\"row\">\n    <div class=\"col-md-8 center-block text-center\">\n    <figure><img src=\"https:\/\/cdn.plagiarismcheckerx.com\/images\/credit-cards-2.png\" loading=\"lazy\" alt=\"Credit Cards\"> <\/figure>\n    <\/div><\/div>\n    <\/header>\n    <div>\n    <a href=\"..\/download-thank-you\" class=\"btn btn-large btn-gray\">DESCARGA GRATUITA<\/a>&nbsp;\n    <a href=\"..\/buy\" class=\"btn btn-large\">VERS\u00c3O PRO<\/a>\n    <\/div>\n    <\/div>\n    <\/div>\n    <\/div>\n    <\/section>\n\n\n    <\/div>\r\n\r\n\r\n\r\n<p><\/p>\r\n","protected":false},"excerpt":{"rendered":"<p>Detetor de Pl\u00e1gio para Professores Plagiarism Checker X \u00e9 uma verdadeira b\u00ean\u00e7\u00e3o para o professor, dada a economia de tempo representada pelas suas fun\u00e7\u00f5es de compara\u00e7\u00e3o em massa e pesquisa online. Agora \u00e9 f\u00e1cil detetar pl\u00e1gio em trabalhos, teses e artigos, em n\u00e3o mais que breves segundos. A pesquisa em massa traz consigo vantagens adicionais, [&hellip;]<\/p>\n","protected":false},"author":1,"featured_media":0,"parent":0,"menu_order":0,"comment_status":"closed","ping_status":"closed","template":"","meta":[],"_links":{"self":[{"href":"https:\/\/plagiarismcheckerx.com\/pt\/wp-json\/wp\/v2\/pages\/48"}],"collection":[{"href":"https:\/\/plagiarismcheckerx.com\/pt\/wp-json\/wp\/v2\/pages"}],"about":[{"href":"https:\/\/plagiarismcheckerx.com\/pt\/wp-json\/wp\/v2\/types\/page"}],"author":[{"embeddable":true,"href":"https:\/\/plagiarismcheckerx.com\/pt\/wp-json\/wp\/v2\/users\/1"}],"replies":[{"embeddable":true,"href":"https:\/\/plagiarismcheckerx.com\/pt\/wp-json\/wp\/v2\/comments?post=48"}],"version-history":[{"count":3,"href":"https:\/\/plagiarismcheckerx.com\/pt\/wp-json\/wp\/v2\/pages\/48\/revisions"}],"predecessor-version":[{"id":362,"href":"https:\/\/plagiarismcheckerx.com\/pt\/wp-json\/wp\/v2\/pages\/48\/revisions\/362"}],"wp:attachment":[{"href":"https:\/\/plagiarismcheckerx.com\/pt\/wp-json\/wp\/v2\/media?parent=48"}],"curies":[{"name":"wp","href":"https:\/\/api.w.org\/{rel}","templated":true}]}}