{"id":44,"date":"2020-11-25T09:32:45","date_gmt":"2020-11-25T09:32:45","guid":{"rendered":"https:\/\/plagiarismcheckerx.com\/wordpress\/es\/?page_id=44"},"modified":"2020-12-04T03:45:09","modified_gmt":"2020-12-04T03:45:09","slug":"plagiarism-checker-for-students","status":"publish","type":"page","link":"https:\/\/plagiarismcheckerx.com\/pt\/plagiarism-checker-for-students","title":{"rendered":"For Students"},"content":{"rendered":"\r\n<section id=\"services\">\r\n\r\n<div class=\"container inner-top-md\">\r\n\r\n<div class=\"row inner-bottom-sm\">\r\n\r\n<div class=\"col-md-4 col-md-offset-1\">\r\n<figure><img src=\"https:\/\/cdn.plagiarismcheckerx.com\/images\/students.jpg\" alt=\"\"><\/figure>\r\n<\/div>\r\n\r\n<div class=\"col-md-7\">\r\n\r\n<h1 class=\"text-center\">Detetor de Pl\u00e1gio para Estudantes<\/h1>\r\n\r\n<p>Plagiarism Checker X \u00e9 um dos detetores de pl\u00e1gio mais fi\u00e1veis e f\u00e1ceis de utilizar do mercado. Com a sua ajuda, o estudante pode detetar facilmente elementos n\u00e3o originais nos seus trabalhos e, resolvendo-os, conseguir melhores notas. Descarregue a nossa ferramenta hoje mesmo e desfrute de dete\u00e7\u00e3o de pl\u00e1gio online, em sites, e de recursos de an\u00e1lise de conte\u00fados em massa<\/p>\r\n\r\n<div align=\"center\">\r\n<a href=\"..\/download-thank-you\" class=\"btn btn-large btn-gray\">Free Download<\/a>\r\n<a href=\"..\/buy\" class=\"btn btn-large\">Buy PRO<\/a>\r\n<\/div>\r\n\r\n<\/div>\r\n\r\n<\/div>\r\n\r\n<\/div>\r\n\r\n<\/section>\r\n\r\n\r\n\r\n<section id=\"features\" class=\"light-bg\">\r\n\r\n<div class=\"container inner-xs\">\r\n\r\n<div class=\"row\">\r\n<div class=\"col-md-11 col-md-offset-1\">\r\n<header class=\"text-center\">\r\n<h2>Ajudamos o estudante<\/h2>\r\n<\/header>\r\n<p>Plagiarism Checker X \u00e9 uma verdadeira b\u00ean\u00e7\u00e3o para o estudante, que poder\u00e1 extrair grandes benef\u00edcios da utliza\u00e7\u00e3o deste detetor de pl\u00e1gio de topo. Um dos requisitos elementares para qualquer artigo ou trabalho acad\u00e9mico \u00e9 ser livre de infra\u00e7\u00f5es aos direitos de autor e de pl\u00e1gio.<\/p>\r\n<\/div>\r\n<\/div>\r\n\r\n<div class=\"row inner-top-sm col-md-offset-1\">\r\n\r\n<div class=\"col-sm-1\">\r\n<div class=\"icon pull-right\">\r\n<i class=\"icon-lamp icn lg\"><\/i>\r\n<\/div>\r\n<\/div>\r\n\r\n<div class=\"col-sm-5 inner-bottom-sm\">\r\n<h3>Vis\u00e3o geral<\/h3>\r\n<p class=\"text-small\">Uma solu\u00e7\u00e3o de baixo custo e grande velocidade e precis\u00e3o, comparada com as propostas da concorr\u00eancia. Adicionalmente, a nossa ferramenta n\u00e3o requer o carregamento remoto de qualquer dos documentos a verificar. Seguem-se algumas das caracter\u00edsticas mais destacadas de Plagiarism Checker X, bem ilustrativas da sua originalidade.<\/p>\r\n<\/div>\r\n\r\n<div class=\"col-sm-1\">\r\n<div class=\"icon pull-right\">\r\n<i class=\"icon-doc icn lg\"><\/i>\r\n<\/div>\r\n<\/div>\r\n\r\n<div class=\"col-sm-5 inner-bottom-sm\">\r\n<h3>Um produto, n\u00e3o um servi\u00e7o<\/h3>\r\n<p class=\"text-small\">Plagiarism Checker X \u00e9 umproduto, n\u00e3o um servi\u00e7o \u2014 n\u00e3o faturamos por documento analisado. Ali\u00e1s, os seus documentos est\u00e3o perfeitamente seguros com a nossa aplica\u00e7\u00e3o, dado que em circunst\u00e3ncia alguma ser\u00e3o enviados para os nossos servidores.<\/p>\r\n<\/div>\r\n\r\n<\/div>\r\n\r\n<div class=\"row inner-top-x col-md-offset-1\">\r\n\r\n<div class=\"col-sm-1\">\r\n<div class=\"icon pull-right\">\r\n<i class=\"icon-chart-pie icn lg\"><\/i>\r\n<\/div>\r\n<\/div>\r\n\r\n<div class=\"col-sm-5 inner-bottom-sm\">\r\n<h3>Relat\u00f3rios Abrangentes<\/h3>\r\n<p class=\"text-small\">Basta um clique para Plagiarism Checker X gerar relat\u00f3rios e estat\u00edsticas detalhadas em formato HTML ou DOCX. O programa permite efetuar uma an\u00e1lise aprofundada da qualidade do conte\u00fado e das fontes referenciadas, destacando as se\u00e7\u00f5es plagiadas. O utilizador pode igualmente guardar qualquer relat\u00f3rio localmente para o utilizar mais tarde.<\/p>\r\n<\/div>\r\n\r\n<div class=\"col-sm-1\">\r\n<div class=\"icon pull-right\">\r\n<i class=\"icon-gift icn lg\"><\/i>\r\n<\/div>\r\n<\/div>\r\n\r\n<div class=\"col-sm-5 inner-bottom-sm\">\r\n<h3>Dentro do seu or\u00e7amento<\/h3>\r\n<p class=\"text-small\">Sabemos que o estudante pode ser cuidadoso com as suas finan\u00e7as. \u00c9 por esse motivo quelhe oferecemos pacotes pro a pre\u00e7os francamente vantajosos, a par de uma vers\u00e3o gratuita para sempre. Pague uma vez e desfrute de uma licen\u00e7a vital\u00edcia. N\u00e3o aplicamos qualquer tipo de subscri\u00e7\u00e3o, n\u00e3o \u00e9 necess\u00e1rio pagar por an\u00e1lise efetuada ou documento pesquisado &#8211; apenas um pagamento modesto, uma \u00fanica vez.<\/p>\r\n<\/div>\r\n<\/div>\r\n\r\n<\/div>\r\n<\/section>\r\n\n    <section id=\"what-are-you-waiting-for\">\n    <div class=\"container inner-sm\">\n    <div class=\"row\">\n    <div class=\"col-md-10 col-sm-9 center-block text-center\">\n    <header>\n    <h2>De que est\u00e1 \u00e0 espera?<\/h2>\n    <\/header>\n    <p>Resumindo, esta ferramenta f\u00e1cil de usar pode ser uma ajuda preciosa na hora de evitar tanto as dificuldades de utliza\u00e7\u00e3o dos detetores de pl\u00e1gio online como penalidades acad\u00e9micas. Em algumas universidades, o aluno acusado de pl\u00e1gio v\u00ea-se for\u00e7ado a enfrentar penalidades extremas, como suspens\u00f5es, multas e at\u00e9 mesmo a expuls\u00e3o. Um trabalho em infra\u00e7\u00e3o aos direitos de autor pode conduzir a processos judiciais e toda uma s\u00e9rie de outros inconvenientes. Por estes motivos, \u00e9 muito importante pode contar com um detetor de pl\u00e1gio em que se possa confiar.<\/p>\n    <div class=\"row\">\n    <div class=\"col-md-8 center-block text-center\">\n    <figure><img src=\"https:\/\/cdn.plagiarismcheckerx.com\/images\/credit-cards-2.png\" loading=\"lazy\" alt=\"Credit Cards\"> <\/figure>\n    <\/div><\/div>\n    <div>\n    <a href=\"..\/download-thank-you\" class=\"btn btn-large btn-gray\">DESCARGA GRATUITA<\/a>&nbsp;\n    <a href=\"..\/buy\" class=\"btn btn-large\">VERS\u00c3O PRO<\/a>\n    <\/div>\n    <\/div>\n    <\/div>\n    <\/div>\n    <\/section>\n\n\n    \r\n\r\n\r\n\r\n<p><\/p>\r\n","protected":false},"excerpt":{"rendered":"<p>Detetor de Pl\u00e1gio para Estudantes Plagiarism Checker X \u00e9 um dos detetores de pl\u00e1gio mais fi\u00e1veis e f\u00e1ceis de utilizar do mercado. Com a sua ajuda, o estudante pode detetar facilmente elementos n\u00e3o originais nos seus trabalhos e, resolvendo-os, conseguir melhores notas. Descarregue a nossa ferramenta hoje mesmo e desfrute de dete\u00e7\u00e3o de pl\u00e1gio online, [&hellip;]<\/p>\n","protected":false},"author":1,"featured_media":0,"parent":0,"menu_order":0,"comment_status":"closed","ping_status":"closed","template":"","meta":[],"_links":{"self":[{"href":"https:\/\/plagiarismcheckerx.com\/pt\/wp-json\/wp\/v2\/pages\/44"}],"collection":[{"href":"https:\/\/plagiarismcheckerx.com\/pt\/wp-json\/wp\/v2\/pages"}],"about":[{"href":"https:\/\/plagiarismcheckerx.com\/pt\/wp-json\/wp\/v2\/types\/page"}],"author":[{"embeddable":true,"href":"https:\/\/plagiarismcheckerx.com\/pt\/wp-json\/wp\/v2\/users\/1"}],"replies":[{"embeddable":true,"href":"https:\/\/plagiarismcheckerx.com\/pt\/wp-json\/wp\/v2\/comments?post=44"}],"version-history":[{"count":3,"href":"https:\/\/plagiarismcheckerx.com\/pt\/wp-json\/wp\/v2\/pages\/44\/revisions"}],"predecessor-version":[{"id":360,"href":"https:\/\/plagiarismcheckerx.com\/pt\/wp-json\/wp\/v2\/pages\/44\/revisions\/360"}],"wp:attachment":[{"href":"https:\/\/plagiarismcheckerx.com\/pt\/wp-json\/wp\/v2\/media?parent=44"}],"curies":[{"name":"wp","href":"https:\/\/api.w.org\/{rel}","templated":true}]}}