{"id":30,"date":"2020-11-25T06:49:23","date_gmt":"2020-11-25T06:49:23","guid":{"rendered":"https:\/\/plagiarismcheckerx.com\/wordpress\/es\/?page_id=30"},"modified":"2021-01-16T08:29:18","modified_gmt":"2021-01-16T08:29:18","slug":"home","status":"publish","type":"page","link":"https:\/\/plagiarismcheckerx.com\/pt\/","title":{"rendered":"HOME"},"content":{"rendered":"<main>\r\n<section id=\"download\">\r\n<div class=\"container inner-xs\">\r\n<div class=\"row\">\r\n<div class=\"col-md-7 inner-xs text-center\"><br \/>\r\n<h1 align=\"center\">#1 Plagiat-Finder<\/h1>\r\n<p>Der PlagiarismChecker X hilft Ihnen dabei Plagiate in Ihren Forschungsarbeiten, Blog-Eintr\u00e4gen, Aufgaben und Webseiten zu identifizieren. Sie k\u00f6nnen nun den Inhalt Ihres Dokumentes innerhalb weniger Sekunden, ganz schnell und pr\u00e4zise abgleichen.<\/p>\r\n<a class=\"btn btn-large\" href=\"buy\">GET STARTED<\/a> \u00a0\r\n<p class=\"text-center\"><img src=\"https:\/\/cdn.plagiarismcheckerx.com\/images\/windows-10-logo.png\" alt=\"plagairism checker windows 10, 8, 7\" height=\"32px\" \/> <small>Compatible with Windows 10, 8, 7, and Vista.<\/small><\/p>\r\n<\/div>\r\n<div class=\"col-md-5\"><br \/><img src=\"https:\/\/cdn.plagiarismcheckerx.com\/images\/header-banner-blue.jpg\" alt=\"plagairism checker free\" height=\"395px\" \/><\/div>\r\n<\/div>\r\n<\/div>\r\n<\/section>\r\n<section id=\"standard-tabs-side\" class=\"border-top light-bg\">\r\n<div class=\"container inner-top-md inner-bottom-sm\">\r\n<div class=\"row\">\r\n<div class=\"col-xs-12\">\r\n<div class=\"tabs tabs-circle-top tab-container text-center\">\r\n<ul class=\"etabs\">\r\n<li class=\"tab\"><a href=\"#tab-1\">Studenten<\/a><\/li>\r\n<li class=\"tab\"><a href=\"#tab-2\">Lehrer<\/a><\/li>\r\n<li class=\"tab\"><a href=\"#tab-3\">Writers &amp; Journalists<\/a><\/li>\r\n<li class=\"tab\"><a href=\"#tab-4\">Schriftsteller &amp; Journalisten<\/a><\/li>\r\n<li class=\"tab\"><a href=\"#tab-5\">Auszeichnungen<\/a><\/li>\r\n<\/ul>\r\n<div class=\"panel-container\">\r\n<div id=\"tab-1\" class=\"tab-content\">\r\n<div class=\"row\">\r\n<div class=\"col-md-4 col-md-offset-1\">\r\n<figure><img style=\"filter: grayscale(100);\" src=\"https:\/\/cdn.plagiarismcheckerx.com\/images\/students.jpg\" alt=\"Similarity Scanner for Students\" \/><\/figure>\r\n<\/div>\r\n<div class=\"col-md-5 text-left\">\r\n<h2>Studenten<\/h2>\r\n<p>Der PlagiarismChecker X hilft Studenten dabei den Inhalt ihrer Aufgaben und Arbeiten auf Duplikate zu \u00fcberpr\u00fcfen. Sie k\u00f6nnen Plagiate ganz einfach \u00fcberpr\u00fcfen und die urspr\u00fcngliche Quelle, korrekte Zitate und schlie\u00dflich auch bessere Noten erzielen. <br \/><a class=\"btn btn-green\" href=\"plagiarism-checker-for-students\">Know More!<\/a><\/p>\r\n<\/div>\r\n<\/div>\r\n<\/div>\r\n<div id=\"tab-2\" class=\"tab-content\">\r\n<div class=\"row\">\r\n<div class=\"col-md-4 col-md-offset-1\">\r\n<figure><img style=\"filter: grayscale(100);\" src=\"https:\/\/cdn.plagiarismcheckerx.com\/images\/teachers.jpg\" alt=\"Similarity Scanner for Teachers\" \/><\/figure>\r\n<\/div>\r\n<div class=\"col-md-5 text-left\">\r\n<h2>Lehrer<\/h2>\r\n<p>Als Lehrer haben Sie die M\u00f6glichkeit den PlagiarismChecker X f\u00fcr Ihre eigenen Forschungsarbeiten und Aufgaben zu verwenden. Die Funktion Bull Search erm\u00f6glicht Ihnen eine ganze Reihe an Dokumenten mit nur einem Klick zu \u00fcberpr\u00fcfen. Au\u00dferdem k\u00f6nnen Sie in Dokumenten und ver\u00f6ffentlichtem Inhalt Plagiate identifizieren. <br \/><a class=\"btn btn-green\" href=\"plagiarism-checker-for-teachers\">Know More!<\/a><\/p>\r\n<\/div>\r\n<\/div>\r\n<\/div>\r\n<div id=\"tab-3\" class=\"tab-content\">\r\n<div class=\"row\">\r\n<div class=\"col-md-4 col-md-offset-1\">\r\n<figure><img style=\"filter: grayscale(100);\" src=\"https:\/\/cdn.plagiarismcheckerx.com\/images\/publishers.jpg\" alt=\"Similarity Scanner for Publishers\" \/><\/figure>\r\n<\/div>\r\n<div class=\"col-md-5 text-left\">\r\n<h2>Writers &amp; Journalists<\/h2>\r\n<p>For online publishers such as writers &amp; journalists, unique content is very important. Your main challenge is producing or obtaining original content. Whether you\u2019re a blog owner or a professional content writer, Plagiarism Checker X can help you avoid potential contnet similarity. <br \/><a class=\"btn btn-green\" href=\"plagiarism-checker-for-publishers\">Know More!<\/a><\/p>\r\n<\/div>\r\n<\/div>\r\n<\/div>\r\n<div id=\"tab-4\" class=\"tab-content\">\r\n<div class=\"row\">\r\n<div class=\"col-md-10 text-center center-block\">\r\n<h2>Schriftsteller &amp; Journalisten<\/h2>\r\n<p>F\u00fcr online Herausgeber wie Schriftsteller und Journalisten ist ein einzigartiger Inhalt von gr\u00f6\u00dfter Bedeutung. Ihre wichtigste Herausforderung besteht darin einen Originalinhalt zu schaffen und zu erhalten. Egal, ob Sie einen Blog betreiben oder professionell Inhalte schreiben, der PlagiarismChecker X hilft Ihnen dabei Plagiate zu vermeiden. <br \/><\/p>\r\n<\/div>\r\n<\/div>\r\n<div id=\"tab-5\" class=\"tab-content\">\r\n<div class=\"row\">\r\n<div class=\"col-md-4 col-md-offset-1\">\r\n<figure><img style=\"filter: grayscale(100);\" src=\"https:\/\/cdn.plagiarismcheckerx.com\/images\/awards.jpg\" alt=\"Similarity Detector for SEO Experts\" \/><\/figure>\r\n<\/div>\r\n<div class=\"col-md-5 text-left\">\r\n<h2>Auszeichnungen &amp; Zertifizierungen<\/h2>\r\n<p>Der PlagiarismChecker X ist eine preisgekr\u00f6nte Software. Selbstverst\u00e4ndlich m\u00f6gen wir es nicht anzugeben, aber teilen gl\u00fccklicherweise unsere Erfolge und weltweite Anerkennung. Die positiven Bewertungen, die wir von zahlreichen, unabh\u00e4ngigen branchenspezifischen Organisationen und Pr\u00fcfstellen erhalten haben, sind erg\u00e4nzend.<\/p>\r\n<\/div>\r\n<\/div>\r\n<\/div>\r\n<\/div>\r\n<\/div>\r\n<\/div>\r\n<\/div>\r\n<\/div>\r\n<\/section>\r\n<section id=\"features\">\r\n<div class=\"container inner-sm\">\r\n<div class=\"row\">\r\n<div class=\"col-md-10 col-sm-9 center-block text-center\">\r\n<h2>Eigenschaften des Plagiat-Finder<\/h2>\r\n<p>Die folgenden Punkte liefern Ihnen Gr\u00fcnde, weshalb Sie dieses Produkt verwenden sollten. Diese Punkte sind ebenfalls wettbewerbsf\u00e4hige Leistungsmerkmale, die dem Produkt einen Vorteil gegen\u00fcber alternativen L\u00f6sungen bieten.<\/p>\r\n<\/div>\r\n<\/div>\r\n<div class=\"row text-center inner-top-xs inner-bottom-xs\">\r\n<div class=\"col-sm-4\">\r\n<h3>Verbesserte Kompatibilit\u00e4t<\/h3>\r\n<p class=\"text-small\">Der PlagiarismChecker X untersucht die g\u00e4ngigsten Dateiformate wie .doc, .docx, .rtf, .pdf und Klartext. Au\u00dferdem ist er kompatibel mit den Betriebssystemen Windows 10, 8, 7 und Vista.<\/p>\r\n<\/div>\r\n<div class=\"col-sm-4\">\r\n<h3>Erh\u00e4ltlich in 7 Sprachen<\/h3>\r\n<p class=\"text-small\">Nie mehr Sprachbarrieren f\u00fcr internationale Benutzer: der PlagiarismChecker X ist nun in Englisch, Spanisch, Franz\u00f6sisch, Deutsch, Italienisch, Niederl\u00e4ndisch und Portugiesisch erh\u00e4ltlich.<\/p>\r\n<\/div>\r\n<div class=\"col-sm-4\">\r\n<h3>In mehr als 80 L\u00e4ndern verwendet<\/h3>\r\n<p class=\"text-small\">Menschen aus mehr als 80 L\u00e4ndern genie\u00dfen die Vorteile des PlariarismChecker X. Unsere Kunden befinden sich in den USA, Kanada, Indonesien, Deutschland, Indien, Malaysia und vielen weiteren L\u00e4ndern.<\/p>\r\n<\/div>\r\n<\/div>\r\n<div class=\"row inner-top-xs\">\r\n<div class=\"col-sm-1 col-md-offset-1\">\r\n<div class=\"icon pull-right\">\u00a0<\/div>\r\n<\/div>\r\n<div class=\"col-sm-4 inner-bottom-sm\">\r\n<h3>Online Plagiat-Erkennung<\/h3>\r\n<p class=\"text-small\">Der PlagiarismChecker X hilft Stunden, Lehrern und Fachleuten dabei Ihre Dokumente schnell und pr\u00e4zise auf Plagiate zu \u00fcberpr\u00fcfen.<\/p>\r\n<\/div>\r\n<div class=\"col-sm-1\">\r\n<div class=\"icon pull-right\">\u00a0<\/div>\r\n<\/div>\r\n<div class=\"col-sm-4 inner-bottom-sm\">\r\n<h3>Direkter Vergleich (Seite f\u00fcr Seite)<\/h3>\r\n<p class=\"text-small\">Sie k\u00f6nnen Seite f\u00fcr Seite zwei Dokumente auf \u00c4hnlichkeiten hin untersuchen. Diese Funktion markiert Ihnen alle Duplikate sowohl im urspr\u00fcnglichen als auch im alternativen Inhalt.<\/p>\r\n<\/div>\r\n<\/div>\r\n<div class=\"row\">\r\n<div class=\"col-sm-1 col-md-offset-1\">\r\n<div class=\"icon pull-right\">\u00a0<\/div>\r\n<\/div>\r\n<div class=\"col-sm-4 inner-bottom-sm\">\r\n<h3>Bulk Search<\/h3>\r\n<p class=\"text-small\">Lehrer m\u00fcssen mehrfach Aufgaben \u00fcberpr\u00fcfen, was wirklich sehr zeitaufw\u00e4ndig und umst\u00e4ndlich ist. Mit der Funktion Bull Search k\u00f6nnen Sie eine ganze Reihe an Aufgaben mit nur einem Klick scannen.<\/p>\r\n<\/div>\r\n<div class=\"col-sm-1\">\r\n<div class=\"icon pull-right\">\u00a0<\/div>\r\n<\/div>\r\n<div class=\"col-sm-4 inner-bottom-sm\">\r\n<h3>Blog-\/Webseitenpr\u00fcfung<\/h3>\r\n<p class=\"text-small\">Autoren von Webinhalten, Blogger und Herausgeber verwenden den PlagiarismChecker X zur Qualit\u00e4tsanalyse Ihres online Inhaltes, um Strafen durch die Suchmaschinen zu vermeiden.<\/p>\r\n<\/div>\r\n<\/div>\r\n<div class=\"row\">\r\n<div class=\"col-sm-1 col-md-offset-1\">\r\n<div class=\"icon pull-right\">\u00a0<\/div>\r\n<\/div>\r\n<div class=\"col-sm-4\">\r\n<h3>Keyword Analysenfunktion<\/h3>\r\n<p class=\"text-small\">Wenn Sie ein SEO-Experte sind kennen Sie die Bedeutung von Keywords. Mit diesem Tool k\u00f6nnen Sie nun Keywords anhand ihres Vorkommens und Dichteverh\u00e4ltnisses extrahieren.<\/p>\r\n<\/div>\r\n<div class=\"col-sm-1\">\r\n<div class=\"icon pull-right\">\u00a0<\/div>\r\n<\/div>\r\n<div class=\"col-sm-4\">\r\n<h3>Umfassende Berichte<\/h3>\r\n<p class=\"text-small\">Detaillierte und umfangreiche Word\/PDF Berichte sind das Markenzeichen der PlagiarismChecker X Software. Die Berichte sind farblich markiert und weisen auf den Grad des Plagiats hin.<\/p>\r\n<\/div>\r\n<\/div>\r\n<\/div>\r\n<\/section>\r\n<div class=\"light-bg\">\n\n<section id=\"clients\">\n<div class=\"container inner-sm\">\n\n<div class=\"row\">\n<div class=\"col-md-8 col-sm-9 center-block text-center\">\n<header>\n<h2>Utilizado por Institutos L\u00edderes<\/h2>\n<p>Valorizamos as experi\u00eancias dos nossos clientes. A velocidade, precis\u00e3o, e facilidade de utiliza\u00e7\u00e3o da interface fez com que os nossos clientes ficassem satisfeitos e com que se tornassem fieis.<\/p>\n<\/header>\n<\/div>\n<\/div>\n\n<div class=\"row inner-top-xs\">\n<div class=\"col-sm-12\">\n<div id=\"owl-clients\" class=\"owl-carousel owl-outer-nav\">\n\n<div class=\"item\">\n<figure>\n<figcaption class=\"text-overlay\">\n<div class=\"info\">\n<h4>IEEE<\/h4>\n<\/div>\n<\/figcaption>\n<img class=\"SliceImages OrgImage1\">\n<\/figure>\n<\/div>\n\n<div class=\"item\">\n<figure>\n<figcaption class=\"text-overlay\">\n<div class=\"info\">\n<h4>American University of Science And Technology<\/h4>\n<\/div>\n<\/figcaption>\n<img class=\"SliceImages OrgImage2\">\n<\/figure>\n<\/div>\n\n<div class=\"item\">\n<figure>\n<figcaption class=\"text-overlay\">\n<div class=\"info\">\n<h4>Remington College<\/h4>\n<\/div>\n<\/figcaption>\n<img class=\"SliceImages OrgImage3\">\n<\/figure>\n<\/div>\n\n<div class=\"item\">\n<figure>\n<figcaption class=\"text-overlay\">\n<div class=\"info\">\n<h4>JM Field Marketing<\/h4>\n<\/div>\n<\/figcaption>\n<img class=\"SliceImages OrgImage4\">\n<\/figure>\n<\/div>\n\n<div class=\"item\">\n<figure>\n<figcaption class=\"text-overlay\">\n<div class=\"info\">\n<h4>University of Maribor<\/h4>\n<\/div>\n<\/figcaption>\n<img class=\"SliceImages OrgImage5\">\n<\/figure>\n<\/div>\n\n<div class=\"item\">\n<figure>\n<figcaption class=\"text-overlay\">\n<div class=\"info\">\n<h4>Great American Cookies<\/h4>\n<\/div>\n<\/figcaption>\n<img class=\"SliceImages OrgImage6\">\n<\/figure>\n<\/div>\n\n<div class=\"item\">\n<figure>\n<figcaption class=\"text-overlay\">\n<div class=\"info\">\n<h4>Ohio University<\/h4>\n<\/div>\n<\/figcaption>\n<img class=\"SliceImages OrgImage7\">\n<\/figure>\n<\/div>\n\n<div class=\"item\">\n<figure>\n<figcaption class=\"text-overlay\">\n<div class=\"info\">\n<h4>University Of Massachusetts Boston<\/h4>\n<\/div>\n<\/figcaption>\n<img class=\"SliceImages OrgImage8\">\n<\/figure>\n<\/div>\n\n<div class=\"item\">\n<figure>\n<figcaption class=\"text-overlay\">\n<div class=\"info\">\n<h4>Labournet Services India<\/h4>\n<\/div>\n<\/figcaption>\n<img class=\"SliceImages OrgImage9\">\n<\/figure>\n<\/div>\n\n<div class=\"item\">\n<figure>\n<figcaption class=\"text-overlay\">\n<div class=\"info\">\n<h4>King Saud University<\/h4>\n<\/div>\n<\/figcaption>\n<img class=\"SliceImages OrgImage10\">\n<\/figure>\n<\/div>\n\n<div class=\"item\">\n<figure>\n<figcaption class=\"text-overlay\">\n<div class=\"info\">\n<h4>Delta-State-University-Abraka<\/h4>\n<\/div>\n<\/figcaption>\n<img class=\"SliceImages OrgImage11\">\n<\/figure>\n<\/div>\n\n<div class=\"item\">\n<figure>\n<figcaption class=\"text-overlay\">\n<div class=\"info\">\n<h4>Trinity College<\/h4>\n<\/div>\n<\/figcaption>\n<img class=\"SliceImages OrgImage12\">\n<\/figure>\n<\/div>\n\n<\/div>\n<\/div>\n<\/div>\n\n<\/div>\n<\/section>\n\n<\/div>\r\n\n\n<section id=\"your-data-is-safe\">\n<div class=\"container inner-sm\">\n<div class=\"row\">\n<div class=\"col-md-10 col-sm-9 center-block text-center\">\n<header>\n<h2>Os teus Dados est\u00e3o Seguros no teu Dispositivo, N\u00e3o tens que os Carregar<\/h2>\n<p>\"Como utilizador, n\u00e3o \u00e9s obrigado a carregar os teus trabalhos e conte\u00fado na nossa base de dados; em vez disso, os ficheiros mant\u00eam-se contigo. Esta ferramenta faz do Detector de Pl\u00e1gio X consideravelmente diferente do resto dos fornecedores deste tipo de servi\u00e7o. Portanto, despacha-te! Obt\u00e9m uma c\u00f3pia aqui!\".<\/p>\n<div class=\"row\">\n<div class=\"col-md-8 center-block text-center\">\n<figure><img src=\"https:\/\/cdn.plagiarismcheckerx.com\/images\/credit-cards-2.png\" alt=\"Credit Cards\"> <\/figure>\n<\/div><\/div>\n<\/header>\n<div>\n<a href=\"..\/download-thank-you\" class=\"btn btn-large\">DESCARGA GRATUITA<\/a> \n<a href=\"..\/buy\" class=\"btn btn-large\">VERS\u00c3O PRO<\/a>\n<\/div>\n<\/div>\n<\/div>\n<\/div>\n<\/section>\n\n<\/main>","protected":false},"excerpt":{"rendered":"<p>#1 Plagiat-Finder Der PlagiarismChecker X hilft Ihnen dabei Plagiate in Ihren Forschungsarbeiten, Blog-Eintr\u00e4gen, Aufgaben und Webseiten zu identifizieren. Sie k\u00f6nnen nun den Inhalt Ihres Dokumentes innerhalb weniger Sekunden, ganz schnell und pr\u00e4zise abgleichen. GET STARTED \u00a0 Compatible with Windows 10, 8, 7, and Vista. Studenten Lehrer Writers &amp; Journalists Schriftsteller &amp; Journalisten Auszeichnungen Studenten Der [&hellip;]<\/p>\n","protected":false},"author":1,"featured_media":0,"parent":0,"menu_order":0,"comment_status":"closed","ping_status":"closed","template":"","meta":[],"_links":{"self":[{"href":"https:\/\/plagiarismcheckerx.com\/pt\/wp-json\/wp\/v2\/pages\/30"}],"collection":[{"href":"https:\/\/plagiarismcheckerx.com\/pt\/wp-json\/wp\/v2\/pages"}],"about":[{"href":"https:\/\/plagiarismcheckerx.com\/pt\/wp-json\/wp\/v2\/types\/page"}],"author":[{"embeddable":true,"href":"https:\/\/plagiarismcheckerx.com\/pt\/wp-json\/wp\/v2\/users\/1"}],"replies":[{"embeddable":true,"href":"https:\/\/plagiarismcheckerx.com\/pt\/wp-json\/wp\/v2\/comments?post=30"}],"version-history":[{"count":7,"href":"https:\/\/plagiarismcheckerx.com\/pt\/wp-json\/wp\/v2\/pages\/30\/revisions"}],"predecessor-version":[{"id":382,"href":"https:\/\/plagiarismcheckerx.com\/pt\/wp-json\/wp\/v2\/pages\/30\/revisions\/382"}],"wp:attachment":[{"href":"https:\/\/plagiarismcheckerx.com\/pt\/wp-json\/wp\/v2\/media?parent=30"}],"curies":[{"name":"wp","href":"https:\/\/api.w.org\/{rel}","templated":true}]}}