{"id":298,"date":"2020-11-28T15:57:59","date_gmt":"2020-11-28T15:57:59","guid":{"rendered":"https:\/\/plagiarismcheckerx.com\/wordpress\/es\/?page_id=298"},"modified":"2020-12-08T12:23:44","modified_gmt":"2020-12-08T12:23:44","slug":"faqs","status":"publish","type":"page","link":"https:\/\/plagiarismcheckerx.com\/pt\/faqs","title":{"rendered":"Faqs"},"content":{"rendered":"\r\n\r\n<section id=\"faqs\">\r\n<div class=\"container\">\r\n<div class=\"row\">\r\n<div class=\"col-md-9 inner-sm center-block\">\r\n<h1>Perguntas Frequentes<\/h1>\r\n<p>Encontrar\u00e1 aqui as respostas \u00e0s quest\u00f5es mais frequentes dos nossos utilizadores.<br \/><\/p>\r\n\r\n<h3>O que \u00e9 o Plagiarism Checker X?<\/h3>\r\n<p>Plagiarism Checker X \u00e9 uma avan\u00e7ada aplica\u00e7\u00e3o de dete\u00e7\u00e3o de pl\u00e1gio, criada para ajudar os seus utiilzadores a identificar os n\u00edveis de pl\u00e1gio presentes nos seus conte\u00fados. Agora tr\u00eas vezes mais r\u00e1pida e precisa, a nossa aplica\u00e7\u00e3o para PC tem vindo a criar uma base s\u00f3lida de clientes satisfeitos nos \u00faltimos tr\u00eas anos.<br \/><br \/><\/p>\r\n<h3>Em que consiste a dete\u00e7\u00e3o de pl\u00e1gio online?<\/h3>\r\n<p>A verifica\u00e7\u00e3o de pl\u00e1gio online \u00e9 uma das funcionalidades de Plgiarism Checker X, que permite ao utilizador verificar a originalidade dos seus conte\u00fados face a 16 mil milh\u00f5es de p\u00e1ginas publicadas. \u00datil para ajudar estudantes, investigadores e criadores de conte\u00fados a evitar infra\u00e7\u00f5es a direitos de autor.<br \/><br \/><\/p>\r\n<h3>Em que consiste a compara\u00e7\u00e3o lado a lado?<\/h3>\r\n<p>A compara\u00e7\u00e3o lado a lado \u00e9 outra das funcionalidades de Plagiarism Checker X, que permite ao utilizador comparar conte\u00fados em das janelas lado a lado e localizar partes copiadas sem esfor\u00e7o.<br \/><br \/><\/p>\r\n<h3>Em que consiste a compara\u00e7\u00e3o cruzada em massa?<\/h3>\r\n<p>A compara\u00e7\u00e3o cruzada em massa \u00e9 mais uma das funcionalidades do Plagiarism Checker X, extremamente \u00fatil, dado que permite ao utilizador comparar lotes de m\u00faltiplos documentos para determinar a sua originalidade dentro de um ou mais reposit\u00f3rios.<br \/><br \/><\/p>\r\n<h3>Guardam os meus trabalhos\/conte\u00fados nos vossos sistemas?<\/h3>\r\n<p>Definitivamente, n\u00e3o. Plagiarism Checker X \u00e9 muito diferente de outros detetores de pl\u00e1gio online, que requerem que carregue os seus trabalhos nos seus servidores. Basta copiar e colar o seu conte\u00fado na aplica\u00e7\u00e3o para analisar a sua autenticidade, face a 16 mil milh\u00f5es de p\u00e1ginas publicadas online. Os documentos carregados na aplica\u00e7\u00e3o s\u00e3o apenas usados na pesquisa em apre\u00e7o, permanecendo armazenados no seu computador. Plagiarism Checker X observa com o maior rigor a privacidade e seguran\u00e7a dos seus dados, dado que fazemos quest\u00e3o de seguir o nosso princ\u00edpio de em circunst\u00e2ncia alguma copiar, armazenar ou vender o conte\u00fado de qualquer dos nossos clientes.<br \/><br \/><\/p>\r\n<h3>A aplica\u00e7\u00e3o tamb\u00e9m efetua verifica\u00e7\u00f5es gramaticais?<\/h3>\r\n<p>De momento, os nossos servi\u00e7os encontram-se exclusivamente focados na dete\u00e7\u00e3o de pl\u00e1gio. Plagiarism Checker X ajuda-o a escrever e submeter artigos, trabalhos e outros conte\u00fados com um m\u00e1ximo de originalidade.<br \/><br \/><\/p>\r\n<h3>Posso usar Plagiarism Checker GRATUITAMENTE?<\/h3>\r\n<p>Sim, \u00e9 poss\u00edvel instalar e utilizar a vers\u00e3o b\u00e1sica do nosso programa, GRATUITAMENTE. No entanto, para desfrutar de todas as suas funcionalidades e vantagens reservada a utilizadores premium, recomendamos a atualiza\u00e7\u00e3o para a edi\u00e7\u00e3o premium (PRO).<br \/><br \/><\/p>\r\n<h3>Quantas dete\u00e7\u00f5es de pl\u00e1gio posso fazer?<\/h3>\r\n<p>N\u00e3o existe qualquer limite de utiliza\u00e7\u00e3o na vers\u00e3o premium de Plagiarism Checker X. Por outro lado, a vers\u00e3o gratuita poder\u00e1 apresentar algumas limita\u00e7\u00f5es neste aspeto, em adi\u00e7\u00e3o a n\u00e3o possuir todas as funcionalidades desbloqueadas. Para mais informa\u00e7\u00f5es, por favor, consulte os nossos planos de subscri\u00e7\u00e3o.<br \/><br \/><\/p>\r\n<h3>O Plagiarism Checker X consegue analisar documentos grandes ou conjuntos de v\u00e1rios documentos?<\/h3>\r\n<p>Sim, de todo. Ao contr\u00e1rio de outros detetores de pl\u00e1gio no mercado, o Plagiarism Checker X n\u00e3o imp\u00f5e qualquer limite ao n\u00famero de documentos ou quantidade de palavras a analisar. Seja uma simples verifica\u00e7\u00e3o online ou um trabalho em massa, poder\u00e1 sempre verificar grandes quantidades de p\u00e1ginas e palavras de uma s\u00f3 vez. Dito isto, se efetuar o carregamento simult\u00e2neo de enormes quantidades de informa\u00e7\u00e3o, poder\u00e1 acontecer o tempo de processamento ver-se aumentado. Por este motivo, aconselhamos a verifica\u00e7\u00e3o de trabalhos muito grandes em sec\u00e7\u00f5es ou partes.<br \/><br \/><\/p>\r\n<h3>Que formatos de ficheiro s\u00e3o suportados pelo Plagiarism Checker X?<\/h3>\r\n<p>O Plagiarism Checker X \u00e9 uma ferramenta muito completa, compat\u00edvel com uma vasta gama de formatos de ficheiro. Permite o carregamento de todos os ficheiros baseados em texto, incluindo documentos Word e PDF, entre muitos outros.<br \/><br \/><\/p>\r\n<h3>O Plagiarism Checker X est\u00e1 dispon\u00edvel em qualquer l\u00edngua?<\/h3>\r\n<p>Atualmente, Plagiarism Checker X est\u00e1 dispon\u00edvel, com suporte completo, em ingl\u00eas, espanhol, franc\u00eas, alem\u00e3o, italiano, holand\u00eas e portugu\u00eas. Em breve ser\u00e3o adicionados novos idiomas.<br \/><br \/><\/p>\r\n<h3>Como posso mudar o idioma da interface de ingl\u00eas para qualquer outro?<\/h3>\r\n<p>Basta clicar na op\u00e7\u00e3o de sele\u00e7\u00e3o de idioma (no canto superior direito do ecr\u00e3 do programa) e escolher aquele em que deseja trabalhar. De momento, Plagiarism Checker X possui suporte completo para ingl\u00eas, espanhol, franc\u00eas, alem\u00e3o, italiano, holand\u00eas e portugu\u00eas.<br \/><br \/><\/p>\r\n<h3>O que representam as v\u00e1rias cores mostradas pelo Plagiarism Checker X?<\/h3>\r\n<p>Plagiarism Checker X utiliza tr\u00eas cores para distinguir diferentes n\u00edveis de pl\u00e1gio detetados. A cor azul representa um n\u00edvel de pl\u00e1gio reduzido, entre 0 e 19%. A cor verde representa um n\u00edvel interm\u00e9dio, de 20 a 39%. A cor vermelha representa a presen\u00e7a de elevado n\u00edvel de pl\u00e1gio, com uma quantidade de conte\u00fado copiado de 40% ou superior.<br \/><br \/><\/p>\r\n<h3>Qual \u00e9 o limite de palavras para despoletar correspond\u00eancia implementado no Plagiarism Checker X? Pode ser Ajustado?<\/h3>\r\n<p>O limite de palavras id\u00eanticas para despoletar uma correspond\u00eancia \u00e9 de tr\u00eas palavras consecutivas. E sim, este valor pode ser ajustado, de acordo com as suas prefer\u00eancias pessoais, no separador das op\u00e7\u00f5es da aplica\u00e7\u00e3o.<br \/><br \/><\/p>\r\n<h3>Como posso comprar\/subscrever a vers\u00e3o premium de Plagiarism Checker X?<\/h3>\r\n<p>No nosso site, selecione a p\u00e1gina do pre~\u00e1rio ou de op\u00e7\u00f5es de compra. A\u00ed, escolha o plano que melhor se adapta \u00e0s suas necessidades, ou seja, se individual, se de neg\u00f3cio. Ser\u00e1 ent\u00e3o direcionado para uma p\u00e1gina segura, onde poder\u00e1 concluir a compra, ap\u00f3s adicionar as informa\u00e7\u00f5es de fatura\u00e7\u00e3o relevantes. Temos ao seu dispor mais de 15 formas de pagamento, incluindo PayPal, Visa, MasterCard, Eurocard e American Express.<br \/><br \/><\/p>\r\n<h3>Os dados do meu cart\u00e3o de cr\u00e9dito est\u00e3o seguros?<\/h3>\r\n<p>Sim, definitivamente. Plagiarism Checker X utiliza os melhores servi\u00e7os de encripta\u00e7\u00e3o e processamento de pagamentos dispon\u00edveis em todas as transa\u00e7\u00f5es. Em alternativa, tamb\u00e9m pode utilizar PayPal.<br \/><br \/><\/p>\r\n<h3>N\u00e3o tenho cart\u00e3o de cr\u00e9dito nem conta PayPal. Como posso comprar\/assinar Plagiarism Checker X?<\/h3>\r\n<p>N\u00e3o se preocupe. Pode comprar\/assinar Plagiarism Checker X atrav\u00e9s de transfer\u00eancia banc\u00e1ria ou pagamento por fax. Os detalhes de ambas as op\u00e7\u00f5es de pagamento s\u00e3o fornecidos aquando da coloca\u00e7\u00e3o da encomenda.<br \/><br \/><\/p>\r\n<h3>Encomendei Plagiarism Checker X. Quando irei receber o meu produto?<\/h3>\r\n<p>De imediato. Assim que a sua encomenda for confirmada, a Plagiarism Checker X, LLC ir\u00e1 enviar-lhe um e-mail a acusar a rece\u00e7\u00e3o do pagamento, juntamente com um link para descarga e a chave de registo.<br \/><br \/><\/p>\r\n<h3>Ainda n\u00e3o recebi nenhum e-mail da Plagiarism Checker X em rela\u00e7\u00e3o \u00e0 minha encomenda?<\/h3>\r\n<p>Por favor, atualize a p\u00e1gina da sua caixa de e-mail no seu navegador ou verifique a sua pasta de spam. Se j\u00e1 fez isto, mas ainda n\u00e3o tiver recebido qualquer e-mail relativo \u00e0 sua encomenda, por favor, contacte a nossa equipa de apoio a cliente<br \/><br \/><\/p>\r\n<h3>A Plagiarism Checker X tem alguma oferta especial para organiza\u00e7\u00f5es sem fins lucrativos?<\/h3>\r\n<p>Claro que sim! Oferecemos um desconto fixo de 20% a todas as entidades sem fins lucrativos. Para usufruir deste desconto, basta contactar-nos com a prova do seu estatuto de entidade sem fins lucrativos.<br \/><br \/><\/p>\r\n<h3>A Plagiarism Checker X oferece descontos de volume?<\/h3>\r\n<p>Sim, oferecemos. Se planeia adquirir 20 licen\u00e7as ou mais, por favor, contacte a nossa equipa de apoio em <a href=\"https:\/\/plagiarismcheckerx.com\/contact\">https:\/\/plagiarismcheckerx.com\/contact<\/a><br \/><br \/><\/p>\r\n\r\n<\/div>\r\n<\/div>\r\n<\/div>\r\n<\/section>\r\n\r\n","protected":false},"excerpt":{"rendered":"<p>Perguntas Frequentes Encontrar\u00e1 aqui as respostas \u00e0s quest\u00f5es mais frequentes dos nossos utilizadores. O que \u00e9 o Plagiarism Checker X? Plagiarism Checker X \u00e9 uma avan\u00e7ada aplica\u00e7\u00e3o de dete\u00e7\u00e3o de pl\u00e1gio, criada para ajudar os seus utiilzadores a identificar os n\u00edveis de pl\u00e1gio presentes nos seus conte\u00fados. Agora tr\u00eas vezes mais r\u00e1pida e precisa, a [&hellip;]<\/p>\n","protected":false},"author":1,"featured_media":0,"parent":0,"menu_order":0,"comment_status":"closed","ping_status":"closed","template":"","meta":[],"_links":{"self":[{"href":"https:\/\/plagiarismcheckerx.com\/pt\/wp-json\/wp\/v2\/pages\/298"}],"collection":[{"href":"https:\/\/plagiarismcheckerx.com\/pt\/wp-json\/wp\/v2\/pages"}],"about":[{"href":"https:\/\/plagiarismcheckerx.com\/pt\/wp-json\/wp\/v2\/types\/page"}],"author":[{"embeddable":true,"href":"https:\/\/plagiarismcheckerx.com\/pt\/wp-json\/wp\/v2\/users\/1"}],"replies":[{"embeddable":true,"href":"https:\/\/plagiarismcheckerx.com\/pt\/wp-json\/wp\/v2\/comments?post=298"}],"version-history":[{"count":3,"href":"https:\/\/plagiarismcheckerx.com\/pt\/wp-json\/wp\/v2\/pages\/298\/revisions"}],"predecessor-version":[{"id":374,"href":"https:\/\/plagiarismcheckerx.com\/pt\/wp-json\/wp\/v2\/pages\/298\/revisions\/374"}],"wp:attachment":[{"href":"https:\/\/plagiarismcheckerx.com\/pt\/wp-json\/wp\/v2\/media?parent=298"}],"curies":[{"name":"wp","href":"https:\/\/api.w.org\/{rel}","templated":true}]}}