{"id":227,"date":"2020-11-27T18:24:56","date_gmt":"2020-11-27T18:24:56","guid":{"rendered":"https:\/\/plagiarismcheckerx.com\/wordpress\/es\/?page_id=227"},"modified":"2020-12-04T16:57:00","modified_gmt":"2020-12-04T16:57:00","slug":"contact","status":"publish","type":"page","link":"https:\/\/plagiarismcheckerx.com\/pt\/contact","title":{"rendered":"Contact"},"content":{"rendered":"<p><main><\/p>\n<style> #contact{ display:none; } <\/style>\n<section id=\"contact-form\">\n<div class=\"container inner-sm\">\n<div class=\"row\">\n<div class=\"col-md-10 col-sm-9 center-block text-center\">\n<header>\n<h1>Fale connosco<\/h1>\n<p>A equipa Plagiarism Checker X est\u00e1 sempre disposta a ajudar. Sabemos que um novo utilizador pode enfrentar problemas na instala\u00e7\u00e3o, configura\u00e7\u00e3o ou utiliza\u00e7\u00e3o do produto, e estamos aqui para o resolver. Adicionalmente, poder\u00e1 sempre surgir-lhe aquela super ideia criativa que queira partilhar connosco.<\/p>\n<\/header>\n<\/div>\n<\/div>\n<div class=\"row\">\n<div class=\"col-sm-12\">\n<div class=\"row\">\n<div class=\"col-sm-6 outer-top-md inner-right-sm\">\n<h2>Deixe-nos a sua mensagem<\/h2>\n<form id=\"form1\" action=\"\" method=\"post\" name=\"form1\">\n<table border=\"0\">\n<tbody>\n<tr>\n<td><input id=\"name\" class=\"form-control\" name=\"Name\" type=\"text\" value=\"\" placeholder=\"Name\" \/><\/td>\n<\/tr>\n<tr>\n<td><input id=\"email\" class=\"form-control\" name=\"Email\" type=\"text\" value=\"\" placeholder=\"Email\" \/><\/td>\n<td><input id=\"contact\" class=\"form-control\" name=\"contact\" type=\"text\" placeholder=\"contact\" \/><\/td>\n<\/tr>\n<tr>\n<td colspan=\"2\"><select class=\"form-control\" name=\"Question\"><option>Quest\u00e3o Geral<\/option><option>Quest\u00e3o de Fatura\u00e7\u00e3o<\/option><option>Problema T\u00e9cnico<\/option><option>Pedido de Funcionalidade<\/option><option>Feedback e Ideias<\/option><option>De outros<\/option><\/select><\/td>\n<\/tr>\n<tr>\n<td colspan=\"2\"><textarea id=\"Message\" class=\"form-control\" style=\"color: black; height: 170px; width: 550px;\" cols=\"55\" name=\"Message\" rows=\"8\" placeholder=\"Message\"><\/textarea><\/td>\n<\/tr>\n<tr>\n<td align=\"center\"><button id=\"submit\" class=\"btn btn-default btn-submit\" name=\"submit\" type=\"submit\" value=\"1\"> Send Message<\/button><\/td>\n<\/tr>\n<\/tbody>\n<\/table>\n<\/form>\n<\/div>\n<p><!-- .\/col --><\/p>\n<div class=\"col-sm-5 outer-top-md inner-left-sm border-left\">\n<h2>Fale Connosco<\/h2>\n<div class=\"social-network\">\n<ul class=\"social\">\n<li><a href=\"https:\/\/facebook.com\/plagiarismcheckerx.llc\" target=\"_blank\" rel=\"noopener noreferrer\"><i class=\"icon-s-facebook\"><\/i><\/a><\/li>\n<li><a href=\"https:\/\/twitter.com\/PlagiarismX\" target=\"_blank\" rel=\"noopener noreferrer\"><i class=\"icon-s-twitter\"><\/i><\/a><\/li>\n<li><a href=\"https:\/\/www.pinterest.com\/plagiarismcheckerx\/\" target=\"_blank\" rel=\"noopener noreferrer\"><i class=\"icon-s-pinterest\"><\/i><\/a><\/li>\n<li><a href=\"https:\/\/www.youtube.com\/channel\/UCTFh3QNYt-KlpvDrxCizF6g\" target=\"_blank\" rel=\"noopener noreferrer\"><i class=\"icon-s-youtube icon-s-gplus\"><\/i><\/a><\/li>\n<\/ul>\n<\/div>\n<p>&nbsp;<\/p>\n<h4>Distintivos de Prote\u00e7\u00e3o para o Seu Site<\/h4>\n<p><a href=\"badges\"><img src=\"https:\/\/plagiarismcheckerx.com\/assets\/images\/badges\/pcx-protected-11.png\" \/><\/a><\/p>\n<p>Precisa de distintivos, imagens ou logotipos? Por favor, visite o nosso site e obtenha o material de comunica\u00e7\u00e3o necess\u00e1rio, gratuitamente!<br \/>\n<br \/><a href=\"badges\">Distintivos (Gr\u00e1tis)<\/a><br \/>\n<br \/><a href=\"Screenshots\">Capturas de tela<\/a><br \/>\n<br \/><a href=\"presskit\">Kit de imprensa<\/a><\/p>\n<\/div>\n<\/div>\n<\/div>\n<\/div>\n<\/div>\n<\/section>\n<p><\/main><\/p>\n","protected":false},"excerpt":{"rendered":"<p>Fale connosco A equipa Plagiarism Checker X est\u00e1 sempre disposta a ajudar. Sabemos que um novo utilizador pode enfrentar problemas na instala\u00e7\u00e3o, configura\u00e7\u00e3o ou utiliza\u00e7\u00e3o do produto, e estamos aqui para o resolver. Adicionalmente, poder\u00e1 sempre surgir-lhe aquela super ideia criativa que queira partilhar connosco. Deixe-nos a sua mensagem Quest\u00e3o GeralQuest\u00e3o de Fatura\u00e7\u00e3oProblema T\u00e9cnicoPedido de [&hellip;]<\/p>\n","protected":false},"author":1,"featured_media":0,"parent":0,"menu_order":0,"comment_status":"closed","ping_status":"closed","template":"","meta":[],"_links":{"self":[{"href":"https:\/\/plagiarismcheckerx.com\/pt\/wp-json\/wp\/v2\/pages\/227"}],"collection":[{"href":"https:\/\/plagiarismcheckerx.com\/pt\/wp-json\/wp\/v2\/pages"}],"about":[{"href":"https:\/\/plagiarismcheckerx.com\/pt\/wp-json\/wp\/v2\/types\/page"}],"author":[{"embeddable":true,"href":"https:\/\/plagiarismcheckerx.com\/pt\/wp-json\/wp\/v2\/users\/1"}],"replies":[{"embeddable":true,"href":"https:\/\/plagiarismcheckerx.com\/pt\/wp-json\/wp\/v2\/comments?post=227"}],"version-history":[{"count":4,"href":"https:\/\/plagiarismcheckerx.com\/pt\/wp-json\/wp\/v2\/pages\/227\/revisions"}],"predecessor-version":[{"id":369,"href":"https:\/\/plagiarismcheckerx.com\/pt\/wp-json\/wp\/v2\/pages\/227\/revisions\/369"}],"wp:attachment":[{"href":"https:\/\/plagiarismcheckerx.com\/pt\/wp-json\/wp\/v2\/media?parent=227"}],"curies":[{"name":"wp","href":"https:\/\/api.w.org\/{rel}","templated":true}]}}