{"id":131,"date":"2020-11-26T11:07:35","date_gmt":"2020-11-26T11:07:35","guid":{"rendered":"https:\/\/plagiarismcheckerx.com\/wordpress\/es\/?page_id=131"},"modified":"2020-12-08T12:21:07","modified_gmt":"2020-12-08T12:21:07","slug":"download-thank-you","status":"publish","type":"page","link":"https:\/\/plagiarismcheckerx.com\/pt\/download-thank-you","title":{"rendered":"Download Thank You"},"content":{"rendered":"\r\n<style>\r\n.numberCircle {width: 45px;line-height: 45px;border-radius: 50%;text-align: center;font-size: 24px;color: white;background: #5587ff;top: 20px; position: relative;}\r\n<\/style>\r\n\r\n<section id=\"download-thank-you\">\r\n<iframe name=\"download-frame\" style=\"height:0px; width: 0px;\"><\/iframe>\r\n<script>\r\nsetTimeout(function() {window.open('https:\/\/plagiarismcheckerx.com\/download\/new\/PlagiarismCheckerX_Setup.exe', 'download-frame'); }, 2500);\r\n<\/script>\r\n<div class=\"container\">\r\n\r\n<div class=\"row\">\r\n<div class=\"col-md-9 inner-top-md inner-bottom-xs center-block text-center\">\r\n<img loading=\"lazy\" src=\"https:\/\/cdn.plagiarismcheckerx.com\/images\/accuracy.png\" width=\"48px\" height=\"48px\">\r\n<h1>Est\u00e1 quase pronto!<\/h1>\r\n<p>Siga os 3 passos simples que se seguem para concluir a sua instala\u00e7\u00e3o de Plagiarism Checker X.<\/p>\r\n<div> <strong>Se o seu download n\u00e3o come\u00e7ar automaticamente, por favor,<\/strong> <a class=\"themeColor\" target=\"_blank\" href=\"https:\/\/plagiarismcheckerx.com\/download\/new\/PlagiarismCheckerX_Setup.exe\" rel=\"noopener noreferrer\">clique aqui.<\/a><\/div>\r\n<div class=\"col-md-5 col-md-offset-1\">\r\n<\/div>\r\n<\/div>\r\n<\/div>\r\n\r\n<div class=\"row inner-bottom-xs\">\r\n\r\n<div class=\"col-md-4\">\r\n<div class=\"numberCircle center-block\">1<\/div>\r\n<div class=\"card border\">\r\n<div class=\"card-body\">\r\n<br \/><br \/>\r\n<h2 class=\"card-title text-center\">Executar o instalador<\/h2>\r\n<p class=\"card-text text-center\" style=\"margin-left: 20%;margin-right: 20%\">Clique no ficheiro .exe que acabou de descarregar.<\/p>\r\n<br \/>\r\n<\/div>\r\n<\/div>\r\n<\/div>\r\n\r\n<div class=\"col-md-4\">\r\n<div class=\"numberCircle center-block\">2<\/div>\r\n<div class=\"card border\">\r\n<div class=\"card-body\">\r\n<br \/><br \/>\r\n<h2 class=\"card-title text-center\">Iniciar a instala\u00e7\u00e3o<\/h2>\r\n<p class=\"card-text text-center\" style=\"margin-left: 20%;margin-right: 20%\">Clique no \u00edcone do produto para iniciar a instala\u00e7\u00e3o.<\/p>\r\n<br \/>\r\n<\/div>\r\n<\/div>\r\n<\/div>\r\n\r\n<div class=\"col-md-4\">\r\n<div class=\"numberCircle center-block\">3<\/div>\r\n<div class=\"card border\">\r\n<div class=\"card-body\">\r\n<br \/><br \/>\r\n<h2 class=\"card-title text-center\">Seguir as instru\u00e7\u00f5es<\/h2>\r\n<p class=\"card-text text-center\" style=\"margin-left: 20%;margin-right: 20%\">Siga as instru\u00e7\u00f5es no ecr\u00e3 para terminar a sua instala\u00e7\u00e3o.<\/p>\r\n<br \/>\r\n<\/div>\r\n<\/div>\r\n<\/div>\r\n<\/div>\r\n\r\n<div class=\"row inner-bottom-xs\">\r\n<div class=\"col-md-10 center-block text-center \">\r\n<div> Precisa de Ajuda?<a href=\"\/help\" class=\"themeColor\"> Clique Aqui<\/a> <\/div>\r\n<\/div>\r\n<\/div>\r\n\r\n<div class=\"row inner-bottom-md\">\r\n\r\n<\/div>\r\n\r\n<\/div>\r\n<\/section>\r\n\r\n\r\n\r\n\r\n\r\n","protected":false},"excerpt":{"rendered":"<p>Est\u00e1 quase pronto! Siga os 3 passos simples que se seguem para concluir a sua instala\u00e7\u00e3o de Plagiarism Checker X. Se o seu download n\u00e3o come\u00e7ar automaticamente, por favor, clique aqui. 1 Executar o instalador Clique no ficheiro .exe que acabou de descarregar. 2 Iniciar a instala\u00e7\u00e3o Clique no \u00edcone do produto para iniciar a [&hellip;]<\/p>\n","protected":false},"author":1,"featured_media":0,"parent":0,"menu_order":0,"comment_status":"closed","ping_status":"closed","template":"","meta":[],"_links":{"self":[{"href":"https:\/\/plagiarismcheckerx.com\/pt\/wp-json\/wp\/v2\/pages\/131"}],"collection":[{"href":"https:\/\/plagiarismcheckerx.com\/pt\/wp-json\/wp\/v2\/pages"}],"about":[{"href":"https:\/\/plagiarismcheckerx.com\/pt\/wp-json\/wp\/v2\/types\/page"}],"author":[{"embeddable":true,"href":"https:\/\/plagiarismcheckerx.com\/pt\/wp-json\/wp\/v2\/users\/1"}],"replies":[{"embeddable":true,"href":"https:\/\/plagiarismcheckerx.com\/pt\/wp-json\/wp\/v2\/comments?post=131"}],"version-history":[{"count":5,"href":"https:\/\/plagiarismcheckerx.com\/pt\/wp-json\/wp\/v2\/pages\/131\/revisions"}],"predecessor-version":[{"id":379,"href":"https:\/\/plagiarismcheckerx.com\/pt\/wp-json\/wp\/v2\/pages\/131\/revisions\/379"}],"wp:attachment":[{"href":"https:\/\/plagiarismcheckerx.com\/pt\/wp-json\/wp\/v2\/media?parent=131"}],"curies":[{"name":"wp","href":"https:\/\/api.w.org\/{rel}","templated":true}]}}