{"id":115,"date":"2020-11-26T08:41:22","date_gmt":"2020-11-26T08:41:22","guid":{"rendered":"https:\/\/plagiarismcheckerx.com\/wordpress\/es\/?page_id=115"},"modified":"2020-12-04T03:45:08","modified_gmt":"2020-12-04T03:45:08","slug":"buy","status":"publish","type":"page","link":"https:\/\/plagiarismcheckerx.com\/pt\/buy","title":{"rendered":"Buy"},"content":{"rendered":"\r\n\r\n<section id=\"buy\">\r\n<div class=\"container\">\r\n<div class=\"row\">\r\n<div class=\"col-md-11 inner-sm center-block text-center\">\r\n<header>\r\n<h1>Tabela de pre\u00e7os simples, sem surpresas<\/h1>\r\n<\/header>\r\n<p>Poder\u00e1 descarregar uma Edi\u00e7\u00e3o Limitada de Plagiarism Checker X de forma inteiramente GRATUITA, atrav\u00e9s do link abaixo. Para usufruir de todas as suas capacidades, no entanto, ser\u00e1 necess\u00e1rio adquirir a edi\u00e7\u00e3o profissional de Plagiarism Checker X &#8211; mais r\u00e1pida, mais precisa e dotada de mais capacidades avan\u00e7adas &#8211; compra \u00fanica, de valor reduzido.<\/p>\r\n<\/div>\r\n<\/div>\r\n<\/div>\r\n<\/section>\r\n\r\n<section id=\"packages\">\r\n<div class=\"container inner-xs\">\r\n<div class=\"row\">\r\n<div class=\"col-md-10 center-block\">\r\n<div class=\"columns pricing_border flexibleWidthFreePro\">\r\n<h4>B\u00e1sico<\/h4>\r\n<div class=\"row paddingNone\" style=\"margin:0px\">\r\n<div class=\"columns text_align_center free_Line_height\">\r\n<span class=\"pricing_font\">Gr\u00e1tis<\/span>\r\n<\/div>\r\n<div class=\"columns align_Button\">\r\n<a href=\"download-thank-you\"><div style=\"text-align: center\" class=\"pricing_button panel btn_blue radius callout pricing_button_padding\"> Download <\/div><\/a>\r\n<\/div>\r\n<\/div>\r\n<div class=\"row paddingNone\" style=\"margin:0px\">\r\n<div class=\"twelve columns\">\r\n<ul class=\"priceList_ul\">\r\n<li class=\"users priceList_li\">30 Verifica\u00e7\u00f5es Di\u00e1rias<\/li>\r\n<li class=\"storage priceList_li\">Palavras Limitadas<\/li>\r\n<li class=\"groups priceList_li\">Gr\u00e1tis para Sempre<\/li>\r\n<\/ul>\r\n<\/div>\r\n<\/div>\r\n<\/div>\r\n<div class=\"pricingMarginBetween\"><\/div>\r\n<div class=\"columns pricing_border flexibleWidthFreePro\">\r\n<h4>Profissional<\/h4>\r\n<div class=\"row paddingNone\" style=\"margin:0px\">\r\n<div class=\"columns text_align_center padding_price_text\">\r\n<span class=\"pricing_font\"><sup>$<\/sup>39<\/span><span class=\"pricing_body_font\">.95<\/span><\/div>\r\n<div class=\"columns align_Button\">\r\n<a href=\"..\/buy\">\r\n<div style=\"text-align: center\" class=\"pricing_button panel btn_blue radius callout pricing_button_padding\"> Buy Now <\/div>\r\n<\/a>\r\n<\/div>\r\n<\/div>\r\n<div class=\"row paddingNone\" style=\"margin:0px\">\r\n<div class=\"twelve columns\">\r\n<ul class=\"priceList_ul\">\r\n<li class=\"groups priceList_li\">Licen\u00e7a para 1 Utilizador<\/li>\r\n<li class=\"users priceList_li\">Palavras Ilimitadas<\/li>\r\n<li class=\"training priceList_li\">Lice\u00e7a Vital\u00edcia<\/li>\r\n<li class=\"admin priceList_li\">Apoio a Clientes 24\/7<\/li>\r\n<li class=\"storage priceList_li\">Plano de Manuten\u00e7\u00e3o de 1 Ano Inclu\u00eddo<\/li>\r\n<\/ul>\r\n<\/div>\r\n<\/div>\r\n<\/div>\r\n<div class=\"pricingMarginBetween\"><\/div>\r\n<div class=\"columns pricing_border flexibleWidthContactUs\">\r\n<h4>Neg\u00f3cio<\/h4>\r\n<div class=\"row paddingNone\" style=\"margin:0px\">\r\n<div class=\"columns paddingNone text_align_center\" style=\"margin-bottom: 4px\">\r\n<span class=\"pricing_font\"><sup>$<\/sup>147<\/span><span class=\"pricing_body_font\">.95<\/span>\r\n<\/div>\r\n\r\n<div class=\"columns align_Button\">\r\n<a href=\"..\/buy\">\r\n<div style=\"text-align: center\" class=\"pricing_button panel btn_blue radius callout pricing_button_padding\"> Buy Now <\/div>\r\n<\/a>\r\n<\/div>\r\n<\/div>\r\n<div class=\"row paddingNone\" style=\"margin:0px\">\r\n<div class=\"columns floatNone\">\r\n<ul class=\"blueColor priceList_ul\">\r\n<li class=\"groups priceList_li\">Licen\u00e7a para 5 Utilizadores<\/li>\r\n<li class=\"admin priceList_li\">Apoio Alargado<\/li>\r\n&nbsp; Todas as Funcionalidades PRO Inclu\u00eddas*.\r\n<\/ul>\r\n<\/div>\r\n<\/div>\r\n<\/div>\r\n<\/div>\r\n<\/div>\r\n<\/div>\r\n<\/section>\r\n\r\n\r\n\n    <section id=\"faq\" class=\"light-bg\">\n      <div class=\"container inner-sm\">\n\n        <div class=\"row\">\n          <div class=\"col-md-8 col-sm-9 center-block text-center\">\n            <header>\n              <h1>Perguntas Mais Frequentes<\/h1>\n              <p>Passamos a apresentar respostas a algumas das quest\u00f5es de \u00e2mbito comercial mais frequentes. Se tiver alguma d\u00favida n\u00e3o abrangida aqui, por favor, contacte-nos.<\/p>\n            <\/header>\n          <\/div>\n        <\/div>\n\n        <div class=\"row\">\n          <div class=\"col-sm-6 inner-right-sm inner-top-sm\">\n            <h3>Qual \u00e9 o prazo de entrega do produto?<\/h3>\n            <p>Imediato ap\u00f3s a coloca\u00e7\u00e3o da encomenda. A entrega do software \u00e9 imediata, atrav\u00e9s de e-mail, incluindo a chave de debloqueio da licen\u00e7a de utiliza\u00e7\u00e3o e a fatura.<\/p>\n            <h3>Quantos pagamentos terei de efetuar?<\/h3>\n            <p>Dado que esta licen\u00e7a \u00e9 vital\u00edcia, ser-lhe-\u00e1 poss\u00edvel utilizar o software adquirido sem qualquer limite no tempo, sem ter de pagar qualquer valor adicional.<\/p>\n\n          <\/div>\n\n          <div class=\"col-sm-6 inner-left-sm inner-top-sm\">\n            <h3>Que formas de pagamento aceitam?<\/h3>\n            <p>Aceitamos todos os cart\u00f5es de cr\u00e9dito mais populares, PayPal e (em alguns pa\u00edses) d\u00e9bito direto. Aceitamos pagamentos em v\u00e1rias moedas.<\/p>\n\n            <h3>N\u00e3o tenho como efetuar pagamento por via eletr\u00f3nica, como posso proceder?<\/h3>\n            <p>N\u00e3o h\u00e1 problema. Poder\u00e1 pagar ao balc\u00e3o do seu banco. Par atal, basta que selecione a op\u00e7\u00e3o de (transfer\u00eancia banc\u00e1ria) aquand do processo de compra.<\/p>\n          <\/div>\n\n        <\/div>\n      <\/div>\n    <\/section>\n\n\n    \r\n\n\n<section id=\"clients\">\n<div class=\"container inner-sm\">\n\n<div class=\"row\">\n<div class=\"col-md-8 col-sm-9 center-block text-center\">\n<header>\n<h2>Utilizado por Institutos L\u00edderes<\/h2>\n<p>Valorizamos as experi\u00eancias dos nossos clientes. A velocidade, precis\u00e3o, e facilidade de utiliza\u00e7\u00e3o da interface fez com que os nossos clientes ficassem satisfeitos e com que se tornassem fieis.<\/p>\n<\/header>\n<\/div>\n<\/div>\n\n<div class=\"row inner-top-xs\">\n<div class=\"col-sm-12\">\n<div id=\"owl-clients\" class=\"owl-carousel owl-outer-nav\">\n\n<div class=\"item\">\n<figure>\n<figcaption class=\"text-overlay\">\n<div class=\"info\">\n<h4>IEEE<\/h4>\n<\/div>\n<\/figcaption>\n<img class=\"SliceImages OrgImage1\">\n<\/figure>\n<\/div>\n\n<div class=\"item\">\n<figure>\n<figcaption class=\"text-overlay\">\n<div class=\"info\">\n<h4>American University of Science And Technology<\/h4>\n<\/div>\n<\/figcaption>\n<img class=\"SliceImages OrgImage2\">\n<\/figure>\n<\/div>\n\n<div class=\"item\">\n<figure>\n<figcaption class=\"text-overlay\">\n<div class=\"info\">\n<h4>Remington College<\/h4>\n<\/div>\n<\/figcaption>\n<img class=\"SliceImages OrgImage3\">\n<\/figure>\n<\/div>\n\n<div class=\"item\">\n<figure>\n<figcaption class=\"text-overlay\">\n<div class=\"info\">\n<h4>JM Field Marketing<\/h4>\n<\/div>\n<\/figcaption>\n<img class=\"SliceImages OrgImage4\">\n<\/figure>\n<\/div>\n\n<div class=\"item\">\n<figure>\n<figcaption class=\"text-overlay\">\n<div class=\"info\">\n<h4>University of Maribor<\/h4>\n<\/div>\n<\/figcaption>\n<img class=\"SliceImages OrgImage5\">\n<\/figure>\n<\/div>\n\n<div class=\"item\">\n<figure>\n<figcaption class=\"text-overlay\">\n<div class=\"info\">\n<h4>Great American Cookies<\/h4>\n<\/div>\n<\/figcaption>\n<img class=\"SliceImages OrgImage6\">\n<\/figure>\n<\/div>\n\n<div class=\"item\">\n<figure>\n<figcaption class=\"text-overlay\">\n<div class=\"info\">\n<h4>Ohio University<\/h4>\n<\/div>\n<\/figcaption>\n<img class=\"SliceImages OrgImage7\">\n<\/figure>\n<\/div>\n\n<div class=\"item\">\n<figure>\n<figcaption class=\"text-overlay\">\n<div class=\"info\">\n<h4>University Of Massachusetts Boston<\/h4>\n<\/div>\n<\/figcaption>\n<img class=\"SliceImages OrgImage8\">\n<\/figure>\n<\/div>\n\n<div class=\"item\">\n<figure>\n<figcaption class=\"text-overlay\">\n<div class=\"info\">\n<h4>Labournet Services India<\/h4>\n<\/div>\n<\/figcaption>\n<img class=\"SliceImages OrgImage9\">\n<\/figure>\n<\/div>\n\n<div class=\"item\">\n<figure>\n<figcaption class=\"text-overlay\">\n<div class=\"info\">\n<h4>King Saud University<\/h4>\n<\/div>\n<\/figcaption>\n<img class=\"SliceImages OrgImage10\">\n<\/figure>\n<\/div>\n\n<div class=\"item\">\n<figure>\n<figcaption class=\"text-overlay\">\n<div class=\"info\">\n<h4>Delta-State-University-Abraka<\/h4>\n<\/div>\n<\/figcaption>\n<img class=\"SliceImages OrgImage11\">\n<\/figure>\n<\/div>\n\n<div class=\"item\">\n<figure>\n<figcaption class=\"text-overlay\">\n<div class=\"info\">\n<h4>Trinity College<\/h4>\n<\/div>\n<\/figcaption>\n<img class=\"SliceImages OrgImage12\">\n<\/figure>\n<\/div>\n\n<\/div>\n<\/div>\n<\/div>\n\n<\/div>\n<\/section>\n\n\r\n\n<section id=\"testimonials\" class=\"light-bg img-bg-softer\" style=\"background-image: url(assets\/images\/testimonials-backgrond.jpg);\">\n<div class=\"container inner-xs\">\n\n<div class=\"row\">\n<div class=\"col-md-8 col-sm-8 center-block text-center\">\n<header>\n<h2>De que clientes est\u00e3o a falar?<\/h2>\n<\/header>\n<\/div>\n<\/div>\n\n<div class=\"row\">\n<div class=\"col-md-11 col-sm-12 center-block text-center\">\n<div id=\"owl-testimonials\" class=\"owl-carousel owl-outer-nav owl-ui-md\">\n\n<div class=\"item\">\n<blockquote>\n<p>\"Plagiarism Checker X helps me a lot to reduce the time to verify the information to avoid the classic 'cut and paste' for the preparation of your documents, it is a program that has a great future for the help it is for us.\"<\/p>\n<footer>\n<cite>C.U Louis (Law School. C.U. Luis Donaldo Colosio Murrieta)<\/cite>\n<\/footer>\n<\/blockquote>\n<\/div>\n\n<div class=\"item\">\n<blockquote>\n<p>\"Frankly, we purchased it last year after I tried the free trial, and loved the features that it gave. We were looking for a software that can determine plagiarism from the web and among reports between students, and this software gave us both options.\"<\/p>\n<footer>\n<cite>Mouayyad Al-Azem (Research Assistant at American University of Science and Technology (AUST))<\/cite>\n<\/footer>\n<\/blockquote>\n<\/div>\n\n<div class=\"item\">\n<blockquote>\n<p>\"Plagiarism Checker X has excellent features, and it is appropriate for Students, Academicians, Scholars.\"<\/p>\n<footer>\n<cite>Dr. RAM SAHU (Associate Professor at Columbia Institute of Pharmacy.)<\/cite>\n<\/footer>\n<\/blockquote>\n<\/div>\n\n<div class=\"item\">\n<blockquote>\n<p>\"We had difficulty to check the level of similarity of scientific documents or articles that we had. This application is able to check documents that are quite long quickly, also display the results accurately with the sources listed on.\"<\/p>\n<footer>\n<cite>Prof. Arif Rahman (Head of Academic Affair at Malikussaleh University)<\/cite>\n<\/footer>\n<\/blockquote>\n<\/div>\n\n<\/div>\n<\/div>\n<\/div>\n\n<\/div>\n<\/section>\n\n    \n    \r\n\n    <section id=\"reviews\">\n<div class=\"container inner-sm\">\n<div class=\"row\">\n<div class=\"col-md-8 col-sm-10 center-block text-center\">\n<header>\n<h2>Editor Reviews by Top Publishers<\/h2>\n<p>What Editors of leading software publishing houses are saying about our product.<\/p>\n<\/header>\n<\/div>\n<\/div>\n\n<div class=\"row inner-top-sm text-center\">\n<div class=\"col-sm-4 inner-left inner-right\">\n<figure class=\"member\">\n<div class=\"icon-overlay icn-link\">\n<a href=\"http:\/\/plagiarism-checker-x.findmysoft.com\/\" target=\"_blank\"><img src=\"https:\/\/cdn.plagiarismcheckerx.com\/images\/editors\/frederick-barton.jpg\" loading=\"lazy\" class=\"img-circle\"><\/a>\n<\/div><!-- \/.icon-overlay -->\n<figcaption>\n<h3>Frederick Barton<span>Editor at findmysoft.com<\/span><\/h3>\n<blockquote>PlagiarismCheckerX provides useful statistics, like the total number of matches, duplicate percentage and it highlights the matches themselves.<\/blockquote>\n<\/figcaption>\n<\/figure>\n<\/div>\n<div class=\"col-sm-4 inner-left inner-right\">\n<figure class=\"member\">\n<div class=\"icon-overlay icn-link\">\n<a href=\"http:\/\/plagiarism-checker-x.software.informer.com\/\" target=\"_blank\"><img src=\"https:\/\/cdn.plagiarismcheckerx.com\/images\/editors\/francisco-martinez.jpg\" loading=\"lazy\" class=\"img-circle\"><\/a>\n<\/div><!-- \/.icon-overlay -->\n<figcaption>\n<h3>Francisco Mart\u00ednez<span>Editor at Informer.com<\/span><\/h3>\n<blockquote>Excellent two-panel interface for a clearer text comparison. Clearly highlighted matched occurrences<\/blockquote>\n<\/figcaption>\n<\/figure>\n<\/div>\n<div class=\"col-sm-4 inner-left inner-right\">\n<figure class=\"member\">\n<div class=\"icon-overlay icn-link\">\n<a href=\"http:\/\/www.softpedia.com\/get\/Office-tools\/Other-Office-Tools\/Plagiarism-Checker-X.shtml\" target=\"_blank\"><img src=\"https:\/\/cdn.plagiarismcheckerx.com\/images\/editors\/cristina-jitaru.jpg\" loading=\"lazy\" class=\"img-circle\"><\/a>\n<\/div><!-- \/.icon-overlay -->\n<figcaption>\n<h3>Cristina Jitaru<span>Editor at softpedia.com<\/span><\/h3>\n<blockquote>Plagiarism Checker X proves to be an effective solution when it comes to checking and identifying identical content inside multiple documents.<\/blockquote>\n<\/figcaption>\n<\/figure>\n<\/div>\n\n<\/div>\n<\/div>\n<\/section>\n    \n    \r\n<div class=\"light-bg\">\n    <section id=\"what-are-you-waiting-for\">\n    <div class=\"container inner-sm\">\n    <div class=\"row\">\n    <div class=\"col-md-10 col-sm-9 center-block text-center\">\n    <header>\n    <h2>De que est\u00e1 \u00e0 espera?<\/h2>\n    <\/header>\n    <p>Resumindo, esta ferramenta f\u00e1cil de usar pode ser uma ajuda preciosa na hora de evitar tanto as dificuldades de utliza\u00e7\u00e3o dos detetores de pl\u00e1gio online como penalidades acad\u00e9micas. Em algumas universidades, o aluno acusado de pl\u00e1gio v\u00ea-se for\u00e7ado a enfrentar penalidades extremas, como suspens\u00f5es, multas e at\u00e9 mesmo a expuls\u00e3o. Um trabalho em infra\u00e7\u00e3o aos direitos de autor pode conduzir a processos judiciais e toda uma s\u00e9rie de outros inconvenientes. Por estes motivos, \u00e9 muito importante pode contar com um detetor de pl\u00e1gio em que se possa confiar.<\/p>\n    <div class=\"row\">\n    <div class=\"col-md-8 center-block text-center\">\n    <figure><img src=\"https:\/\/cdn.plagiarismcheckerx.com\/images\/credit-cards-2.png\" loading=\"lazy\" alt=\"Credit Cards\"> <\/figure>\n    <\/div><\/div>\n    <div>\n    <a href=\"..\/download-thank-you\" class=\"btn btn-large btn-gray\">DESCARGA GRATUITA<\/a>&nbsp;\n    <a href=\"..\/buy\" class=\"btn btn-large\">VERS\u00c3O PRO<\/a>\n    <\/div>\n    <\/div>\n    <\/div>\n    <\/div>\n    <\/section>\n\n\n    <\/div>\r\n","protected":false},"excerpt":{"rendered":"<p>Tabela de pre\u00e7os simples, sem surpresas Poder\u00e1 descarregar uma Edi\u00e7\u00e3o Limitada de Plagiarism Checker X de forma inteiramente GRATUITA, atrav\u00e9s do link abaixo. Para usufruir de todas as suas capacidades, no entanto, ser\u00e1 necess\u00e1rio adquirir a edi\u00e7\u00e3o profissional de Plagiarism Checker X &#8211; mais r\u00e1pida, mais precisa e dotada de mais capacidades avan\u00e7adas &#8211; compra [&hellip;]<\/p>\n","protected":false},"author":1,"featured_media":0,"parent":0,"menu_order":0,"comment_status":"closed","ping_status":"closed","template":"","meta":[],"_links":{"self":[{"href":"https:\/\/plagiarismcheckerx.com\/pt\/wp-json\/wp\/v2\/pages\/115"}],"collection":[{"href":"https:\/\/plagiarismcheckerx.com\/pt\/wp-json\/wp\/v2\/pages"}],"about":[{"href":"https:\/\/plagiarismcheckerx.com\/pt\/wp-json\/wp\/v2\/types\/page"}],"author":[{"embeddable":true,"href":"https:\/\/plagiarismcheckerx.com\/pt\/wp-json\/wp\/v2\/users\/1"}],"replies":[{"embeddable":true,"href":"https:\/\/plagiarismcheckerx.com\/pt\/wp-json\/wp\/v2\/comments?post=115"}],"version-history":[{"count":3,"href":"https:\/\/plagiarismcheckerx.com\/pt\/wp-json\/wp\/v2\/pages\/115\/revisions"}],"predecessor-version":[{"id":347,"href":"https:\/\/plagiarismcheckerx.com\/pt\/wp-json\/wp\/v2\/pages\/115\/revisions\/347"}],"wp:attachment":[{"href":"https:\/\/plagiarismcheckerx.com\/pt\/wp-json\/wp\/v2\/media?parent=115"}],"curies":[{"name":"wp","href":"https:\/\/api.w.org\/{rel}","templated":true}]}}