{"id":65,"date":"2020-11-25T10:33:36","date_gmt":"2020-11-25T10:33:36","guid":{"rendered":"https:\/\/plagiarismcheckerx.com\/wordpress\/es\/?page_id=65"},"modified":"2020-12-04T16:44:24","modified_gmt":"2020-12-04T16:44:24","slug":"features","status":"publish","type":"page","link":"https:\/\/plagiarismcheckerx.com\/nl\/features","title":{"rendered":"Features"},"content":{"rendered":"\r\n<section id=\"features\">\r\n<div class=\"container inner-sm\">\r\n<div class=\"row\">\r\n<div class=\"col-md-10 text-center center-block\">\r\n<h1 align=\"center\">Bekijk de functies van Plagiarism X<\/h1>\r\n<p>Ben je een hardwerkende student, blogger of content-schrijver? Of een plichtsgetrouwe leraar, redacteur, uitgever of een SEO-analist? Als je \u00e9\u00e9n van de bovengenoemde bent; dan is het zeer waarschijnlijk, dat je je bewust bent van de gevolgen van geplagieerde content. Ons team bij &#8216;Plagiarism Checker X&#8217; waardeert je harde werk en inzet. Daarom hebben we de beste plagiaatmelder bedacht, speciaal ontwikkeld voor mensen zoals jou.<\/p>\r\n<div align=\"center\">\r\n<a href=\"\/download-thank-you\" class=\"btn btn-large btn-gray\">FREE DOWNLOAD<\/a> &nbsp;\r\n<a href=\"..\/buy\" class=\"btn btn-large\">BUY PRO<\/a>\r\n<\/div>\r\n<\/div>\r\n<\/div>\r\n<\/div>\r\n<\/section>\r\n\r\n<section id=\"center\" class=\"border-top\">\r\n<div class=\"row inner-md\">\r\n<div class=\"col-md-1\"><\/div>\r\n<div class=\"col-md-5\">\r\n<h2>Online Plagiaatdetectie <\/h2>\r\n<p>Onze basisfunctie detecteert geplagieerde inhoud via meerdere zoekmachines. Het resultaat is dat je documenten worden gescand via 16 miljard+ ge\u00efndexeerde webpagina&#8217;s.\r\n<\/p>\r\n<\/div>\r\n\r\n<div class=\"col-md-1\"><\/div>\r\n<div class=\"col-md-3\">\r\n<img src=\"https:\/\/cdn.plagiarismcheckerx.com\/images\/promo_one.png\" style=\"height: 180px\">\r\n<\/div>\r\n<div class=\"col-md-2\"><\/div>\r\n<\/div>\r\n\r\n<div class=\"row inner-sm\">\r\n<div class=\"col-md-2\"><\/div>\r\n<div class=\"col-md-3\">\r\n<img src=\"https:\/\/cdn.plagiarismcheckerx.com\/images\/side-by-side-comparison.png\" loading=\"lazy\" style=\"height: 180px\">\r\n<\/div>\r\n<div class=\"col-md-1\"><\/div>\r\n<div class=\"col-md-5\">\r\n<h2>Zij-aan-zij vergelijking <\/h2>\r\n<p>Een handige optie waarmee je je content in twee schermen naast elkaar kunt zetten  en moeiteloos gekopieerde content kunt vinden. Redacteuren en SEO-analisten zullen deze functie geweldig vinden.<\/p>\r\n<\/div>\r\n<div class=\"col-md-1\"><\/div>\r\n<\/div>\r\n\r\n<div class=\"row inner-sm\">\r\n<div class=\"col-md-1\"><\/div>\r\n<div class=\"col-md-5\">\r\n<h2>Bulk cross-vergelijking  <\/h2>\r\n<p>Een uniek en exclusief kenmerk van onze applicatie. Hiermee kun je meerdere documenten analyseren om de originaliteit binnen enkele of meerdere registers bepalen. Als voorbeeld; docenten kunnen met \u00e9\u00e9n muisklik opdrachten uit een hele batch met elkaar vergelijken.<\/p>\r\n<\/div>\r\n<div class=\"col-md-1\"><\/div>\r\n\r\n<div class=\"col-md-3\">\r\n<img src=\"https:\/\/cdn.plagiarismcheckerx.com\/images\/bulk-plagiarism.png\" loading=\"lazy\" style=\"height: 180px\">\r\n<\/div>\r\n<div class=\"col-md-2\"><\/div>\r\n<\/div>\r\n\r\n<div class=\"row inner-sm\">\r\n<div class=\"col-md-2\"><\/div>\r\n<div class=\"col-md-3\">\r\n<img src=\"https:\/\/cdn.plagiarismcheckerx.com\/images\/accuracy.png\" loading=\"lazy\" style=\"height: 180px\">\r\n<\/div>\r\n<div class=\"col-md-1\"><\/div>\r\n<div class=\"col-md-5\">\r\n<h2>Nauwkeurige &amp; onmiddellijke resultaten  <\/h2>\r\n<p>Voel de snelheid met ons geavanceerde algoritme dat tot 20.000 woorden binnen \u00e9\u00e9n seconde onderzoekt, zodat je direct resultaat krijgt. Bovendien blijkt uit vergelijkend onderzoek door onafhankelijke testbureaus dat onze nauwkeurigheid drie keer zo hoog is als bij andere vergelijkbare applicaties.<\/p>\r\n<\/div>\r\n<div class=\"col-md-1\"><\/div>\r\n<\/div>\r\n\r\n<div class=\"row inner-sm\">\r\n<div class=\"col-md-1\"><\/div>\r\n<div class=\"col-md-5\">\r\n<h2>100% gegarandeerde privacy van de gebruiker   <\/h2>\r\n<p>Geen van de door jou ingezonden content wordt gekopieerd, opgeslagen of verkocht. Vanaf nu is dit de enige plagiaatdetectietool die deze functie biedt.<\/p>\r\n<\/div>\r\n<div class=\"col-md-1\"><\/div>\r\n<div class=\"col-md-3 text-center\">\r\n<img src=\"https:\/\/cdn.plagiarismcheckerx.com\/images\/safe.png\" loading=\"lazy\" style=\"height: 180px\">\r\n<\/div>\r\n<div class=\"col-md-2\"><\/div>\r\n<\/div>\r\n\r\n<div class=\"row inner-sm\">\r\n<div class=\"col-md-1\"><\/div>\r\n<div class=\"col-md-4 \">\r\n<img src=\"https:\/\/cdn.plagiarismcheckerx.com\/images\/formats.png\" loading=\"lazy\" style=\"height: 180px\">\r\n<\/div>\r\n<div class=\"col-md-1\"><\/div>\r\n<div class=\"col-md-5\">\r\n<h2>Verbeterde compatibiliteit<\/h2>\r\n<p>Onze applicatie ondersteunt alle populaire op tekst gebaseerde formats, inclusief PDF, DOCX, DOC, RTF en HTML. Bovendien is het compatibel met alle beschikbare Windows-edities.<\/p>\r\n<\/div>\r\n<div class=\"col-md-1\"><\/div>\r\n<\/div>\r\n\r\n<div class=\"row inner-sm\">\r\n<div class=\"col-md-1\"><\/div>\r\n<div class=\"col-md-5\">\r\n<h2>Meertalige ondersteuning &amp; beschikbaarheid<\/h2>\r\n<p>Werk je in verschillende talen? Je hoeft niet te betalen voor aparte tools, aangezien onze applicatie momenteel 7 talen ondersteunt, namelijk Engels, Spaans, Frans, Duits, Italiaans, Nederlands en Portugees, met volledige functionaliteit. Beschikbaarheid in meer talen komt binnenkort.<\/p>\r\n<\/div>\r\n<div class=\"col-md-1\"><\/div>\r\n<div class=\"col-md-3\">\r\n<img src=\"https:\/\/cdn.plagiarismcheckerx.com\/images\/languages.png\" loading=\"lazy\" style=\"height: 180px\">\r\n<\/div>\r\n<div class=\"col-md-2\"><\/div>\r\n<\/div>\r\n\r\n<div class=\"row inner-sm\">\r\n<div class=\"col-md-2\"><\/div>\r\n<div class=\"col-md-3\">\r\n<img src=\"https:\/\/cdn.plagiarismcheckerx.com\/images\/color-density.png\" loading=\"lazy\" style=\"height: 180px\">\r\n<\/div>\r\n<div class=\"col-md-1\"><\/div>\r\n<div class=\"col-md-5\">\r\n<h2>Resultaten op basis van kleurcodering en dichtheid  <\/h2>\r\n<p>Een intu\u00eftieve manier om de resultaten in \u00e9\u00e9n oogopslag te begrijpen.<\/p>\r\n<\/div>\r\n<div class=\"col-md-1\"><\/div>\r\n<\/div>\r\n\r\n<div class=\"row inner-sm\">\r\n<div class=\"col-md-1\"><\/div>\r\n<div class=\"col-md-5\">\r\n<h2>Toegewijde 24\/7 technische ondersteuning   <\/h2>\r\n<p>Heb je hulp nodig? Neem altijd en overal contact met ons op, om met een van de vertegenwoordigers te praten. Altijd beschikbaar.<\/p>\r\n<\/div>\r\n<div class=\"col-md-1\"><\/div>\r\n<div class=\"col-md-3\">\r\n<img src=\"https:\/\/cdn.plagiarismcheckerx.com\/images\/24x7.png\" loading=\"lazy\" style=\"height: 180px\">\r\n<\/div>\r\n<div class=\"col-md-2\"><\/div>\r\n<\/div>\r\n\r\n<div class=\"row inner-top-sm\">\r\n<div class=\"col-md-2\"><\/div>\r\n<div class=\"col-md-3\">\r\n<img src=\"https:\/\/cdn.plagiarismcheckerx.com\/images\/cost-effective.png\" loading=\"lazy\" style=\"height: 180px\">\r\n<\/div>\r\n<div class=\"col-md-1\"><\/div>\r\n<div class=\"col-md-5\">\r\n<h2>Kosteneffectief <\/h2>\r\n<p>Ten slotte bieden we je waar voor uw geld. Dus in plaats van hoge kosten in rekening te brengen, is onze applicatie te koop voor een \u00e9\u00e9nmalige betaling. Kies gewoon het pakket dat het beste bij je behoeften past, d.w.z. voor \u00e9\u00e9n gebruiker of voor meerdere gebruikers.<\/p>\r\n<\/div>\r\n<div class=\"col-md-1\"><\/div>\r\n<\/div>\r\n<br><br><br>\r\n<\/section>\r\n\r\n<div class=\"light-bg\">\n    <section id=\"quick-video\">\n    <div class=\"container inner-sm\">\n    <div class=\"row\">\n    <div class=\"col-md-10 col-sm-9 center-block text-center\">\n    <header>\n    <h2>Snelle 1-Min video met alle functies!<\/h2>\n    <p>Krijg een overzicht van alle beschikbare tools in Plagiarism Checker X in de korte en snelle 1-minuten video van Plagiarism Checker X. Klik, werp een blik op alle beschikbare tools en ga meteen aan de slag.<\/p>\n    <div class=\"row\">\n    <div class=\"col-md-8 center-block text-center\">\n    <iframe src=\"https:\/\/www.youtube.com\/embed\/8hlmDcQ18rE?modestbranding=1&playlist=h9KxPuCCn6M,4Y18EvBvGdg,yzH_fw0bxrU,7zsNw-HEO_Q\" width=\"560\" height=\"315\" frameborder=\"0\"><\/iframe>\n    <\/div><\/div>\n    <\/header>\n    <\/div>\n    <\/div>\n    <\/div>\n    <\/section>\n\n\n    <\/div>\r\n\n\n<section id=\"your-data-is-safe\">\n<div class=\"container inner-sm\">\n<div class=\"row\">\n<div class=\"col-md-10 col-sm-9 center-block text-center\">\n<header>\n<h2>Je Data is Veilig op jouw Apparaat, Je Hoeft Het Niet te Uploaden<\/h2>\n<p>\"Als gebruiker hoef je je verslagen en inhoud niet te uploaden naar onze database, in plaats daarvan blijven de bestanden bij je. Dit maakt Plagiarism Checker X anders dan de rest van de serviceproviders. Dus Wacht Niet Langer! Haal de software hier!\".<\/p>\n<div class=\"row\">\n<div class=\"col-md-8 center-block text-center\">\n<figure><img src=\"https:\/\/cdn.plagiarismcheckerx.com\/images\/credit-cards-2.png\" alt=\"Credit Cards\"> <\/figure>\n<\/div><\/div>\n<\/header>\n<div>\n<a href=\"..\/download-thank-you\" class=\"btn btn-large\">FREE DOWNLOAD<\/a> \n<a href=\"..\/buy\" class=\"btn btn-large\">BUY PRO<\/a>\n<\/div>\n<\/div>\n<\/div>\n<\/div>\n<\/section>\n\n\r\n","protected":false},"excerpt":{"rendered":"<p>Bekijk de functies van Plagiarism X Ben je een hardwerkende student, blogger of content-schrijver? Of een plichtsgetrouwe leraar, redacteur, uitgever of een SEO-analist? Als je \u00e9\u00e9n van de bovengenoemde bent; dan is het zeer waarschijnlijk, dat je je bewust bent van de gevolgen van geplagieerde content. Ons team bij &#8216;Plagiarism Checker X&#8217; waardeert je harde [&hellip;]<\/p>\n","protected":false},"author":1,"featured_media":0,"parent":0,"menu_order":0,"comment_status":"closed","ping_status":"closed","template":"","meta":[],"_links":{"self":[{"href":"https:\/\/plagiarismcheckerx.com\/nl\/wp-json\/wp\/v2\/pages\/65"}],"collection":[{"href":"https:\/\/plagiarismcheckerx.com\/nl\/wp-json\/wp\/v2\/pages"}],"about":[{"href":"https:\/\/plagiarismcheckerx.com\/nl\/wp-json\/wp\/v2\/types\/page"}],"author":[{"embeddable":true,"href":"https:\/\/plagiarismcheckerx.com\/nl\/wp-json\/wp\/v2\/users\/1"}],"replies":[{"embeddable":true,"href":"https:\/\/plagiarismcheckerx.com\/nl\/wp-json\/wp\/v2\/comments?post=65"}],"version-history":[{"count":3,"href":"https:\/\/plagiarismcheckerx.com\/nl\/wp-json\/wp\/v2\/pages\/65\/revisions"}],"predecessor-version":[{"id":325,"href":"https:\/\/plagiarismcheckerx.com\/nl\/wp-json\/wp\/v2\/pages\/65\/revisions\/325"}],"wp:attachment":[{"href":"https:\/\/plagiarismcheckerx.com\/nl\/wp-json\/wp\/v2\/media?parent=65"}],"curies":[{"name":"wp","href":"https:\/\/api.w.org\/{rel}","templated":true}]}}