{"id":30,"date":"2020-11-25T06:49:23","date_gmt":"2020-11-25T06:49:23","guid":{"rendered":"https:\/\/plagiarismcheckerx.com\/wordpress\/es\/?page_id=30"},"modified":"2021-01-16T08:29:29","modified_gmt":"2021-01-16T08:29:29","slug":"home","status":"publish","type":"page","link":"https:\/\/plagiarismcheckerx.com\/nl\/","title":{"rendered":"HOME"},"content":{"rendered":"<main>\r\n<section id=\"download\">\r\n<div class=\"container inner-xs\">\r\n<div class=\"row\">\r\n<div class=\"col-md-7 inner-xs text-center\"><br \/>\r\n<h1 align=\"center\">#1 Detector de Pl\u00e1gio<\/h1>\r\n<p>O Detector de Pl\u00e1gio X ajuda-te a detector pl\u00e1gio nos teus papers de investiga\u00e7\u00e3o, blogs, trabalhos e sites. Com uma velocidade e precis\u00e3o elevadas, podes facilmente verificar a semelhan\u00e7a dos teus documentos em alguns segundos apenas.<\/p>\r\n<a class=\"btn btn-large\" href=\"buy\">GET STARTED<\/a> \u00a0\r\n<p class=\"text-center\"><img src=\"https:\/\/cdn.plagiarismcheckerx.com\/images\/windows-10-logo.png\" alt=\"plagairism checker windows 10, 8, 7\" height=\"32px\" \/> <small>Compatible with Windows 10, 8, 7, and Vista.<\/small><\/p>\r\n<\/div>\r\n<div class=\"col-md-5\"><br \/><img src=\"https:\/\/cdn.plagiarismcheckerx.com\/images\/header-banner-blue.jpg\" alt=\"plagairism checker free\" height=\"395px\" \/><\/div>\r\n<\/div>\r\n<\/div>\r\n<\/section>\r\n<section id=\"standard-tabs-side\" class=\"border-top light-bg\">\r\n<div class=\"container inner-top-md inner-bottom-sm\">\r\n<div class=\"row\">\r\n<div class=\"col-xs-12\">\r\n<div class=\"tabs tabs-circle-top tab-container text-center\">\r\n<ul class=\"etabs\">\r\n<li class=\"tab\"><a href=\"#tab-1\">Estudantes<\/a><\/li>\r\n<li class=\"tab\"><a href=\"#tab-2\"> Professores<\/a><\/li>\r\n<li class=\"tab\"><a href=\"#tab-3\">Escritores e Jornalistas<\/a><\/li>\r\n<li class=\"tab\"><a href=\"#tab-4\">comerciantes digitais<\/a><\/li>\r\n<li class=\"tab\"><a href=\"#tab-5\">Pr\u00e9mios<\/a><\/li>\r\n<\/ul>\r\n<div class=\"panel-container\">\r\n<div id=\"tab-1\" class=\"tab-content\">\r\n<div class=\"row\">\r\n<div class=\"col-md-4 col-md-offset-1\">\r\n<figure><img style=\"filter: grayscale(100);\" src=\"https:\/\/cdn.plagiarismcheckerx.com\/images\/students.jpg\" alt=\"Similarity Scanner for Students\" \/><\/figure>\r\n<\/div>\r\n<div class=\"col-md-5 text-left\">\r\n<h2>Estudantes<\/h2>\r\n<p>O Detector de Pl\u00e1gio X ajuda os estudantes ao verificar problemas de duplicados nos seus trabalhos e papers. Podes facilmente verificar se est\u00e1s a plagiar e descobrir as fontes originais, corrigir as cita\u00e7\u00f5es e, desta forma, obter melhores notas. <br \/><a class=\"btn btn-green\" href=\"plagiarism-checker-for-students\">Know More!<\/a><\/p>\r\n<\/div>\r\n<\/div>\r\n<\/div>\r\n<div id=\"tab-2\" class=\"tab-content\">\r\n<div class=\"row\">\r\n<div class=\"col-md-4 col-md-offset-1\">\r\n<figure><img style=\"filter: grayscale(100);\" src=\"https:\/\/cdn.plagiarismcheckerx.com\/images\/teachers.jpg\" alt=\"Similarity Scanner for Teachers\" \/><\/figure>\r\n<\/div>\r\n<div class=\"col-md-5 text-left\">\r\n<h2>Professores<\/h2>\r\n<p>Como professor, poder\u00e1 usar o Detector de Pl\u00e1gio X para verificar os seus pr\u00f3prios papers de investiga\u00e7\u00e3o e os trabalhos dos seus alunos. A ferramenta de Pesquisa em Massa permite-lhe verificar uma quantidade significativa de documentos apenas num clique. Adicionalmente, poder\u00e1 detectar pl\u00e1gio em documentos e conte\u00fado publicado. <br \/><a class=\"btn btn-green\" href=\"plagiarism-checker-for-teachers\">Know More!<\/a><\/p>\r\n<\/div>\r\n<\/div>\r\n<\/div>\r\n<div id=\"tab-3\" class=\"tab-content\">\r\n<div class=\"row\">\r\n<div class=\"col-md-4 col-md-offset-1\">\r\n<figure><img style=\"filter: grayscale(100);\" src=\"https:\/\/cdn.plagiarismcheckerx.com\/images\/publishers.jpg\" alt=\"Similarity Scanner for Publishers\" \/><\/figure>\r\n<\/div>\r\n<div class=\"col-md-5 text-left\">\r\n<h2>Escritores e Jornalistas<\/h2>\r\n<p>Para editores online tais como escritores e jornalistas, um conte\u00fado \u00fanico \u00e9 de extrema import\u00e2ncia. O maior desafio \u00e9 produzir ou obter conte\u00fado original. Se tens um blog ou \u00e9s um escritor de conte\u00fados profissional, o Detector de Pl\u00e1gio X pode ajudar-te a evitar pl\u00e1gio. <br \/><a class=\"btn btn-green\" href=\"plagiarism-checker-for-publishers\">Know More!<\/a><\/p>\r\n<\/div>\r\n<\/div>\r\n<\/div>\r\n<div id=\"tab-4\" class=\"tab-content\">\r\n<div class=\"row\">\r\n<div class=\"col-md-10 text-center center-block\">\r\n<h2>comerciantes digitais<\/h2>\r\n<p>Os comerciantes de Digitas e peritos de SEO compreendem o valor do \u00edndice original. As p\u00e1ginas nunca atingem um alto escal\u00e3o nos principais motores de busca, como o Google ou o Bing, a menos que seu conte\u00fado seja fresco, \u00fanico e bem escrito. O verificador do pl\u00e1gio X ajuda-o a descobrir a classifica\u00e7\u00e3o da similaridade de seu \u00edndice escrito antes de submeter aos motores da busca. <br \/><\/p>\r\n<\/div>\r\n<\/div>\r\n<\/div>\r\n<div id=\"tab-5\" class=\"tab-content\">\r\n<div class=\"row\">\r\n<div class=\"col-md-4 col-md-offset-1\">\r\n<figure><img style=\"filter: grayscale(100);\" src=\"https:\/\/cdn.plagiarismcheckerx.com\/images\/awards.jpg\" alt=\"Similarity Detector for SEO Experts\" \/><\/figure>\r\n<\/div>\r\n<div class=\"col-md-5 text-left\">\r\n<h2>Pr\u00e9mios e Certifica\u00e7\u00f5es<\/h2>\r\n<p>O Detector de Pl\u00e1gio X \u00e9 um software vencedor de pr\u00e9mios. N\u00e3o gostamos de embandeirar em arco mas sim de partilhar as nossas conquistas e reconhecimento mundial. Os coment\u00e1rios positivos que temos recebido de in\u00fameras organiza\u00e7\u00f5es independentes e dentro da ind\u00fastria, assim como de ag\u00eancias de testes s\u00e3o apenas a cereja no topo do bolo.<\/p>\r\n<\/div>\r\n<\/div>\r\n<\/div>\r\n<\/div>\r\n<\/div>\r\n<\/div>\r\n<\/div>\r\n<\/div>\r\n<\/section>\r\n<section id=\"features\">\r\n<div class=\"container inner-sm\">\r\n<div class=\"row\">\r\n<div class=\"col-md-10 col-sm-9 center-block text-center\">\r\n<h2>As Ferramentas do Detector de Pl\u00e1gio<\/h2>\r\n<p>Deves aderir a este produto pelos motivos enunciados de seguida. O mesmo possui ferramentas que o destacam das demais solu\u00e7\u00f5es alternativas.<\/p>\r\n<\/div>\r\n<\/div>\r\n<div class=\"row text-center inner-top-xs inner-bottom-xs\">\r\n<div class=\"col-sm-4\">\r\n<h3>Compatibilidade Melhorada<\/h3>\r\n<p class=\"text-small\">O Detector de Pl\u00e1gio X est\u00e1 feito para analisar os formatos de ficheiros mais comuns, incluindo doc, docx, rtf, PDF e textos simples. \u00c9 tamb\u00e9m compat\u00edvel com o Windows 10, 8, 7 e Vista.<\/p>\r\n<\/div>\r\n<div class=\"col-sm-4\">\r\n<h3>Dispon\u00edvel em 7 L\u00ednguas<\/h3>\r\n<p class=\"text-small\">Os utilizadores internacionais n\u00e3o ter\u00e3o mais barreiras: O Detector de Pl\u00e1gio X est\u00e1 agora dispon\u00edvel em Ingl\u00eas, Espanhol, Franc\u00eas, Alem\u00e3o, Italiano, Holand\u00eas e Portugu\u00eas.<\/p>\r\n<\/div>\r\n<div class=\"col-sm-4\">\r\n<h3>Utilizado em Mais de 80 Pa\u00edses<\/h3>\r\n<p class=\"text-small\">Pessoas de mais de 80 pa\u00edses est\u00e3o a aproveitar os benef\u00edcios do Detector de Pl\u00e1gio X. Os nossos clientes encontram-se nos EUA, Reino Unido, Canad\u00e1, Indon\u00e9sia, Alemanha, \u00cdndia, Mal\u00e1sia e muitos outros pa\u00edses.<\/p>\r\n<\/div>\r\n<\/div>\r\n<div class=\"row inner-top-xs\">\r\n<div class=\"col-sm-1 col-md-offset-1\">\r\n<div class=\"icon pull-right\">\u00a0<\/div>\r\n<\/div>\r\n<div class=\"col-sm-4 inner-bottom-sm\">\r\n<h3>Detec\u00e7\u00e3o de Pl\u00e1gio Online<\/h3>\r\n<p class=\"text-small\">O Detector de Pl\u00e1gio X ajuda estudantes, professores, e investigadores profissionais ao rapidamente e com precis\u00e3o verificar por pl\u00e1gio nos seus documentos.<\/p>\r\n<\/div>\r\n<div class=\"col-sm-1\">\r\n<div class=\"icon pull-right\">\u00a0<\/div>\r\n<\/div>\r\n<div class=\"col-sm-4 inner-bottom-sm\">\r\n<h3>Compara\u00e7\u00e3o Lado a Lado<\/h3>\r\n<p class=\"text-small\">Podes comparar dois documentos lado a lado para verificares semelhan\u00e7as entre os mesmos. Esta ferramenta sublinha tanto o conte\u00fado original como o alternativo onde encontrar duplicados.<\/p>\r\n<\/div>\r\n<\/div>\r\n<div class=\"row\">\r\n<div class=\"col-sm-1 col-md-offset-1\">\r\n<div class=\"icon pull-right\">\u00a0<\/div>\r\n<\/div>\r\n<div class=\"col-sm-4 inner-bottom-sm\">\r\n<h3>Pesquisa em Massa<\/h3>\r\n<p class=\"text-small\">Os professores t\u00eam que verificar m\u00faltiplos trabalhos, o que se torna uma tarefa repetitiva e que exige muito tempo. Com a ferramenta de Pesquisa em Massa, poder\u00e1 analisar uma quantidade significativa de trabalhos apenas num clique<\/p>\r\n<\/div>\r\n<div class=\"col-sm-1\">\r\n<div class=\"icon pull-right\">\u00a0<\/div>\r\n<\/div>\r\n<div class=\"col-sm-4 inner-bottom-sm\">\r\n<h3>Verifica\u00e7\u00e3o de Blogs\/P\u00e1ginas<\/h3>\r\n<p class=\"text-small\">Escritores de conte\u00fados na internet, bloggers e editores podem utilizar o Detector de Pl\u00e1gio X para analisar a qualidade do seu conte\u00fado de forma a evitar penaliza\u00e7\u00f5es por parte dos motores de busca.<\/p>\r\n<\/div>\r\n<\/div>\r\n<div class=\"row\">\r\n<div class=\"col-sm-1 col-md-offset-1\">\r\n<div class=\"icon pull-right\">\u00a0<\/div>\r\n<\/div>\r\n<div class=\"col-sm-4\">\r\n<h3>Verificador de Palavras-Chave<\/h3>\r\n<p class=\"text-small\">Se \u00e9s um perito em optimiza\u00e7\u00e3o de motores de busca, sabes a import\u00e2ncia das palavras-chave. Ao utilizar esta ferramenta, podes extrair as palavras-chave juntamente com a sua ocorr\u00eancia e raz\u00e3o de densidade.<\/p>\r\n<\/div>\r\n<div class=\"col-sm-1\">\r\n<div class=\"icon pull-right\">\u00a0<\/div>\r\n<\/div>\r\n<div class=\"col-sm-4\">\r\n<h3>Relat\u00f3rios Compreensivos<\/h3>\r\n<p class=\"text-small\">A descri\u00e7\u00e3o detalhada e compreensiva de Word\/PDF \u00e9 uma caracter\u00edstica do software Detector de Pl\u00e1gio X. Os relat\u00f3rios s\u00e3o sublinhados a cores, indicando o n\u00edvel de pl\u00e1gio.<\/p>\r\n<\/div>\r\n<\/div>\r\n<\/div>\r\n<\/section>\r\n<div class=\"light-bg\">\n\n<section id=\"clients\">\n<div class=\"container inner-sm\">\n\n<div class=\"row\">\n<div class=\"col-md-8 col-sm-9 center-block text-center\">\n<header>\n<h2>Gebruikt Door Vooraanstaande Instituten<\/h2>\n<p>We hechten veel waarde aan de ervaring van onze klanten. De snelheid, accuratesse en eenvoudige gebruikersinterface heeft geleid tot tevreden en loyale klanten.<\/p>\n<\/header>\n<\/div>\n<\/div>\n\n<div class=\"row inner-top-xs\">\n<div class=\"col-sm-12\">\n<div id=\"owl-clients\" class=\"owl-carousel owl-outer-nav\">\n\n<div class=\"item\">\n<figure>\n<figcaption class=\"text-overlay\">\n<div class=\"info\">\n<h4>IEEE<\/h4>\n<\/div>\n<\/figcaption>\n<img class=\"SliceImages OrgImage1\">\n<\/figure>\n<\/div>\n\n<div class=\"item\">\n<figure>\n<figcaption class=\"text-overlay\">\n<div class=\"info\">\n<h4>American University of Science And Technology<\/h4>\n<\/div>\n<\/figcaption>\n<img class=\"SliceImages OrgImage2\">\n<\/figure>\n<\/div>\n\n<div class=\"item\">\n<figure>\n<figcaption class=\"text-overlay\">\n<div class=\"info\">\n<h4>Remington College<\/h4>\n<\/div>\n<\/figcaption>\n<img class=\"SliceImages OrgImage3\">\n<\/figure>\n<\/div>\n\n<div class=\"item\">\n<figure>\n<figcaption class=\"text-overlay\">\n<div class=\"info\">\n<h4>JM Field Marketing<\/h4>\n<\/div>\n<\/figcaption>\n<img class=\"SliceImages OrgImage4\">\n<\/figure>\n<\/div>\n\n<div class=\"item\">\n<figure>\n<figcaption class=\"text-overlay\">\n<div class=\"info\">\n<h4>University of Maribor<\/h4>\n<\/div>\n<\/figcaption>\n<img class=\"SliceImages OrgImage5\">\n<\/figure>\n<\/div>\n\n<div class=\"item\">\n<figure>\n<figcaption class=\"text-overlay\">\n<div class=\"info\">\n<h4>Great American Cookies<\/h4>\n<\/div>\n<\/figcaption>\n<img class=\"SliceImages OrgImage6\">\n<\/figure>\n<\/div>\n\n<div class=\"item\">\n<figure>\n<figcaption class=\"text-overlay\">\n<div class=\"info\">\n<h4>Ohio University<\/h4>\n<\/div>\n<\/figcaption>\n<img class=\"SliceImages OrgImage7\">\n<\/figure>\n<\/div>\n\n<div class=\"item\">\n<figure>\n<figcaption class=\"text-overlay\">\n<div class=\"info\">\n<h4>University Of Massachusetts Boston<\/h4>\n<\/div>\n<\/figcaption>\n<img class=\"SliceImages OrgImage8\">\n<\/figure>\n<\/div>\n\n<div class=\"item\">\n<figure>\n<figcaption class=\"text-overlay\">\n<div class=\"info\">\n<h4>Labournet Services India<\/h4>\n<\/div>\n<\/figcaption>\n<img class=\"SliceImages OrgImage9\">\n<\/figure>\n<\/div>\n\n<div class=\"item\">\n<figure>\n<figcaption class=\"text-overlay\">\n<div class=\"info\">\n<h4>King Saud University<\/h4>\n<\/div>\n<\/figcaption>\n<img class=\"SliceImages OrgImage10\">\n<\/figure>\n<\/div>\n\n<div class=\"item\">\n<figure>\n<figcaption class=\"text-overlay\">\n<div class=\"info\">\n<h4>Delta-State-University-Abraka<\/h4>\n<\/div>\n<\/figcaption>\n<img class=\"SliceImages OrgImage11\">\n<\/figure>\n<\/div>\n\n<div class=\"item\">\n<figure>\n<figcaption class=\"text-overlay\">\n<div class=\"info\">\n<h4>Trinity College<\/h4>\n<\/div>\n<\/figcaption>\n<img class=\"SliceImages OrgImage12\">\n<\/figure>\n<\/div>\n\n<\/div>\n<\/div>\n<\/div>\n\n<\/div>\n<\/section>\n\n<\/div>\r\n\n\n<section id=\"your-data-is-safe\">\n<div class=\"container inner-sm\">\n<div class=\"row\">\n<div class=\"col-md-10 col-sm-9 center-block text-center\">\n<header>\n<h2>Je Data is Veilig op jouw Apparaat, Je Hoeft Het Niet te Uploaden<\/h2>\n<p>\"Als gebruiker hoef je je verslagen en inhoud niet te uploaden naar onze database, in plaats daarvan blijven de bestanden bij je. Dit maakt Plagiarism Checker X anders dan de rest van de serviceproviders. Dus Wacht Niet Langer! Haal de software hier!\".<\/p>\n<div class=\"row\">\n<div class=\"col-md-8 center-block text-center\">\n<figure><img src=\"https:\/\/cdn.plagiarismcheckerx.com\/images\/credit-cards-2.png\" alt=\"Credit Cards\"> <\/figure>\n<\/div><\/div>\n<\/header>\n<div>\n<a href=\"..\/download-thank-you\" class=\"btn btn-large\">FREE DOWNLOAD<\/a> \n<a href=\"..\/buy\" class=\"btn btn-large\">BUY PRO<\/a>\n<\/div>\n<\/div>\n<\/div>\n<\/div>\n<\/section>\n\n<\/main>","protected":false},"excerpt":{"rendered":"<p>#1 Detector de Pl\u00e1gio O Detector de Pl\u00e1gio X ajuda-te a detector pl\u00e1gio nos teus papers de investiga\u00e7\u00e3o, blogs, trabalhos e sites. Com uma velocidade e precis\u00e3o elevadas, podes facilmente verificar a semelhan\u00e7a dos teus documentos em alguns segundos apenas. GET STARTED \u00a0 Compatible with Windows 10, 8, 7, and Vista. Estudantes Professores Escritores e [&hellip;]<\/p>\n","protected":false},"author":1,"featured_media":0,"parent":0,"menu_order":0,"comment_status":"closed","ping_status":"closed","template":"","meta":[],"_links":{"self":[{"href":"https:\/\/plagiarismcheckerx.com\/nl\/wp-json\/wp\/v2\/pages\/30"}],"collection":[{"href":"https:\/\/plagiarismcheckerx.com\/nl\/wp-json\/wp\/v2\/pages"}],"about":[{"href":"https:\/\/plagiarismcheckerx.com\/nl\/wp-json\/wp\/v2\/types\/page"}],"author":[{"embeddable":true,"href":"https:\/\/plagiarismcheckerx.com\/nl\/wp-json\/wp\/v2\/users\/1"}],"replies":[{"embeddable":true,"href":"https:\/\/plagiarismcheckerx.com\/nl\/wp-json\/wp\/v2\/comments?post=30"}],"version-history":[{"count":3,"href":"https:\/\/plagiarismcheckerx.com\/nl\/wp-json\/wp\/v2\/pages\/30\/revisions"}],"predecessor-version":[{"id":367,"href":"https:\/\/plagiarismcheckerx.com\/nl\/wp-json\/wp\/v2\/pages\/30\/revisions\/367"}],"wp:attachment":[{"href":"https:\/\/plagiarismcheckerx.com\/nl\/wp-json\/wp\/v2\/media?parent=30"}],"curies":[{"name":"wp","href":"https:\/\/api.w.org\/{rel}","templated":true}]}}