{"id":81,"date":"2020-11-25T11:08:27","date_gmt":"2020-11-25T11:08:27","guid":{"rendered":"https:\/\/plagiarismcheckerx.com\/wordpress\/es\/?page_id=81"},"modified":"2020-12-08T12:23:48","modified_gmt":"2020-12-08T12:23:48","slug":"what-is-plagiarism","status":"publish","type":"page","link":"https:\/\/plagiarismcheckerx.com\/it\/what-is-plagiarism","title":{"rendered":"What is Plagiarism"},"content":{"rendered":"\r\n\r\n<section id=\"what-is-plagiarism\">\r\n<div class=\"container\">\r\n<div class=\"row\">\r\n<div class=\"col-md-11 inner-top-sm center-block text-center\">\r\n<header>\r\n<h1>Che cos&#8217;\u00e8 il plagio?<\/h1>\r\n<\/header>\r\n<p> Quando si parla di plagio, spesso le persone scrollano le spalle e lo prendono troppo alla leggera. Comunemente, si pensa che il plagio sia &#8220;copiare un altro lavoro o prendere in prestito le idee originali di qualcun altro&#8221;. Tuttavia, parole come &#8220;copiare&#8221; rendono il reato un po&#8217; pi\u00f9 leggero. Secondo il dizionario online Merriam-Webster, la parola &#8220;Plagiare&#8221; significa:<\/p>\r\n<\/div>\r\n<\/div>\r\n<\/div>\r\n<\/section>\r\n<section>\r\n<div class=\"container\">\r\n<div class=\"row\">\r\n<div class=\"col-md-10 inner-bottom-md center-block\">\r\n<br>\r\n<ol>\r\n<li>Rubare e spacciare come proprie idee o parole altrui<\/li>\r\n<li>Usare i lavori di altri senza una referenza corretta<\/li>\r\n<li>Commettere un furto letterario<\/li>\r\n<li>Presentare le idee o i prodotti di altri come qualcosa di nuovo<\/li>\r\n<\/ol>\r\n<p>Secondo l&#8217;Oxford English Dictionary, il plagio \u00e8 &#8220;La pratica di usare il lavoro o le idee di qualcun altro e spacciarle come proprie&#8221;. Quindi, il plagio \u00e8 il furto spudorato di idee, parole o prodotti altrui.  <br \/> <br \/>Alcuni esempi principali di plagio sono i seguenti:<\/p>\r\n<ol>\r\n<li>Copiare parola per parola un testo disponibile in formato cartaceo o digitale.<\/li>\r\n<li>Usare il lavoro di qualcun altro e presentarlo completamente come proprio.<\/li>\r\n<li>Consegnare o presentare articoli che non hai scritto tu. <\/li>\r\n<li>Usare idee, testi o lavori altrui senza una referenza adeguata. <\/li>\r\n<li>Parafrasare<\/li>\r\n<li>Non mettere le virgolette per il lavoro citato.<\/li>\r\n<li>Copiare molte parole da un paragrafo e riformularle come tue. (Se viene usata una giusta referenza, allora non si tratta di plagio). <\/li>\r\n<\/ol>\r\n\r\n<br><h2>Tipi di plagio<\/h2>\r\n<p>Ci sono molti tipi di plagio. Ne presentiamo solo alcuni. <\/p>\r\n<ol>\r\n<li>Plagio diretto: \u00e8 la trascrizione parola per parola di una sezione del lavoro di qualcun altro, senza l&#8217;uso di virgolette o referenze. Azioni deliberate di questo tipo sono considerate una disonest\u00e0 etica e accademica.<\/li>\r\n<li>Auto-plagio: questo accade quando una persona presenta il proprio lavoro precedente o una combinazione di elaborati precedenti senza il permesso dei professori interessati. <\/li>\r\n<li>Scrittura collage: viene anche chiamato &#8220;Plagio Mosaico&#8221;. Accade quando uno studente prende in prestito frasi da una fonte senza usare le virgolette. Oppure quando trova dei sinonimi per le parole usate dall&#8217;autore\/autrice, ma mantiene la stessa struttura generale e lo stesso significato del contenuto.<\/li>\r\n<li>Plagio accidentale: una situazione del genere pu\u00f2 succedere quando una persona dimentica di citare le fonti utilizzate o non le cita nel modo corretto. Una parafrasi involontaria o un raggruppamento di vocaboli che coincidono con altre fonti possono rientrare in questa categoria. I casi di plagio accidentale vengono considerati tanto seriamente quanto altri tipi di plagio.<\/li>\r\n<\/ol>\r\n\r\n<br><h2>Le idee possono essere rubate? Una perspettiva legale<\/h2>\r\n<p>Dal punto di vista legale, ci sono diverse evidenze e prove che portano a dire &#8216;s\u00ec&#8217;. L&#8217;espressione di un&#8217;idea \u00e8 in un certo modo considerata una propriet\u00e0 intellettuale ed \u00e8 protetta da leggi di copyright. Secondo la legge degli USA, si tratta di un reato maggiore che pu\u00f2 risultare in sanzioni e compensazioni finanziarie per la fonte\/autore o autrice originale. Per capire meglio, considera le idee come &#8216;il prodotto originariamente inventato&#8217; da qualcuno.<\/p>\r\n\r\n<h2>Conseguenze del plagio?<\/h2>\r\n<p>Dato che il plagio \u00e8 considerato un reato, le sue conseguenze non sono positive per la persona\/istituzione accusata. Leggi le seguenti probabili conseguenze.<\/p>\r\n<ol>\r\n<li>Reputazione dell&#8217;individuo rovinata<\/li>\r\n<li>Reputazione dell&#8217;istituzione accademica rovinata<\/li>\r\n<li>Insufficienza in quel particolare compito<\/li>\r\n<li>Voti bassi per il corso<\/li>\r\n<li>Sanzioni accademiche<\/li>\r\n<li>Sospensioni accademiche<\/li>\r\n<li>Espulsione dall&#8217;universit\u00e0<\/li>\r\n<li>Cause legali per la violazione di copyright<\/li>\r\n<li>Compensazione finanziaria per l&#8217;autore\/autrice del contenuto copiato<\/li>\r\n<\/ol>\r\n\r\n<br><h2>Come evitare il plagio?<\/h2>\r\n<p>Seguendo questi semplici suggerimenti, puoi facilmente evitare il plagio e le conseguenze negative sopra elencate.<\/p>\r\n<ol>\r\n<li>Nella maggior parte dei casi, il plagio si pu\u00f2 evitare citando le fonti originali. Una semplice referenza che mostra la fonte originale del materiale evita situazioni di plagio.<\/li>\r\n<li>Uno studente pu\u00f2 migliorare la sua conoscenza dei diversi stili di citazioni per evitare problemi accademici. Plagiarism Checker X ha anche pensato agli studenti creando una pagina dedicata come &#8220;guida per le citazioni&#8221;<\/li>\r\n<li>Anche se ce la mettiamo tutta, pu\u00f2 capitare che involontariamente incorriamo nel plagio. Perci\u00f2 l&#8217;ultima opzione \u00e8 quella di scaricare un rilevatore di plagio come Plagiarism Checker X e usarlo per ogni elaborato. Pagando un piccolo prezzo e impiegando un po&#8217; di tempo puoi salvarti da eventuali situazioni imabrazzanti e sanzioni.<\/li>\r\n<\/ol>\r\n<p>Ci sono molto portali accademici che ti possono aiutare a capire meglio che cos&#8217;\u00e8 il plagio, le sue diverse forme e come evitarlo.<\/p>\r\n\r\n<h2>Referenze<\/h2>\r\n<p> Academic Integrity Assessment Team. &#8220;Definitions of Academic Dishonesty.&#8221; Proposed Honor System &#8211; Texas A&amp;M University. Comp. Bill Kibler. Texas A&amp;M University, 2003 Definition of plagiarism in English<\/p>\r\n<\/div>\r\n<\/div>\r\n<\/div>\r\n<\/section>\r\n\r\n","protected":false},"excerpt":{"rendered":"<p>Che cos&#8217;\u00e8 il plagio? Quando si parla di plagio, spesso le persone scrollano le spalle e lo prendono troppo alla leggera. Comunemente, si pensa che il plagio sia &#8220;copiare un altro lavoro o prendere in prestito le idee originali di qualcun altro&#8221;. Tuttavia, parole come &#8220;copiare&#8221; rendono il reato un po&#8217; pi\u00f9 leggero. Secondo il [&hellip;]<\/p>\n","protected":false},"author":1,"featured_media":0,"parent":0,"menu_order":0,"comment_status":"closed","ping_status":"closed","template":"","meta":[],"_links":{"self":[{"href":"https:\/\/plagiarismcheckerx.com\/it\/wp-json\/wp\/v2\/pages\/81"}],"collection":[{"href":"https:\/\/plagiarismcheckerx.com\/it\/wp-json\/wp\/v2\/pages"}],"about":[{"href":"https:\/\/plagiarismcheckerx.com\/it\/wp-json\/wp\/v2\/types\/page"}],"author":[{"embeddable":true,"href":"https:\/\/plagiarismcheckerx.com\/it\/wp-json\/wp\/v2\/users\/1"}],"replies":[{"embeddable":true,"href":"https:\/\/plagiarismcheckerx.com\/it\/wp-json\/wp\/v2\/comments?post=81"}],"version-history":[{"count":3,"href":"https:\/\/plagiarismcheckerx.com\/it\/wp-json\/wp\/v2\/pages\/81\/revisions"}],"predecessor-version":[{"id":371,"href":"https:\/\/plagiarismcheckerx.com\/it\/wp-json\/wp\/v2\/pages\/81\/revisions\/371"}],"wp:attachment":[{"href":"https:\/\/plagiarismcheckerx.com\/it\/wp-json\/wp\/v2\/media?parent=81"}],"curies":[{"name":"wp","href":"https:\/\/api.w.org\/{rel}","templated":true}]}}