{"id":75,"date":"2020-11-25T10:57:13","date_gmt":"2020-11-25T10:57:13","guid":{"rendered":"https:\/\/plagiarismcheckerx.com\/wordpress\/es\/?page_id=75"},"modified":"2020-12-01T20:07:07","modified_gmt":"2020-12-01T20:07:07","slug":"download","status":"publish","type":"page","link":"https:\/\/plagiarismcheckerx.com\/it\/download","title":{"rendered":"Download"},"content":{"rendered":"\n<section id=\"download\">\n<div class=\"container inner-xs\">\n<div class=\"row\">\n\n<div class=\"col-md-7 inner-xs text-center\">\n<br>\n<h1 align=\"center\">Scarica Plagiarism Checker<\/h1>\n<p>Il software Plagiarism Checker X \u00e8 stato sviluppato per rilevare contenuti di plagio nei tuoi documenti\/testi per aiutare gli utenti (studenti, insegnanti, universit\u00e0, istituti, redattori, agenti SEO, etc.) a controllare l&#8217;originalit\u00e0 del loro contenuto ed evitare materiali copiati. Questa versione di prova \u00e8 gratuita, ma ha delle limitazioni. Gli utenti possono testare il software che permette di rilevare facilmente il plagio ed evita l&#8217;uso improprio di contenuti. Per approfittare della versione completa con tutte le funzionalit\u00e0 innovative, acquista ora il software a soli 39.95$.<\/p>\n<a href=\"..\/download-thank-you\" class=\"btn btn-large btn-gray\">DOWNLOAD GRATUITO<\/a> &nbsp;\n<a href=\"..\/buy\" class=\"btn btn-large\">Acquista adesso<\/a>\n<\/div>\n\n<div class=\"col-md-5\">\n<br>\n<img src=\"https:\/\/cdn.plagiarismcheckerx.com\/images\/header-banner-dashboard.jpg\" alt=\"plagairism checker free\" height=\"395px\">\n<\/div>\n<\/div>\n<br>\n<\/div>\n<\/section>\n\n\n<section id=\"clients\">\n<div class=\"container inner-sm\">\n\n<div class=\"row\">\n<div class=\"col-md-8 col-sm-9 center-block text-center\">\n<header>\n<h2>Usato dagli Istituti Leading<\/h2>\n<p>Valutiamo le nostre esperienze del cliente. La velocit\u00e0, l'accuratezza e l'interfaccia utente facile hanno reso i clienti soddisfatti e fedeli.<\/p>\n<\/header>\n<\/div>\n<\/div>\n\n<div class=\"row inner-top-xs\">\n<div class=\"col-sm-12\">\n<div id=\"owl-clients\" class=\"owl-carousel owl-outer-nav\">\n\n<div class=\"item\">\n<figure>\n<figcaption class=\"text-overlay\">\n<div class=\"info\">\n<h4>IEEE<\/h4>\n<\/div>\n<\/figcaption>\n<img class=\"SliceImages OrgImage1\">\n<\/figure>\n<\/div>\n\n<div class=\"item\">\n<figure>\n<figcaption class=\"text-overlay\">\n<div class=\"info\">\n<h4>American University of Science And Technology<\/h4>\n<\/div>\n<\/figcaption>\n<img class=\"SliceImages OrgImage2\">\n<\/figure>\n<\/div>\n\n<div class=\"item\">\n<figure>\n<figcaption class=\"text-overlay\">\n<div class=\"info\">\n<h4>Remington College<\/h4>\n<\/div>\n<\/figcaption>\n<img class=\"SliceImages OrgImage3\">\n<\/figure>\n<\/div>\n\n<div class=\"item\">\n<figure>\n<figcaption class=\"text-overlay\">\n<div class=\"info\">\n<h4>JM Field Marketing<\/h4>\n<\/div>\n<\/figcaption>\n<img class=\"SliceImages OrgImage4\">\n<\/figure>\n<\/div>\n\n<div class=\"item\">\n<figure>\n<figcaption class=\"text-overlay\">\n<div class=\"info\">\n<h4>University of Maribor<\/h4>\n<\/div>\n<\/figcaption>\n<img class=\"SliceImages OrgImage5\">\n<\/figure>\n<\/div>\n\n<div class=\"item\">\n<figure>\n<figcaption class=\"text-overlay\">\n<div class=\"info\">\n<h4>Great American Cookies<\/h4>\n<\/div>\n<\/figcaption>\n<img class=\"SliceImages OrgImage6\">\n<\/figure>\n<\/div>\n\n<div class=\"item\">\n<figure>\n<figcaption class=\"text-overlay\">\n<div class=\"info\">\n<h4>Ohio University<\/h4>\n<\/div>\n<\/figcaption>\n<img class=\"SliceImages OrgImage7\">\n<\/figure>\n<\/div>\n\n<div class=\"item\">\n<figure>\n<figcaption class=\"text-overlay\">\n<div class=\"info\">\n<h4>University Of Massachusetts Boston<\/h4>\n<\/div>\n<\/figcaption>\n<img class=\"SliceImages OrgImage8\">\n<\/figure>\n<\/div>\n\n<div class=\"item\">\n<figure>\n<figcaption class=\"text-overlay\">\n<div class=\"info\">\n<h4>Labournet Services India<\/h4>\n<\/div>\n<\/figcaption>\n<img class=\"SliceImages OrgImage9\">\n<\/figure>\n<\/div>\n\n<div class=\"item\">\n<figure>\n<figcaption class=\"text-overlay\">\n<div class=\"info\">\n<h4>King Saud University<\/h4>\n<\/div>\n<\/figcaption>\n<img class=\"SliceImages OrgImage10\">\n<\/figure>\n<\/div>\n\n<div class=\"item\">\n<figure>\n<figcaption class=\"text-overlay\">\n<div class=\"info\">\n<h4>Delta-State-University-Abraka<\/h4>\n<\/div>\n<\/figcaption>\n<img class=\"SliceImages OrgImage11\">\n<\/figure>\n<\/div>\n\n<div class=\"item\">\n<figure>\n<figcaption class=\"text-overlay\">\n<div class=\"info\">\n<h4>Trinity College<\/h4>\n<\/div>\n<\/figcaption>\n<img class=\"SliceImages OrgImage12\">\n<\/figure>\n<\/div>\n\n<\/div>\n<\/div>\n<\/div>\n\n<\/div>\n<\/section>\n\n\n\n    <section id=\"awards\">\n    <div class=\"container inner-xs\">\n    <div class=\"row\">\n    <div class=\"col-md-11 col-sm-9 center-block text-center\">\n    <header>\n    <h2>Premi & Certificazioni<\/h2>\n    <\/header>\n    <p>\"Plagiarism Checker X \u00e8 un software pluripremiato. Non ci piace vantarci, ma siamo felici di condividere con voi i nostri successi e il riconoscimento mondiale. Le recensioni positive che abbiamo ricevuto da diverse organizzazioni indipendenti e affini al settore e dalle agenzie di testing lo dimostrano. Quindi, quando scarichi il software, ricordati che le innovative funzionalit\u00e0 di scansione di Plagiarism Checker X sono apprezzate mondialmente.\"<\/p>\n    <img src=\"https:\/\/cdn.plagiarismcheckerx.com\/images\/awards\/softonic.png\" loading=\"lazy\" alt=\"softonic\">\n    <img src=\"https:\/\/cdn.plagiarismcheckerx.com\/images\/awards\/software-informer.png\" loading=\"lazy\" alt=\"software informer\">\n    <img src=\"https:\/\/cdn.plagiarismcheckerx.com\/images\/awards\/mcafee.png\" loading=\"lazy\" alt=\"mcafee\">\n    <img src=\"https:\/\/cdn.plagiarismcheckerx.com\/images\/awards\/softpedia.png\" loading=\"lazy\" alt=\"sofepedia\">\n    <img src=\"https:\/\/cdn.plagiarismcheckerx.com\/images\/awards\/softpedia-clean.png\" loading=\"lazy\" alt=\"Softpedia clean\">\n    <img src=\"https:\/\/cdn.plagiarismcheckerx.com\/images\/awards\/software-informer-clean.png\" loading=\"lazy\" alt=\"software informer\">\n    <\/div>\n    <\/div>\n    <\/div>\n    <\/section>\n\n    \n\n\n<section id=\"your-data-is-safe\">\n<div class=\"container inner-sm\">\n<div class=\"row\">\n<div class=\"col-md-10 col-sm-9 center-block text-center\">\n<header>\n<h2>I tuoi dati sono sicuri nel dispositivo, non \u00e8 necessario caricarlo<\/h2>\n<p>\"Come utente, non \u00e8 necessario caricare le tue assegnazioni e contenuti nel nostro database, invece i file rimangono con voi, che rende Plagiarism Checker X molto diverso dal resto dei fornitori di\".<\/p>\n<div class=\"row\">\n<div class=\"col-md-8 center-block text-center\">\n<figure><img src=\"https:\/\/cdn.plagiarismcheckerx.com\/images\/credit-cards-2.png\" alt=\"Credit Cards\"> <\/figure>\n<\/div><\/div>\n<\/header>\n<div>\n<a href=\"..\/download-thank-you\" class=\"btn btn-large\">DOWNLOAD GRATUITO<\/a> \n<a href=\"..\/buy\" class=\"btn btn-large\">Acquista adesso<\/a>\n<\/div>\n<\/div>\n<\/div>\n<\/div>\n<\/section>\n\n\n","protected":false},"excerpt":{"rendered":"<p>Scarica Plagiarism Checker Il software Plagiarism Checker X \u00e8 stato sviluppato per rilevare contenuti di plagio nei tuoi documenti\/testi per aiutare gli utenti (studenti, insegnanti, universit\u00e0, istituti, redattori, agenti SEO, etc.) a controllare l&#8217;originalit\u00e0 del loro contenuto ed evitare materiali copiati. Questa versione di prova \u00e8 gratuita, ma ha delle limitazioni. Gli utenti possono testare [&hellip;]<\/p>\n","protected":false},"author":1,"featured_media":0,"parent":0,"menu_order":0,"comment_status":"closed","ping_status":"closed","template":"","meta":[],"_links":{"self":[{"href":"https:\/\/plagiarismcheckerx.com\/it\/wp-json\/wp\/v2\/pages\/75"}],"collection":[{"href":"https:\/\/plagiarismcheckerx.com\/it\/wp-json\/wp\/v2\/pages"}],"about":[{"href":"https:\/\/plagiarismcheckerx.com\/it\/wp-json\/wp\/v2\/types\/page"}],"author":[{"embeddable":true,"href":"https:\/\/plagiarismcheckerx.com\/it\/wp-json\/wp\/v2\/users\/1"}],"replies":[{"embeddable":true,"href":"https:\/\/plagiarismcheckerx.com\/it\/wp-json\/wp\/v2\/comments?post=75"}],"version-history":[{"count":2,"href":"https:\/\/plagiarismcheckerx.com\/it\/wp-json\/wp\/v2\/pages\/75\/revisions"}],"predecessor-version":[{"id":338,"href":"https:\/\/plagiarismcheckerx.com\/it\/wp-json\/wp\/v2\/pages\/75\/revisions\/338"}],"wp:attachment":[{"href":"https:\/\/plagiarismcheckerx.com\/it\/wp-json\/wp\/v2\/media?parent=75"}],"curies":[{"name":"wp","href":"https:\/\/api.w.org\/{rel}","templated":true}]}}