{"id":71,"date":"2020-11-25T10:53:07","date_gmt":"2020-11-25T10:53:07","guid":{"rendered":"https:\/\/plagiarismcheckerx.com\/wordpress\/es\/?page_id=71"},"modified":"2020-12-01T20:07:07","modified_gmt":"2020-12-01T20:07:07","slug":"bulk-comparison","status":"publish","type":"page","link":"https:\/\/plagiarismcheckerx.com\/it\/bulk-comparison","title":{"rendered":"Bulk Comparison"},"content":{"rendered":"\n<section id=\"services\">\n<div class=\"container inner-xs\">\n<div class=\"row\">\n<div class=\"col-md-5\">\n<br><br>\n<figure><img src=\"https:\/\/cdn.plagiarismcheckerx.com\/images\/screenshots\/bulk-comparison-results.jpg\" alt=\"\"><\/figure>\n<\/div>\n\n<div class=\"col-md-7\">\n<h1 align=\"center\">Fai un controllo incrociato di diversi documenti!<\/h1>\n<p>Confrontare documenti \u00e8 pi\u00f9 facile adesso! Puoi vedere se il tuo contenuto \u00e8 presente sul web. Una delle caratteristiche distintive di Plagiarism Checker X \u00e8 che non funziona solo online, ma offre anche un parziale supporto offline. Per esempio, se vuoi controllare il plagio tra due documenti, la sezione di controllo incrociato ti permette di vedere e confrontare i due documenti. Questo ti aiuta a verificare se uno dei due documenti contiene elementi di plagio. La cosa migliore di questa funzionalit\u00e0 \u00e8 che pu\u00f2 funzionare anche offline.<\/p>\n<div align=\"center\">\n<a href=\"..\/download-thank-you\" class=\"btn btn-large btn-gray\">Free Download<\/a>&nbsp;\n<a href=\"..\/buy\" class=\"btn btn-large\">Buy PRO<\/a>\n<\/div>\n<\/div>\n<\/div>\n<\/div>\n\n<\/section>\n\n<section id=\"source\" class=\"light-bg\">\n<div class=\"container inner-sm inner-bottom-xs\">\n<div class=\"row\">\n<div class=\"col-md-12\">\n<div class=\"tabs tabs-2-big-top tab-container\">\n<ul class=\"etabs text-center\">\n<li class=\"tab\">\n<a href=\"#tab-1\">\n  <h3><i class=\"icon-th-large icn lg\"><\/i> Controllo incrociato<\/h3>\n  <p class=\"text-small\">Questo metodo contiene solo un archivio e ti permette di trovare il plagio confrontando ogni file con il resto dei file di quell\u2019archivio. Questa funzionalit\u00e0 fa certamente risparmiare molto tempo ed \u00e8 utile sia per insegnanti che per editori web perch\u00e9 non devono fare un controllo incrociato di ogni articolo\/compito individualmente. <br><br> Inoltre, Plagiarism Checker X pu\u00f2 essere usato per ottenere un punteggio di plagio per ogni file o link.<\/p>\n<\/a>\n<\/li>\n<li class=\"tab\">\n<a href=\"#tab-2\">\n  <h3><i class=\"icon-list-1 icn lg\"><\/i> Confronto di gruppo<\/h3>\n  <p class=\"text-small\">In questo metodo selettivo, la somiglianza pu\u00f2 essere analizzata all&#8217;interno di due gruppi di archivi (elenco di documenti o diversi link). Questa funzionalit\u00e0 crea un confronto in serie e permette di analizzare multipli documenti fonte (A) con i relativi file target (B). <br><br> Al termine, i punteggi di somiglianza vengono presentati nei blocchi di celle che possono essere poi visualizzati dettagliatamente in anteprima.\n<\/p>\n<\/a>\n<\/li>\n<\/ul>\n\n<div class=\"panel-container\">\n<div class=\"tab-content\" id=\"tab-1\"><\/div>\n<div class=\"tab-content\" id=\"tab-2\">\n<\/div>\n<\/div>\n\n<\/div>\n<\/div>\n<\/div>\n<\/div>\n<\/section>\n\n<section id=\"services\">\n<div class=\"container\">\n<div class=\"row\">\n<div class=\"col-md-8 col-sm-9 center-block text-center\">\n<header>\n<br><br>\n<h2>Caratteristiche del confronto multiplo<\/h2>\n<\/header>\n<\/div>\n<\/div>\n\n<div class=\"row inner-top-xs\">\n<div class=\"col-sm-1 col-md-offset-1\">\n<div class=\"icon pull-right\">\n<i class=\"icon-list-1 icn lg\"><\/i>\n<\/div>\n<\/div>\n\n<div class=\"col-sm-4 inner-bottom-sm\">\n<h3>Confronto di gruppo<\/h3>\n<p class=\"text-small\">Quando vuoi confrontare un insieme di file A con un insieme di file B, per capire qual \u00e8 il livello di somiglianza di ogni file nella prima lista rispetto ad ogni file nella seconda lista, allora questo strumento risulta molto utile. Infatti, ti permette di fare un confronto di gruppo tra diversi documenti allo stesso tempo.<\/p>\n<\/div>\n\n<div class=\"col-sm-1\">\n<div class=\"icon pull-right\">\n<i class=\"icon-text-height icn lg\"><\/i>\n<\/div>\n<\/div>\n\n<div class=\"col-sm-4\">\n<h3>Griglia\/Tabella di risultati<\/h3>\n<p class=\"text-small\">I risultati generati dal confronto di gruppo vengono visualizzati come una serie di righe e colonne. I file Fonte [A] sono mostrati nella sezione verticale della griglia. Mentre i file Target [B] sono presentati nella sezione orizzontale della griglia.<\/p>\n<\/div>\n<\/div>\n<div class=\"row inner-xs\">\n<div class=\"col-sm-1 col-md-offset-1\">\n<div class=\"icon pull-right\">\n<i class=\"icon-switch icn lg\"><\/i>\n<\/div>\n<\/div>\n\n<div class=\"col-sm-4 inner-bottom-xs\">\n<h3>Capovolgi &amp; Capovolgi Registro<\/h3>\n<p class=\"text-small\">La funzionalit\u00e0 Scambia ti permette di scambiare i dati caricati tra i documenti fonte e target. Puoi controllare il cambio della percentuale di plagio scambiando il testo fonte e target. Per fare questa operazione, clicca semplicemente sulle frecce blu di scambio che si trovano in mezzo ai box di testo. \u00c8 un metodo veloce per scambiare il contenuto in un solo click.<\/p>\n<\/div>\n\n<div class=\"col-sm-1\">\n<div class=\"icon pull-right\">\n<i class=\"icon-check-1 icn lg\"><\/i>\n<\/div>\n<\/div>\n\n<div class=\"col-sm-4 inner-bottom-sm\">\n<h3>Percentuale di somiglianza distintiva<\/h3>\n<p class=\"text-small\">Basandosi su ricerche scientifiche che hanno identificato come semplificare il confronto visivo per renderlo pi\u00f9 intuitivo, il software disegna dei blocchi che rappresentano il punteggio di originalit\u00e0 distintivo per ogni file associato ad esso. Questo layout rende semplice controllare la proporzione di plagio di ogni file rispetto ad ogni singolo documento.<\/p>\n<\/div>\n<\/div>\n\n<div class=\"row\">\n<div class=\"col-sm-1 col-md-offset-1\">\n<div class=\"icon pull-right\">\n<i class=\"icon-export icn lg\"><\/i>\n<\/div>\n<\/div>\n\n<div class=\"col-sm-4 inner-bottom-sm\">\n<h3>Report conservato (WYSIWYG)<\/h3>\n<p class=\"text-small\">Il report di confronto di gruppo viene generato esattamente con lo stesso layout mostrato nel software. Questa consistenza lo rende pi\u00f9 presentabile e facile da capire, garantendoti che quello che vedi \u00e8 quello che avrai!<\/p>\n<\/div>\n\n<div class=\"col-sm-1\">\n<div class=\"icon pull-right\">\n<i class=\"icon-text-height icn lg\"><\/i>\n<\/div>\n<\/div>\n\n<div class=\"col-sm-4\">\n<h3>Multilingue &amp; Diversi formati<\/h3>\n<p class=\"text-small\">Il software supporta un&#8217;ampia gamma di formati di testo da analizzare. Puoi importare documenti in .pdf, .txt, .doc, .docx, .rtf. &amp; html, e molti altri tipi di file di testo. Inoltre, il nostro software \u00e8 compatibile con tutti i caratteri di testo delle diverse lingue, dato che al momento supporta +20 lingue, e altre verranno aggiunte periodicamente. <\/p>\n<\/div>\n<\/div>\n\n<\/div>\n<\/section>\n\n<section id=\"easySteps\">\n<div class=\"row inner-sm\">\n<div class=\"col-md-7 center-block text-center\">\n<h1>Confronto di gruppo in 5 facili passi!<\/h1>\n<p>Quando analizzi i tuoi documenti o link attraverso un confronto di gruppo, segui questi semplici passi per controllare la percentuale di somiglianza tra due registri. \u00c8 molto facile da seguire. Puoi eseguire un passo alla volta.<\/p>\n<\/div>\n<\/div>\n\n<div class=\"row inner-bottom-sm\">\n  <div class=\"col-md-10 center-block\">\n\n  <div class=\"col-md-2 text-center col-md-offset-1\">\n  <img src=\"https:\/\/cdn.plagiarismcheckerx.com\/images\/thumbnails\/bulk-comparison-box-1.jpg\" loading=\"lazy\" style=\"border-radius: 50%;border: 2px solid #3F8DBF\" alt=\"Compare Two Documents\" width=\"200px\">\n  <br><br> <span class=\"blue\">1. <\/span>Seleziona la modalit\u00e0\n  <\/div>\n\n<div class=\"col-md-2 text-center\">\n  <img src=\"https:\/\/cdn.plagiarismcheckerx.com\/images\/thumbnails\/bulk-comparison-box-2.jpg\" loading=\"lazy\" style=\"border-radius: 50%;border: 2px solid #3F8DBF\" alt=\"Load Two Documents Comparison\" width=\"200px\">\n<br><br> <span class=\"blue\">2. <\/span>Carica la fonte\n<\/div>\n\n<div class=\"col-md-2 text-center\">\n  <img src=\"https:\/\/cdn.plagiarismcheckerx.com\/images\/thumbnails\/bulk-comparison-box-3.jpg\" loading=\"lazy\" style=\"border-radius: 50%;border: 2px solid #3F8DBF\" alt=\"Load Two Documents Comparison\" width=\"200px\">\n<br><br> <span class=\"blue\">3. <\/span>Carica il target\n<\/div>\n\n\n<div class=\"col-md-2 text-center\">\n  <img src=\"https:\/\/cdn.plagiarismcheckerx.com\/images\/thumbnails\/bulk-comparison-box-4.jpg\" loading=\"lazy\" style=\"border-radius: 50%;border: 2px solid #3F8DBF\" alt=\"Two Documents Similarity Results\" width=\"200px\">\n<br><br><span class=\"blue\">4. <\/span>Controlla il plagio\n<\/div>\n\n<div class=\"col-md-2 text-center\">\n  <img src=\"https:\/\/cdn.plagiarismcheckerx.com\/images\/thumbnails\/bulk-comparison-box-5.jpg\" loading=\"lazy\" style=\"border-radius: 50%;border: 2px solid #3F8DBF\" alt=\"Documents Cross Comparison Report\" width=\"200px\">\n<br><br><span class=\"blue\">5.<\/span> Visualizza &amp; esporta\n<\/div>\n\n<\/div>\n<\/div>\n\n<\/section>\n\n<div class=\"light-bg\">\n\n<section id=\"clients\">\n<div class=\"container inner-sm\">\n\n<div class=\"row\">\n<div class=\"col-md-8 col-sm-9 center-block text-center\">\n<header>\n<h2>Usato dagli Istituti Leading<\/h2>\n<p>Valutiamo le nostre esperienze del cliente. La velocit\u00e0, l'accuratezza e l'interfaccia utente facile hanno reso i clienti soddisfatti e fedeli.<\/p>\n<\/header>\n<\/div>\n<\/div>\n\n<div class=\"row inner-top-xs\">\n<div class=\"col-sm-12\">\n<div id=\"owl-clients\" class=\"owl-carousel owl-outer-nav\">\n\n<div class=\"item\">\n<figure>\n<figcaption class=\"text-overlay\">\n<div class=\"info\">\n<h4>IEEE<\/h4>\n<\/div>\n<\/figcaption>\n<img class=\"SliceImages OrgImage1\">\n<\/figure>\n<\/div>\n\n<div class=\"item\">\n<figure>\n<figcaption class=\"text-overlay\">\n<div class=\"info\">\n<h4>American University of Science And Technology<\/h4>\n<\/div>\n<\/figcaption>\n<img class=\"SliceImages OrgImage2\">\n<\/figure>\n<\/div>\n\n<div class=\"item\">\n<figure>\n<figcaption class=\"text-overlay\">\n<div class=\"info\">\n<h4>Remington College<\/h4>\n<\/div>\n<\/figcaption>\n<img class=\"SliceImages OrgImage3\">\n<\/figure>\n<\/div>\n\n<div class=\"item\">\n<figure>\n<figcaption class=\"text-overlay\">\n<div class=\"info\">\n<h4>JM Field Marketing<\/h4>\n<\/div>\n<\/figcaption>\n<img class=\"SliceImages OrgImage4\">\n<\/figure>\n<\/div>\n\n<div class=\"item\">\n<figure>\n<figcaption class=\"text-overlay\">\n<div class=\"info\">\n<h4>University of Maribor<\/h4>\n<\/div>\n<\/figcaption>\n<img class=\"SliceImages OrgImage5\">\n<\/figure>\n<\/div>\n\n<div class=\"item\">\n<figure>\n<figcaption class=\"text-overlay\">\n<div class=\"info\">\n<h4>Great American Cookies<\/h4>\n<\/div>\n<\/figcaption>\n<img class=\"SliceImages OrgImage6\">\n<\/figure>\n<\/div>\n\n<div class=\"item\">\n<figure>\n<figcaption class=\"text-overlay\">\n<div class=\"info\">\n<h4>Ohio University<\/h4>\n<\/div>\n<\/figcaption>\n<img class=\"SliceImages OrgImage7\">\n<\/figure>\n<\/div>\n\n<div class=\"item\">\n<figure>\n<figcaption class=\"text-overlay\">\n<div class=\"info\">\n<h4>University Of Massachusetts Boston<\/h4>\n<\/div>\n<\/figcaption>\n<img class=\"SliceImages OrgImage8\">\n<\/figure>\n<\/div>\n\n<div class=\"item\">\n<figure>\n<figcaption class=\"text-overlay\">\n<div class=\"info\">\n<h4>Labournet Services India<\/h4>\n<\/div>\n<\/figcaption>\n<img class=\"SliceImages OrgImage9\">\n<\/figure>\n<\/div>\n\n<div class=\"item\">\n<figure>\n<figcaption class=\"text-overlay\">\n<div class=\"info\">\n<h4>King Saud University<\/h4>\n<\/div>\n<\/figcaption>\n<img class=\"SliceImages OrgImage10\">\n<\/figure>\n<\/div>\n\n<div class=\"item\">\n<figure>\n<figcaption class=\"text-overlay\">\n<div class=\"info\">\n<h4>Delta-State-University-Abraka<\/h4>\n<\/div>\n<\/figcaption>\n<img class=\"SliceImages OrgImage11\">\n<\/figure>\n<\/div>\n\n<div class=\"item\">\n<figure>\n<figcaption class=\"text-overlay\">\n<div class=\"info\">\n<h4>Trinity College<\/h4>\n<\/div>\n<\/figcaption>\n<img class=\"SliceImages OrgImage12\">\n<\/figure>\n<\/div>\n\n<\/div>\n<\/div>\n<\/div>\n\n<\/div>\n<\/section>\n\n<\/div>\n\n    <section id=\"what-are-you-waiting-for\">\n    <div class=\"container inner-sm\">\n    <div class=\"row\">\n    <div class=\"col-md-10 col-sm-9 center-block text-center\">\n    <header>\n    <h2>Quindi, cosa stai aspettando?<\/h2>\n    <\/header>\n    <p>Riassumendo, questo strumento facile da usare pu\u00f2 aiutarti ad evitare complessi rilevatori di plagio ed eventuali sanzioni. Ci sono universit\u00e0 in cui gli studenti devono affrontare grosse penalit\u00e0 come sospensione accademica, multe, e addirittura espulsione. Se il documento viola i diritti d'autore, ci\u00f2 pu\u00f2 condurre a cause legali e procedimenti penali. Di conseguenza, utilizzare un buon rilevatore di plagio \u00e8 molto importante. <\/p>\n    <div class=\"row\">\n    <div class=\"col-md-8 center-block text-center\">\n    <figure><img src=\"https:\/\/cdn.plagiarismcheckerx.com\/images\/credit-cards-2.png\" loading=\"lazy\" alt=\"Credit Cards\"> <\/figure>\n    <\/div><\/div>\n    <div>\n    <a href=\"..\/download-thank-you\" class=\"btn btn-large btn-gray\">DOWNLOAD GRATUITO<\/a>&nbsp;\n    <a href=\"..\/buy\" class=\"btn btn-large\">Acquista adesso<\/a>\n    <\/div>\n    <\/div>\n    <\/div>\n    <\/div>\n    <\/section>\n\n\n    \n","protected":false},"excerpt":{"rendered":"<p>Fai un controllo incrociato di diversi documenti! Confrontare documenti \u00e8 pi\u00f9 facile adesso! Puoi vedere se il tuo contenuto \u00e8 presente sul web. Una delle caratteristiche distintive di Plagiarism Checker X \u00e8 che non funziona solo online, ma offre anche un parziale supporto offline. Per esempio, se vuoi controllare il plagio tra due documenti, la [&hellip;]<\/p>\n","protected":false},"author":1,"featured_media":0,"parent":0,"menu_order":0,"comment_status":"closed","ping_status":"closed","template":"","meta":[],"_links":{"self":[{"href":"https:\/\/plagiarismcheckerx.com\/it\/wp-json\/wp\/v2\/pages\/71"}],"collection":[{"href":"https:\/\/plagiarismcheckerx.com\/it\/wp-json\/wp\/v2\/pages"}],"about":[{"href":"https:\/\/plagiarismcheckerx.com\/it\/wp-json\/wp\/v2\/types\/page"}],"author":[{"embeddable":true,"href":"https:\/\/plagiarismcheckerx.com\/it\/wp-json\/wp\/v2\/users\/1"}],"replies":[{"embeddable":true,"href":"https:\/\/plagiarismcheckerx.com\/it\/wp-json\/wp\/v2\/comments?post=71"}],"version-history":[{"count":3,"href":"https:\/\/plagiarismcheckerx.com\/it\/wp-json\/wp\/v2\/pages\/71\/revisions"}],"predecessor-version":[{"id":335,"href":"https:\/\/plagiarismcheckerx.com\/it\/wp-json\/wp\/v2\/pages\/71\/revisions\/335"}],"wp:attachment":[{"href":"https:\/\/plagiarismcheckerx.com\/it\/wp-json\/wp\/v2\/media?parent=71"}],"curies":[{"name":"wp","href":"https:\/\/api.w.org\/{rel}","templated":true}]}}