{"id":69,"date":"2020-11-25T10:47:35","date_gmt":"2020-11-25T10:47:35","guid":{"rendered":"https:\/\/plagiarismcheckerx.com\/wordpress\/es\/?page_id=69"},"modified":"2020-12-01T20:07:07","modified_gmt":"2020-12-01T20:07:07","slug":"side-by-side-comparison","status":"publish","type":"page","link":"https:\/\/plagiarismcheckerx.com\/it\/side-by-side-comparison","title":{"rendered":"Side by Side Comparison"},"content":{"rendered":"\n<section id=\"overview\">\n<div class=\"container inner-sm\">\n<div class=\"row\">\n<div class=\"col-md-5\">\n<figure><img src=\"https:\/\/cdn.plagiarismcheckerx.com\/images\/screenshots\/side-by-side-comparison.jpg\" alt=\"\"><\/figure>\n<\/div>\n<div class=\"col-md-7\">\n<h1 align=\"center\">Confronto parallelo<\/h1>\n<p>Confrontare documenti \u00e8 pi\u00f9 facile adesso! Puoi vedere se il tuo contenuto \u00e8 presente sul web. \u00c8 stato pensato per insegnanti, studenti, editori, etc. Una delle caratteristiche distintive di Plagiarism Checker X \u00e8 che non funziona solo online, ma offre anche un parziale supporto offline. Per esempio, se vuoi controllare il plagio tra due documenti, la sezione di controllo incrociato ti permette di vedere e confrontare i due documenti. Questo ti aiuta a verificare se uno dei due documenti contiene elementi di plagio. La cosa migliore di questa funzionalit\u00e0 \u00e8 che pu\u00f2 funzionare anche offline.  <\/p>\n<div align=\"center\">\n<a href=\"..\/download-thank-you\" class=\"btn btn-large btn-gray\">Free Download<\/a>&nbsp;\n<a href=\"..\/buy\" class=\"btn btn-large\">Buy PRO<\/a>\n<\/div>\n<\/div>\n<\/div>\n<\/div>\n<\/section>\n\n<section id=\"source\" class=\"light-bg\">\n<div class=\"container inner-sm inner-bottom-xs\">\n<div class=\"row\">\n<div class=\"col-md-12\">\n<div class=\"tabs tabs-2-big-top tab-container\">\n<ul class=\"etabs text-center\">\n<li class=\"tab\">\n<a href=\"#tab-1\">\n<h3>Fonte del documento<\/h3>\n<p class=\"text-small\">La fonte \u00e8 il documento o testo originale che viene usato come una base per confrontare il contenuto. Alla fine del controllo di somiglianza, il contenuto che contiene plagio viene evidenziato.<\/p>\n<br>\n<img src=\"https:\/\/cdn.plagiarismcheckerx.com\/images\/thumbnails\/side-by-side-difference-source.jpg\" loading=\"lazy\" alt=\"Two Documents Comparison\" height=\"250px\">\n<\/a>\n<\/li>\n<li class=\"tab\">\n<a href=\"#tab-2\">\n<h3>Documento target<\/h3>\n<p class=\"text-small\">Il target \u00e8 il relativo documento o testo che viene analizzato confrontandolo con il contenuto della fonte. Alla fine del controllo di somiglianza, il contenuto che contiene plagio viene evidenziato.<\/p>\n<br>\n<img src=\"https:\/\/cdn.plagiarismcheckerx.com\/images\/thumbnails\/side-by-side-difference-target.jpg\" loading=\"lazy\" alt=\"Two Documents Comparison\" height=\"250px\">\n<\/a>\n<\/li>\n<\/ul>\n\n<div class=\"panel-container\">\n<div class=\"tab-content\" id=\"tab-1\"><\/div>\n<div class=\"tab-content\" id=\"tab-2\">\n<\/div>\n<\/div>\n\n<\/div>\n<\/div>\n<\/div>\n<\/div>\n<\/section>\n\n<section id=\"services\">\n<div class=\"container\">\n<div class=\"row\">\n<div class=\"col-md-8 col-sm-9 center-block text-center\">\n<header>\n<br><br>\n<h2>Caratteristiche del rilevatore di plagio<\/h2>\n<\/header>\n<\/div>\n<\/div>\n\n<div class=\"row inner-top-xs\">\n<div class=\"col-sm-1 col-md-offset-1\">\n<div class=\"icon pull-right\">\n<i class=\"icon-doc icn lg\"><\/i>\n<\/div>\n<\/div>\n\n<div class=\"col-sm-9 inner-bottom-xs\">\n<h3>Interfaccia intuitiva<\/h3>\n<p class=\"text-small\">Plagiarism Checker X ha un design completamente fresco e un\u2019interfaccia divertente che permette all&#8217;utente di scansionare il contenuto molto pi\u00f9 facilmente. Il nuovo rilevatore visuale di contenuto rimuove tutti gli ostacoli che l&#8217;utente pu\u00f2 incontrare mentre analizza il suo contenuto in cerca di duplicazione. La nuova opzione &#8216;Scansione del contenuto duplicato&#8217; offre funzionalit\u00e0 avanzate attraverso separati moduli aggiuntivi. Questa interfaccia, insieme alle relative funzioni, offre uguali vantaggi per studenti, insegnanti, ricercatori e professionisti per l&#8217;ottimizzazione dei motori di ricerca <br><br>Quando clicchi su &#8216;confronto parallelo&#8217;, vedrai due finestre collegate. Semplicemente incolla i contenuti o importali da un documento che possiedi e clicca su &#8216;scansiona adesso&#8217;. In pochi secondi, avrai un report dettagliato.<\/p>\n<\/div>\n<\/div>\n\n<div class=\"row inner-xs\">\n<div class=\"col-sm-1 col-md-offset-1\">\n<div class=\"icon pull-right\">\n<i class=\"icon-switch icn lg\"><\/i>\n<\/div>\n<\/div>\n\n<div class=\"col-sm-4 inner-bottom-xs\">\n<h3>Documento capovolto<\/h3>\n<p class=\"text-small\">La funzionalit\u00e0 del documento capovolto ti permette di scambiare il contenuto tra due finestre e controllare qual \u00e8 il contenuto originale e trovare la fonte reale del contenuto. La parte simile del contenuto \u00e8 evidenziata dopo che la scansione viene completata, cos\u00ec da distinguerla facilmente.<\/p>\n<\/div>\n\n<div class=\"col-sm-1\">\n<div class=\"icon pull-right\">\n<i class=\"icon-progress-2 icn lg\"><\/i>\n<\/div>\n<\/div>\n\n<div class=\"col-sm-4 inner-bottom-sm\">\n<h3>Percentuale di somiglianza<\/h3>\n<p class=\"text-small\">Basandosi su ricerche scientifiche che hanno identificato come semplificare il confronto visivo per renderlo pi\u00f9 intuitivo, il software mostra il contenuto simile evidenziato in giallo. Ci\u00f2 rende pi\u00f9 semplice distinguere visivamente il contenuto simile da quello originale.<\/p>\n<\/div>\n<\/div>\n\n<div class=\"row\">\n<div class=\"col-sm-1 col-md-offset-1\">\n<div class=\"icon pull-right\">\n<i class=\"icon-export icn lg\"><\/i>\n<\/div>\n<\/div>\n\n<div class=\"col-sm-4 inner-bottom-sm\">\n<h3>Esportazione dei report in un click<\/h3>\n<p class=\"text-small\">I risultati possono essere esportati come documento Word o PDF. I documenti creati sono compatibili con Microsoft Word, Libre Office, WPS Office, Google Sheets e altri principali processori di testo.<\/p>\n<\/div>\n\n<div class=\"col-sm-1\">\n<div class=\"icon pull-right\">\n<i class=\"icon-gauge-1 icn lg\"><\/i>\n<\/div>\n<\/div>\n\n<div class=\"col-sm-4\">\n<h3>Confronto con codici di colore<\/h3>\n<p class=\"text-small\">Conoscere la proporzione di contenuto simile tra documenti fonte e target \u00e8 molto semplice. Nell&#8217;angolo in alto a destra \u00e8 possibile visualizzare una percentuale di somiglianza che mostra l&#8217;omogeneit\u00e0 del contenuto relativo ai documenti.<\/p>\n<\/div>\n<\/div>\n\n<div class=\"row\">\n<div class=\"col-sm-1 col-md-offset-1\">\n<div class=\"icon pull-right\">\n<i class=\"icon-flash-1 icn lg\"><\/i>\n<\/div>\n<\/div>\n\n<div class=\"col-sm-9\">\n<h3>Compatibile con multipli formati e caratteri multilingue<\/h3>\n<p class=\"text-small\">Gli utenti che devono controllare i contenuti in diversi formati, troveranno molto utile questa funzionalit\u00e0. Puoi importare documenti in .pdf, .txt, .doc, .docx, .rtf. &amp; .html e molti altri tipi di file di testo. \u00c8 anche compatibile con tutti i caratteri di testo e delle diverse lingue, dato che al momento supporta +20 lingue, e altre verranno aggiunte periodicamente.<\/p>\n<\/div>\n<\/div>\n\n<\/div>\n<\/section>\n\n<section id=\"easySteps\">\n<div class=\"row inner-md\">\n<div class=\"col-md-7 center-block text-center\">\n<h1>Confronto parallelo in 4 facili passi!<\/h1>\n<p>Quando analizzi il tuo contenuto attraverso un confronto parallelo, segui questi semplici passi per controllare la percentuale di somiglianza tra due documenti. \u00c8 molto facile da seguire. Puoi eseguire un passo alla volta.<\/p>\n<\/div>\n<\/div>\n\n<div class=\"row inner-bottom-sm\">\n  <div class=\"col-md-8 center-block\">\n\n  <div class=\"col-md-3 text-center\">\n  <img src=\"https:\/\/cdn.plagiarismcheckerx.com\/images\/thumbnails\/side-by-side-difference-box-1.jpg\" loading=\"lazy\" style=\"border-radius: 50%;border: 2px solid #3F8DBF\" alt=\"Source Document\" width=\"200px\">\n  <br><br> <span class=\"blue\">1<\/span> Carica il documento fonte\n  <\/div>\n\n<div class=\"col-md-3 text-center\">\n  <img src=\"https:\/\/cdn.plagiarismcheckerx.com\/images\/thumbnails\/side-by-side-difference-box-2.jpg\" loading=\"lazy\" style=\"border-radius: 50%;border: 2px solid #3F8DBF\" alt=\"Target Document\" width=\"200px\">\n<br><br> <span class=\"blue\">2<\/span> Carica il documento target\n<\/div>\n\n<div class=\"col-md-3 text-center\">\n  <img src=\"https:\/\/cdn.plagiarismcheckerx.com\/images\/thumbnails\/side-by-side-difference-box-3.jpg\" loading=\"lazy\" style=\"border-radius: 50%;border: 2px solid #3F8DBF\" alt=\"Check Plagiarism\" width=\"200px\">\n<br><br><span class=\"blue\">3<\/span> Clicca Controlla plagio\n<\/div>\n\n<div class=\"col-md-3 text-center\">\n  <img src=\"https:\/\/cdn.plagiarismcheckerx.com\/images\/thumbnails\/side-by-side-difference-box-4.jpg\" loading=\"lazy\" style=\"border-radius: 50%;border: 2px solid #3F8DBF\" alt=\"Text Side By Side Comparison Results\" width=\"200px\">\n<br><br><span class=\"blue\">4<\/span> Visualizza &amp; esporta\n<\/div>\n\n<\/div>\n<\/div>\n<\/section>\n\n<div class=\"light-bg\">\n\n<section id=\"clients\">\n<div class=\"container inner-sm\">\n\n<div class=\"row\">\n<div class=\"col-md-8 col-sm-9 center-block text-center\">\n<header>\n<h2>Usato dagli Istituti Leading<\/h2>\n<p>Valutiamo le nostre esperienze del cliente. La velocit\u00e0, l'accuratezza e l'interfaccia utente facile hanno reso i clienti soddisfatti e fedeli.<\/p>\n<\/header>\n<\/div>\n<\/div>\n\n<div class=\"row inner-top-xs\">\n<div class=\"col-sm-12\">\n<div id=\"owl-clients\" class=\"owl-carousel owl-outer-nav\">\n\n<div class=\"item\">\n<figure>\n<figcaption class=\"text-overlay\">\n<div class=\"info\">\n<h4>IEEE<\/h4>\n<\/div>\n<\/figcaption>\n<img class=\"SliceImages OrgImage1\">\n<\/figure>\n<\/div>\n\n<div class=\"item\">\n<figure>\n<figcaption class=\"text-overlay\">\n<div class=\"info\">\n<h4>American University of Science And Technology<\/h4>\n<\/div>\n<\/figcaption>\n<img class=\"SliceImages OrgImage2\">\n<\/figure>\n<\/div>\n\n<div class=\"item\">\n<figure>\n<figcaption class=\"text-overlay\">\n<div class=\"info\">\n<h4>Remington College<\/h4>\n<\/div>\n<\/figcaption>\n<img class=\"SliceImages OrgImage3\">\n<\/figure>\n<\/div>\n\n<div class=\"item\">\n<figure>\n<figcaption class=\"text-overlay\">\n<div class=\"info\">\n<h4>JM Field Marketing<\/h4>\n<\/div>\n<\/figcaption>\n<img class=\"SliceImages OrgImage4\">\n<\/figure>\n<\/div>\n\n<div class=\"item\">\n<figure>\n<figcaption class=\"text-overlay\">\n<div class=\"info\">\n<h4>University of Maribor<\/h4>\n<\/div>\n<\/figcaption>\n<img class=\"SliceImages OrgImage5\">\n<\/figure>\n<\/div>\n\n<div class=\"item\">\n<figure>\n<figcaption class=\"text-overlay\">\n<div class=\"info\">\n<h4>Great American Cookies<\/h4>\n<\/div>\n<\/figcaption>\n<img class=\"SliceImages OrgImage6\">\n<\/figure>\n<\/div>\n\n<div class=\"item\">\n<figure>\n<figcaption class=\"text-overlay\">\n<div class=\"info\">\n<h4>Ohio University<\/h4>\n<\/div>\n<\/figcaption>\n<img class=\"SliceImages OrgImage7\">\n<\/figure>\n<\/div>\n\n<div class=\"item\">\n<figure>\n<figcaption class=\"text-overlay\">\n<div class=\"info\">\n<h4>University Of Massachusetts Boston<\/h4>\n<\/div>\n<\/figcaption>\n<img class=\"SliceImages OrgImage8\">\n<\/figure>\n<\/div>\n\n<div class=\"item\">\n<figure>\n<figcaption class=\"text-overlay\">\n<div class=\"info\">\n<h4>Labournet Services India<\/h4>\n<\/div>\n<\/figcaption>\n<img class=\"SliceImages OrgImage9\">\n<\/figure>\n<\/div>\n\n<div class=\"item\">\n<figure>\n<figcaption class=\"text-overlay\">\n<div class=\"info\">\n<h4>King Saud University<\/h4>\n<\/div>\n<\/figcaption>\n<img class=\"SliceImages OrgImage10\">\n<\/figure>\n<\/div>\n\n<div class=\"item\">\n<figure>\n<figcaption class=\"text-overlay\">\n<div class=\"info\">\n<h4>Delta-State-University-Abraka<\/h4>\n<\/div>\n<\/figcaption>\n<img class=\"SliceImages OrgImage11\">\n<\/figure>\n<\/div>\n\n<div class=\"item\">\n<figure>\n<figcaption class=\"text-overlay\">\n<div class=\"info\">\n<h4>Trinity College<\/h4>\n<\/div>\n<\/figcaption>\n<img class=\"SliceImages OrgImage12\">\n<\/figure>\n<\/div>\n\n<\/div>\n<\/div>\n<\/div>\n\n<\/div>\n<\/section>\n\n<\/div>\n\n    <section id=\"what-are-you-waiting-for\">\n    <div class=\"container inner-sm\">\n    <div class=\"row\">\n    <div class=\"col-md-10 col-sm-9 center-block text-center\">\n    <header>\n    <h2>Quindi, cosa stai aspettando?<\/h2>\n    <\/header>\n    <p>Riassumendo, questo strumento facile da usare pu\u00f2 aiutarti ad evitare complessi rilevatori di plagio ed eventuali sanzioni. Ci sono universit\u00e0 in cui gli studenti devono affrontare grosse penalit\u00e0 come sospensione accademica, multe, e addirittura espulsione. Se il documento viola i diritti d'autore, ci\u00f2 pu\u00f2 condurre a cause legali e procedimenti penali. Di conseguenza, utilizzare un buon rilevatore di plagio \u00e8 molto importante. <\/p>\n    <div class=\"row\">\n    <div class=\"col-md-8 center-block text-center\">\n    <figure><img src=\"https:\/\/cdn.plagiarismcheckerx.com\/images\/credit-cards-2.png\" loading=\"lazy\" alt=\"Credit Cards\"> <\/figure>\n    <\/div><\/div>\n    <div>\n    <a href=\"..\/download-thank-you\" class=\"btn btn-large btn-gray\">DOWNLOAD GRATUITO<\/a>&nbsp;\n    <a href=\"..\/buy\" class=\"btn btn-large\">Acquista adesso<\/a>\n    <\/div>\n    <\/div>\n    <\/div>\n    <\/div>\n    <\/section>\n\n\n    \n","protected":false},"excerpt":{"rendered":"<p>Confronto parallelo Confrontare documenti \u00e8 pi\u00f9 facile adesso! Puoi vedere se il tuo contenuto \u00e8 presente sul web. \u00c8 stato pensato per insegnanti, studenti, editori, etc. Una delle caratteristiche distintive di Plagiarism Checker X \u00e8 che non funziona solo online, ma offre anche un parziale supporto offline. Per esempio, se vuoi controllare il plagio tra [&hellip;]<\/p>\n","protected":false},"author":1,"featured_media":0,"parent":0,"menu_order":0,"comment_status":"closed","ping_status":"closed","template":"","meta":[],"_links":{"self":[{"href":"https:\/\/plagiarismcheckerx.com\/it\/wp-json\/wp\/v2\/pages\/69"}],"collection":[{"href":"https:\/\/plagiarismcheckerx.com\/it\/wp-json\/wp\/v2\/pages"}],"about":[{"href":"https:\/\/plagiarismcheckerx.com\/it\/wp-json\/wp\/v2\/types\/page"}],"author":[{"embeddable":true,"href":"https:\/\/plagiarismcheckerx.com\/it\/wp-json\/wp\/v2\/users\/1"}],"replies":[{"embeddable":true,"href":"https:\/\/plagiarismcheckerx.com\/it\/wp-json\/wp\/v2\/comments?post=69"}],"version-history":[{"count":2,"href":"https:\/\/plagiarismcheckerx.com\/it\/wp-json\/wp\/v2\/pages\/69\/revisions"}],"predecessor-version":[{"id":331,"href":"https:\/\/plagiarismcheckerx.com\/it\/wp-json\/wp\/v2\/pages\/69\/revisions\/331"}],"wp:attachment":[{"href":"https:\/\/plagiarismcheckerx.com\/it\/wp-json\/wp\/v2\/media?parent=69"}],"curies":[{"name":"wp","href":"https:\/\/api.w.org\/{rel}","templated":true}]}}