{"id":67,"date":"2020-11-25T10:42:28","date_gmt":"2020-11-25T10:42:28","guid":{"rendered":"https:\/\/plagiarismcheckerx.com\/wordpress\/es\/?page_id=67"},"modified":"2020-12-01T20:07:07","modified_gmt":"2020-12-01T20:07:07","slug":"online-plagiarism","status":"publish","type":"page","link":"https:\/\/plagiarismcheckerx.com\/it\/online-plagiarism","title":{"rendered":"Online Plagiarism"},"content":{"rendered":"\n<section id=\"online-plagiarism\">\n<div class=\"container inner-sm\">\n<div class=\"row\">\n<div class=\"col-md-6\">\n<figure><img src=\"https:\/\/cdn.plagiarismcheckerx.com\/images\/header-banner-online-plagiarism.jpg\" alt=\"\"><\/figure>\n<\/div>\n\n<div class=\"col-md-6\">\n<h1>Rilevatore di plagio online<\/h1>\n<p>Ti permette di vedere se il tuo contenuto \u00e8 presente sul web. \u00c8 stato creato per insegnanti, studenti, editori. Il plagio \u00e8 una preoccupazione costante per studenti, insegnanti, autori di contenuti web, amministratori di siti web ed editori online. Con la disponibilit\u00e0 di risorse online, la tendenza a fare copia\/incolla \u00e8 aumentata. Ci\u00f2 non va solo contro l&#8217;etica professionale, ma viola anche i diritti d&#8217;autore, e pu\u00f2 condurre a cause legali. Di conseguenza, tutti cercano di evitare guai di questo genere. Con Plagiarism Checker X, gli utenti possono facilmente evitare questi problemi.<\/p>\n<div align=\"center\">\n<a href=\"..\/download-thank-you\" class=\"btn btn-large btn-gray\">DOWNLOAD GRATUITO<\/a> &nbsp;\n<a href=\"..\/buy\" class=\"btn btn-large\">Acquista adesso<\/a>\n<\/div>\n<\/div>\n<\/div>\n<\/div>\n<\/section>\n\n<section id=\"features\">\n<div class=\"container inner-top-sm inner-bottom-sm\">\n\n<div class=\"row\">\n<div class=\"col-md-8 col-sm-9 center-block text-center\">\n<header>\n<h3 style=\"font-size: 35px\" align=\"center\">Semplice e sicuro<\/h3>\n<p>Controllare il tuo testo con una protezione completa non \u00e8 mai stato cos\u00ec semplice. \u00c8 adesso disponibile un rilevatore istantaneo e accurato di somiglianze tra testi. Inoltre, il proprietario di un sito web pu\u00f2 usare l&#8217;opzione &#8220;controlla le tue pagine web&#8221; per controllare la qualit\u00e0 del contenuto web in un solo click.<\/p>\n<\/header>\n<\/div><!-- \/.col -->\n<\/div><!-- \/.row -->\n\n<div class=\"row inner-top-sm\">\n\n<div class=\"col-md-3 inner-bottom-sm\">\n<h3>\u00c8 un gioco da ragazzi<\/h3>\n<p class=\"text-small\">Devi semplicemente caricare il documento nel software e cliccare il pulsante per analizzarlo. Il programma confronter\u00e0 il tuo contenuto con miliardi di contenuti open-source che sono pubblicamente disponibili su Internet.<\/p>\n<a href=\"#\" class=\"txt-btn\">Visualizza tutte le possibilit\u00e0<\/a>\n<\/div><!-- \/.col -->\n\n<div class=\"col-md-3 inner-bottom-sm\">\n<h3>Report intuitivi<\/h3>\n<p class=\"text-small\">L&#8217;intuitivo layout dei report permette di vedere le somiglianze con uno sguardo veloce e include l&#8217;opzione di esportare i report su Word, PDF, e altri programmi. <\/p>\n<a href=\"#\" class=\"txt-btn\">Guarda tu stesso<\/a>\n<\/div><!-- \/.col -->\n\n<div class=\"col-md-6 inner-left-xs\">\n<figure><img src=\"https:\/\/cdn.plagiarismcheckerx.com\/images\/screenshots\/online-plagiarism-report-color.jpg\" alt=\"\"><\/figure>\n<\/div><!-- \/.col -->\n\n<\/div><!-- \/.row -->\n\n<\/div><!-- \/.container -->\n<\/section>\n\n<section id=\"online-plagiarism-features\">\n<div class=\"container\">\n<div class=\"row inner-bottom-xs\">\n<div class=\"col-md-8 col-sm-9 center-block text-center\">\n<header>\n<br><br>\n<h2 style=\"font-size: 35px\"> <span style=\"color: #3c78d8\">Caratteristiche<\/span> del rilevatore di plagio online<\/h2>\n<\/header>\n<\/div>\n<\/div>\n\n<div class=\"row inner-top-xs inner-bottom-sm\">\n<div class=\"col-sm-1 col-md-offset-1\">\n<div class=\"icon pull-right\">\n<i class=\"icon-lock-1 icn lg\"><\/i>\n<\/div>\n<\/div>\n\n<div class=\"col-sm-4\">\n<h3>Protezione dei dati<\/h3>\n<p class=\"text-small\">Plagiarism Checker X rispetta completamente la protezione dei tuoi dati. Tutti i testi che incolli nel programma rimarranno segreti. Come sai, questo \u00e8 un software e non un servizio, quindi puoi usarlo direttamente dal tuo computer. I dati rimangono sul tuo dispositivo per tutto il tempo dell&#8217;analisi e non vengono mai memorizzati nei nostri database. Useremo questi dati solo per il controllo del plagio. Puoi leggere la nostra politica sulla privacy per conoscere i tuoi diritti nel dettaglio.<\/p>\n<\/div>\n\n<div class=\"col-sm-1\">\n<div class=\"icon pull-right\">\n<i class=\"icon-paper-plane icn lg\"><\/i>\n<\/div>\n<\/div>\n\n<div class=\"col-sm-4\">\n<h3>Tecnologia Deep Search<\/h3>\n<p class=\"text-small\">Plagiarism Checker X \u00e8 stato reinventato con l&#8217;ultima tecnologia abilitante di Deep-Learning. Ci\u00f2 permette ai processori di controllare anche i dati pi\u00f9 piccoli presenti in contenuti pubblici online. Pertanto, ti fornisce un&#8217;esperienza personalizzata per migliori risultati.<\/p>\n<\/div>\n<\/div>\n\n<div class=\"row inner-bottom-sm\">\n<div class=\"col-sm-1 col-md-offset-1\">\n<div class=\"icon pull-right\">\n<i class=\"icon-flash icn lg\"><\/i>\n<\/div>\n<\/div>\n\n<div class=\"col-sm-4\">\n<h3>Velocit\u00e0 accelerata 2x<\/h3>\n<p class=\"text-small\">L&#8217;ultima versione di PCX \u00e8 dotata di potenti funzionalit\u00e0. I vantaggi della nuova versione sono tantissimi. Mentre stai scansionando il documento per il plagio online, un algoritmo ad azione rapida accelera la velocit\u00e0, fornendoti una migliore esperienza con una prestazione raddoppiata. Sfrutta la doppia elaborazione e ottieni risultati pi\u00f9 rapidi in pochi click.<\/p>\n<\/div>\n\n<div class=\"col-sm-1\">\n<div class=\"icon pull-right\">\n<i class=\"icon-signal-1 icn md\"><\/i>\n<\/div>\n<\/div>\n\n<div class=\"col-sm-4\">\n<h3>Accuratezza aumentata del 26%<\/h3>\n<p class=\"text-small\">La potenzialit\u00e0 dell\u2019accuratezza \u00e8 aumentata in modo importante dopo che abbiamo riprogrammato il software. Questo significa che il contenuto incollato viene analizzato dettagliatamente e in profondit\u00e0, fornendoti risultati migliori. Ci\u00f2 ti permette di migliorare il tuo contenuto e renderlo il pi\u00f9 originale possibile. Di conseguenza, con una migliore qualit\u00e0 viene soddisfatta la richiesta di un testo con maggior contenuto. Per controllare la qualit\u00e0 del tuo testo, ottieni adesso l&#8217;ultima versione.<\/p>\n<\/div>\n<\/div>\n\n<div class=\"row\">\n<div class=\"col-sm-1 col-md-offset-1\">\n<div class=\"icon pull-right\">\n<i class=\"icon-gauge-1 icn lg\"><\/i>\n<\/div>\n<\/div>\n\n<div class=\"col-sm-4 inner-bottom-sm\">\n<h3>Classificazione e report in evidenza<\/h3>\n<p class=\"text-small\">Durante lo sviluppo del nostro &#8220;strumento di rilevazione di plagio&#8221;, abbiamo dato priorit\u00e0 alla facilit\u00e0 d&#8217;uso. Usare Plagiarism Checker X non \u00e8 solo semplice, ma anche divertente. Al contenuto copiato viene assegnato un colore specifico, che dipende dalla percentuale di plagio. Blu e giallo indicano un basso livello di plagio, mentre il rosso indica una situazione negativa in cui l&#8217;unica opzione \u00e8 eliminare contenuto.<\/p>\n<\/div>\n\n<div class=\"col-sm-1\">\n<div class=\"icon pull-right\">\n<i class=\"icon-eye icn lg\"><\/i>\n<\/div>\n<\/div>\n\n<div class=\"col-sm-4\">\n<h3>Trova la fonte originale<\/h3>\n<p class=\"text-small\">Plagiarism Checker X \u00e8 il migliore rilevatore online di plagio grazie al suo esaustivo report. Ti facciamo fare un passo in avanti portandoti alla fonte originale del contenuto. Quando trasmetti il tuo testo scritto per il controllo, il software ti mostra alcuni link che hanno lo stesso contenuto del tuo testo. In questo modo, puoi facilmente identificare se i dati sono stati copiati.  <\/p>\n<\/div>\n<\/div>\n\n<div class=\"row\">\n<div class=\"col-sm-1 col-md-offset-1\">\n<div class=\"icon pull-right\">\n<i class=\"icon-docs icn lg\"><\/i>\n<\/div>\n<\/div>\n\n<div class=\"col-sm-4\">\n<h3>integrato Word &amp; Supporto PDF<\/h3>\n<p class=\"text-small\">Non hai installato Microsoft Office? Non preoccuparti! Plagiarism Checker X ti fornisce un supporto integrato per Word e PDF. Adesso puoi usare questa funzionalit\u00e0 se non hai installato Microsoft Word nel tuo dispositivo. Il processore di testo funziona anche senza lettori Word o PDF e permette facilmente di individuare le somiglianze nel tuo contenuto.<\/p>\n<\/div>\n\n<div class=\"col-sm-1\">\n<div class=\"icon pull-right\">\n<i class=\"icon-export icn lg\"><\/i>\n<\/div>\n<\/div>\n\n<div class=\"col-sm-4\">\n<h3>Esportare il testo in un solo click<\/h3>\n<p class=\"text-small\">Dopo aver analizzato il plagio, puoi esportare i risultati in un documento PDF o Word. Se non hai Microsoft Office installato, non preoccuparti! Plagiarism Checker X fornisce un supporto Word &amp; PDF integrato. <\/p>\n<\/div>\n<\/div>\n\n<\/div>\n<\/section>\n\n<section id=\"easySteps\">\n<div class=\"row inner-md\">\n<div class=\"col-md-7 center-block text-center\">\n<h1>Usa il rilevatore di plagio online in 4 passi<\/h1>\n<p>Per analizzare il tuo contenuto, segui questi facili passi per controllare il tuo documento con le percentuali di somiglianza. \u00c8 molto facile da usare. Puoi farlo un passo alla volta.<\/p>\n<\/div>\n<\/div>\n\n<div class=\"row inner-bottom-sm\">\n  <div class=\"col-md-8 center-block\">\n\n  <div class=\"col-md-3 text-center\">\n  <img src=\"https:\/\/cdn.plagiarismcheckerx.com\/images\/thumbnails\/online-plagiarism-box-1.jpg\" loading=\"lazy\" style=\"border-radius: 50%;border: 2px solid #3F8DBF\" alt=\"Source Document\" width=\"200px\">\n  <br><br> <span class=\"blue\">1<\/span> Carica &amp; clicca\n  <\/div>\n\n<div class=\"col-md-3 text-center\">\n  <img src=\"https:\/\/cdn.plagiarismcheckerx.com\/images\/thumbnails\/online-plagiarism-box-2.jpg\" loading=\"lazy\" style=\"border-radius: 50%;border: 2px solid #3F8DBF\" alt=\"Target Document\" width=\"200px\">\n<br><br> <span class=\"blue\">2<\/span> Aspetta qualche secondo!\n<\/div>\n\n<div class=\"col-md-3 text-center\">\n  <img src=\"https:\/\/cdn.plagiarismcheckerx.com\/images\/thumbnails\/online-plagiarism-box-3.jpg\" loading=\"lazy\" style=\"border-radius: 50%;border: 2px solid #3F8DBF\" alt=\"Check Plagiarism\" width=\"200px\">\n<br><br><span class=\"blue\">3<\/span> Vedi la sintesi\n<\/div>\n\n\n<div class=\"col-md-3 text-center\">\n  <img src=\"https:\/\/cdn.plagiarismcheckerx.com\/images\/thumbnails\/online-plagiarism-box-4.jpg\" loading=\"lazy\" style=\"border-radius: 50%;border: 2px solid #3F8DBF\" alt=\"Text Side By Side Comparison Results\" width=\"200px\">\n<br><br><span class=\"blue\">4<\/span> Visualizza il report!\n<\/div>\n\n<\/div>\n<\/div>\n\n<\/section>\n\n<div class=\"light-bg\">\n\n<section id=\"clients\">\n<div class=\"container inner-sm\">\n\n<div class=\"row\">\n<div class=\"col-md-8 col-sm-9 center-block text-center\">\n<header>\n<h2>Usato dagli Istituti Leading<\/h2>\n<p>Valutiamo le nostre esperienze del cliente. La velocit\u00e0, l'accuratezza e l'interfaccia utente facile hanno reso i clienti soddisfatti e fedeli.<\/p>\n<\/header>\n<\/div>\n<\/div>\n\n<div class=\"row inner-top-xs\">\n<div class=\"col-sm-12\">\n<div id=\"owl-clients\" class=\"owl-carousel owl-outer-nav\">\n\n<div class=\"item\">\n<figure>\n<figcaption class=\"text-overlay\">\n<div class=\"info\">\n<h4>IEEE<\/h4>\n<\/div>\n<\/figcaption>\n<img class=\"SliceImages OrgImage1\">\n<\/figure>\n<\/div>\n\n<div class=\"item\">\n<figure>\n<figcaption class=\"text-overlay\">\n<div class=\"info\">\n<h4>American University of Science And Technology<\/h4>\n<\/div>\n<\/figcaption>\n<img class=\"SliceImages OrgImage2\">\n<\/figure>\n<\/div>\n\n<div class=\"item\">\n<figure>\n<figcaption class=\"text-overlay\">\n<div class=\"info\">\n<h4>Remington College<\/h4>\n<\/div>\n<\/figcaption>\n<img class=\"SliceImages OrgImage3\">\n<\/figure>\n<\/div>\n\n<div class=\"item\">\n<figure>\n<figcaption class=\"text-overlay\">\n<div class=\"info\">\n<h4>JM Field Marketing<\/h4>\n<\/div>\n<\/figcaption>\n<img class=\"SliceImages OrgImage4\">\n<\/figure>\n<\/div>\n\n<div class=\"item\">\n<figure>\n<figcaption class=\"text-overlay\">\n<div class=\"info\">\n<h4>University of Maribor<\/h4>\n<\/div>\n<\/figcaption>\n<img class=\"SliceImages OrgImage5\">\n<\/figure>\n<\/div>\n\n<div class=\"item\">\n<figure>\n<figcaption class=\"text-overlay\">\n<div class=\"info\">\n<h4>Great American Cookies<\/h4>\n<\/div>\n<\/figcaption>\n<img class=\"SliceImages OrgImage6\">\n<\/figure>\n<\/div>\n\n<div class=\"item\">\n<figure>\n<figcaption class=\"text-overlay\">\n<div class=\"info\">\n<h4>Ohio University<\/h4>\n<\/div>\n<\/figcaption>\n<img class=\"SliceImages OrgImage7\">\n<\/figure>\n<\/div>\n\n<div class=\"item\">\n<figure>\n<figcaption class=\"text-overlay\">\n<div class=\"info\">\n<h4>University Of Massachusetts Boston<\/h4>\n<\/div>\n<\/figcaption>\n<img class=\"SliceImages OrgImage8\">\n<\/figure>\n<\/div>\n\n<div class=\"item\">\n<figure>\n<figcaption class=\"text-overlay\">\n<div class=\"info\">\n<h4>Labournet Services India<\/h4>\n<\/div>\n<\/figcaption>\n<img class=\"SliceImages OrgImage9\">\n<\/figure>\n<\/div>\n\n<div class=\"item\">\n<figure>\n<figcaption class=\"text-overlay\">\n<div class=\"info\">\n<h4>King Saud University<\/h4>\n<\/div>\n<\/figcaption>\n<img class=\"SliceImages OrgImage10\">\n<\/figure>\n<\/div>\n\n<div class=\"item\">\n<figure>\n<figcaption class=\"text-overlay\">\n<div class=\"info\">\n<h4>Delta-State-University-Abraka<\/h4>\n<\/div>\n<\/figcaption>\n<img class=\"SliceImages OrgImage11\">\n<\/figure>\n<\/div>\n\n<div class=\"item\">\n<figure>\n<figcaption class=\"text-overlay\">\n<div class=\"info\">\n<h4>Trinity College<\/h4>\n<\/div>\n<\/figcaption>\n<img class=\"SliceImages OrgImage12\">\n<\/figure>\n<\/div>\n\n<\/div>\n<\/div>\n<\/div>\n\n<\/div>\n<\/section>\n\n<\/div>\n\n    <section id=\"what-are-you-waiting-for\">\n    <div class=\"container inner-sm\">\n    <div class=\"row\">\n    <div class=\"col-md-10 col-sm-9 center-block text-center\">\n    <header>\n    <h2>Quindi, cosa stai aspettando?<\/h2>\n    <\/header>\n    <p>Riassumendo, questo strumento facile da usare pu\u00f2 aiutarti ad evitare complessi rilevatori di plagio ed eventuali sanzioni. Ci sono universit\u00e0 in cui gli studenti devono affrontare grosse penalit\u00e0 come sospensione accademica, multe, e addirittura espulsione. Se il documento viola i diritti d'autore, ci\u00f2 pu\u00f2 condurre a cause legali e procedimenti penali. Di conseguenza, utilizzare un buon rilevatore di plagio \u00e8 molto importante. <\/p>\n    <div class=\"row\">\n    <div class=\"col-md-8 center-block text-center\">\n    <figure><img src=\"https:\/\/cdn.plagiarismcheckerx.com\/images\/credit-cards-2.png\" loading=\"lazy\" alt=\"Credit Cards\"> <\/figure>\n    <\/div><\/div>\n    <div>\n    <a href=\"..\/download-thank-you\" class=\"btn btn-large btn-gray\">DOWNLOAD GRATUITO<\/a>&nbsp;\n    <a href=\"..\/buy\" class=\"btn btn-large\">Acquista adesso<\/a>\n    <\/div>\n    <\/div>\n    <\/div>\n    <\/div>\n    <\/section>\n\n\n    \n","protected":false},"excerpt":{"rendered":"<p>Rilevatore di plagio online Ti permette di vedere se il tuo contenuto \u00e8 presente sul web. \u00c8 stato creato per insegnanti, studenti, editori. Il plagio \u00e8 una preoccupazione costante per studenti, insegnanti, autori di contenuti web, amministratori di siti web ed editori online. Con la disponibilit\u00e0 di risorse online, la tendenza a fare copia\/incolla \u00e8 [&hellip;]<\/p>\n","protected":false},"author":1,"featured_media":0,"parent":0,"menu_order":0,"comment_status":"closed","ping_status":"closed","template":"","meta":[],"_links":{"self":[{"href":"https:\/\/plagiarismcheckerx.com\/it\/wp-json\/wp\/v2\/pages\/67"}],"collection":[{"href":"https:\/\/plagiarismcheckerx.com\/it\/wp-json\/wp\/v2\/pages"}],"about":[{"href":"https:\/\/plagiarismcheckerx.com\/it\/wp-json\/wp\/v2\/types\/page"}],"author":[{"embeddable":true,"href":"https:\/\/plagiarismcheckerx.com\/it\/wp-json\/wp\/v2\/users\/1"}],"replies":[{"embeddable":true,"href":"https:\/\/plagiarismcheckerx.com\/it\/wp-json\/wp\/v2\/comments?post=67"}],"version-history":[{"count":2,"href":"https:\/\/plagiarismcheckerx.com\/it\/wp-json\/wp\/v2\/pages\/67\/revisions"}],"predecessor-version":[{"id":329,"href":"https:\/\/plagiarismcheckerx.com\/it\/wp-json\/wp\/v2\/pages\/67\/revisions\/329"}],"wp:attachment":[{"href":"https:\/\/plagiarismcheckerx.com\/it\/wp-json\/wp\/v2\/media?parent=67"}],"curies":[{"name":"wp","href":"https:\/\/api.w.org\/{rel}","templated":true}]}}