{"id":65,"date":"2020-11-25T10:33:36","date_gmt":"2020-11-25T10:33:36","guid":{"rendered":"https:\/\/plagiarismcheckerx.com\/wordpress\/es\/?page_id=65"},"modified":"2020-12-01T20:07:07","modified_gmt":"2020-12-01T20:07:07","slug":"features","status":"publish","type":"page","link":"https:\/\/plagiarismcheckerx.com\/it\/features","title":{"rendered":"Features"},"content":{"rendered":"\n<section id=\"features\">\n<div class=\"container inner-sm\">\n<div class=\"row\">\n<div class=\"col-md-10 text-center center-block\">\n<h1 align=\"center\">Scopri le caratteristiche di Plagiarism X<\/h1>\n<p>Sei uno studente, un blogger o un autore di contenuti che lavora duramente? Oppure un docente, un redattore o un editore attento? Se sei tra una di queste figure, allora \u00e8 molto probabile che sei a conoscenza delle conseguenze di un contenuto plagiato. Il nostro team di Plagiarism Checker X apprezza il tuo impegno e i tuoi sforzi. Per questo abbiamo creato il migliore rilevatore di plagio, sviluppato proprio per persone come te.<\/p>\n<div align=\"center\">\n<a href=\"\/download-thank-you\" class=\"btn btn-large btn-gray\">DOWNLOAD GRATUITO<\/a> &nbsp;\n<a href=\"..\/buy\" class=\"btn btn-large\">Acquista adesso<\/a>\n<\/div>\n<\/div>\n<\/div>\n<\/div>\n<\/section>\n\n<section id=\"center\" class=\"border-top\">\n<div class=\"row inner-md\">\n<div class=\"col-md-1\"><\/div>\n<div class=\"col-md-5\">\n<h2>Rilevatore di plagio online <\/h2>\n<p>La nostra caratteristica principale \u00e8 quella di individuare il contenuto plagiato attraverso diversi motori di ricerca. Il risultato \u00e8 che i tuoi documenti vengono scansionati tra pi\u00f9 di 16 miliardi di pagine web indicizzate.\n<\/p>\n<\/div>\n\n<div class=\"col-md-1\"><\/div>\n<div class=\"col-md-3\">\n<img src=\"https:\/\/cdn.plagiarismcheckerx.com\/images\/promo_one.png\" style=\"height: 180px\">\n<\/div>\n<div class=\"col-md-2\"><\/div>\n<\/div>\n\n<div class=\"row inner-sm\">\n<div class=\"col-md-2\"><\/div>\n<div class=\"col-md-3\">\n<img src=\"https:\/\/cdn.plagiarismcheckerx.com\/images\/side-by-side-comparison.png\" loading=\"lazy\" style=\"height: 180px\">\n<\/div>\n<div class=\"col-md-1\"><\/div>\n<div class=\"col-md-5\">\n<h2>Confronto parallelo <\/h2>\n<p>Una pratica opzione che ti permette di visualizzare il tuo contenuto in due finestre, cos\u00ec da localizzare facilmente il contenuto copiato. Gli editor e gli analisti SEO ameranno questa funzione.  <\/p>\n<\/div>\n<div class=\"col-md-1\"><\/div>\n<\/div>\n\n<div class=\"row inner-sm\">\n<div class=\"col-md-1\"><\/div>\n<div class=\"col-md-5\">\n<h2>Confronto incrociato  <\/h2>\n<p>Una funzione unica ed esclusiva della nostra applicazione. Ti permette di analizzare diversi documenti per verificare l&#8217;originalit\u00e0 del tuo testo confrontandolo con archivi singoli o multipli. Per esempio, gli insegnanti possono fare un controllo incrociato degli elaborati degli studenti in un solo click.<\/p>\n<\/div>\n<div class=\"col-md-1\"><\/div>\n\n<div class=\"col-md-3\">\n<img src=\"https:\/\/cdn.plagiarismcheckerx.com\/images\/bulk-plagiarism.png\" loading=\"lazy\" style=\"height: 180px\">\n<\/div>\n<div class=\"col-md-2\"><\/div>\n<\/div>\n\n<div class=\"row inner-sm\">\n<div class=\"col-md-2\"><\/div>\n<div class=\"col-md-3\">\n<img src=\"https:\/\/cdn.plagiarismcheckerx.com\/images\/accuracy.png\" loading=\"lazy\" style=\"height: 180px\">\n<\/div>\n<div class=\"col-md-1\"><\/div>\n<div class=\"col-md-5\">\n<h2>accurati &amp; Risultati istantane  <\/h2>\n<p>Apprezza la velocit\u00e0 con il nostro sofisticato algoritmo che fa un controllo incrociato fino a 20000 parole in un secondo, offrendoti risultati immediati. Inoltre, studi comparativi svolti da agenzie di testing indipendenti rivelano che la nostra correttezza \u00e8 tre volte maggiore rispetto ad altre applicazioni simili.<\/p>\n<\/div>\n<div class=\"col-md-1\"><\/div>\n<\/div>\n\n<div class=\"row inner-sm\">\n<div class=\"col-md-1\"><\/div>\n<div class=\"col-md-5\">\n<h2>100% garanzia della privacy   <\/h2>\n<p>Nessuno dei tuoi contenuti sar\u00e0 copiato, memorizzato o venduto. Fino ad ora, \u00e8 l&#8217;unico strumento di rilevazione di plagio che offre questa caratteristica.<\/p>\n<\/div>\n<div class=\"col-md-1\"><\/div>\n<div class=\"col-md-3 text-center\">\n<img src=\"https:\/\/cdn.plagiarismcheckerx.com\/images\/safe.png\" loading=\"lazy\" style=\"height: 180px\">\n<\/div>\n<div class=\"col-md-2\"><\/div>\n<\/div>\n\n<div class=\"row inner-sm\">\n<div class=\"col-md-1\"><\/div>\n<div class=\"col-md-4 \">\n<img src=\"https:\/\/cdn.plagiarismcheckerx.com\/images\/formats.png\" loading=\"lazy\" style=\"height: 180px\">\n<\/div>\n<div class=\"col-md-1\"><\/div>\n<div class=\"col-md-5\">\n<h2>Compatibilit\u00e0 ottimizzata<\/h2>\n<p>La nostra applicazione supporta tutti i pi\u00f9 comuni formati di testo, inclusi PDF, DOC, RTF e HTML. Inoltre, \u00e8 compatibile con tutte le versioni disponibili di Windows.<\/p>\n<\/div>\n<div class=\"col-md-1\"><\/div>\n<\/div>\n\n<div class=\"row inner-sm\">\n<div class=\"col-md-1\"><\/div>\n<div class=\"col-md-5\">\n<h2>Supporto Multilingue &amp; disponibilit\u00e0<\/h2>\n<p>Lavori usando diverse lingue? Non devi pagare per altri strumenti perch\u00e9 al momento la nostra applicazione supporta 7 lingue: inglese, spagnolo, francese, tedesco, italiano, olandese e portoghese, con funzionalit\u00e0 completa. Stiamo lavorando per nuove lingue.<\/p>\n<\/div>\n<div class=\"col-md-1\"><\/div>\n<div class=\"col-md-3\">\n<img src=\"https:\/\/cdn.plagiarismcheckerx.com\/images\/languages.png\" loading=\"lazy\" style=\"height: 180px\">\n<\/div>\n<div class=\"col-md-2\"><\/div>\n<\/div>\n\n<div class=\"row inner-sm\">\n<div class=\"col-md-2\"><\/div>\n<div class=\"col-md-3\">\n<img src=\"https:\/\/cdn.plagiarismcheckerx.com\/images\/color-density.png\" loading=\"lazy\" style=\"height: 180px\">\n<\/div>\n<div class=\"col-md-1\"><\/div>\n<div class=\"col-md-5\">\n<h2>Risultati differenziati con colori diversi  <\/h2>\n<p>Un modo intuitivo per vedere i risultati con uno sguardo veloce.<\/p>\n<\/div>\n<div class=\"col-md-1\"><\/div>\n<\/div>\n\n<div class=\"row inner-sm\">\n<div class=\"col-md-1\"><\/div>\n<div class=\"col-md-5\">\n<h2>Supporto tecnico dedicato 24\/7    <\/h2>\n<p>Hai bisogno di assistenza? Puoi contattarci ad ogni ora e da qualsiasi parte per parlare con la nostra assistenza clienti. Sempre disponibili per te.<\/p>\n<\/div>\n<div class=\"col-md-1\"><\/div>\n<div class=\"col-md-3\">\n<img src=\"https:\/\/cdn.plagiarismcheckerx.com\/images\/24x7.png\" loading=\"lazy\" style=\"height: 180px\">\n<\/div>\n<div class=\"col-md-2\"><\/div>\n<\/div>\n\n<div class=\"row inner-top-sm\">\n<div class=\"col-md-2\"><\/div>\n<div class=\"col-md-3\">\n<img src=\"https:\/\/cdn.plagiarismcheckerx.com\/images\/cost-effective.png\" loading=\"lazy\" style=\"height: 180px\">\n<\/div>\n<div class=\"col-md-1\"><\/div>\n<div class=\"col-md-5\">\n<h2>Economicamente conveniente <\/h2>\n<p>Ultimo ma non meno importante, diamo valore ai tuoi soldi. Infatti, invece di farti pagare pi\u00f9 volte, la nostra soluzione \u00e8 disponibile per te come soluzione unica. Scegli semplicemente il piano che risponde alle tue esigenze, per esempio utente singolo o utenti multipli.<\/p>\n<\/div>\n<div class=\"col-md-1\"><\/div>\n<\/div>\n<br><br><br>\n<\/section>\n\n<div class=\"light-bg\">\n    <section id=\"quick-video\">\n    <div class=\"container inner-sm\">\n    <div class=\"row\">\n    <div class=\"col-md-10 col-sm-9 center-block text-center\">\n    <header>\n    <h2>Un veloce video di presentazione di 1 minuto!<\/h2>\n    <p>Guarda la presentazione di tutti gli strumenti disponibili su Plagiarism Checker X in questo breve e veloce video di un minuto. Clicca, scopri tutte le funzionalit\u00e0 disponibili e inizia ora.<\/p>\n    <div class=\"row\">\n    <div class=\"col-md-8 center-block text-center\">\n    <iframe src=\"https:\/\/www.youtube.com\/embed\/8hlmDcQ18rE?modestbranding=1&playlist=h9KxPuCCn6M,4Y18EvBvGdg,yzH_fw0bxrU,7zsNw-HEO_Q\" width=\"560\" height=\"315\" frameborder=\"0\"><\/iframe>\n    <\/div><\/div>\n    <\/header>\n    <\/div>\n    <\/div>\n    <\/div>\n    <\/section>\n\n\n    <\/div>\n\n\n<section id=\"your-data-is-safe\">\n<div class=\"container inner-sm\">\n<div class=\"row\">\n<div class=\"col-md-10 col-sm-9 center-block text-center\">\n<header>\n<h2>I tuoi dati sono sicuri nel dispositivo, non \u00e8 necessario caricarlo<\/h2>\n<p>\"Come utente, non \u00e8 necessario caricare le tue assegnazioni e contenuti nel nostro database, invece i file rimangono con voi, che rende Plagiarism Checker X molto diverso dal resto dei fornitori di\".<\/p>\n<div class=\"row\">\n<div class=\"col-md-8 center-block text-center\">\n<figure><img src=\"https:\/\/cdn.plagiarismcheckerx.com\/images\/credit-cards-2.png\" alt=\"Credit Cards\"> <\/figure>\n<\/div><\/div>\n<\/header>\n<div>\n<a href=\"..\/download-thank-you\" class=\"btn btn-large\">DOWNLOAD GRATUITO<\/a> \n<a href=\"..\/buy\" class=\"btn btn-large\">Acquista adesso<\/a>\n<\/div>\n<\/div>\n<\/div>\n<\/div>\n<\/section>\n\n\n","protected":false},"excerpt":{"rendered":"<p>Scopri le caratteristiche di Plagiarism X Sei uno studente, un blogger o un autore di contenuti che lavora duramente? Oppure un docente, un redattore o un editore attento? Se sei tra una di queste figure, allora \u00e8 molto probabile che sei a conoscenza delle conseguenze di un contenuto plagiato. Il nostro team di Plagiarism Checker [&hellip;]<\/p>\n","protected":false},"author":1,"featured_media":0,"parent":0,"menu_order":0,"comment_status":"closed","ping_status":"closed","template":"","meta":[],"_links":{"self":[{"href":"https:\/\/plagiarismcheckerx.com\/it\/wp-json\/wp\/v2\/pages\/65"}],"collection":[{"href":"https:\/\/plagiarismcheckerx.com\/it\/wp-json\/wp\/v2\/pages"}],"about":[{"href":"https:\/\/plagiarismcheckerx.com\/it\/wp-json\/wp\/v2\/types\/page"}],"author":[{"embeddable":true,"href":"https:\/\/plagiarismcheckerx.com\/it\/wp-json\/wp\/v2\/users\/1"}],"replies":[{"embeddable":true,"href":"https:\/\/plagiarismcheckerx.com\/it\/wp-json\/wp\/v2\/comments?post=65"}],"version-history":[{"count":4,"href":"https:\/\/plagiarismcheckerx.com\/it\/wp-json\/wp\/v2\/pages\/65\/revisions"}],"predecessor-version":[{"id":342,"href":"https:\/\/plagiarismcheckerx.com\/it\/wp-json\/wp\/v2\/pages\/65\/revisions\/342"}],"wp:attachment":[{"href":"https:\/\/plagiarismcheckerx.com\/it\/wp-json\/wp\/v2\/media?parent=65"}],"curies":[{"name":"wp","href":"https:\/\/api.w.org\/{rel}","templated":true}]}}