{"id":50,"date":"2020-11-25T09:13:40","date_gmt":"2020-11-25T09:13:40","guid":{"rendered":"https:\/\/plagiarismcheckerx.com\/wordpress\/es\/?page_id=50"},"modified":"2020-12-01T20:07:07","modified_gmt":"2020-12-01T20:07:07","slug":"plagiarism-checker-for-publishers","status":"publish","type":"page","link":"https:\/\/plagiarismcheckerx.com\/it\/plagiarism-checker-for-publishers","title":{"rendered":"For Publishers"},"content":{"rendered":"\r\n<section id=\"services\">\r\n\r\n<div class=\"container inner-top-sm\">\r\n<div class=\"row inner-bottom-sm\">\r\n<div class=\"col-md-4 col-md-offset-1\">\r\n<figure><img src=\"https:\/\/cdn.plagiarismcheckerx.com\/images\/publishers.jpg\" alt=\"\"><\/figure>\r\n<\/div>\r\n\r\n<div class=\"col-md-7\">\r\n\r\n<h1 class=\"text-center\">Rilevatore di plagio per editori &amp; esperti SEO<\/h1>\r\n\r\n<p>Per gli editori online e gli amministratori di siti web, \u00e8 molto importante garantire l&#8217;unicit\u00e0 del contenuto sui loro portali. Plagiarism Checker X pu\u00f2 fare miracoli offrendo aiuto esteso ai proprietari e agli amministratori di siti web. Permette di rilevare plagio online e pu\u00f2 anche essere utile per il processo di gestione del contenuto.<\/p>\r\n\r\n<div align=\"center\">\r\n\r\n<a href=\"..\/download-thank-you\" class=\"btn btn-large btn-gray\">DOWNLOAD GRATUITO<\/a> \r\n<a href=\"..\/buy\" class=\"btn btn-large\">Acquista adesso<\/a>\r\n\r\n<\/div>\r\n\r\n<\/div>\r\n\r\n<\/div>\r\n\r\n<\/div>\r\n\r\n<\/section>\r\n\r\n<section id=\"features\" class=\"light-bg\">\r\n\r\n<div class=\"container inner-sm\">\r\n\r\n<div class=\"row\">\r\n\r\n<div class=\"col-md-11 col-md-offset-1\">\r\n\r\n<header class=\"text-center\">\r\n\r\n<h2>La scelta migliore per gli editori<\/h2>\r\n\r\n<\/header>\r\n\r\n<p><\/p>\r\n\r\n<\/div>\r\n\r\n<\/div>\r\n\r\n<div class=\"row inner-top-sm col-md-offset-1\">\r\n\r\n<div class=\"col-sm-1\">\r\n\r\n<div class=\"icon pull-right\">\r\n\r\n<i class=\"icon-lamp icn lg\"><\/i>\r\n\r\n<\/div>\r\n\r\n<\/div>\r\n\r\n<div class=\"col-sm-5 inner-bottom-sm\">\r\n\r\n<h3>Descrizione<\/h3>\r\n\r\n<p class=\"text-small\">Un editore pu\u00f2 verificare se il contenuto \u00e8 davvero originale o contiene troppe duplicazioni. Plagiarism Checker X offe un report approfondito del contenuto che si vuole pubblicare. La funzionalit\u00e0 &#8220;ricerca multipla&#8221; \u00e8 un&#8217;altra benedizione per editori\/amministratori di contenuti web che possono controllare il plagio in multipli documenti allo stesso tempo. Non c&#8217;\u00e8 limite di documenti, quindi puoi analizzare diversi elaborati\/post sui blog in un solo click.<\/p>\r\n\r\n<\/div>\r\n\r\n<div class=\"col-sm-1\">\r\n\r\n<div class=\"icon pull-right\">\r\n\r\n<i class=\"icon-doc icn lg\"><\/i>\r\n\r\n<\/div>\r\n\r\n<\/div>\r\n\r\n<div class=\"col-sm-5 inner-bottom-sm\">\r\n\r\n<h3>Prodotto, non servizio<\/h3>\r\n\r\n<p class=\"text-small\">Se esegui un&#8217;analisi comparativa di altre soluzioni simili sul mercato, vedrai che Plagiarism Checker X ha grandi vantaggi. Se guardiamo ai rilevatori online di plagio disponibili, la maggior parte offre servizi del tipo &#8220;pagamento per documento&#8221;. Con il nostro software, invece, gli utenti possono anche beneficiare di una prova gratuita di 14 giorni per testare il prodotto, oppure puoi visitare la sezione &#8220;funzionalit\u00e0&#8221; per conoscere in dettaglio le utilit\u00e0 e i vantaggi del leader dei rilevatori di plagio.<\/p>\r\n\r\n<\/div>\r\n\r\n<\/div>\r\n\r\n<div class=\"row inner-top-x col-md-offset-1\">\r\n\r\n<div class=\"col-sm-1\">\r\n\r\n<div class=\"icon pull-right\">\r\n\r\n<i class=\"icon-edit icn lg\"><\/i>\r\n\r\n<\/div>\r\n\r\n<\/div>\r\n\r\n<div class=\"col-sm-5 inner-bottom-sm\">\r\n\r\n<h3>Originalit\u00e0 garantita<\/h3>\r\n\r\n<p class=\"text-small\">L&#8217;unicit\u00e0 e l&#8217;ingegno sono le due caratteristiche che rendono un brand diverso dal resto. Se il tuo contenuto \u00e8 simile o uguale a quello di altri, i clienti potrebbero non vederne il valore. Tra le altre cose, a Google non piacciono i siti web che copiano i contenuti dai concorrenti. Per controllare se il contenuto del tuo sito web\/blog \u00e8 presente in altre pagine web, tutto quello che devi fare \u00e8 incollare l&#8217;URL della pagina e cliccare analizzare. <br><br> Il software sfoglia automaticamente i motori di ricerca e controlla i risultati su Google, Bing e Yahoo. Inoltre, ci\u00f2 pu\u00f2 permetterti di capire se i tuoi articoli pubblicati sono usati da qualcun altro sul web. <\/p> \r\n<\/div>\r\n\r\n<div class=\"col-sm-1\">\r\n\r\n<div class=\"icon pull-right\">\r\n\r\n<i class=\"icon-umbrella icn lg\"><\/i>\r\n\r\n<\/div>\r\n\r\n<\/div>\r\n\r\n<div class=\"col-sm-5 inner-bottom-sm\">\r\n\r\n<h3>Proteggi il tuo Brand<\/h3>\r\n\r\n<p class=\"text-small\">Gli strumenti di rilevazione di plagio non servono solo per evitare duplicazioni, ma anche per proteggere il tuo brand. Se hai lavorato duro, ma qualche esperto di copia\/incolla ha presentato i tuoi contenuti come suoi, allora questo pu\u00f2 essere un vero problema. Per questo hai bisogno di uno strumento antiplagio che ti permette di tracciare il tuo lavoro e proteggere il tuo brand. Se sei un editore, devi essere a conoscenza dei problemi di violazione del copyright. <br><br> In parole semplici, \u00e8 una questione molto seria da un punto di vista etico, legale e aziendale. Anche se stai pubblicando qualcosa che hai scritto tu, \u00e8 sempre consigliabile impiegare qualche minuto per proteggerti da eventuali problemi.<\/p>\r\n\r\n<\/div>\r\n\r\n<\/div>\r\n\r\n<\/div>\r\n\r\n<\/section>\r\n\r\n\n\n<section id=\"clients\">\n<div class=\"container inner-sm\">\n\n<div class=\"row\">\n<div class=\"col-md-8 col-sm-9 center-block text-center\">\n<header>\n<h2>Usato dagli Istituti Leading<\/h2>\n<p>Valutiamo le nostre esperienze del cliente. La velocit\u00e0, l'accuratezza e l'interfaccia utente facile hanno reso i clienti soddisfatti e fedeli.<\/p>\n<\/header>\n<\/div>\n<\/div>\n\n<div class=\"row inner-top-xs\">\n<div class=\"col-sm-12\">\n<div id=\"owl-clients\" class=\"owl-carousel owl-outer-nav\">\n\n<div class=\"item\">\n<figure>\n<figcaption class=\"text-overlay\">\n<div class=\"info\">\n<h4>IEEE<\/h4>\n<\/div>\n<\/figcaption>\n<img class=\"SliceImages OrgImage1\">\n<\/figure>\n<\/div>\n\n<div class=\"item\">\n<figure>\n<figcaption class=\"text-overlay\">\n<div class=\"info\">\n<h4>American University of Science And Technology<\/h4>\n<\/div>\n<\/figcaption>\n<img class=\"SliceImages OrgImage2\">\n<\/figure>\n<\/div>\n\n<div class=\"item\">\n<figure>\n<figcaption class=\"text-overlay\">\n<div class=\"info\">\n<h4>Remington College<\/h4>\n<\/div>\n<\/figcaption>\n<img class=\"SliceImages OrgImage3\">\n<\/figure>\n<\/div>\n\n<div class=\"item\">\n<figure>\n<figcaption class=\"text-overlay\">\n<div class=\"info\">\n<h4>JM Field Marketing<\/h4>\n<\/div>\n<\/figcaption>\n<img class=\"SliceImages OrgImage4\">\n<\/figure>\n<\/div>\n\n<div class=\"item\">\n<figure>\n<figcaption class=\"text-overlay\">\n<div class=\"info\">\n<h4>University of Maribor<\/h4>\n<\/div>\n<\/figcaption>\n<img class=\"SliceImages OrgImage5\">\n<\/figure>\n<\/div>\n\n<div class=\"item\">\n<figure>\n<figcaption class=\"text-overlay\">\n<div class=\"info\">\n<h4>Great American Cookies<\/h4>\n<\/div>\n<\/figcaption>\n<img class=\"SliceImages OrgImage6\">\n<\/figure>\n<\/div>\n\n<div class=\"item\">\n<figure>\n<figcaption class=\"text-overlay\">\n<div class=\"info\">\n<h4>Ohio University<\/h4>\n<\/div>\n<\/figcaption>\n<img class=\"SliceImages OrgImage7\">\n<\/figure>\n<\/div>\n\n<div class=\"item\">\n<figure>\n<figcaption class=\"text-overlay\">\n<div class=\"info\">\n<h4>University Of Massachusetts Boston<\/h4>\n<\/div>\n<\/figcaption>\n<img class=\"SliceImages OrgImage8\">\n<\/figure>\n<\/div>\n\n<div class=\"item\">\n<figure>\n<figcaption class=\"text-overlay\">\n<div class=\"info\">\n<h4>Labournet Services India<\/h4>\n<\/div>\n<\/figcaption>\n<img class=\"SliceImages OrgImage9\">\n<\/figure>\n<\/div>\n\n<div class=\"item\">\n<figure>\n<figcaption class=\"text-overlay\">\n<div class=\"info\">\n<h4>King Saud University<\/h4>\n<\/div>\n<\/figcaption>\n<img class=\"SliceImages OrgImage10\">\n<\/figure>\n<\/div>\n\n<div class=\"item\">\n<figure>\n<figcaption class=\"text-overlay\">\n<div class=\"info\">\n<h4>Delta-State-University-Abraka<\/h4>\n<\/div>\n<\/figcaption>\n<img class=\"SliceImages OrgImage11\">\n<\/figure>\n<\/div>\n\n<div class=\"item\">\n<figure>\n<figcaption class=\"text-overlay\">\n<div class=\"info\">\n<h4>Trinity College<\/h4>\n<\/div>\n<\/figcaption>\n<img class=\"SliceImages OrgImage12\">\n<\/figure>\n<\/div>\n\n<\/div>\n<\/div>\n<\/div>\n\n<\/div>\n<\/section>\n\n\r\n<div class=\"light-bg\">\n\n<section id=\"your-data-is-safe\">\n<div class=\"container inner-sm\">\n<div class=\"row\">\n<div class=\"col-md-10 col-sm-9 center-block text-center\">\n<header>\n<h2>I tuoi dati sono sicuri nel dispositivo, non \u00e8 necessario caricarlo<\/h2>\n<p>\"Come utente, non \u00e8 necessario caricare le tue assegnazioni e contenuti nel nostro database, invece i file rimangono con voi, che rende Plagiarism Checker X molto diverso dal resto dei fornitori di\".<\/p>\n<div class=\"row\">\n<div class=\"col-md-8 center-block text-center\">\n<figure><img src=\"https:\/\/cdn.plagiarismcheckerx.com\/images\/credit-cards-2.png\" alt=\"Credit Cards\"> <\/figure>\n<\/div><\/div>\n<\/header>\n<div>\n<a href=\"..\/download-thank-you\" class=\"btn btn-large\">DOWNLOAD GRATUITO<\/a> \n<a href=\"..\/buy\" class=\"btn btn-large\">Acquista adesso<\/a>\n<\/div>\n<\/div>\n<\/div>\n<\/div>\n<\/section>\n\n<\/div>\r\n","protected":false},"excerpt":{"rendered":"<p>Rilevatore di plagio per editori &amp; esperti SEO Per gli editori online e gli amministratori di siti web, \u00e8 molto importante garantire l&#8217;unicit\u00e0 del contenuto sui loro portali. Plagiarism Checker X pu\u00f2 fare miracoli offrendo aiuto esteso ai proprietari e agli amministratori di siti web. Permette di rilevare plagio online e pu\u00f2 anche essere utile [&hellip;]<\/p>\n","protected":false},"author":1,"featured_media":0,"parent":0,"menu_order":0,"comment_status":"closed","ping_status":"closed","template":"","meta":[],"_links":{"self":[{"href":"https:\/\/plagiarismcheckerx.com\/it\/wp-json\/wp\/v2\/pages\/50"}],"collection":[{"href":"https:\/\/plagiarismcheckerx.com\/it\/wp-json\/wp\/v2\/pages"}],"about":[{"href":"https:\/\/plagiarismcheckerx.com\/it\/wp-json\/wp\/v2\/types\/page"}],"author":[{"embeddable":true,"href":"https:\/\/plagiarismcheckerx.com\/it\/wp-json\/wp\/v2\/users\/1"}],"replies":[{"embeddable":true,"href":"https:\/\/plagiarismcheckerx.com\/it\/wp-json\/wp\/v2\/comments?post=50"}],"version-history":[{"count":7,"href":"https:\/\/plagiarismcheckerx.com\/it\/wp-json\/wp\/v2\/pages\/50\/revisions"}],"predecessor-version":[{"id":363,"href":"https:\/\/plagiarismcheckerx.com\/it\/wp-json\/wp\/v2\/pages\/50\/revisions\/363"}],"wp:attachment":[{"href":"https:\/\/plagiarismcheckerx.com\/it\/wp-json\/wp\/v2\/media?parent=50"}],"curies":[{"name":"wp","href":"https:\/\/api.w.org\/{rel}","templated":true}]}}