{"id":48,"date":"2020-11-25T10:24:42","date_gmt":"2020-11-25T10:24:42","guid":{"rendered":"https:\/\/plagiarismcheckerx.com\/wordpress\/es\/?page_id=48"},"modified":"2020-12-01T20:07:07","modified_gmt":"2020-12-01T20:07:07","slug":"plagiarism-checker-for-teachers","status":"publish","type":"page","link":"https:\/\/plagiarismcheckerx.com\/it\/plagiarism-checker-for-teachers","title":{"rendered":"For Teachers"},"content":{"rendered":"\n<section id=\"services\">\n\n<div class=\"container inner-top-md\">\n\n<div class=\"row inner-bottom-sm\">\n  \n<div class=\"col-md-4 col-md-offset-1\">\n<figure><img src=\"https:\/\/cdn.plagiarismcheckerx.com\/images\/teachers.jpg\" alt=\"\"><\/figure>\n<\/div>\n\n<div class=\"col-md-7\">\n  \n<h1 class=\"text-center\">Rilevatore di plagio per Insegnanti<\/h1>\n\n<p>Plagiarism Checker X \u00e8 una benedizione per gli insegnanti. Fa risparmiare molto tempo offrendo una funzionalit\u00e0 di ricerca multipla e un veloce servizio di controllo del contenuto. In questo modo, \u00e8 possibile rilevare plagio in elaborati, tesi e articoli in pochi secondi. Inoltre, la funzionalit\u00e0 di ricerca per gruppi \u00e8 un altro vantaggio che permette di scansionare diversi documenti in un solo click.<\/p>\n\n<div align=\"center\">\n<a href=\"..\/download-thank-you\" class=\"btn btn-large btn-gray\">DOWNLOAD GRATUITO<\/a> \n<a href=\"..\/buy\" class=\"btn btn-large\">Acquista adesso<\/a>\n<\/div>\n\n<\/div>\n\n<\/div>\n\n<\/div>\n\n<\/section>\n\n\n\n<section id=\"features\" class=\"light-bg\">\n\n<div class=\"container inner-sm\">\n\n<div class=\"row\">\n<div class=\"col-md-11 col-md-offset-1\">\n<header class=\"text-center\">\n<h2>Soluzione per insegnanti e ricercatori<\/h2>\n<\/header>\n<p>Gli insegnanti e i ricercatori accademici hanno una grande necessit\u00e0 di uno strumento di rilevazione del plagio che pu\u00f2 aiutare nella valutazione degli elaborati e giudicare la qualit\u00e0. Inoltre, pu\u00f2 essere anche utile per controllare la qualit\u00e0 dei loro lavori di ricerca e di articoli accademici.<\/p>\n<\/div>\n<\/div>\n\n<div class=\"row inner-top-sm col-md-offset-1\">\n\n<div class=\"col-sm-1\">  \n<div class=\"icon pull-right\">\n<i class=\"icon-lamp icn lg\"><\/i>\n<\/div>\n<\/div>\n\n<div class=\"col-sm-5 inner-bottom-sm\">\n<h3>Descrizione<\/h3>\n<p class=\"text-small\">Per un docente, \u00e8 ancora pi\u00f9 importante far rispettare i diritti d&#8217;autore. Ci\u00f2 significa che, oltre a controllare l&#8217;eventuale plagio nei testi degli studenti, devono controllare in modo ancora pi\u00f9 rigoroso la qualit\u00e0 dei loro lavori. Innanzitutto, questo rilevatore di plagio aiuta a controllare l&#8217;originalit\u00e0 del loro lavoro di ricerca. In una recente valutazione delle prestazioni, il nostro strumento \u00e8 risultato 3 volte pi\u00f9 veloce, accurato e meno caro rispetto ad altre alternative disponibili.<\/p>\n<\/div>\n\n<div class=\"col-sm-1\">  \n<div class=\"icon pull-right\">\n<i class=\"icon-thumbs-up-1 icn lg\"><\/i>\n<\/div>\n<\/div>\n\n<div class=\"col-sm-5 inner-bottom-sm\">\n<h3>Perch\u00e9 diciamo che \u00e8 ottimo<\/h3>\n<p class=\"text-small\">Gli insegnanti possono svolgere un&#8217;analisi comparativa\/incrociata degli elaborati. L&#8217;opzione &#8220;ricerca per gruppi&#8221; permette di confrontare i testi e i lavori di ricerca dell&#8217;intera classe. Questa funzionalit\u00e0 innovativa fa risparmiare molto tempo all&#8217;insegnante e offre il risultato molto velocemente. Se sei interessato\/a a saperne di pi\u00f9, sfoglia la sezione delle caratteristiche del sito.<\/p>\n<\/div>\n\n<\/div>\n\n<div class=\"row inner-top-x col-md-offset-1\">\n\n<div class=\"col-sm-1\">\n<div class=\"icon pull-right\">\n<i class=\"icon-cog-alt icn lg\"><\/i>\n<\/div>\n<\/div>\n\n<div class=\"col-sm-5\">\n<h3>Funzionalit\u00e0<\/h3>\n<p class=\"text-small\">Il vantaggio di usare Plagiarism Checker X \u00e8 la sua abilit\u00e0 di lavorare in modalit\u00e0 online\/offline, sebbene non tutte le funzionalit\u00e0 funzionano in modalit\u00e0 offline. Ad ogni modo, puoi fare un controllo incrociato di due elaborati ed eseguire altre operazioni in modalit\u00e0 offline. Un altro vantaggio competitivo di usare questo rilevatore di plagio \u00e8 che offre una comprensione dettagliata e approfondita in un solo click. Puoi visualizzare e salvare il report sul tuo dispositivo.<\/p>\n<\/div>\n\n<div class=\"col-sm-1\">\n<div class=\"icon pull-right\">\n<i class=\"icon-gift icn lg\"><\/i>\n<\/div>\n<\/div>\n\n<div class=\"col-sm-5\">\n<h3>Per il tuo budget<\/h3>\n<p class=\"text-small\">Un&#8217;analisi comparativa tra diversi piani di abbonamento mostra che Plagiarism Checker X ha una grande leadership di costo nella categoria dei rilevatori di plagio online. Infatti, invece di farti pagare per ogni documento che carichi, ti offriamo un abbonamento a vita con cui puoi fare ricerche illimitate.<\/p>\n<\/div>\n<\/div>\n<\/div>\n<\/section>\n\n\n\n<section id=\"clients\">\n<div class=\"container inner-sm\">\n\n<div class=\"row\">\n<div class=\"col-md-8 col-sm-9 center-block text-center\">\n<header>\n<h2>Usato dagli Istituti Leading<\/h2>\n<p>Valutiamo le nostre esperienze del cliente. La velocit\u00e0, l'accuratezza e l'interfaccia utente facile hanno reso i clienti soddisfatti e fedeli.<\/p>\n<\/header>\n<\/div>\n<\/div>\n\n<div class=\"row inner-top-xs\">\n<div class=\"col-sm-12\">\n<div id=\"owl-clients\" class=\"owl-carousel owl-outer-nav\">\n\n<div class=\"item\">\n<figure>\n<figcaption class=\"text-overlay\">\n<div class=\"info\">\n<h4>IEEE<\/h4>\n<\/div>\n<\/figcaption>\n<img class=\"SliceImages OrgImage1\">\n<\/figure>\n<\/div>\n\n<div class=\"item\">\n<figure>\n<figcaption class=\"text-overlay\">\n<div class=\"info\">\n<h4>American University of Science And Technology<\/h4>\n<\/div>\n<\/figcaption>\n<img class=\"SliceImages OrgImage2\">\n<\/figure>\n<\/div>\n\n<div class=\"item\">\n<figure>\n<figcaption class=\"text-overlay\">\n<div class=\"info\">\n<h4>Remington College<\/h4>\n<\/div>\n<\/figcaption>\n<img class=\"SliceImages OrgImage3\">\n<\/figure>\n<\/div>\n\n<div class=\"item\">\n<figure>\n<figcaption class=\"text-overlay\">\n<div class=\"info\">\n<h4>JM Field Marketing<\/h4>\n<\/div>\n<\/figcaption>\n<img class=\"SliceImages OrgImage4\">\n<\/figure>\n<\/div>\n\n<div class=\"item\">\n<figure>\n<figcaption class=\"text-overlay\">\n<div class=\"info\">\n<h4>University of Maribor<\/h4>\n<\/div>\n<\/figcaption>\n<img class=\"SliceImages OrgImage5\">\n<\/figure>\n<\/div>\n\n<div class=\"item\">\n<figure>\n<figcaption class=\"text-overlay\">\n<div class=\"info\">\n<h4>Great American Cookies<\/h4>\n<\/div>\n<\/figcaption>\n<img class=\"SliceImages OrgImage6\">\n<\/figure>\n<\/div>\n\n<div class=\"item\">\n<figure>\n<figcaption class=\"text-overlay\">\n<div class=\"info\">\n<h4>Ohio University<\/h4>\n<\/div>\n<\/figcaption>\n<img class=\"SliceImages OrgImage7\">\n<\/figure>\n<\/div>\n\n<div class=\"item\">\n<figure>\n<figcaption class=\"text-overlay\">\n<div class=\"info\">\n<h4>University Of Massachusetts Boston<\/h4>\n<\/div>\n<\/figcaption>\n<img class=\"SliceImages OrgImage8\">\n<\/figure>\n<\/div>\n\n<div class=\"item\">\n<figure>\n<figcaption class=\"text-overlay\">\n<div class=\"info\">\n<h4>Labournet Services India<\/h4>\n<\/div>\n<\/figcaption>\n<img class=\"SliceImages OrgImage9\">\n<\/figure>\n<\/div>\n\n<div class=\"item\">\n<figure>\n<figcaption class=\"text-overlay\">\n<div class=\"info\">\n<h4>King Saud University<\/h4>\n<\/div>\n<\/figcaption>\n<img class=\"SliceImages OrgImage10\">\n<\/figure>\n<\/div>\n\n<div class=\"item\">\n<figure>\n<figcaption class=\"text-overlay\">\n<div class=\"info\">\n<h4>Delta-State-University-Abraka<\/h4>\n<\/div>\n<\/figcaption>\n<img class=\"SliceImages OrgImage11\">\n<\/figure>\n<\/div>\n\n<div class=\"item\">\n<figure>\n<figcaption class=\"text-overlay\">\n<div class=\"info\">\n<h4>Trinity College<\/h4>\n<\/div>\n<\/figcaption>\n<img class=\"SliceImages OrgImage12\">\n<\/figure>\n<\/div>\n\n<\/div>\n<\/div>\n<\/div>\n\n<\/div>\n<\/section>\n\n\n<div class=\"light-bg\">\n    <section id=\"customer-satisfaction\">\n    <div class=\"container inner-sm\">\n    <div class=\"row\">\n    <div class=\"col-md-10 col-sm-9 center-block text-center\">\n    <header>\n    <h2>Soddisfazione cliente garantita<\/h2>\n    <p>\"Plagiarism Checker X \u00e8 stato progettato in base a feedback, suggerimenti e commenti tecnici provenienti dal mercato. La velocit\u00e0, l'accuratezza e l'interfaccia intuitiva hanno reso i clienti soddisfatti e fidelizzati.\"<\/p>\n    <div class=\"row\">\n    <div class=\"col-md-8 center-block text-center\">\n    <figure><img src=\"https:\/\/cdn.plagiarismcheckerx.com\/images\/credit-cards-2.png\" loading=\"lazy\" alt=\"Credit Cards\"> <\/figure>\n    <\/div><\/div>\n    <\/header>\n    <div>\n    <a href=\"..\/download-thank-you\" class=\"btn btn-large btn-gray\">DOWNLOAD GRATUITO<\/a>&nbsp;\n    <a href=\"..\/buy\" class=\"btn btn-large\">Acquista adesso<\/a>\n    <\/div>\n    <\/div>\n    <\/div>\n    <\/div>\n    <\/section>\n\n\n    <\/div>\n\n\n\n<p><\/p>\n","protected":false},"excerpt":{"rendered":"<p>Rilevatore di plagio per Insegnanti Plagiarism Checker X \u00e8 una benedizione per gli insegnanti. Fa risparmiare molto tempo offrendo una funzionalit\u00e0 di ricerca multipla e un veloce servizio di controllo del contenuto. In questo modo, \u00e8 possibile rilevare plagio in elaborati, tesi e articoli in pochi secondi. Inoltre, la funzionalit\u00e0 di ricerca per gruppi \u00e8 [&hellip;]<\/p>\n","protected":false},"author":1,"featured_media":0,"parent":0,"menu_order":0,"comment_status":"closed","ping_status":"closed","template":"","meta":[],"_links":{"self":[{"href":"https:\/\/plagiarismcheckerx.com\/it\/wp-json\/wp\/v2\/pages\/48"}],"collection":[{"href":"https:\/\/plagiarismcheckerx.com\/it\/wp-json\/wp\/v2\/pages"}],"about":[{"href":"https:\/\/plagiarismcheckerx.com\/it\/wp-json\/wp\/v2\/types\/page"}],"author":[{"embeddable":true,"href":"https:\/\/plagiarismcheckerx.com\/it\/wp-json\/wp\/v2\/users\/1"}],"replies":[{"embeddable":true,"href":"https:\/\/plagiarismcheckerx.com\/it\/wp-json\/wp\/v2\/comments?post=48"}],"version-history":[{"count":3,"href":"https:\/\/plagiarismcheckerx.com\/it\/wp-json\/wp\/v2\/pages\/48\/revisions"}],"predecessor-version":[{"id":361,"href":"https:\/\/plagiarismcheckerx.com\/it\/wp-json\/wp\/v2\/pages\/48\/revisions\/361"}],"wp:attachment":[{"href":"https:\/\/plagiarismcheckerx.com\/it\/wp-json\/wp\/v2\/media?parent=48"}],"curies":[{"name":"wp","href":"https:\/\/api.w.org\/{rel}","templated":true}]}}