{"id":44,"date":"2020-11-25T09:32:45","date_gmt":"2020-11-25T09:32:45","guid":{"rendered":"https:\/\/plagiarismcheckerx.com\/wordpress\/es\/?page_id=44"},"modified":"2020-12-01T20:07:07","modified_gmt":"2020-12-01T20:07:07","slug":"plagiarism-checker-for-students","status":"publish","type":"page","link":"https:\/\/plagiarismcheckerx.com\/it\/plagiarism-checker-for-students","title":{"rendered":"For Students"},"content":{"rendered":"\n<section id=\"services\">\n\n<div class=\"container inner-top-md\">\n\n<div class=\"row inner-bottom-sm\">\n\n<div class=\"col-md-4 col-md-offset-1\">\n<figure><img src=\"https:\/\/cdn.plagiarismcheckerx.com\/images\/students.jpg\" alt=\"\"><\/figure>\n<\/div>\n\n<div class=\"col-md-7\">\n\n<h1 class=\"text-center\">Rilevatore di plagio per Studenti<\/h1>\n\n<p>Plagiarism Checker X \u00e8 tra i rilevatori di plagio pi\u00f9 affidabili e intuitivi sul mercato. Con il suo aiuto, gli studenti possono facilmente rilevare il plagio nei loro testi e ottenere voti pi\u00f9 alti. Scarica il software adesso e approfitta di questo rilevatore di plagio, anche per plagio di pagine web e scansioni di gruppo.<\/p>\n\n<div align=\"center\">\n<a href=\"..\/download-thank-you\" class=\"btn btn-large btn-gray\">Free Download<\/a>\n<a href=\"..\/buy\" class=\"btn btn-large\">Buy PRO<\/a>\n<\/div>\n\n<\/div>\n\n<\/div>\n\n<\/div>\n\n<\/section>\n\n\n\n<section id=\"features\" class=\"light-bg\">\n\n<div class=\"container inner-xs\">\n\n<div class=\"row\">\n<div class=\"col-md-11 col-md-offset-1\">\n<header class=\"text-center\">\n<h2>Aiutiamo gli studenti<\/h2>\n<\/header>\n<p>Plagiarism Checker X \u00e8 una benedizione per gli studenti che potranno beneficiare dei numerosi vantaggi di questo rilevatore di plagio premium. Uno dei requisiti principali per qualsiasi documento accademico o compito scritto \u00e8 quello di essere privo di violazioni di copyright e plagio.<\/p>\n<\/div>\n<\/div>\n\n<div class=\"row inner-top-sm col-md-offset-1\">\n\n<div class=\"col-sm-1\">\n<div class=\"icon pull-right\">\n<i class=\"icon-lamp icn lg\"><\/i>\n<\/div>\n<\/div>\n\n<div class=\"col-sm-5 inner-bottom-sm\">\n<h3>Descrizione<\/h3>\n<p class=\"text-small\">Una soluzione pi\u00f9 veloce, accurata ed economica rispetto ad altri programmi disponibili. Inoltre, non occorre caricare il testo nel nostro database. Ecco alcune caratteristiche principali di Plagiarism Checker X che ti mostreranno la sua unicit\u00e0.<\/p>\n<\/div>\n\n<div class=\"col-sm-1\">\n<div class=\"icon pull-right\">\n<i class=\"icon-doc icn lg\"><\/i>\n<\/div>\n<\/div>\n\n<div class=\"col-sm-5 inner-bottom-sm\">\n<h3>Un prodotto, non un servizio<\/h3>\n<p class=\"text-small\">Plagiarism Checker X \u00e8 un prodotto, non un servizio &#8211; non ti facciamo pagare per ogni documento che carichi. Il tuo contenuto \u00e8 completamente sicuro: non viene mai immagazzinato nei nostri server.<\/p>\n<\/div>\n\n<\/div>\n\n<div class=\"row inner-top-x col-md-offset-1\">\n\n<div class=\"col-sm-1\">\n<div class=\"icon pull-right\">\n<i class=\"icon-chart-pie icn lg\"><\/i>\n<\/div>\n<\/div>\n\n<div class=\"col-sm-5 inner-bottom-sm\">\n<h3>Report completo<\/h3>\n<p class=\"text-small\">Con un solo click, Plagiarism Checker X genera dei report e delle statistiche dettagliate in HTML o docx. Offre un&#8217;analisi approfondita della qualit\u00e0 del contenuto e delle fonti di referenza, e mette in evidenza la sezione che contiene plagio. Gli utenti possono anche salvare il report sui propri dispositivi e visualizzarlo successivamente.<\/p>\n<\/div>\n\n<div class=\"col-sm-1\">\n<div class=\"icon pull-right\">\n<i class=\"icon-gift icn lg\"><\/i>\n<\/div>\n<\/div>\n\n<div class=\"col-sm-5 inner-bottom-sm\">\n<h3>Per il tuo budget<\/h3>\n<p class=\"text-small\">Sappiamo che gli studenti si preoccupano per le loro finanze, quindi ti offriamo dei pacchetti a dei prezzi altamente ragionevoli e una versione gratuita per tutta la vita. Paga una volta sola e goditi una licenza per sempre. Gli abbonati non dovranno pagare per ogni documento che vogliono scansionare, ma pagheranno un piccolo prezzo in una volta sola.<\/p>\n<\/div>\n<\/div>\n\n<\/div>\n<\/section>\n\n    <section id=\"what-are-you-waiting-for\">\n    <div class=\"container inner-sm\">\n    <div class=\"row\">\n    <div class=\"col-md-10 col-sm-9 center-block text-center\">\n    <header>\n    <h2>Quindi, cosa stai aspettando?<\/h2>\n    <\/header>\n    <p>Riassumendo, questo strumento facile da usare pu\u00f2 aiutarti ad evitare complessi rilevatori di plagio ed eventuali sanzioni. Ci sono universit\u00e0 in cui gli studenti devono affrontare grosse penalit\u00e0 come sospensione accademica, multe, e addirittura espulsione. Se il documento viola i diritti d'autore, ci\u00f2 pu\u00f2 condurre a cause legali e procedimenti penali. Di conseguenza, utilizzare un buon rilevatore di plagio \u00e8 molto importante. <\/p>\n    <div class=\"row\">\n    <div class=\"col-md-8 center-block text-center\">\n    <figure><img src=\"https:\/\/cdn.plagiarismcheckerx.com\/images\/credit-cards-2.png\" loading=\"lazy\" alt=\"Credit Cards\"> <\/figure>\n    <\/div><\/div>\n    <div>\n    <a href=\"..\/download-thank-you\" class=\"btn btn-large btn-gray\">DOWNLOAD GRATUITO<\/a>&nbsp;\n    <a href=\"..\/buy\" class=\"btn btn-large\">Acquista adesso<\/a>\n    <\/div>\n    <\/div>\n    <\/div>\n    <\/div>\n    <\/section>\n\n\n    \n\n\n\n<p><\/p>\n","protected":false},"excerpt":{"rendered":"<p>Rilevatore di plagio per Studenti Plagiarism Checker X \u00e8 tra i rilevatori di plagio pi\u00f9 affidabili e intuitivi sul mercato. Con il suo aiuto, gli studenti possono facilmente rilevare il plagio nei loro testi e ottenere voti pi\u00f9 alti. Scarica il software adesso e approfitta di questo rilevatore di plagio, anche per plagio di pagine [&hellip;]<\/p>\n","protected":false},"author":1,"featured_media":0,"parent":0,"menu_order":0,"comment_status":"closed","ping_status":"closed","template":"","meta":[],"_links":{"self":[{"href":"https:\/\/plagiarismcheckerx.com\/it\/wp-json\/wp\/v2\/pages\/44"}],"collection":[{"href":"https:\/\/plagiarismcheckerx.com\/it\/wp-json\/wp\/v2\/pages"}],"about":[{"href":"https:\/\/plagiarismcheckerx.com\/it\/wp-json\/wp\/v2\/types\/page"}],"author":[{"embeddable":true,"href":"https:\/\/plagiarismcheckerx.com\/it\/wp-json\/wp\/v2\/users\/1"}],"replies":[{"embeddable":true,"href":"https:\/\/plagiarismcheckerx.com\/it\/wp-json\/wp\/v2\/comments?post=44"}],"version-history":[{"count":3,"href":"https:\/\/plagiarismcheckerx.com\/it\/wp-json\/wp\/v2\/pages\/44\/revisions"}],"predecessor-version":[{"id":360,"href":"https:\/\/plagiarismcheckerx.com\/it\/wp-json\/wp\/v2\/pages\/44\/revisions\/360"}],"wp:attachment":[{"href":"https:\/\/plagiarismcheckerx.com\/it\/wp-json\/wp\/v2\/media?parent=44"}],"curies":[{"name":"wp","href":"https:\/\/api.w.org\/{rel}","templated":true}]}}