{"id":30,"date":"2020-11-25T06:49:23","date_gmt":"2020-11-25T06:49:23","guid":{"rendered":"https:\/\/plagiarismcheckerx.com\/wordpress\/es\/?page_id=30"},"modified":"2021-01-16T08:29:07","modified_gmt":"2021-01-16T08:29:07","slug":"home","status":"publish","type":"page","link":"https:\/\/plagiarismcheckerx.com\/it\/","title":{"rendered":"HOME"},"content":{"rendered":"<main>\r\n<section id=\"download\">\r\n<div class=\"container inner-xs\">\r\n<div class=\"row\">\r\n<div class=\"col-md-7 inner-xs text-center\"><br \/>\r\n<h1 align=\"center\">#1 Plagio Checker<\/h1>\r\n<p>Plagiarism Checker X ti aiuta a individuare il plagio nei tuoi documenti di ricerca, blog, assegnazioni e siti web. Con velocit\u00e0 e precisione pi\u00f9 elevate, \u00e8 possibile controllare facilmente la somiglianza del documento in pochi secondi.<\/p>\r\n<a class=\"btn btn-large\" href=\"buy\">Iniziare<\/a> \u00a0\r\n<p class=\"text-center\"><img src=\"https:\/\/cdn.plagiarismcheckerx.com\/images\/windows-10-logo.png\" alt=\"plagairism checker windows 10, 8, 7\" height=\"32px\" \/> <small>Compatible with Windows 10, 8, 7, and Vista.<\/small><\/p>\r\n<\/div>\r\n<div class=\"col-md-5\"><br \/><img src=\"https:\/\/cdn.plagiarismcheckerx.com\/images\/header-banner-blue.jpg\" alt=\"plagairism checker free\" height=\"395px\" \/><\/div>\r\n<\/div>\r\n<\/div>\r\n<\/section>\r\n<section id=\"standard-tabs-side\" class=\"border-top light-bg\">\r\n<div class=\"container inner-top-md inner-bottom-sm\">\r\n<div class=\"row\">\r\n<div class=\"col-xs-12\">\r\n<div class=\"tabs tabs-circle-top tab-container text-center\">\r\n<ul class=\"etabs\">\r\n<li class=\"tab\"><a href=\"#tab-1\">studenti<\/a><\/li>\r\n<li class=\"tab\"><a href=\"#tab-2\">insegnanti<\/a><\/li>\r\n<li class=\"tab\"><a href=\"#tab-3\">Writers &amp; Journalists<\/a><\/li>\r\n<li class=\"tab\"><a href=\"#tab-4\">Digital Marketers<\/a><\/li>\r\n<li class=\"tab\"><a href=\"#tab-5\">Premi<\/a><\/li>\r\n<\/ul>\r\n<div class=\"panel-container\">\r\n<div id=\"tab-1\" class=\"tab-content\">\r\n<div class=\"row\">\r\n<div class=\"col-md-4 col-md-offset-1\">\r\n<figure><img style=\"filter: grayscale(100);\" src=\"https:\/\/cdn.plagiarismcheckerx.com\/images\/students.jpg\" alt=\"Similarity Scanner for Students\" \/><\/figure>\r\n<\/div>\r\n<div class=\"col-md-5 text-left\">\r\n<h2>studenti<\/h2>\r\n<p>Plagiarism Checker X aiuta gli studenti a controllare i problemi di duplicazione nei loro incarichi e documenti. \u00c8 possibile controllare facilmente il plagio e trovare le fonti originali, le citazioni corrette e, di conseguenza, ottenere migliori gradi. <br \/><a class=\"btn btn-green\" href=\"plagiarism-checker-for-students\">Know More!<\/a><\/p>\r\n<\/div>\r\n<\/div>\r\n<\/div>\r\n<div id=\"tab-2\" class=\"tab-content\">\r\n<div class=\"row\">\r\n<div class=\"col-md-4 col-md-offset-1\">\r\n<figure><img style=\"filter: grayscale(100);\" src=\"https:\/\/cdn.plagiarismcheckerx.com\/images\/teachers.jpg\" alt=\"Similarity Scanner for Teachers\" \/><\/figure>\r\n<\/div>\r\n<div class=\"col-md-5 text-left\">\r\n<h2>insegnanti<\/h2>\r\n<p>Come insegnante, puoi utilizzare PlagiarismCheckerX per controllare i tuoi documenti di ricerca e le assegnazioni degli studenti. La funzione Bulk Search consente di controllare un intero lotto di documenti in un solo clic. Inoltre, \u00e8 possibile rilevare il plagio in documenti e contenuti pubblicati. <br \/><a class=\"btn btn-green\" href=\"plagiarism-checker-for-teachers\">Know More!<\/a><\/p>\r\n<\/div>\r\n<\/div>\r\n<\/div>\r\n<div id=\"tab-3\" class=\"tab-content\">\r\n<div class=\"row\">\r\n<div class=\"col-md-4 col-md-offset-1\">\r\n<figure><img style=\"filter: grayscale(100);\" src=\"https:\/\/cdn.plagiarismcheckerx.com\/images\/publishers.jpg\" alt=\"Similarity Scanner for Publishers\" \/><\/figure>\r\n<\/div>\r\n<div class=\"col-md-5 text-left\">\r\n<h2>Writers &amp; Journalists<\/h2>\r\n<p>For online publishers such as writers &amp; journalists, unique content is very important. Your main challenge is producing or obtaining original content. Whether you\u2019re a blog owner or a professional content writer, Plagiarism Checker X can help you avoid potential contnet similarity. <br \/><a class=\"btn btn-green\" href=\"plagiarism-checker-for-publishers\">Know More!<\/a><\/p>\r\n<\/div>\r\n<\/div>\r\n<\/div>\r\n<div id=\"tab-4\" class=\"tab-content\">\r\n<div class=\"row\">\r\n<div class=\"col-md-10 text-center center-block\">\r\n<h2>Digital Marketers<\/h2>\r\n<p>Digital Marketers and SEO experts understand the value of original content. Pages never achieve a high rank in leading search engines, such as Google or Bing, unless their content is fresh, unique, and well written. Plagiarism Checker X helps you discover similarity rank of your written content before submitting to search engines. <br \/><\/p>\r\n<\/div>\r\n<\/div>\r\n<\/div>\r\n<div id=\"tab-5\" class=\"tab-content\">\r\n<div class=\"row\">\r\n<div class=\"col-md-4 col-md-offset-1\">\r\n<figure><img style=\"filter: grayscale(100);\" src=\"https:\/\/cdn.plagiarismcheckerx.com\/images\/awards.jpg\" alt=\"Similarity Detector for SEO Experts\" \/><\/figure>\r\n<\/div>\r\n<div class=\"col-md-5 text-left\">\r\n<h2>Premi e certificazioni<\/h2>\r\n<p>PlagiarismCheckerX \u00e8 un software premiato. S\u00ec, non ci piacciono di vantarsi, ma condividiamo felicemente i nostri risultati e il riconoscimento a livello mondiale. Le revisioni positive che abbiamo ricevuto da numerose organizzazioni indipendenti, industriali e agenzie di test sono supplementari.<\/p>\r\n<\/div>\r\n<\/div>\r\n<\/div>\r\n<\/div>\r\n<\/div>\r\n<\/div>\r\n<\/div>\r\n<\/div>\r\n<\/section>\r\n<section id=\"features\">\r\n<div class=\"container inner-sm\">\r\n<div class=\"row\">\r\n<div class=\"col-md-10 col-sm-9 center-block text-center\">\r\n<h2>Caratteristiche del rivelatore di plagio<\/h2>\r\n<p>I seguenti punti indicano i motivi per cui si dovrebbe utilizzare questo prodotto. Queste sono anche caratteristiche competitive che gli conferiscono un vantaggio rispetto alle soluzioni alternative.<\/p>\r\n<\/div>\r\n<\/div>\r\n<div class=\"row text-center inner-top-xs inner-bottom-xs\">\r\n<div class=\"col-sm-4\">\r\n<h3>Compatibilit\u00e0 migliorata<\/h3>\r\n<p class=\"text-small\">Plagiarism Checker X \u00e8 progettato per esaminare i pi\u00f9 diffusi formati di file, tra cui doc, docx, rtf, PDF e testo normale ed \u00e8 compatibile con Windows 10, 8, 7 e Vista.<\/p>\r\n<\/div>\r\n<div class=\"col-sm-4\">\r\n<h3>Disponibile in 7 lingue<\/h3>\r\n<p class=\"text-small\">Nessuna barriera linguistica per gli utenti internazionali: Plagiarism Checker X \u00e8 ora disponibile in inglese, spagnolo, francese, tedesco, italiano, olandese e portoghese.<\/p>\r\n<\/div>\r\n<div class=\"col-sm-4\">\r\n<h3>Utilizzato in pi\u00f9 di 80+ Paesi<\/h3>\r\n<p class=\"text-small\">Persone da pi\u00f9 di 80 paesi godono dei vantaggi di Plagismo Checker X. I nostri clienti si trovano in USA, Regno Unito, Canada, Indonesia, Germania, India e Malesia e in molti altri paesi.<\/p>\r\n<\/div>\r\n<\/div>\r\n<div class=\"row inner-top-xs\">\r\n<div class=\"col-sm-1 col-md-offset-1\">\r\n<div class=\"icon pull-right\">\u00a0<\/div>\r\n<\/div>\r\n<div class=\"col-sm-4 inner-bottom-sm\">\r\n<h3>Rilevamento Online Plagio<\/h3>\r\n<p class=\"text-small\">Plagiarism Checker X aiuta studenti, insegnanti e ricercatori professionali controllando il plagio nei loro documenti, in modo rapido e preciso.<\/p>\r\n<\/div>\r\n<div class=\"col-sm-1\">\r\n<div class=\"icon pull-right\">\u00a0<\/div>\r\n<\/div>\r\n<div class=\"col-sm-4 inner-bottom-sm\">\r\n<h3>Confronto tra loro<\/h3>\r\n<p class=\"text-small\">\u00c8 possibile confrontare due documenti affiancati per verificare la somiglianza. Questa caratteristica mette in evidenza sia il contenuto originale che il contenuto alternativo ovunque trova duplicati.<\/p>\r\n<\/div>\r\n<\/div>\r\n<div class=\"row\">\r\n<div class=\"col-sm-1 col-md-offset-1\">\r\n<div class=\"icon pull-right\">\u00a0<\/div>\r\n<\/div>\r\n<div class=\"col-sm-4 inner-bottom-sm\">\r\n<h3>Ricerca Bulk<\/h3>\r\n<p class=\"text-small\">Gli insegnanti devono controllare pi\u00f9 assegnazioni, un compito che richiede tempo e ingombranti. Con la nostra funzione Bulk Search, \u00e8 possibile eseguire la scansione di un intero lotto di assegnazioni in un solo clic.<\/p>\r\n<\/div>\r\n<div class=\"col-sm-1\">\r\n<div class=\"icon pull-right\">\u00a0<\/div>\r\n<\/div>\r\n<div class=\"col-sm-4 inner-bottom-sm\">\r\n<h3>Blog \/ controllo della pagina web<\/h3>\r\n<p class=\"text-small\">Gli scrittori di contenuti Web, i blogger e gli editori possono utilizzare Plagiarism Checker X per analizzare la qualit\u00e0 dei loro contenuti online al fine di evitare le sanzioni dei motori di ricerca.<\/p>\r\n<\/div>\r\n<\/div>\r\n<div class=\"row\">\r\n<div class=\"col-sm-1 col-md-offset-1\">\r\n<div class=\"icon pull-right\">\u00a0<\/div>\r\n<\/div>\r\n<div class=\"col-sm-4\">\r\n<h3>Analizzatore di parole chiave<\/h3>\r\n<p class=\"text-small\">Se sei un esperto di SEO, sai l&#8217;importanza delle parole chiave. Utilizzando questo strumento, \u00e8 possibile estrarre le parole chiave insieme al loro rapporto di occorrenza e densit\u00e0.<\/p>\r\n<\/div>\r\n<div class=\"col-sm-1\">\r\n<div class=\"icon pull-right\">\u00a0<\/div>\r\n<\/div>\r\n<div class=\"col-sm-4\">\r\n<h3>Rapporti completi<\/h3>\r\n<p class=\"text-small\">Rapporti dettagliati e completi di Word\/PDF \u00e8 un segno distintivo del software Plagiarism Checker X. I rapporti sono evidenziati in colore, indicando il livello del plagio.<\/p>\r\n<\/div>\r\n<\/div>\r\n<\/div>\r\n<\/section>\r\n<div class=\"light-bg\">\n\n<section id=\"clients\">\n<div class=\"container inner-sm\">\n\n<div class=\"row\">\n<div class=\"col-md-8 col-sm-9 center-block text-center\">\n<header>\n<h2>Usato dagli Istituti Leading<\/h2>\n<p>Valutiamo le nostre esperienze del cliente. La velocit\u00e0, l'accuratezza e l'interfaccia utente facile hanno reso i clienti soddisfatti e fedeli.<\/p>\n<\/header>\n<\/div>\n<\/div>\n\n<div class=\"row inner-top-xs\">\n<div class=\"col-sm-12\">\n<div id=\"owl-clients\" class=\"owl-carousel owl-outer-nav\">\n\n<div class=\"item\">\n<figure>\n<figcaption class=\"text-overlay\">\n<div class=\"info\">\n<h4>IEEE<\/h4>\n<\/div>\n<\/figcaption>\n<img class=\"SliceImages OrgImage1\">\n<\/figure>\n<\/div>\n\n<div class=\"item\">\n<figure>\n<figcaption class=\"text-overlay\">\n<div class=\"info\">\n<h4>American University of Science And Technology<\/h4>\n<\/div>\n<\/figcaption>\n<img class=\"SliceImages OrgImage2\">\n<\/figure>\n<\/div>\n\n<div class=\"item\">\n<figure>\n<figcaption class=\"text-overlay\">\n<div class=\"info\">\n<h4>Remington College<\/h4>\n<\/div>\n<\/figcaption>\n<img class=\"SliceImages OrgImage3\">\n<\/figure>\n<\/div>\n\n<div class=\"item\">\n<figure>\n<figcaption class=\"text-overlay\">\n<div class=\"info\">\n<h4>JM Field Marketing<\/h4>\n<\/div>\n<\/figcaption>\n<img class=\"SliceImages OrgImage4\">\n<\/figure>\n<\/div>\n\n<div class=\"item\">\n<figure>\n<figcaption class=\"text-overlay\">\n<div class=\"info\">\n<h4>University of Maribor<\/h4>\n<\/div>\n<\/figcaption>\n<img class=\"SliceImages OrgImage5\">\n<\/figure>\n<\/div>\n\n<div class=\"item\">\n<figure>\n<figcaption class=\"text-overlay\">\n<div class=\"info\">\n<h4>Great American Cookies<\/h4>\n<\/div>\n<\/figcaption>\n<img class=\"SliceImages OrgImage6\">\n<\/figure>\n<\/div>\n\n<div class=\"item\">\n<figure>\n<figcaption class=\"text-overlay\">\n<div class=\"info\">\n<h4>Ohio University<\/h4>\n<\/div>\n<\/figcaption>\n<img class=\"SliceImages OrgImage7\">\n<\/figure>\n<\/div>\n\n<div class=\"item\">\n<figure>\n<figcaption class=\"text-overlay\">\n<div class=\"info\">\n<h4>University Of Massachusetts Boston<\/h4>\n<\/div>\n<\/figcaption>\n<img class=\"SliceImages OrgImage8\">\n<\/figure>\n<\/div>\n\n<div class=\"item\">\n<figure>\n<figcaption class=\"text-overlay\">\n<div class=\"info\">\n<h4>Labournet Services India<\/h4>\n<\/div>\n<\/figcaption>\n<img class=\"SliceImages OrgImage9\">\n<\/figure>\n<\/div>\n\n<div class=\"item\">\n<figure>\n<figcaption class=\"text-overlay\">\n<div class=\"info\">\n<h4>King Saud University<\/h4>\n<\/div>\n<\/figcaption>\n<img class=\"SliceImages OrgImage10\">\n<\/figure>\n<\/div>\n\n<div class=\"item\">\n<figure>\n<figcaption class=\"text-overlay\">\n<div class=\"info\">\n<h4>Delta-State-University-Abraka<\/h4>\n<\/div>\n<\/figcaption>\n<img class=\"SliceImages OrgImage11\">\n<\/figure>\n<\/div>\n\n<div class=\"item\">\n<figure>\n<figcaption class=\"text-overlay\">\n<div class=\"info\">\n<h4>Trinity College<\/h4>\n<\/div>\n<\/figcaption>\n<img class=\"SliceImages OrgImage12\">\n<\/figure>\n<\/div>\n\n<\/div>\n<\/div>\n<\/div>\n\n<\/div>\n<\/section>\n\n<\/div>\r\n\n\n<section id=\"your-data-is-safe\">\n<div class=\"container inner-sm\">\n<div class=\"row\">\n<div class=\"col-md-10 col-sm-9 center-block text-center\">\n<header>\n<h2>I tuoi dati sono sicuri nel dispositivo, non \u00e8 necessario caricarlo<\/h2>\n<p>\"Come utente, non \u00e8 necessario caricare le tue assegnazioni e contenuti nel nostro database, invece i file rimangono con voi, che rende Plagiarism Checker X molto diverso dal resto dei fornitori di\".<\/p>\n<div class=\"row\">\n<div class=\"col-md-8 center-block text-center\">\n<figure><img src=\"https:\/\/cdn.plagiarismcheckerx.com\/images\/credit-cards-2.png\" alt=\"Credit Cards\"> <\/figure>\n<\/div><\/div>\n<\/header>\n<div>\n<a href=\"..\/download-thank-you\" class=\"btn btn-large\">DOWNLOAD GRATUITO<\/a> \n<a href=\"..\/buy\" class=\"btn btn-large\">Acquista adesso<\/a>\n<\/div>\n<\/div>\n<\/div>\n<\/div>\n<\/section>\n\n<\/main>","protected":false},"excerpt":{"rendered":"<p>#1 Plagio Checker Plagiarism Checker X ti aiuta a individuare il plagio nei tuoi documenti di ricerca, blog, assegnazioni e siti web. Con velocit\u00e0 e precisione pi\u00f9 elevate, \u00e8 possibile controllare facilmente la somiglianza del documento in pochi secondi. Iniziare \u00a0 Compatible with Windows 10, 8, 7, and Vista. studenti insegnanti Writers &amp; Journalists Digital [&hellip;]<\/p>\n","protected":false},"author":1,"featured_media":0,"parent":0,"menu_order":0,"comment_status":"closed","ping_status":"closed","template":"","meta":[],"_links":{"self":[{"href":"https:\/\/plagiarismcheckerx.com\/it\/wp-json\/wp\/v2\/pages\/30"}],"collection":[{"href":"https:\/\/plagiarismcheckerx.com\/it\/wp-json\/wp\/v2\/pages"}],"about":[{"href":"https:\/\/plagiarismcheckerx.com\/it\/wp-json\/wp\/v2\/types\/page"}],"author":[{"embeddable":true,"href":"https:\/\/plagiarismcheckerx.com\/it\/wp-json\/wp\/v2\/users\/1"}],"replies":[{"embeddable":true,"href":"https:\/\/plagiarismcheckerx.com\/it\/wp-json\/wp\/v2\/comments?post=30"}],"version-history":[{"count":6,"href":"https:\/\/plagiarismcheckerx.com\/it\/wp-json\/wp\/v2\/pages\/30\/revisions"}],"predecessor-version":[{"id":381,"href":"https:\/\/plagiarismcheckerx.com\/it\/wp-json\/wp\/v2\/pages\/30\/revisions\/381"}],"wp:attachment":[{"href":"https:\/\/plagiarismcheckerx.com\/it\/wp-json\/wp\/v2\/media?parent=30"}],"curies":[{"name":"wp","href":"https:\/\/api.w.org\/{rel}","templated":true}]}}