{"id":298,"date":"2020-11-28T15:57:59","date_gmt":"2020-11-28T15:57:59","guid":{"rendered":"https:\/\/plagiarismcheckerx.com\/wordpress\/es\/?page_id=298"},"modified":"2020-12-08T12:23:48","modified_gmt":"2020-12-08T12:23:48","slug":"faqs","status":"publish","type":"page","link":"https:\/\/plagiarismcheckerx.com\/it\/faqs","title":{"rendered":"Faqs"},"content":{"rendered":"\r\n\r\n<section id=\"faqs\">\r\n<div class=\"container\">\r\n<div class=\"row\">\r\n<div class=\"col-md-9 inner-sm center-block\">\r\n<h1>Domande frequenti<\/h1>\r\n<p>Qui puoi trovare le risposte alle domande pi\u00f9 frequenti.<br \/><\/p>\r\n\r\n<h3>Che cos&#8217;\u00e8 Plagiarism Checker X?<\/h3>\r\n<p>Plagiarism Checker X \u00e8 il principale strumento per la scansione di contenuto che aiuta gli utenti ad identificare il livello di plagio presente nel loro elaborato. Con una velocit\u00e0 e un&#8217;accuratezza triplicate, questa applicazione desktop aiuta i suoi utenti da ormai tre anni.<br \/><br \/><\/p>\r\n<h3>Che cos&#8217;\u00e8 il controllo di plagio online?<\/h3>\r\n<p>Il controllo di plagio online \u00e8 un servizio fornito da Plagiarism Checker X. Attraverso questa funzionalit\u00e0, gli utenti possono controllare l&#8217;autenticit\u00e0 del loro contenuto confrontandolo con 16 miliardi di pagine pubblicate. Aiuta studenti, scrittori e ricercatori ad evitare violazioni di diritti d&#8217;autore.<br \/><br \/><\/p>\r\n<h3>Che cos&#8217;\u00e8 il confronto parallelo?<\/h3>\r\n<p>Il confronto parallelo \u00e8 un altro servizio offerto da Plagiarism Checker X. Questa funzionalit\u00e0 permette agli utenti di valutare il loro contenuto in due finestre e localizzare il contenuto copiato in modo facile.<br \/><br \/><\/p>\r\n<h3>Che cos&#8217;\u00e8 il confronto di gruppo?<\/h3>\r\n<p>Il confronto di gruppo \u00e8 un altro servizio esclusivo fornito da Plagiarism Checker X. Gli utenti troveranno questa funzionalit\u00e0 estremamente utile quando vogliono analizzare insiemi di documenti per determinarne l&#8217;originalit\u00e0 a confronto di archivi singoli o multipli.<br \/><br \/><\/p>\r\n<h3>I miei documenti\/elaborati vengono memorizzati?<\/h3>\r\n<p>No, assolutamente no. Plagiarism Checker X \u00e8 molto diverso da altri rilevatori di plagio online che ti richiedono di caricare i tuoi elaborati nei loro server. In questa applicazione desktop, invece, semplicemente copi e incolli il tuo contenuto per analizzarne l&#8217;autenticit\u00e0 confrontandolo con &#8220;16 miliardi di pagine pubblicate&#8221;. In questo modo, il documento viene utilizzato solo per la scansione e rimane memorizzato solo sul tuo computer. Plagiarism Checker X garantisce la sicurezza dei tuoi dati e della privacy in modo rigoroso. Seguiamo in modo serio il nostro principio e non copiamo, memorizziamo o vendiamo mai il contenuto dei tuoi documenti. <br \/><br \/><\/p>\r\n<h3>Permette anche un controllo della grammatica?<\/h3>\r\n<p>In questo momento, i nostri servizi si concentrano solo sulla scansione della qualit\u00e0 del contenuto individuando solo il plagio. Plagiarism Checker X ti aiuta a scrivere e consegnare articoli, elaborati e tesine originali. <br \/><br \/><\/p>\r\n<h3>Plagiarism Checker X \u00e8 GRATUITO?<\/h3>\r\n<p>S\u00ec, puoi scaricare il prodotto e usare la versione base GRATUITAMENTE. Tuttavia, per approfittare di tutte le funzionalit\u00e0 e dei vantaggi premium, ti consigliamo di acquistare la versione premium (PRO).<br \/><br \/><\/p>\r\n<h3>Quante volte posso controllare il documento?<\/h3>\r\n<p>Non c&#8217;\u00e8 assolutamente nessun limite se usi la versione a pagamento di Plagiarism Checker X. La versione gratuita, invece, pu\u00f2 avere alcune limitazioni e non offre tutte le funzionalit\u00e0 del prodotto. Per maggiori dettagli, puoi vedere i nostri piani di abbonamento.<br \/><br \/><\/p>\r\n<h3>Plagiarism Checker X pu\u00f2 analizzare documenti lunghi o multipli?<\/h3>\r\n<p>S\u00ec, assolutamente. A differenza di altri rilevatori di plagio disponibili, Plagiarism Checker X non impone nessun &#8220;limite&#8221; di documenti o numero di parole. Se vuoi semplicemente controllare contenuti online o insiemi di documenti, allora puoi controllare una grande quantit\u00e0 di parole o pagine in una volta sola. Tuttavia, se carichi troppe pagine, il software (come da logica) potrebbe impiegare pi\u00f9 tempo per processarle. Ti consigliamo quindi di fare la scansione di elaborati lunghi dividendoli in sezioni o parti.<br \/><br \/><\/p>\r\n<h3>Quali formati di file sono supportati da Plagiarism Checker X?<\/h3>\r\n<p>Plagiarism Checker X \u00e8 uno strumento molto completo ed \u00e8 compatibile con diversi formati di file. Puoi caricare tutti i file di testo inclusi documenti Word e PDF, e molti altri.<br \/><br \/><\/p>\r\n<h3>Plagiarism Checker X \u00e8 disponibile in altre lingue?<\/h3>\r\n<p>S\u00ec, attualmente Plagiarism Checker X \u00e8 disponibile con supporto completo in inglese, spagnolo, francese, tedesco, italiano, olandese e portoghese. Inoltre, stiamo lavorando per nuove lingue.<br \/><br \/><\/p>\r\n<h3>Come posso cambiare la lingua da inglese ad un&#8217;altra lingua su Plagiarism Checker X?<\/h3>\r\n<p>Clicca semplicemente sull&#8217;opzione della lingua (nell&#8217;angolo in alto a destra della schermata principale del software) e scegli la lingua in cui vuoi lavorare. Al momento, Plagiarism Checker X \u00e8 disponibile con supporto completo in inglese, spagnolo, francese, tedesco, italiano, olandese e portoghese.<br \/><br \/><\/p>\r\n<h3>Che cosa evidenziano i diversi colori in Plagiarism Checker X?<\/h3>\r\n<p>Plagiarism Checker X usa tre colori per evidenziare i diversi livelli di plagio rilevato. Il colore blu rappresenta un basso livello di plagio che va dallo 0 al 19%. Il colore verde rappresenta un livello medio di plagio, dal 20 al 39%; mentre il colore rosso rappresenta un alto livello di plagio, dal 40% in su.<br \/><br \/><\/p>\r\n<h3>Qual \u00e8 il limite di parole simili per considerare il plagio su Plagiarism Checker X? \u00c9 possibile modificarlo?<\/h3>\r\n<p>Il limite di parole simili di default su Plagiarism Checker X \u00e8 quello di tre parole consecutive. S\u00ec, puoi modificarlo secondo le tue preferenze attraverso la scheda Opzioni.<br \/><br \/><\/p>\r\n<h3>Come posso acquistare\/sottoscrivere l&#8217;edizione Premium di Plagiarism Checker X?<\/h3>\r\n<p>Dal nostro sito web, procedi sull&#8217;opzione di acquisto o sulla pagina delle tariffe. Qui, scegli il piano pi\u00f9 adatto alle tue esigenze, per esempio puoi trovare piani individuali o aziendali. Da qui arriverai alla pagina di pagamento sicuro dove aggiungerai le informazioni di fatturazione e sceglierai le opzioni di pagamento per procedere all&#8217;acquisto\/sottoscrizione dei nostri prodotti\/servizi. Forniamo pi\u00f9 di 15 metodi di pagamento inclusi PayPal, Visa, MasterCard, Eurocard e American Express. <br \/><br \/><\/p>\r\n<h3>Le informazioni della mia carta di credito saranno protette?<\/h3>\r\n<p>Assolutamente s\u00ec. Plagiarism Checker X usa la migliore crittografia disponibile per il trattamento dei dati di pagamento per tutti gli abbonamenti. In alternativa, puoi anche usare PayPal.<br \/><br \/><\/p>\r\n<h3>Non possiedo una carta di credito o un account PayPal, come posso acquistare\/sottoscrivere Plagiarism Checker X?<\/h3>\r\n<p>Nessun problema. Puoi acquistare\/sottoscrivere Plagiarism Checker X attraverso bonifico bancario (nella tua banca locale) o pagamento via fax. Dettagli per entrambe le opzioni di pagamento sono disponibili al momento dell&#8217;ordine. <br \/><br \/><\/p>\r\n<h3>Ho fatto un ordine su Plagiarism Checker X. Quando ricever\u00f2 il prodotto?<\/h3>\r\n<p>Immediatamente. Appena eseguito l&#8217;ordine, Plagiarism Checker X, LLC ti invier\u00e0 un&#8217;e-mail contenente la ricevuta di pagamento, un download per il link e una chiave di attivazione.<br \/><br \/><\/p>\r\n<h3>Non ho ancora ricevuto un&#8217;e-mail con i dettagli del mio ordine da Plagiarism Checker X.<\/h3>\r\n<p>Aggiorna la tua casella di posta elettronica o controlla la cartella della posta indesiderata. Se non hai ancora ricevuto un&#8217;e-mail riguardante il tuo ordine, puoi contattare il nostro servizio clienti.<br \/><br \/><\/p>\r\n<h3>Plagiarism Checker X offre sconti speciali per organizzazioni non-profit?<\/h3>\r\n<p>Certo che s\u00ec! Offriamo uno sconto fisso del 20% per tutte le organizzazioni non-profit. Semplicemente contattaci presentandoci l&#8217;attestazione del tuo status come non-profit.<br \/><br \/><\/p>\r\n<h3>Plagiarism Checker X offre sconti su grandi quantit\u00e0?<\/h3>\r\n<p>Certamente. Se pensi di acquistare 20 o pi\u00f9 licenze, allora contatta il nostro servizio clienti su <a href=\"https:\/\/plagiarismcheckerx.com\/contact\">https:\/\/plagiarismcheckerx.com\/contact<\/a><br \/><br \/><\/p>\r\n\r\n<\/div>\r\n<\/div>\r\n<\/div>\r\n<\/section>\r\n\r\n","protected":false},"excerpt":{"rendered":"<p>Domande frequenti Qui puoi trovare le risposte alle domande pi\u00f9 frequenti. Che cos&#8217;\u00e8 Plagiarism Checker X? Plagiarism Checker X \u00e8 il principale strumento per la scansione di contenuto che aiuta gli utenti ad identificare il livello di plagio presente nel loro elaborato. Con una velocit\u00e0 e un&#8217;accuratezza triplicate, questa applicazione desktop aiuta i suoi utenti [&hellip;]<\/p>\n","protected":false},"author":1,"featured_media":0,"parent":0,"menu_order":0,"comment_status":"closed","ping_status":"closed","template":"","meta":[],"_links":{"self":[{"href":"https:\/\/plagiarismcheckerx.com\/it\/wp-json\/wp\/v2\/pages\/298"}],"collection":[{"href":"https:\/\/plagiarismcheckerx.com\/it\/wp-json\/wp\/v2\/pages"}],"about":[{"href":"https:\/\/plagiarismcheckerx.com\/it\/wp-json\/wp\/v2\/types\/page"}],"author":[{"embeddable":true,"href":"https:\/\/plagiarismcheckerx.com\/it\/wp-json\/wp\/v2\/users\/1"}],"replies":[{"embeddable":true,"href":"https:\/\/plagiarismcheckerx.com\/it\/wp-json\/wp\/v2\/comments?post=298"}],"version-history":[{"count":3,"href":"https:\/\/plagiarismcheckerx.com\/it\/wp-json\/wp\/v2\/pages\/298\/revisions"}],"predecessor-version":[{"id":377,"href":"https:\/\/plagiarismcheckerx.com\/it\/wp-json\/wp\/v2\/pages\/298\/revisions\/377"}],"wp:attachment":[{"href":"https:\/\/plagiarismcheckerx.com\/it\/wp-json\/wp\/v2\/media?parent=298"}],"curies":[{"name":"wp","href":"https:\/\/api.w.org\/{rel}","templated":true}]}}