{"id":115,"date":"2020-11-26T08:41:22","date_gmt":"2020-11-26T08:41:22","guid":{"rendered":"https:\/\/plagiarismcheckerx.com\/wordpress\/es\/?page_id=115"},"modified":"2020-12-01T20:07:07","modified_gmt":"2020-12-01T20:07:07","slug":"buy","status":"publish","type":"page","link":"https:\/\/plagiarismcheckerx.com\/it\/buy","title":{"rendered":"Buy"},"content":{"rendered":"\r\n\r\n<section id=\"buy\">\r\n<div class=\"container\">\r\n<div class=\"row\">\r\n<div class=\"col-md-11 inner-sm center-block text-center\">\r\n<header>\r\n<h1>Tariffe semplici, senza sorprese<\/h1>\r\n<\/header>\r\n<p>Puoi scaricare l&#8217;edizione limitata di Plagiarism Checker X gratuitamente usando il link sottostante. Puoi anche comprare la versione professionale di Plagiarism Checker &#8211; licenza con un\u2019accuratezza pi\u00f9 alta, migliore velocit\u00e0 e pi\u00f9 funzionalit\u00e0 avanzate per un prezzo molto piccolo.<\/p>\r\n<\/div>\r\n<\/div>\r\n<\/div>\r\n<\/section>\r\n\r\n<section id=\"packages\">\r\n<div class=\"container inner-xs\">\r\n<div class=\"row\">\r\n<div class=\"col-md-10 center-block\">\r\n<div class=\"columns pricing_border flexibleWidthFreePro\">\r\n<h4>Basic<\/h4>\r\n<div class=\"row paddingNone\" style=\"margin:0px\">\r\n<div class=\"columns text_align_center free_Line_height\">\r\n<span class=\"pricing_font\">Gratuito<\/span>\r\n<\/div>\r\n<div class=\"columns align_Button\">\r\n<a href=\"download-thank-you\"><div style=\"text-align: center\" class=\"pricing_button panel btn_blue radius callout pricing_button_padding\"> Download <\/div><\/a>\r\n<\/div>\r\n<\/div>\r\n<div class=\"row paddingNone\" style=\"margin:0px\">\r\n<div class=\"twelve columns\">\r\n<ul class=\"priceList_ul\">\r\n<li class=\"users priceList_li\">30 ricerche giornaliere<\/li>\r\n<li class=\"storage priceList_li\">Limite di parole<\/li>\r\n<li class=\"groups priceList_li\">Sempre gratuito<\/li>\r\n<\/ul>\r\n<\/div>\r\n<\/div>\r\n<\/div>\r\n<div class=\"pricingMarginBetween\"><\/div>\r\n<div class=\"columns pricing_border flexibleWidthFreePro\">\r\n<h4>Professionale<\/h4>\r\n<div class=\"row paddingNone\" style=\"margin:0px\">\r\n<div class=\"columns text_align_center padding_price_text\">\r\n<span class=\"pricing_font\"><sup>$<\/sup>39<\/span><span class=\"pricing_body_font\">.95<\/span><\/div>\r\n<div class=\"columns align_Button\">\r\n<a href=\"..\/buy\">\r\n<div style=\"text-align: center\" class=\"pricing_button panel btn_blue radius callout pricing_button_padding\"> Buy Now <\/div>\r\n<\/a>\r\n<\/div>\r\n<\/div>\r\n<div class=\"row paddingNone\" style=\"margin:0px\">\r\n<div class=\"twelve columns\">\r\n<ul class=\"priceList_ul\">\r\n<li class=\"groups priceList_li\">1 licenza utente<\/li>\r\n<li class=\"users priceList_li\">Numero di parole illimitato<\/li>\r\n<li class=\"training priceList_li\">Pacchetto con licenza a vita<\/li>\r\n<li class=\"admin priceList_li\">24\/7 assistenza clienti<\/li>\r\n<li class=\"storage priceList_li\">1 anno piano di assistenza incluso<\/li>\r\n<\/ul>\r\n<\/div>\r\n<\/div>\r\n<\/div>\r\n<div class=\"pricingMarginBetween\"><\/div>\r\n<div class=\"columns pricing_border flexibleWidthContactUs\">\r\n<h4>Business<\/h4>\r\n<div class=\"row paddingNone\" style=\"margin:0px\">\r\n<div class=\"columns paddingNone text_align_center\" style=\"margin-bottom: 4px\">\r\n<span class=\"pricing_font\"><sup>$<\/sup>147<\/span><span class=\"pricing_body_font\">.95<\/span>\r\n<\/div>\r\n\r\n<div class=\"columns align_Button\">\r\n<a href=\"..\/buy\">\r\n<div style=\"text-align: center\" class=\"pricing_button panel btn_blue radius callout pricing_button_padding\"> Buy Now <\/div>\r\n<\/a>\r\n<\/div>\r\n<\/div>\r\n<div class=\"row paddingNone\" style=\"margin:0px\">\r\n<div class=\"columns floatNone\">\r\n<ul class=\"blueColor priceList_ul\">\r\n<li class=\"groups priceList_li\">5 licenze utente<\/li>\r\n<li class=\"admin priceList_li\">ESupporto esteso<\/li>\r\n&nbsp; Tutte le funzionalit\u00e0 pro incluse*.\r\n<\/ul>\r\n<\/div>\r\n<\/div>\r\n<\/div>\r\n<\/div>\r\n<\/div>\r\n<\/div>\r\n<\/section>\r\n\r\n\r\n\n    <section id=\"faq\" class=\"light-bg\">\n      <div class=\"container inner-sm\">\n\n        <div class=\"row\">\n          <div class=\"col-md-8 col-sm-9 center-block text-center\">\n            <header>\n              <h1>Domande generali?<\/h1>\n              <p>Qui puoi trovare le risposte ad alcune domande frequenti. Se hai bisogno di qualcos'altro, contattaci.<\/p>\n            <\/header>\n          <\/div>\n        <\/div>\n\n        <div class=\"row\">\n          <div class=\"col-sm-6 inner-right-sm inner-top-sm\">\n            <h3>Qual \u00e8 il tempo di consegna del prodotto?<\/h3>\n            <p>Immediato. Una volta che hai effettuato l'ordine, riceverai immediatamente il software via e-mail, con la chiave di licenza e la ricevuta di pagamento.<\/p>\n            <h3>Ogni quanto dovr\u00f2 pagare?<\/h3>\n            <p>La nostra licenza prodotto \u00e8 permanente, quindi questo ti permette di utilizzare il software per un numero indefinito di volte senza pagare costi aggiuntivi.<\/p>\n\n          <\/div>\n\n          <div class=\"col-sm-6 inner-left-sm inner-top-sm\">\n            <h3>Quali metodi di pagamento sono disponibili?<\/h3>\n            <p>Accettiamo tutte le principali carte di credito, PayPal, e (in paesi selezionati) addebiti preautorizzati. Supportiamo anche transizioni in diverse valute.<\/p>\n\n            <h3>Non posso pagare online con la mia carta, cosa posso fare?<\/h3>\n            <p>Nessun problema, puoi pagare nella tua banca locale. Tutto quello che devi fare \u00e8 selezionare l'opzione di bonifico Banca\/Bonifico durante il processo di pagamento.<\/p>\n          <\/div>\n\n        <\/div>\n      <\/div>\n    <\/section>\n\n\n    \r\n\n\n<section id=\"clients\">\n<div class=\"container inner-sm\">\n\n<div class=\"row\">\n<div class=\"col-md-8 col-sm-9 center-block text-center\">\n<header>\n<h2>Usato dagli Istituti Leading<\/h2>\n<p>Valutiamo le nostre esperienze del cliente. La velocit\u00e0, l'accuratezza e l'interfaccia utente facile hanno reso i clienti soddisfatti e fedeli.<\/p>\n<\/header>\n<\/div>\n<\/div>\n\n<div class=\"row inner-top-xs\">\n<div class=\"col-sm-12\">\n<div id=\"owl-clients\" class=\"owl-carousel owl-outer-nav\">\n\n<div class=\"item\">\n<figure>\n<figcaption class=\"text-overlay\">\n<div class=\"info\">\n<h4>IEEE<\/h4>\n<\/div>\n<\/figcaption>\n<img class=\"SliceImages OrgImage1\">\n<\/figure>\n<\/div>\n\n<div class=\"item\">\n<figure>\n<figcaption class=\"text-overlay\">\n<div class=\"info\">\n<h4>American University of Science And Technology<\/h4>\n<\/div>\n<\/figcaption>\n<img class=\"SliceImages OrgImage2\">\n<\/figure>\n<\/div>\n\n<div class=\"item\">\n<figure>\n<figcaption class=\"text-overlay\">\n<div class=\"info\">\n<h4>Remington College<\/h4>\n<\/div>\n<\/figcaption>\n<img class=\"SliceImages OrgImage3\">\n<\/figure>\n<\/div>\n\n<div class=\"item\">\n<figure>\n<figcaption class=\"text-overlay\">\n<div class=\"info\">\n<h4>JM Field Marketing<\/h4>\n<\/div>\n<\/figcaption>\n<img class=\"SliceImages OrgImage4\">\n<\/figure>\n<\/div>\n\n<div class=\"item\">\n<figure>\n<figcaption class=\"text-overlay\">\n<div class=\"info\">\n<h4>University of Maribor<\/h4>\n<\/div>\n<\/figcaption>\n<img class=\"SliceImages OrgImage5\">\n<\/figure>\n<\/div>\n\n<div class=\"item\">\n<figure>\n<figcaption class=\"text-overlay\">\n<div class=\"info\">\n<h4>Great American Cookies<\/h4>\n<\/div>\n<\/figcaption>\n<img class=\"SliceImages OrgImage6\">\n<\/figure>\n<\/div>\n\n<div class=\"item\">\n<figure>\n<figcaption class=\"text-overlay\">\n<div class=\"info\">\n<h4>Ohio University<\/h4>\n<\/div>\n<\/figcaption>\n<img class=\"SliceImages OrgImage7\">\n<\/figure>\n<\/div>\n\n<div class=\"item\">\n<figure>\n<figcaption class=\"text-overlay\">\n<div class=\"info\">\n<h4>University Of Massachusetts Boston<\/h4>\n<\/div>\n<\/figcaption>\n<img class=\"SliceImages OrgImage8\">\n<\/figure>\n<\/div>\n\n<div class=\"item\">\n<figure>\n<figcaption class=\"text-overlay\">\n<div class=\"info\">\n<h4>Labournet Services India<\/h4>\n<\/div>\n<\/figcaption>\n<img class=\"SliceImages OrgImage9\">\n<\/figure>\n<\/div>\n\n<div class=\"item\">\n<figure>\n<figcaption class=\"text-overlay\">\n<div class=\"info\">\n<h4>King Saud University<\/h4>\n<\/div>\n<\/figcaption>\n<img class=\"SliceImages OrgImage10\">\n<\/figure>\n<\/div>\n\n<div class=\"item\">\n<figure>\n<figcaption class=\"text-overlay\">\n<div class=\"info\">\n<h4>Delta-State-University-Abraka<\/h4>\n<\/div>\n<\/figcaption>\n<img class=\"SliceImages OrgImage11\">\n<\/figure>\n<\/div>\n\n<div class=\"item\">\n<figure>\n<figcaption class=\"text-overlay\">\n<div class=\"info\">\n<h4>Trinity College<\/h4>\n<\/div>\n<\/figcaption>\n<img class=\"SliceImages OrgImage12\">\n<\/figure>\n<\/div>\n\n<\/div>\n<\/div>\n<\/div>\n\n<\/div>\n<\/section>\n\n\r\n\n<section id=\"testimonials\" class=\"light-bg img-bg-softer\" style=\"background-image: url(assets\/images\/testimonials-backgrond.jpg);\">\n<div class=\"container inner-xs\">\n\n<div class=\"row\">\n<div class=\"col-md-8 col-sm-8 center-block text-center\">\n<header>\n<h2>Cosa i clienti stanno dicendo di noi?<\/h2>\n<\/header>\n<\/div>\n<\/div>\n\n<div class=\"row\">\n<div class=\"col-md-11 col-sm-12 center-block text-center\">\n<div id=\"owl-testimonials\" class=\"owl-carousel owl-outer-nav owl-ui-md\">\n\n<div class=\"item\">\n<blockquote>\n<p>\"Plagiarism Checker X helps me a lot to reduce the time to verify the information to avoid the classic 'cut and paste' for the preparation of your documents, it is a program that has a great future for the help it is for us.\"<\/p>\n<footer>\n<cite>C.U Louis (Law School. C.U. Luis Donaldo Colosio Murrieta)<\/cite>\n<\/footer>\n<\/blockquote>\n<\/div>\n\n<div class=\"item\">\n<blockquote>\n<p>\"Frankly, we purchased it last year after I tried the free trial, and loved the features that it gave. We were looking for a software that can determine plagiarism from the web and among reports between students, and this software gave us both options.\"<\/p>\n<footer>\n<cite>Mouayyad Al-Azem (Research Assistant at American University of Science and Technology (AUST))<\/cite>\n<\/footer>\n<\/blockquote>\n<\/div>\n\n<div class=\"item\">\n<blockquote>\n<p>\"Plagiarism Checker X has excellent features, and it is appropriate for Students, Academicians, Scholars.\"<\/p>\n<footer>\n<cite>Dr. RAM SAHU (Associate Professor at Columbia Institute of Pharmacy.)<\/cite>\n<\/footer>\n<\/blockquote>\n<\/div>\n\n<div class=\"item\">\n<blockquote>\n<p>\"We had difficulty to check the level of similarity of scientific documents or articles that we had. This application is able to check documents that are quite long quickly, also display the results accurately with the sources listed on.\"<\/p>\n<footer>\n<cite>Prof. Arif Rahman (Head of Academic Affair at Malikussaleh University)<\/cite>\n<\/footer>\n<\/blockquote>\n<\/div>\n\n<\/div>\n<\/div>\n<\/div>\n\n<\/div>\n<\/section>\n\n    \n    \r\n\n    <section id=\"reviews\">\n<div class=\"container inner-sm\">\n<div class=\"row\">\n<div class=\"col-md-8 col-sm-10 center-block text-center\">\n<header>\n<h2>Editor Reviews by Top Publishers<\/h2>\n<p>What Editors of leading software publishing houses are saying about our product.<\/p>\n<\/header>\n<\/div>\n<\/div>\n\n<div class=\"row inner-top-sm text-center\">\n<div class=\"col-sm-4 inner-left inner-right\">\n<figure class=\"member\">\n<div class=\"icon-overlay icn-link\">\n<a href=\"http:\/\/plagiarism-checker-x.findmysoft.com\/\" target=\"_blank\"><img src=\"https:\/\/cdn.plagiarismcheckerx.com\/images\/editors\/frederick-barton.jpg\" loading=\"lazy\" class=\"img-circle\"><\/a>\n<\/div><!-- \/.icon-overlay -->\n<figcaption>\n<h3>Frederick Barton<span>Editor at findmysoft.com<\/span><\/h3>\n<blockquote>PlagiarismCheckerX provides useful statistics, like the total number of matches, duplicate percentage and it highlights the matches themselves.<\/blockquote>\n<\/figcaption>\n<\/figure>\n<\/div>\n<div class=\"col-sm-4 inner-left inner-right\">\n<figure class=\"member\">\n<div class=\"icon-overlay icn-link\">\n<a href=\"http:\/\/plagiarism-checker-x.software.informer.com\/\" target=\"_blank\"><img src=\"https:\/\/cdn.plagiarismcheckerx.com\/images\/editors\/francisco-martinez.jpg\" loading=\"lazy\" class=\"img-circle\"><\/a>\n<\/div><!-- \/.icon-overlay -->\n<figcaption>\n<h3>Francisco Mart\u00ednez<span>Editor at Informer.com<\/span><\/h3>\n<blockquote>Excellent two-panel interface for a clearer text comparison. Clearly highlighted matched occurrences<\/blockquote>\n<\/figcaption>\n<\/figure>\n<\/div>\n<div class=\"col-sm-4 inner-left inner-right\">\n<figure class=\"member\">\n<div class=\"icon-overlay icn-link\">\n<a href=\"http:\/\/www.softpedia.com\/get\/Office-tools\/Other-Office-Tools\/Plagiarism-Checker-X.shtml\" target=\"_blank\"><img src=\"https:\/\/cdn.plagiarismcheckerx.com\/images\/editors\/cristina-jitaru.jpg\" loading=\"lazy\" class=\"img-circle\"><\/a>\n<\/div><!-- \/.icon-overlay -->\n<figcaption>\n<h3>Cristina Jitaru<span>Editor at softpedia.com<\/span><\/h3>\n<blockquote>Plagiarism Checker X proves to be an effective solution when it comes to checking and identifying identical content inside multiple documents.<\/blockquote>\n<\/figcaption>\n<\/figure>\n<\/div>\n\n<\/div>\n<\/div>\n<\/section>\n    \n    \r\n<div class=\"light-bg\">\n    <section id=\"what-are-you-waiting-for\">\n    <div class=\"container inner-sm\">\n    <div class=\"row\">\n    <div class=\"col-md-10 col-sm-9 center-block text-center\">\n    <header>\n    <h2>Quindi, cosa stai aspettando?<\/h2>\n    <\/header>\n    <p>Riassumendo, questo strumento facile da usare pu\u00f2 aiutarti ad evitare complessi rilevatori di plagio ed eventuali sanzioni. Ci sono universit\u00e0 in cui gli studenti devono affrontare grosse penalit\u00e0 come sospensione accademica, multe, e addirittura espulsione. Se il documento viola i diritti d'autore, ci\u00f2 pu\u00f2 condurre a cause legali e procedimenti penali. Di conseguenza, utilizzare un buon rilevatore di plagio \u00e8 molto importante. <\/p>\n    <div class=\"row\">\n    <div class=\"col-md-8 center-block text-center\">\n    <figure><img src=\"https:\/\/cdn.plagiarismcheckerx.com\/images\/credit-cards-2.png\" loading=\"lazy\" alt=\"Credit Cards\"> <\/figure>\n    <\/div><\/div>\n    <div>\n    <a href=\"..\/download-thank-you\" class=\"btn btn-large btn-gray\">DOWNLOAD GRATUITO<\/a>&nbsp;\n    <a href=\"..\/buy\" class=\"btn btn-large\">Acquista adesso<\/a>\n    <\/div>\n    <\/div>\n    <\/div>\n    <\/div>\n    <\/section>\n\n\n    <\/div>\r\n","protected":false},"excerpt":{"rendered":"<p>Tariffe semplici, senza sorprese Puoi scaricare l&#8217;edizione limitata di Plagiarism Checker X gratuitamente usando il link sottostante. Puoi anche comprare la versione professionale di Plagiarism Checker &#8211; licenza con un\u2019accuratezza pi\u00f9 alta, migliore velocit\u00e0 e pi\u00f9 funzionalit\u00e0 avanzate per un prezzo molto piccolo. Basic Gratuito Download 30 ricerche giornaliere Limite di parole Sempre gratuito Professionale [&hellip;]<\/p>\n","protected":false},"author":1,"featured_media":0,"parent":0,"menu_order":0,"comment_status":"closed","ping_status":"closed","template":"","meta":[],"_links":{"self":[{"href":"https:\/\/plagiarismcheckerx.com\/it\/wp-json\/wp\/v2\/pages\/115"}],"collection":[{"href":"https:\/\/plagiarismcheckerx.com\/it\/wp-json\/wp\/v2\/pages"}],"about":[{"href":"https:\/\/plagiarismcheckerx.com\/it\/wp-json\/wp\/v2\/types\/page"}],"author":[{"embeddable":true,"href":"https:\/\/plagiarismcheckerx.com\/it\/wp-json\/wp\/v2\/users\/1"}],"replies":[{"embeddable":true,"href":"https:\/\/plagiarismcheckerx.com\/it\/wp-json\/wp\/v2\/comments?post=115"}],"version-history":[{"count":3,"href":"https:\/\/plagiarismcheckerx.com\/it\/wp-json\/wp\/v2\/pages\/115\/revisions"}],"predecessor-version":[{"id":344,"href":"https:\/\/plagiarismcheckerx.com\/it\/wp-json\/wp\/v2\/pages\/115\/revisions\/344"}],"wp:attachment":[{"href":"https:\/\/plagiarismcheckerx.com\/it\/wp-json\/wp\/v2\/media?parent=115"}],"curies":[{"name":"wp","href":"https:\/\/api.w.org\/{rel}","templated":true}]}}