{"id":81,"date":"2020-11-25T11:08:27","date_gmt":"2020-11-25T11:08:27","guid":{"rendered":"https:\/\/plagiarismcheckerx.com\/wordpress\/es\/?page_id=81"},"modified":"2020-12-08T12:11:12","modified_gmt":"2020-12-08T12:11:12","slug":"what-is-plagiarism","status":"publish","type":"page","link":"https:\/\/plagiarismcheckerx.com\/fr\/what-is-plagiarism","title":{"rendered":"What is Plagiarism"},"content":{"rendered":"\r\n\r\n<section id=\"what-is-plagiarism\">\r\n<div class=\"container\">\r\n<div class=\"row\">\r\n<div class=\"col-md-11 inner-top-sm center-block text-center\">\r\n<header>\r\n<h1>Qu&#8217;est-ce que le plagiat\u2009?<\/h1>\r\n<\/header>\r\n<p> Dans la plupart des cas, les gens haussent les \u00e9paules et prennent le plagiat trop \u00e0 la l\u00e9g\u00e8re. Une perception courante du plagiat c&#8217;est\u00a0: \u00ab\u2009copier le travail d&#8217;autrui ou d&#8217;emprunter les id\u00e9es originales de quelqu&#8217;un d&#8217;autre\u2009\u00bb. Cependant, des termes comme \u00ab\u2009copier\u2009\u00bb donnent \u00e0 l&#8217;infraction un aspect un peu plus l\u00e9ger. Selon le dictionnaire en ligne Merriam-Webster, le mot \u00ab\u2009Plagier\u2009\u00bb signifie ce qui suit:<\/p>\r\n<\/div>\r\n<\/div>\r\n<\/div>\r\n<\/section>\r\n<section>\r\n<div class=\"container\">\r\n<div class=\"row\">\r\n<div class=\"col-md-10 inner-bottom-md center-block\">\r\n<br>\r\n<ol>\r\n<li>Voler et faire passer les id\u00e9es\/mots des autres pour les siennes<\/li>\r\n<li>Utiliser la production d&#8217;autrui sans citation appropri\u00e9e<\/li>\r\n<li>Commettre un vol litt\u00e9raire<\/li>\r\n<li>Pr\u00e9senter les id\u00e9es ou le produit de quelqu&#8217;un comme quelque chose de nouveau<\/li>\r\n<\/ol>\r\n<p>Selon l&#8217;Oxford English Dictionary, le plagiat est\u2009; &#8220;La pratique de prendre le travail ou les id\u00e9es de quelqu&#8217;un d&#8217;autre et de les faire passer pour les siens&#8221;. Ainsi, le plagiat est un vol flagrant d&#8217;id\u00e9es, de mots ou de produits d&#8217;autrui. <br \/> <br \/>Certains des principaux exemples de plagiat sont les suivants:<\/p>\r\n<ol>\r\n<li>Copie d&#8217;un texte textuel disponible sous forme num\u00e9rique ou imprim\u00e9e.<\/li>\r\n<li>Prendre le travail de quelqu&#8217;un d&#8217;autre et le pr\u00e9senter comme enti\u00e8rement le v\u00f4tre.<\/li>\r\n<li>Remise ou soumission d&#8217;articles que vous n&#8217;avez pas r\u00e9dig\u00e9s.<\/li>\r\n<li>Utiliser les id\u00e9es, le texte ou le travail d&#8217;autres auteurs sans citation appropri\u00e9e.<\/li>\r\n<li>Paraphraser<\/li>\r\n<li>Ne pas mettre de guillemets sur l&#8217;\u0153uvre cit\u00e9e.<\/li>\r\n<li>Copier plus qu&#8217;une bonne quantit\u00e9 de mots d&#8217;un paragraphe et le reformuler comme votre propre travail. (si cela est cit\u00e9 correctement, ne sera pas consid\u00e9r\u00e9 comme du plagiat).<\/li>\r\n<\/ol>\r\n\r\n<br><h2>Types de Plagiat<\/h2>\r\n<p>Il existe de nombreux types de plagiat. Nous n&#8217;en citerons que quelques-uns.<\/p>\r\n<ol>\r\n<li>Plagiat direct\u00a0: C&#8217;est la transcription mot pour mot d&#8217;une section du travail de quelqu&#8217;un d&#8217;autre, o\u00f9 l&#8217;utilisateur n&#8217;utilise pas de guillemets ou de citation appropri\u00e9e. De telles actions d\u00e9lib\u00e9r\u00e9es sont consid\u00e9r\u00e9es comme contraires \u00e0 l&#8217;\u00e9thique et comme \u00e9tant de la malhonn\u00eatet\u00e9 acad\u00e9mique.<\/li>\r\n<li>Autoplagiat\u00a0: Cela se produit lorsqu&#8217;une personne soumet son propre travail ant\u00e9rieur ou un m\u00e9lange de travaux ant\u00e9rieurs sans la permission des professeurs impliqu\u00e9s. <\/li>\r\n<li>Plagiat par patchs\u00a0: \u00e9galement appel\u00e9 \u00ab\u2009plagiat mosa\u00efque\u2009\u00bb. Cela se produit lorsqu&#8217;un \u00e9l\u00e8ve emprunte des phrases \u00e0 une source sans utiliser de guillemets. Ou il\/elle trouve des synonymes mais garde la m\u00eame structure g\u00e9n\u00e9rale et la m\u00eame signification du contenu.<\/li>\r\n<li>Plagiat accidentel\u00a0: Une telle situation se produit lorsqu&#8217;une personne n\u00e9glige de citer ses sources ou les cite mal. La paraphrase ou le regroupement non intentionnel de mots qui correspondent \u00e0 une autre source peut \u00e9galement tomber sous cette rubrique. Les cas de plagiat accidentel sont pris aussi au s\u00e9rieux que tout autre plagiat. <\/li>\r\n<\/ol>\r\n\r\n<br><h2>Est-ce que des Id\u00e9es\/Mots Peuvent \u00catre Vol\u00e9es\u2009? Le Point de Vue Juridique<\/h2>\r\n<p>D&#8217;un point de vue juridique, il existe de nombreuses preuves qui favorisent la r\u00e9ponse \u00ab\u2009oui\u2009\u00bb. L&#8217;expression d&#8217;une id\u00e9e, d&#8217;une certaine mani\u00e8re, est consid\u00e9r\u00e9e comme une propri\u00e9t\u00e9 intellectuelle, prot\u00e9g\u00e9e par les lois sur les droits d&#8217;auteur. Selon la loi am\u00e9ricaine, il s&#8217;agit d&#8217;une infraction majeure qui peut impliquer certaines sanctions ainsi qu&#8217;une compensation financi\u00e8re \u00e0 la source\/auteur d&#8217;origine. Pour mieux le comprendre, prenez simplement les id\u00e9es comme \u00ab\u2009le produit invent\u00e9 \u00e0 l&#8217;origine\u2009\u00bb par quelqu&#8217;un.<\/p>\r\n\r\n<h2>Cons\u00e9quences du Plagiat\u2009?<\/h2>\r\n<p>Le plagiat \u00e9tant consid\u00e9r\u00e9 comme une infraction, ses retomb\u00e9es ne sont pas positives pour la personne\/l&#8217;institution accus\u00e9e. Regardez les possibilit\u00e9s suivantes.<\/p>\r\n<ol>\r\n<li>Atteinte de la r\u00e9putation de l&#8217;individu<\/li>\r\n<li>Atteinte de la r\u00e9putation de l&#8217;intuition acad\u00e9mique<\/li>\r\n<li>\u00c9chec du devoir en question<\/li>\r\n<li>Attribution de mauvaises notes<\/li>\r\n<li>P\u00e9nalit\u00e9s scolaires<\/li>\r\n<li>Probations acad\u00e9miques<\/li>\r\n<li>Licenciement de l&#8217;universit\u00e9<\/li>\r\n<li>Poursuites pour violation des droits d&#8217;auteur<\/li>\r\n<li>Compensation financi\u00e8re pour l&#8217;auteur original<\/li>\r\n<\/ol>\r\n\r\n<br><h2>Comment \u00e9viter le plagiat\u2009?<\/h2>\r\n<p>En suivant quelques suggestions simples, on peut facilement \u00e9viter le plagiat et ses cons\u00e9quences n\u00e9gatives \u00e9num\u00e9r\u00e9es ci-dessus.<\/p>\r\n<ol>\r\n<li>Dans la plupart des cas, nous pouvons l&#8217;\u00e9viter en citant des sources originales. Une simple reconnaissance du fait que certains documents ont \u00e9t\u00e9 emprunt\u00e9s \u00e0 ladite source peut \u00e9viter beaucoup de probl\u00e8mes.<\/li>\r\n<li>Un \u00e9tudiant peut certainement am\u00e9liorer son apprentissage de diff\u00e9rents styles de citations pour \u00e9viter des tracas acad\u00e9miques. Plagiarism Checker X a d\u00e9cid\u00e9 d&#8217;aider les \u00e9tudiants en cr\u00e9ant une page d\u00e9di\u00e9e de \u00ab\u2009guide de r\u00e9f\u00e9rencement\u2009\u00bb.<\/li>\r\n<li>M\u00eame si nous faisons de notre mieux, il peut arriver que nous soyons la proie du plagiat, sans le vouloir. Par cons\u00e9quent, la meilleure option est de t\u00e9l\u00e9charger un d\u00e9tecteur de plagiat tel que Plagiarism Checker X et de l&#8217;utiliser pour chaque devoir. Il suffit d&#8217;y d&#8217;accorder un peu de temps \u00e0 notre outil de scan pour \u00e9vitez l&#8217;embarras et les p\u00e9nalit\u00e9s.<\/li>\r\n<\/ol>\r\n<p>Il existe de nombreux portails acad\u00e9miques qui peuvent vous aider \u00e0 en savoir plus sur le plagiat, ses diff\u00e9rentes formes et comment l&#8217;\u00e9viter.<\/p>\r\n\r\n<h2>R\u00e9f\u00e9rences<\/h2>\r\n<p> \u00c9quipe d&#8217;\u00c9valuation de l&#8217;Int\u00e9grit\u00e9 Acad\u00e9mique. \u00ab\u2009D\u00e9finitions de la malhonn\u00eatet\u00e9 acad\u00e9mique\u2009\u00bb. Syst\u00e8me d&#8217;honneur propos\u00e9 &#8211; Universit\u00e9 Texas A&amp;M. Comp. Bill Kibler. Texas A&amp;M University, 2003 D\u00e9finition du plagiat en anglais<\/p>\r\n<\/div>\r\n<\/div>\r\n<\/div>\r\n<\/section>\r\n\r\n","protected":false},"excerpt":{"rendered":"<p>Qu&#8217;est-ce que le plagiat\u2009? Dans la plupart des cas, les gens haussent les \u00e9paules et prennent le plagiat trop \u00e0 la l\u00e9g\u00e8re. Une perception courante du plagiat c&#8217;est\u00a0: \u00ab\u2009copier le travail d&#8217;autrui ou d&#8217;emprunter les id\u00e9es originales de quelqu&#8217;un d&#8217;autre\u2009\u00bb. Cependant, des termes comme \u00ab\u2009copier\u2009\u00bb donnent \u00e0 l&#8217;infraction un aspect un peu plus l\u00e9ger. Selon [&hellip;]<\/p>\n","protected":false},"author":1,"featured_media":0,"parent":0,"menu_order":0,"comment_status":"closed","ping_status":"closed","template":"","meta":[],"_links":{"self":[{"href":"https:\/\/plagiarismcheckerx.com\/fr\/wp-json\/wp\/v2\/pages\/81"}],"collection":[{"href":"https:\/\/plagiarismcheckerx.com\/fr\/wp-json\/wp\/v2\/pages"}],"about":[{"href":"https:\/\/plagiarismcheckerx.com\/fr\/wp-json\/wp\/v2\/types\/page"}],"author":[{"embeddable":true,"href":"https:\/\/plagiarismcheckerx.com\/fr\/wp-json\/wp\/v2\/users\/1"}],"replies":[{"embeddable":true,"href":"https:\/\/plagiarismcheckerx.com\/fr\/wp-json\/wp\/v2\/comments?post=81"}],"version-history":[{"count":3,"href":"https:\/\/plagiarismcheckerx.com\/fr\/wp-json\/wp\/v2\/pages\/81\/revisions"}],"predecessor-version":[{"id":374,"href":"https:\/\/plagiarismcheckerx.com\/fr\/wp-json\/wp\/v2\/pages\/81\/revisions\/374"}],"wp:attachment":[{"href":"https:\/\/plagiarismcheckerx.com\/fr\/wp-json\/wp\/v2\/media?parent=81"}],"curies":[{"name":"wp","href":"https:\/\/api.w.org\/{rel}","templated":true}]}}