{"id":77,"date":"2020-11-25T11:00:08","date_gmt":"2020-11-25T11:00:08","guid":{"rendered":"https:\/\/plagiarismcheckerx.com\/wordpress\/es\/?page_id=77"},"modified":"2021-09-21T15:30:15","modified_gmt":"2021-09-21T15:30:15","slug":"system-requirements","status":"publish","type":"page","link":"https:\/\/plagiarismcheckerx.com\/fr\/system-requirements","title":{"rendered":"System Requirements"},"content":{"rendered":"\r\n<section id=\"system-requirements\">\r\n<div class=\"container inner-top-sm\">\r\n<div class=\"row\">\r\n<div class=\"col-md-10 center-block text-center\"><header>\r\n<h1>Configuration Requise<\/h1>\r\n<\/header>\r\n<p>Plagiarism Checker X est un v\u00e9rificateur de duplication de premier plan qui aide les \u00e9tudiants, les enseignants, les \u00e9tablissements universitaires, les entreprises de recherche, les r\u00e9dacteurs Web, les \u00e9diteurs et de nombreux autres segments de la soci\u00e9t\u00e9 dans leurs domaines. Afin de profiter du produit et de ses avantages, il faudra le t\u00e9l\u00e9charger. Cependant, assurez-vous que votre ordinateur remplit les crit\u00e8res suivants.<\/p>\r\n<\/div>\r\n<\/div>\r\n<\/div>\r\n<\/section>\r\n<section id=\"system-requirements\">\r\n<div class=\"container inner-xs\">\r\n<div class=\"row\">\r\n<div class=\"col-md-10 center-block\"><br \/>\r\n<table class=\"table table-striped wide-table\">\r\n<tbody>\r\n<tr>\r\n<td>\u00a0<\/td>\r\n<td>Minimum<\/td>\r\n<td>Recommand\u00e9<\/td>\r\n<\/tr>\r\n<tr>\r\n<td>Processeur<\/td>\r\n<td>1.5GHz ou plus<\/td>\r\n<td>2.5GHz ou plus<\/td>\r\n<\/tr>\r\n<tr>\r\n<td>Memory (RAM)<\/td>\r\n<td>2GB<\/td>\r\n<td>4GB ou plus<\/td>\r\n<\/tr>\r\n<tr>\r\n<td>Espace disque disponible<\/td>\r\n<td>50MB<\/td>\r\n<td>100MB<\/td>\r\n<\/tr>\r\n<tr>\r\n<td>Donet Framework<\/td>\r\n<td><a href=\"https:\/\/dotnet.microsoft.com\/download\/dotnet-framework\/thank-you\/net451-offline-installer\" rel=\"nofollow noopener\" target=\"_blank\">4.5.1 <i class=\"icon-download-1\"><\/i><\/a><\/td>\r\n<td><a href=\"https:\/\/dotnet.microsoft.com\/download\/dotnet-framework\/thank-you\/net471-offline-installer\" rel=\"nofollow noopener\" target=\"_blank\">4.7.1 <\/a> ou Sup\u00e9rieur<\/td>\r\n<\/tr>\r\n<tr>\r\n<td>Internet Connexion<\/td>\r\n<td>512 Kbps<\/td>\r\n<td>1 Mbps ou plus<\/td>\r\n<\/tr>\r\n<\/tbody>\r\n<\/table>\r\n<br \/><br \/>\r\n<h2>Syst\u00e8me d\u2019Exploitation<\/h2>\r\n<p>Plagiarism Checker X est compatible avec tous ces syst\u00e8mes d&#8217;exploitation.<\/p>\r\n<table class=\"table table-striped wide-table\">\r\n<tbody>\r\n<tr>\r\n<td>\u00a0<\/td>\r\n<td>32-Bit<\/td>\r\n<td>64-Bit<\/td>\r\n<\/tr>\r\n<tr>\r\n<td>Windows 10<\/td>\r\n<td><img src=\"https:\/\/plagiarismcheckerx.com\/assets\/images\/icon_yes_color.png\" \/><\/td>\r\n<td><img src=\"https:\/\/plagiarismcheckerx.com\/assets\/images\/icon_yes_color.png\" \/><\/td>\r\n<\/tr>\r\n<tr>\r\n<td>Windows 8<\/td>\r\n<td><img src=\"https:\/\/plagiarismcheckerx.com\/assets\/images\/icon_yes_color.png\" \/><\/td>\r\n<td><img src=\"https:\/\/plagiarismcheckerx.com\/assets\/images\/icon_yes_color.png\" \/><\/td>\r\n<\/tr>\r\n<tr>\r\n<td>Windows 7<\/td>\r\n<td><img src=\"https:\/\/plagiarismcheckerx.com\/assets\/images\/icon_yes_color.png\" \/><\/td>\r\n<td><img src=\"https:\/\/plagiarismcheckerx.com\/assets\/images\/icon_yes_color.png\" \/><\/td>\r\n<\/tr>\r\n<tr>\r\n<td>Windows Vista SP2<\/td>\r\n<td><img src=\"https:\/\/plagiarismcheckerx.com\/assets\/images\/icon_yes_color.png\" \/><\/td>\r\n<td><img src=\"https:\/\/plagiarismcheckerx.com\/assets\/images\/icon_yes_color.png\" \/><\/td>\r\n<\/tr>\r\n<\/tbody>\r\n<\/table>\r\n<br \/><br \/>\r\n<h2>Langues<\/h2>\r\n<p>Plagiarism Checker X est disponible en 7\u00a0langues, mais prend en charge plus de 20\u00a0langues.<\/p>\r\n<table class=\"table table-striped wide-table\">\r\n<tbody>\r\n<tr>\r\n<td>\u00a0<\/td>\r\n<td>Disponibilit\u00e9<\/td>\r\n<\/tr>\r\n<tr>\r\n<td>English<\/td>\r\n<td><img src=\"https:\/\/plagiarismcheckerx.com\/assets\/images\/icon_yes_color.png\" \/><\/td>\r\n<\/tr>\r\n<tr>\r\n<td>Spanish<\/td>\r\n<td><img src=\"https:\/\/plagiarismcheckerx.com\/assets\/images\/icon_yes_color.png\" \/><\/td>\r\n<\/tr>\r\n<tr>\r\n<td>Deutch<\/td>\r\n<td><img src=\"https:\/\/plagiarismcheckerx.com\/assets\/images\/icon_yes_color.png\" \/><\/td>\r\n<\/tr>\r\n<tr>\r\n<td>French<\/td>\r\n<td><img src=\"https:\/\/plagiarismcheckerx.com\/assets\/images\/icon_yes_color.png\" \/><\/td>\r\n<\/tr>\r\n<tr>\r\n<td>German<\/td>\r\n<td><img src=\"https:\/\/plagiarismcheckerx.com\/assets\/images\/icon_yes_color.png\" \/><\/td>\r\n<\/tr>\r\n<tr>\r\n<td>Italian<\/td>\r\n<td><img src=\"https:\/\/plagiarismcheckerx.com\/assets\/images\/icon_yes_color.png\" \/><\/td>\r\n<\/tr>\r\n<tr>\r\n<td>Portuguese<\/td>\r\n<td><img src=\"https:\/\/plagiarismcheckerx.com\/assets\/images\/icon_yes_color.png\" \/><\/td>\r\n<\/tr>\r\n<tr>\r\n<td>Russian<\/td>\r\n<td>Pris en charge<\/td>\r\n<\/tr>\r\n<tr>\r\n<td>Japanese<\/td>\r\n<td>Pris en charge<\/td>\r\n<\/tr>\r\n<tr>\r\n<td>Hindi<\/td>\r\n<td>Pris en charge<\/td>\r\n<\/tr>\r\n<\/tbody>\r\n<\/table>\r\n<\/div>\r\n<\/div>\r\n<\/div>\r\n<\/section>\r\n\n    <section id=\"customer-satisfaction\">\n    <div class=\"container inner-sm\">\n    <div class=\"row\">\n    <div class=\"col-md-10 col-sm-9 center-block text-center\">\n    <header>\n    <h2>Satisfaction Client Garantie<\/h2>\n    <p>\"Plagiarism Checker X a \u00e9t\u00e9 con\u00e7u conform\u00e9ment aux retours, suggestions et commentaires techniques du march\u00e9. La rapidit\u00e9, la pr\u00e9cision et l'interface utilisateur simple nous ont apport\u00e9 des clients satisfaits et fid\u00e8les.\"<\/p>\n    <div class=\"row\">\n    <div class=\"col-md-8 center-block text-center\">\n    <figure><img src=\"https:\/\/cdn.plagiarismcheckerx.com\/images\/credit-cards-2.png\" loading=\"lazy\" alt=\"Credit Cards\"> <\/figure>\n    <\/div><\/div>\n    <\/header>\n    <div>\n    <a href=\"..\/download-thank-you\" class=\"btn btn-large btn-gray\">T\u00c9L\u00c9CHARGER GRATUITEMENT<\/a>&nbsp;\n    <a href=\"..\/buy\" class=\"btn btn-large\">Acheter Maintenant<\/a>\n    <\/div>\n    <\/div>\n    <\/div>\n    <\/div>\n    <\/section>\n\n\n    \r\n","protected":false},"excerpt":{"rendered":"<p>Configuration Requise Plagiarism Checker X est un v\u00e9rificateur de duplication de premier plan qui aide les \u00e9tudiants, les enseignants, les \u00e9tablissements universitaires, les entreprises de recherche, les r\u00e9dacteurs Web, les \u00e9diteurs et de nombreux autres segments de la soci\u00e9t\u00e9 dans leurs domaines. Afin de profiter du produit et de ses avantages, il faudra le t\u00e9l\u00e9charger. [&hellip;]<\/p>\n","protected":false},"author":1,"featured_media":0,"parent":0,"menu_order":0,"comment_status":"closed","ping_status":"closed","template":"","meta":[],"_links":{"self":[{"href":"https:\/\/plagiarismcheckerx.com\/fr\/wp-json\/wp\/v2\/pages\/77"}],"collection":[{"href":"https:\/\/plagiarismcheckerx.com\/fr\/wp-json\/wp\/v2\/pages"}],"about":[{"href":"https:\/\/plagiarismcheckerx.com\/fr\/wp-json\/wp\/v2\/types\/page"}],"author":[{"embeddable":true,"href":"https:\/\/plagiarismcheckerx.com\/fr\/wp-json\/wp\/v2\/users\/1"}],"replies":[{"embeddable":true,"href":"https:\/\/plagiarismcheckerx.com\/fr\/wp-json\/wp\/v2\/comments?post=77"}],"version-history":[{"count":4,"href":"https:\/\/plagiarismcheckerx.com\/fr\/wp-json\/wp\/v2\/pages\/77\/revisions"}],"predecessor-version":[{"id":390,"href":"https:\/\/plagiarismcheckerx.com\/fr\/wp-json\/wp\/v2\/pages\/77\/revisions\/390"}],"wp:attachment":[{"href":"https:\/\/plagiarismcheckerx.com\/fr\/wp-json\/wp\/v2\/media?parent=77"}],"curies":[{"name":"wp","href":"https:\/\/api.w.org\/{rel}","templated":true}]}}