{"id":75,"date":"2020-11-25T10:57:13","date_gmt":"2020-11-25T10:57:13","guid":{"rendered":"https:\/\/plagiarismcheckerx.com\/wordpress\/es\/?page_id=75"},"modified":"2020-12-01T17:50:55","modified_gmt":"2020-12-01T17:50:55","slug":"download","status":"publish","type":"page","link":"https:\/\/plagiarismcheckerx.com\/fr\/download","title":{"rendered":"Download"},"content":{"rendered":"\n<section id=\"download\">\n<div class=\"container inner-xs\">\n<div class=\"row\">\n\n<div class=\"col-md-7 inner-xs text-center\">\n<br>\n<h1 align=\"center\">T\u00e9l\u00e9charger Plagiarism Checker <\/h1>\n<p>Le logiciel Plagiarism Checker X est con\u00e7u pour d\u00e9tecter le contenu dupliqu\u00e9 par rapport \u00e0 vos documents\/textes donn\u00e9s qui aident les utilisateurs (par exemple, \u00e9tudiants, enseignants, universit\u00e9s, coll\u00e8ges, \u00e9crivains, agents de r\u00e9f\u00e9rencement, etc.) \u00e0 v\u00e9rifier l&#8217;originalit\u00e9 de leur contenu sur du mat\u00e9riel plagi\u00e9. Cette version d&#8217;essai du logiciel est GRATUITE, mais pr\u00e9sente certaines limitations. Les utilisateurs peuvent ainsi tester le logiciel s&#8217;ils le souhaitent. De plus, cela permet aux gens de d\u00e9tecter facilement le plagiat et de les aider \u00e0 emp\u00eacher que leur travail ne soit mal utilis\u00e9. Pour profiter de la version compl\u00e8te avec toutes les fonctionnalit\u00e9s \u00e9tonnantes et innovantes, achetez maintenant le logiciel pour seulement 39,95\u00a0$.<\/p>\n<a href=\"..\/download-thank-you\" class=\"btn btn-large btn-gray\">T\u00c9L\u00c9CHARGER GRATUITEMENT<\/a> &nbsp;\n<a href=\"..\/buy\" class=\"btn btn-large\">Acheter Maintenant<\/a>\n<\/div>\n\n<div class=\"col-md-5\">\n<br>\n<img src=\"https:\/\/cdn.plagiarismcheckerx.com\/images\/header-banner-dashboard.jpg\" alt=\"plagairism checker free\" height=\"395px\">\n<\/div>\n<\/div>\n<br>\n<\/div>\n<\/section>\n\n\n<section id=\"clients\">\n<div class=\"container inner-sm\">\n\n<div class=\"row\">\n<div class=\"col-md-8 col-sm-9 center-block text-center\">\n<header>\n<h2>Utiliser par des instituts renomm\u00e9s<\/h2>\n<p>Nous appr\u00e9cions nos exp\u00e9riences de client. La rapidit\u00e9, l'exactitude et l'interface utilisateur facile a rendu les clients satisfaits et fid\u00e8les.<\/p>\n<\/header>\n<\/div>\n<\/div>\n\n<div class=\"row inner-top-xs\">\n<div class=\"col-sm-12\">\n<div id=\"owl-clients\" class=\"owl-carousel owl-outer-nav\">\n\n<div class=\"item\">\n<figure>\n<figcaption class=\"text-overlay\">\n<div class=\"info\">\n<h4>IEEE<\/h4>\n<\/div>\n<\/figcaption>\n<img class=\"SliceImages OrgImage1\">\n<\/figure>\n<\/div>\n\n<div class=\"item\">\n<figure>\n<figcaption class=\"text-overlay\">\n<div class=\"info\">\n<h4>American University of Science And Technology<\/h4>\n<\/div>\n<\/figcaption>\n<img class=\"SliceImages OrgImage2\">\n<\/figure>\n<\/div>\n\n<div class=\"item\">\n<figure>\n<figcaption class=\"text-overlay\">\n<div class=\"info\">\n<h4>Remington College<\/h4>\n<\/div>\n<\/figcaption>\n<img class=\"SliceImages OrgImage3\">\n<\/figure>\n<\/div>\n\n<div class=\"item\">\n<figure>\n<figcaption class=\"text-overlay\">\n<div class=\"info\">\n<h4>JM Field Marketing<\/h4>\n<\/div>\n<\/figcaption>\n<img class=\"SliceImages OrgImage4\">\n<\/figure>\n<\/div>\n\n<div class=\"item\">\n<figure>\n<figcaption class=\"text-overlay\">\n<div class=\"info\">\n<h4>University of Maribor<\/h4>\n<\/div>\n<\/figcaption>\n<img class=\"SliceImages OrgImage5\">\n<\/figure>\n<\/div>\n\n<div class=\"item\">\n<figure>\n<figcaption class=\"text-overlay\">\n<div class=\"info\">\n<h4>Great American Cookies<\/h4>\n<\/div>\n<\/figcaption>\n<img class=\"SliceImages OrgImage6\">\n<\/figure>\n<\/div>\n\n<div class=\"item\">\n<figure>\n<figcaption class=\"text-overlay\">\n<div class=\"info\">\n<h4>Ohio University<\/h4>\n<\/div>\n<\/figcaption>\n<img class=\"SliceImages OrgImage7\">\n<\/figure>\n<\/div>\n\n<div class=\"item\">\n<figure>\n<figcaption class=\"text-overlay\">\n<div class=\"info\">\n<h4>University Of Massachusetts Boston<\/h4>\n<\/div>\n<\/figcaption>\n<img class=\"SliceImages OrgImage8\">\n<\/figure>\n<\/div>\n\n<div class=\"item\">\n<figure>\n<figcaption class=\"text-overlay\">\n<div class=\"info\">\n<h4>Labournet Services India<\/h4>\n<\/div>\n<\/figcaption>\n<img class=\"SliceImages OrgImage9\">\n<\/figure>\n<\/div>\n\n<div class=\"item\">\n<figure>\n<figcaption class=\"text-overlay\">\n<div class=\"info\">\n<h4>King Saud University<\/h4>\n<\/div>\n<\/figcaption>\n<img class=\"SliceImages OrgImage10\">\n<\/figure>\n<\/div>\n\n<div class=\"item\">\n<figure>\n<figcaption class=\"text-overlay\">\n<div class=\"info\">\n<h4>Delta-State-University-Abraka<\/h4>\n<\/div>\n<\/figcaption>\n<img class=\"SliceImages OrgImage11\">\n<\/figure>\n<\/div>\n\n<div class=\"item\">\n<figure>\n<figcaption class=\"text-overlay\">\n<div class=\"info\">\n<h4>Trinity College<\/h4>\n<\/div>\n<\/figcaption>\n<img class=\"SliceImages OrgImage12\">\n<\/figure>\n<\/div>\n\n<\/div>\n<\/div>\n<\/div>\n\n<\/div>\n<\/section>\n\n\n\n    <section id=\"awards\">\n    <div class=\"container inner-xs\">\n    <div class=\"row\">\n    <div class=\"col-md-11 col-sm-9 center-block text-center\">\n    <header>\n    <h2>Prix & Certifications<\/h2>\n    <\/header>\n    <p>\"Plagiarism Checker X est un logiciel prim\u00e9. Oui, nous n'aimons pas nous vanter, mais partageons volontiers nos r\u00e9alisations et notre reconnaissance mondiale. Les critiques positives que nous avons re\u00e7ues de nombreuses organisations et agences de test ind\u00e9pendantes li\u00e9es \u00e0 l'industrie sont un ajout agr\u00e9able. Ainsi, lorsque vous t\u00e9l\u00e9chargez le logiciel, gardez \u00e0 l'esprit que les capacit\u00e9s de num\u00e9risation et les fonctionnalit\u00e9s innovantes de Plagiarism Checker X sont pl\u00e9biscit\u00e9es dans le monde entier.\"<\/p>\n    <img src=\"https:\/\/cdn.plagiarismcheckerx.com\/images\/awards\/softonic.png\" loading=\"lazy\" alt=\"softonic\">\n    <img src=\"https:\/\/cdn.plagiarismcheckerx.com\/images\/awards\/software-informer.png\" loading=\"lazy\" alt=\"software informer\">\n    <img src=\"https:\/\/cdn.plagiarismcheckerx.com\/images\/awards\/mcafee.png\" loading=\"lazy\" alt=\"mcafee\">\n    <img src=\"https:\/\/cdn.plagiarismcheckerx.com\/images\/awards\/softpedia.png\" loading=\"lazy\" alt=\"sofepedia\">\n    <img src=\"https:\/\/cdn.plagiarismcheckerx.com\/images\/awards\/softpedia-clean.png\" loading=\"lazy\" alt=\"Softpedia clean\">\n    <img src=\"https:\/\/cdn.plagiarismcheckerx.com\/images\/awards\/software-informer-clean.png\" loading=\"lazy\" alt=\"software informer\">\n    <\/div>\n    <\/div>\n    <\/div>\n    <\/section>\n\n    \n\n\n<section id=\"your-data-is-safe\">\n<div class=\"container inner-sm\">\n<div class=\"row\">\n<div class=\"col-md-10 col-sm-9 center-block text-center\">\n<header>\n<h2>Vos donn\u00e9es sont s\u00e9curis\u00e9es dans votre appareil, vous ne devez pas le t\u00e9l\u00e9charger<\/h2>\n<p>\"En tant qu'utilisateur, vous n'\u00eates pas tenu de t\u00e9l\u00e9charger vos devoirs et contenus dans notre base de donn\u00e9es; au lieu de cela, les fichiers restent avec vous. Cette fonctionnalit\u00e9 rend le v\u00e9rificateur de plagiat X tr\u00e8s diff\u00e9rent du reste des fournisseurs de services sur le march\u00e9. Alors, d\u00e9p\u00eachez-vous! Prenez une copie ici!\".<\/p>\n<div class=\"row\">\n<div class=\"col-md-8 center-block text-center\">\n<figure><img src=\"https:\/\/cdn.plagiarismcheckerx.com\/images\/credit-cards-2.png\" alt=\"Credit Cards\"> <\/figure>\n<\/div><\/div>\n<\/header>\n<div>\n<a href=\"..\/download-thank-you\" class=\"btn btn-large\">T\u00c9L\u00c9CHARGER GRATUITEMENT<\/a> \n<a href=\"..\/buy\" class=\"btn btn-large\">Acheter Maintenant<\/a>\n<\/div>\n<\/div>\n<\/div>\n<\/div>\n<\/section>\n\n\n","protected":false},"excerpt":{"rendered":"<p>T\u00e9l\u00e9charger Plagiarism Checker Le logiciel Plagiarism Checker X est con\u00e7u pour d\u00e9tecter le contenu dupliqu\u00e9 par rapport \u00e0 vos documents\/textes donn\u00e9s qui aident les utilisateurs (par exemple, \u00e9tudiants, enseignants, universit\u00e9s, coll\u00e8ges, \u00e9crivains, agents de r\u00e9f\u00e9rencement, etc.) \u00e0 v\u00e9rifier l&#8217;originalit\u00e9 de leur contenu sur du mat\u00e9riel plagi\u00e9. Cette version d&#8217;essai du logiciel est GRATUITE, mais pr\u00e9sente [&hellip;]<\/p>\n","protected":false},"author":1,"featured_media":0,"parent":0,"menu_order":0,"comment_status":"closed","ping_status":"closed","template":"","meta":[],"_links":{"self":[{"href":"https:\/\/plagiarismcheckerx.com\/fr\/wp-json\/wp\/v2\/pages\/75"}],"collection":[{"href":"https:\/\/plagiarismcheckerx.com\/fr\/wp-json\/wp\/v2\/pages"}],"about":[{"href":"https:\/\/plagiarismcheckerx.com\/fr\/wp-json\/wp\/v2\/types\/page"}],"author":[{"embeddable":true,"href":"https:\/\/plagiarismcheckerx.com\/fr\/wp-json\/wp\/v2\/users\/1"}],"replies":[{"embeddable":true,"href":"https:\/\/plagiarismcheckerx.com\/fr\/wp-json\/wp\/v2\/comments?post=75"}],"version-history":[{"count":3,"href":"https:\/\/plagiarismcheckerx.com\/fr\/wp-json\/wp\/v2\/pages\/75\/revisions"}],"predecessor-version":[{"id":343,"href":"https:\/\/plagiarismcheckerx.com\/fr\/wp-json\/wp\/v2\/pages\/75\/revisions\/343"}],"wp:attachment":[{"href":"https:\/\/plagiarismcheckerx.com\/fr\/wp-json\/wp\/v2\/media?parent=75"}],"curies":[{"name":"wp","href":"https:\/\/api.w.org\/{rel}","templated":true}]}}