{"id":73,"date":"2020-11-25T10:55:13","date_gmt":"2020-11-25T10:55:13","guid":{"rendered":"https:\/\/plagiarismcheckerx.com\/wordpress\/es\/?page_id=73"},"modified":"2020-12-01T17:50:55","modified_gmt":"2020-12-01T17:50:55","slug":"screenshots","status":"publish","type":"page","link":"https:\/\/plagiarismcheckerx.com\/fr\/screenshots","title":{"rendered":"Screenshots"},"content":{"rendered":"\n<section id=\"screenshots\" class=\"light-bg inner-xs inner-left-xs inner-right-xs\">\n<div class=\"container\">\n<h1 class=\"team-headline sidelines text-center\"><span>Captures d&#8217;\u00e9cran de Plagiarism Checker X<\/span><\/h1>\n<p align=\"center\"> Vous pouvez trouver ici quelques captures d&#8217;\u00e9cran de Plagiarism Checker X.<\/p> <br><br>\n\n<div class=\"row thumbs gap-lg text-center\">\n<div class=\"col-sm-6 thumb\">\n<figure class=\"member\">\n\n<div class=\"member-image\">\n\n<div class=\"text-overlay\">\n<div class=\"info\">\n<a href=\"https:\/\/plagiarismcheckerx.com\/assets\/images\/screenshots\/online-plagiarism-start.jpg\" class=\"btn btn-large btn-green\" target=\"_blank\" rel=\"noopener noreferrer\"> Click here to view <\/a>\n<\/div><!-- \/.info -->\n<\/div><!-- \/.text-overlay -->\n<img src=\"https:\/\/plagiarismcheckerx.com\/assets\/images\/screenshots\/online-plagiarism-start.jpg\" alt=\"Check Plagiarism Online\">\n<\/div><!-- \/.member-image -->\n\n<figcaption class=\"member-details bordered no-top-border\">\n<h3>V\u00e9rificateur de Plagiat en Ligne<\/h3>\n<\/figcaption>\n\n<\/figure>\n<\/div>\n<div class=\"col-sm-6 thumb\">\n<figure class=\"member\">\n\n<div class=\"member-image\">\n\n<div class=\"text-overlay\">\n<div class=\"info\">\n<a href=\"https:\/\/plagiarismcheckerx.com\/assets\/images\/screenshots\/online-plagiarism-results.jpg\" class=\"btn btn-large btn-green\" target=\"_blank\" rel=\"noopener noreferrer\"> Click here to view <\/a>\n<\/div><!-- \/.info -->\n<\/div><!-- \/.text-overlay -->\n<img src=\"https:\/\/plagiarismcheckerx.com\/assets\/images\/screenshots\/online-plagiarism-results.jpg\" align=\"Check Plagairism Results\">\n<\/div><!-- \/.member-image -->\n\n<figcaption class=\"member-details bordered no-top-border\">\n<h3>R\u00e9sultats de Plagiarism Checker X<\/h3>\n<\/figcaption>\n\n<\/figure>\n<\/div>\n<\/div>\n\n<div class=\"row thumbs gap-md text-center\">\n\n<div class=\"col-sm-6 thumb\">\n<figure class=\"member\">\n<div class=\"member-image\">\n<div class=\"text-overlay\">\n<div class=\"info\">\n<a href=\"https:\/\/plagiarismcheckerx.com\/assets\/images\/screenshots\/online-plagiarism-summary.jpg\" class=\"btn btn-large btn-green\" target=\"_blank\" rel=\"noopener noreferrer\"> Click here to view <\/a>\n<\/div><!-- \/.info -->\n<\/div><!-- \/.text-overlay -->\n<img src=\"https:\/\/plagiarismcheckerx.com\/assets\/images\/screenshots\/online-plagiarism-summary.jpg\" alt=\"Plagiarism Checker X Reports\">\n<\/div><!-- \/.member-image -->\n\n<figcaption class=\"member-details bordered no-top-border\">\n<h3>R\u00e9sum\u00e9 G\u00e9n\u00e9ral du Plagiat<\/h3>\n<\/figcaption>\n<\/figure>\n<\/div>\n\n<div class=\"col-sm-6 thumb\">\n<figure class=\"member\">\n<div class=\"member-image\">\n<div class=\"text-overlay\">\n<div class=\"info\">\n<a href=\"https:\/\/plagiarismcheckerx.com\/assets\/images\/screenshots\/online-plagiarism-report.jpg\" class=\"btn btn-large btn-green\" target=\"_blank\" rel=\"noopener noreferrer\"> Click here to view <\/a>\n<\/div><!-- \/.info -->\n<\/div><!-- \/.text-overlay -->\n<img src=\"https:\/\/plagiarismcheckerx.com\/assets\/images\/screenshots\/online-plagiarism-report.jpg\" alt=\"Plagiarism Checker X Originality Report\">\n<\/div><!-- \/.member-image -->\n\n<figcaption class=\"member-details bordered no-top-border\">\n<h3>Rapport de Plagiait Surlign\u00e9<\/h3>\n<\/figcaption>\n\n<\/figure>\n<\/div>\n<\/div>\n\n<div class=\"row thumbs gap-md text-center\">\n<div class=\"col-sm-6 thumb\">\n<figure class=\"member\">\n<div class=\"member-image\">\n<div class=\"text-overlay\">\n<div class=\"info\">\n<a href=\"https:\/\/plagiarismcheckerx.com\/assets\/images\/screenshots\/side-by-side-comparison.jpg\" class=\"btn btn-large btn-green\" target=\"_blank\" rel=\"noopener noreferrer\"> Click here to view <\/a>\n<\/div><!-- \/.info -->\n<\/div><!-- \/.text-overlay -->\n<img src=\"https:\/\/plagiarismcheckerx.com\/assets\/images\/screenshots\/side-by-side-comparison.jpg\" alt=\"Side By Side Content Compare\">\n<\/div><!-- \/.member-image -->\n<figcaption class=\"member-details bordered no-top-border\">\n<h3>Comparaison Juxtapos\u00e9e <\/h3>\n<\/figcaption>\n<\/figure>\n<\/div>\n\n<div class=\"col-sm-6 thumb last-bottom\">\n<figure class=\"member\">\n<div class=\"member-image\">\n<div class=\"text-overlay\">\n<div class=\"info\">\n<a href=\"https:\/\/plagiarismcheckerx.com\/assets\/images\/screenshots\/bulk-comparison-results.jpg\" class=\"btn btn-large btn-green\" target=\"_blank\" rel=\"noopener noreferrer\"> Click here to view <\/a>\n<\/div><!-- \/.info -->\n<\/div><!-- \/.text-overlay -->\n<img src=\"https:\/\/plagiarismcheckerx.com\/assets\/images\/screenshots\/bulk-comparison-results.jpg\" align=\"CrossCheck and Cross Plagiarism Comparison\">\n<\/div><!-- \/.member-image -->\n<figcaption class=\"member-details bordered no-top-border\">\n<h3>Recherche en Masse<\/h3>\n<\/figcaption>\n<\/figure>\n<\/div>\n\n<\/div>\n\n<\/div>\n<\/section>\n\n\n\n<section id=\"clients\">\n<div class=\"container inner-sm\">\n\n<div class=\"row\">\n<div class=\"col-md-8 col-sm-9 center-block text-center\">\n<header>\n<h2>Utiliser par des instituts renomm\u00e9s<\/h2>\n<p>Nous appr\u00e9cions nos exp\u00e9riences de client. La rapidit\u00e9, l'exactitude et l'interface utilisateur facile a rendu les clients satisfaits et fid\u00e8les.<\/p>\n<\/header>\n<\/div>\n<\/div>\n\n<div class=\"row inner-top-xs\">\n<div class=\"col-sm-12\">\n<div id=\"owl-clients\" class=\"owl-carousel owl-outer-nav\">\n\n<div class=\"item\">\n<figure>\n<figcaption class=\"text-overlay\">\n<div class=\"info\">\n<h4>IEEE<\/h4>\n<\/div>\n<\/figcaption>\n<img class=\"SliceImages OrgImage1\">\n<\/figure>\n<\/div>\n\n<div class=\"item\">\n<figure>\n<figcaption class=\"text-overlay\">\n<div class=\"info\">\n<h4>American University of Science And Technology<\/h4>\n<\/div>\n<\/figcaption>\n<img class=\"SliceImages OrgImage2\">\n<\/figure>\n<\/div>\n\n<div class=\"item\">\n<figure>\n<figcaption class=\"text-overlay\">\n<div class=\"info\">\n<h4>Remington College<\/h4>\n<\/div>\n<\/figcaption>\n<img class=\"SliceImages OrgImage3\">\n<\/figure>\n<\/div>\n\n<div class=\"item\">\n<figure>\n<figcaption class=\"text-overlay\">\n<div class=\"info\">\n<h4>JM Field Marketing<\/h4>\n<\/div>\n<\/figcaption>\n<img class=\"SliceImages OrgImage4\">\n<\/figure>\n<\/div>\n\n<div class=\"item\">\n<figure>\n<figcaption class=\"text-overlay\">\n<div class=\"info\">\n<h4>University of Maribor<\/h4>\n<\/div>\n<\/figcaption>\n<img class=\"SliceImages OrgImage5\">\n<\/figure>\n<\/div>\n\n<div class=\"item\">\n<figure>\n<figcaption class=\"text-overlay\">\n<div class=\"info\">\n<h4>Great American Cookies<\/h4>\n<\/div>\n<\/figcaption>\n<img class=\"SliceImages OrgImage6\">\n<\/figure>\n<\/div>\n\n<div class=\"item\">\n<figure>\n<figcaption class=\"text-overlay\">\n<div class=\"info\">\n<h4>Ohio University<\/h4>\n<\/div>\n<\/figcaption>\n<img class=\"SliceImages OrgImage7\">\n<\/figure>\n<\/div>\n\n<div class=\"item\">\n<figure>\n<figcaption class=\"text-overlay\">\n<div class=\"info\">\n<h4>University Of Massachusetts Boston<\/h4>\n<\/div>\n<\/figcaption>\n<img class=\"SliceImages OrgImage8\">\n<\/figure>\n<\/div>\n\n<div class=\"item\">\n<figure>\n<figcaption class=\"text-overlay\">\n<div class=\"info\">\n<h4>Labournet Services India<\/h4>\n<\/div>\n<\/figcaption>\n<img class=\"SliceImages OrgImage9\">\n<\/figure>\n<\/div>\n\n<div class=\"item\">\n<figure>\n<figcaption class=\"text-overlay\">\n<div class=\"info\">\n<h4>King Saud University<\/h4>\n<\/div>\n<\/figcaption>\n<img class=\"SliceImages OrgImage10\">\n<\/figure>\n<\/div>\n\n<div class=\"item\">\n<figure>\n<figcaption class=\"text-overlay\">\n<div class=\"info\">\n<h4>Delta-State-University-Abraka<\/h4>\n<\/div>\n<\/figcaption>\n<img class=\"SliceImages OrgImage11\">\n<\/figure>\n<\/div>\n\n<div class=\"item\">\n<figure>\n<figcaption class=\"text-overlay\">\n<div class=\"info\">\n<h4>Trinity College<\/h4>\n<\/div>\n<\/figcaption>\n<img class=\"SliceImages OrgImage12\">\n<\/figure>\n<\/div>\n\n<\/div>\n<\/div>\n<\/div>\n\n<\/div>\n<\/section>\n\n\n","protected":false},"excerpt":{"rendered":"<p>Captures d&#8217;\u00e9cran de Plagiarism Checker X Vous pouvez trouver ici quelques captures d&#8217;\u00e9cran de Plagiarism Checker X. Click here to view V\u00e9rificateur de Plagiat en Ligne Click here to view R\u00e9sultats de Plagiarism Checker X Click here to view R\u00e9sum\u00e9 G\u00e9n\u00e9ral du Plagiat Click here to view Rapport de Plagiait Surlign\u00e9 Click here to view [&hellip;]<\/p>\n","protected":false},"author":1,"featured_media":0,"parent":0,"menu_order":0,"comment_status":"closed","ping_status":"closed","template":"","meta":[],"_links":{"self":[{"href":"https:\/\/plagiarismcheckerx.com\/fr\/wp-json\/wp\/v2\/pages\/73"}],"collection":[{"href":"https:\/\/plagiarismcheckerx.com\/fr\/wp-json\/wp\/v2\/pages"}],"about":[{"href":"https:\/\/plagiarismcheckerx.com\/fr\/wp-json\/wp\/v2\/types\/page"}],"author":[{"embeddable":true,"href":"https:\/\/plagiarismcheckerx.com\/fr\/wp-json\/wp\/v2\/users\/1"}],"replies":[{"embeddable":true,"href":"https:\/\/plagiarismcheckerx.com\/fr\/wp-json\/wp\/v2\/comments?post=73"}],"version-history":[{"count":2,"href":"https:\/\/plagiarismcheckerx.com\/fr\/wp-json\/wp\/v2\/pages\/73\/revisions"}],"predecessor-version":[{"id":338,"href":"https:\/\/plagiarismcheckerx.com\/fr\/wp-json\/wp\/v2\/pages\/73\/revisions\/338"}],"wp:attachment":[{"href":"https:\/\/plagiarismcheckerx.com\/fr\/wp-json\/wp\/v2\/media?parent=73"}],"curies":[{"name":"wp","href":"https:\/\/api.w.org\/{rel}","templated":true}]}}