{"id":71,"date":"2020-11-25T10:53:07","date_gmt":"2020-11-25T10:53:07","guid":{"rendered":"https:\/\/plagiarismcheckerx.com\/wordpress\/es\/?page_id=71"},"modified":"2020-12-01T17:50:55","modified_gmt":"2020-12-01T17:50:55","slug":"bulk-comparison","status":"publish","type":"page","link":"https:\/\/plagiarismcheckerx.com\/fr\/bulk-comparison","title":{"rendered":"Bulk Comparison"},"content":{"rendered":"\n<section id=\"services\">\n<div class=\"container inner-xs\">\n<div class=\"row\">\n<div class=\"col-md-5\">\n<br><br>\n<figure><img src=\"https:\/\/cdn.plagiarismcheckerx.com\/images\/screenshots\/bulk-comparison-results.jpg\" alt=\"\"><\/figure>\n<\/div>\n\n<div class=\"col-md-7\">\n<h1 align=\"center\">Recoupez Plusieurs Documents!<\/h1>\n<p>La comparaison des documents devient facile maintenant, car vous pouvez v\u00e9rifier plusieurs documents en m\u00eame temps. L&#8217;une des principales distinctions de Plagiarism Checker X, c&#8217;est qu&#8217;il fonctionne non seulement en ligne, mais peut \u00e9galement fournir une assistance partielle hors ligne. Par exemple, si vous devez comparer deux documents pour la duplication\u2009; la section de v\u00e9rification crois\u00e9e vous permet de voir et de comparer deux documents. Cela aide \u00e0 v\u00e9rifier si ces documents ont un certain taux de plagiat l&#8217;un par rapport \u00e0 l&#8217;autre. La meilleure chose \u00e0 propos de cette fonctionnalit\u00e9, c&#8217;est qu&#8217;elle peut \u00e9galement fonctionner hors ligne.<\/p>\n<div align=\"center\">\n<a href=\"..\/download-thank-you\" class=\"btn btn-large btn-gray\">Free Download<\/a>&nbsp;\n<a href=\"..\/buy\" class=\"btn btn-large\">Buy PRO<\/a>\n<\/div>\n<\/div>\n<\/div>\n<\/div>\n\n<\/section>\n\n<section id=\"source\" class=\"light-bg\">\n<div class=\"container inner-sm inner-bottom-xs\">\n<div class=\"row\">\n<div class=\"col-md-12\">\n<div class=\"tabs tabs-2-big-top tab-container\">\n<ul class=\"etabs text-center\">\n<li class=\"tab\">\n<a href=\"#tab-1\">\n  <h3><i class=\"icon-th-large icn lg\"><\/i> Recouper<\/h3>\n  <p class=\"text-small\">Cette m\u00e9thode ne contient qu&#8217;un seul r\u00e9f\u00e9rentiel et trouve le plagiat en v\u00e9rifiant chaque fichier avec le reste des fichiers de ce r\u00e9f\u00e9rentiel. Cette installation est s\u00fbrement un gain de temps, et tout aussi utile pour les enseignants que les \u00e9diteurs Web. Ils n&#8217;ont ainsi plus besoin de recouper chaque article\/devoir individuellement. <br><br> Au lieu de cela, Plagiarism Checker X peut \u00eatre utilis\u00e9 pour obtenir un score de plagiat distinctif pour chaque fichier ou URL.<\/p>\n<\/a>\n<\/li>\n<li class=\"tab\">\n<a href=\"#tab-2\">\n  <h3><i class=\"icon-list-1 icn lg\"><\/i> Comparaison Entre Groupes<\/h3>\n  <p class=\"text-small\">Dans cette m\u00e9thodologie s\u00e9lective, la similitude peut \u00eatre analys\u00e9e au sein des deux groupes de r\u00e9f\u00e9rentiels (liste de documents ou URL de pages Web multiples). Cette fonction cr\u00e9e un lot de comparaison pour analyser plusieurs documents Source (A) par rapport \u00e0 plusieurs fichiers Cible (B) <br><br> Les scores de similitude sont repr\u00e9sent\u00e9s \u00e0 la fin dans les blocs de cellules qui peuvent \u00eatre pr\u00e9visualis\u00e9s en d\u00e9tail.\n<\/p>\n<\/a>\n<\/li>\n<\/ul>\n\n<div class=\"panel-container\">\n<div class=\"tab-content\" id=\"tab-1\"><\/div>\n<div class=\"tab-content\" id=\"tab-2\">\n<\/div>\n<\/div>\n\n<\/div>\n<\/div>\n<\/div>\n<\/div>\n<\/section>\n\n<section id=\"services\">\n<div class=\"container\">\n<div class=\"row\">\n<div class=\"col-md-8 col-sm-9 center-block text-center\">\n<header>\n<br><br>\n<h2>Caract\u00e9ristiques de Comparaison en Masse<\/h2>\n<\/header>\n<\/div>\n<\/div>\n\n<div class=\"row inner-top-xs\">\n<div class=\"col-sm-1 col-md-offset-1\">\n<div class=\"icon pull-right\">\n<i class=\"icon-list-1 icn lg\"><\/i>\n<\/div>\n<\/div>\n\n<div class=\"col-sm-4 inner-bottom-sm\">\n<h3>Comparaison par Lots<\/h3>\n<p class=\"text-small\">Lorsque vous souhaitez comparer un ensemble de fichiers A avec un ensemble de fichiers B, pour savoir \u00e0 quel point chaque fichier de la premi\u00e8re liste est similaire \u00e0 chaque fichier de la seconde, alors cet outil est indispensable. Il vous permet de comparer par lots plusieurs documents \u00e0 la fois.<\/p>\n<\/div>\n\n<div class=\"col-sm-1\">\n<div class=\"icon pull-right\">\n<i class=\"icon-text-height icn lg\"><\/i>\n<\/div>\n<\/div>\n\n<div class=\"col-sm-4\">\n<h3>R\u00e9sultats en Grille\/Tableau<\/h3>\n<p class=\"text-small\">Les r\u00e9sultats g\u00e9n\u00e9r\u00e9s de la comparaison en bloc sont affich\u00e9s sous la forme d&#8217;un ensemble de lignes et de colonnes. Les fichiers source [A] sont affich\u00e9s dans la section verticale de la grille. Alors que les fichiers cibles [B] sont pr\u00e9sent\u00e9s dans la section horizontale de la grille.<\/p>\n<\/div>\n<\/div>\n<div class=\"row inner-xs\">\n<div class=\"col-sm-1 col-md-offset-1\">\n<div class=\"icon pull-right\">\n<i class=\"icon-switch icn lg\"><\/i>\n<\/div>\n<\/div>\n\n<div class=\"col-sm-4 inner-bottom-xs\">\n<h3>Swap &amp; Flip R\u00e9f\u00e9rentiel<\/h3>\n<p class=\"text-small\">La fonction Document Flip vous permet d&#8217;\u00e9changer les donn\u00e9es charg\u00e9es entre la source et la cible. Vous pouvez v\u00e9rifier la modification du taux de plagiat en interchangeant le texte source et cible. Pour ce faire, cliquez simplement sur les fl\u00e8ches de permutation bleues au milieu des zones de texte. C&#8217;est une m\u00e9thode rapide pour \u00e9changer du contenu en un seul clic.<\/p>\n<\/div>\n\n<div class=\"col-sm-1\">\n<div class=\"icon pull-right\">\n<i class=\"icon-check-1 icn lg\"><\/i>\n<\/div>\n<\/div>\n\n<div class=\"col-sm-4 inner-bottom-sm\">\n<h3>Pourcentage de Similarit\u00e9 Distinctive<\/h3>\n<p class=\"text-small\">Pour rendre la comparaison visuelle beaucoup plus facile et plus conviviale (d&#8217;apr\u00e8s des recherches scientifiques visuelles), le logiciel dessine des blocs qui repr\u00e9sentent le score d&#8217;originalit\u00e9 distinctif de chaque fichier qui lui est associ\u00e9. Cette mise en page permet de v\u00e9rifier facilement le taux de plagiat de chaque fichier par rapport \u00e0 chaque document distinctif.<\/p>\n<\/div>\n<\/div>\n\n<div class=\"row\">\n<div class=\"col-sm-1 col-md-offset-1\">\n<div class=\"icon pull-right\">\n<i class=\"icon-export icn lg\"><\/i>\n<\/div>\n<\/div>\n\n<div class=\"col-sm-4 inner-bottom-sm\">\n<h3>Rapports Conserv\u00e9s(WYSIWYG)<\/h3>\n<p class=\"text-small\">Le rapport de comparaison en bloc est g\u00e9n\u00e9r\u00e9 dans la m\u00eame disposition que celle indiqu\u00e9e dans le logiciel. La coh\u00e9rence de la mise en page la rend plus pr\u00e9sentable et facile \u00e0 comprendre. Par cons\u00e9quent, cela garantit que ce que vous voyez, c&#8217;est ce que vous obtiendrez.<\/p>\n<\/div>\n\n<div class=\"col-sm-1\">\n<div class=\"icon pull-right\">\n<i class=\"icon-text-height icn lg\"><\/i>\n<\/div>\n<\/div>\n\n<div class=\"col-sm-4\">\n<h3>Multilingue &amp; Formats de Fichiers<\/h3>\n<p class=\"text-small\">Le logiciel prend en charge un large \u00e9ventail de formats de fichiers texte. Vous pouvez importer des documents au format .pdf .txt .doc, .docx, .rtf. &amp; .html et tous les nombreux autres types de \u00ab\u2009fichiers texte\u2009\u00bb pris en charge. De plus, notre logiciel est compatible avec tous les caract\u00e8res textuels, car il prend en charge plus de 20\u00a0langues pour le moment, et nous en ajoutons p\u00e9riodiquement.  <\/p>\n<\/div>\n<\/div>\n\n<\/div>\n<\/section>\n\n<section id=\"easySteps\">\n<div class=\"row inner-sm\">\n<div class=\"col-md-7 center-block text-center\">\n<h1>Recoupage en Masse en 5\u00a0\u00c9tapes Faciles!<\/h1>\n<p>Lors de l&#8217;analyse de vos documents ou URL dans la comparaison en bloc, suivez ces \u00e9tapes simples pour v\u00e9rifier le rapport de similitude entre deux r\u00e9f\u00e9rentiels. C&#8217;est tr\u00e8s facile \u00e0 faire. Vous pouvez faire cela une \u00e9tape \u00e0 la fois.<\/p>\n<\/div>\n<\/div>\n\n<div class=\"row inner-bottom-sm\">\n  <div class=\"col-md-10 center-block\">\n\n  <div class=\"col-md-2 text-center col-md-offset-1\">\n  <img src=\"https:\/\/cdn.plagiarismcheckerx.com\/images\/thumbnails\/bulk-comparison-box-1.jpg\" loading=\"lazy\" style=\"border-radius: 50%;border: 2px solid #3F8DBF\" alt=\"Compare Two Documents\" width=\"200px\">\n  <br><br> <span class=\"blue\">1. <\/span>S\u00e9lectionnez le Mode\n  <\/div>\n\n<div class=\"col-md-2 text-center\">\n  <img src=\"https:\/\/cdn.plagiarismcheckerx.com\/images\/thumbnails\/bulk-comparison-box-2.jpg\" loading=\"lazy\" style=\"border-radius: 50%;border: 2px solid #3F8DBF\" alt=\"Load Two Documents Comparison\" width=\"200px\">\n<br><br> <span class=\"blue\">2. <\/span>Chargez la Source\n<\/div>\n\n<div class=\"col-md-2 text-center\">\n  <img src=\"https:\/\/cdn.plagiarismcheckerx.com\/images\/thumbnails\/bulk-comparison-box-3.jpg\" loading=\"lazy\" style=\"border-radius: 50%;border: 2px solid #3F8DBF\" alt=\"Load Two Documents Comparison\" width=\"200px\">\n<br><br> <span class=\"blue\">3. <\/span>Chargez la Cible\n<\/div>\n\n\n<div class=\"col-md-2 text-center\">\n  <img src=\"https:\/\/cdn.plagiarismcheckerx.com\/images\/thumbnails\/bulk-comparison-box-4.jpg\" loading=\"lazy\" style=\"border-radius: 50%;border: 2px solid #3F8DBF\" alt=\"Two Documents Similarity Results\" width=\"200px\">\n<br><br><span class=\"blue\">4. <\/span>V\u00e9rifiez le Plagiat\n<\/div>\n\n<div class=\"col-md-2 text-center\">\n  <img src=\"https:\/\/cdn.plagiarismcheckerx.com\/images\/thumbnails\/bulk-comparison-box-5.jpg\" loading=\"lazy\" style=\"border-radius: 50%;border: 2px solid #3F8DBF\" alt=\"Documents Cross Comparison Report\" width=\"200px\">\n<br><br><span class=\"blue\">5.<\/span>Affichez  &amp; Exportez\n<\/div>\n\n<\/div>\n<\/div>\n\n<\/section>\n\n<div class=\"light-bg\">\n\n<section id=\"clients\">\n<div class=\"container inner-sm\">\n\n<div class=\"row\">\n<div class=\"col-md-8 col-sm-9 center-block text-center\">\n<header>\n<h2>Utiliser par des instituts renomm\u00e9s<\/h2>\n<p>Nous appr\u00e9cions nos exp\u00e9riences de client. La rapidit\u00e9, l'exactitude et l'interface utilisateur facile a rendu les clients satisfaits et fid\u00e8les.<\/p>\n<\/header>\n<\/div>\n<\/div>\n\n<div class=\"row inner-top-xs\">\n<div class=\"col-sm-12\">\n<div id=\"owl-clients\" class=\"owl-carousel owl-outer-nav\">\n\n<div class=\"item\">\n<figure>\n<figcaption class=\"text-overlay\">\n<div class=\"info\">\n<h4>IEEE<\/h4>\n<\/div>\n<\/figcaption>\n<img class=\"SliceImages OrgImage1\">\n<\/figure>\n<\/div>\n\n<div class=\"item\">\n<figure>\n<figcaption class=\"text-overlay\">\n<div class=\"info\">\n<h4>American University of Science And Technology<\/h4>\n<\/div>\n<\/figcaption>\n<img class=\"SliceImages OrgImage2\">\n<\/figure>\n<\/div>\n\n<div class=\"item\">\n<figure>\n<figcaption class=\"text-overlay\">\n<div class=\"info\">\n<h4>Remington College<\/h4>\n<\/div>\n<\/figcaption>\n<img class=\"SliceImages OrgImage3\">\n<\/figure>\n<\/div>\n\n<div class=\"item\">\n<figure>\n<figcaption class=\"text-overlay\">\n<div class=\"info\">\n<h4>JM Field Marketing<\/h4>\n<\/div>\n<\/figcaption>\n<img class=\"SliceImages OrgImage4\">\n<\/figure>\n<\/div>\n\n<div class=\"item\">\n<figure>\n<figcaption class=\"text-overlay\">\n<div class=\"info\">\n<h4>University of Maribor<\/h4>\n<\/div>\n<\/figcaption>\n<img class=\"SliceImages OrgImage5\">\n<\/figure>\n<\/div>\n\n<div class=\"item\">\n<figure>\n<figcaption class=\"text-overlay\">\n<div class=\"info\">\n<h4>Great American Cookies<\/h4>\n<\/div>\n<\/figcaption>\n<img class=\"SliceImages OrgImage6\">\n<\/figure>\n<\/div>\n\n<div class=\"item\">\n<figure>\n<figcaption class=\"text-overlay\">\n<div class=\"info\">\n<h4>Ohio University<\/h4>\n<\/div>\n<\/figcaption>\n<img class=\"SliceImages OrgImage7\">\n<\/figure>\n<\/div>\n\n<div class=\"item\">\n<figure>\n<figcaption class=\"text-overlay\">\n<div class=\"info\">\n<h4>University Of Massachusetts Boston<\/h4>\n<\/div>\n<\/figcaption>\n<img class=\"SliceImages OrgImage8\">\n<\/figure>\n<\/div>\n\n<div class=\"item\">\n<figure>\n<figcaption class=\"text-overlay\">\n<div class=\"info\">\n<h4>Labournet Services India<\/h4>\n<\/div>\n<\/figcaption>\n<img class=\"SliceImages OrgImage9\">\n<\/figure>\n<\/div>\n\n<div class=\"item\">\n<figure>\n<figcaption class=\"text-overlay\">\n<div class=\"info\">\n<h4>King Saud University<\/h4>\n<\/div>\n<\/figcaption>\n<img class=\"SliceImages OrgImage10\">\n<\/figure>\n<\/div>\n\n<div class=\"item\">\n<figure>\n<figcaption class=\"text-overlay\">\n<div class=\"info\">\n<h4>Delta-State-University-Abraka<\/h4>\n<\/div>\n<\/figcaption>\n<img class=\"SliceImages OrgImage11\">\n<\/figure>\n<\/div>\n\n<div class=\"item\">\n<figure>\n<figcaption class=\"text-overlay\">\n<div class=\"info\">\n<h4>Trinity College<\/h4>\n<\/div>\n<\/figcaption>\n<img class=\"SliceImages OrgImage12\">\n<\/figure>\n<\/div>\n\n<\/div>\n<\/div>\n<\/div>\n\n<\/div>\n<\/section>\n\n<\/div>\n\n    <section id=\"what-are-you-waiting-for\">\n    <div class=\"container inner-sm\">\n    <div class=\"row\">\n    <div class=\"col-md-10 col-sm-9 center-block text-center\">\n    <header>\n    <h2>Alors, qu\u2019est-ce que vous attendez?<\/h2>\n    <\/header>\n    <p>En bref, cet outil facile \u00e0 utiliser peut vous aider \u00e0 \u00e9viter les complexit\u00e9s des outils de v\u00e9rification du plagiat en ligne et des p\u00e9nalit\u00e9s acad\u00e9miques. Il y a des universit\u00e9s o\u00f9 les \u00e9tudiants doivent faire face \u00e0 des peines extr\u00eames comme des probations acad\u00e9miques, des amendes et m\u00eame l'expulsion. Si la cession viole les droits d'auteur, elle peut entra\u00eener des attaques et poursuites p\u00e9nales. Par cons\u00e9quent, il est tr\u00e8s important d'avoir un d\u00e9tecteur de plagiat.<\/p>\n    <div class=\"row\">\n    <div class=\"col-md-8 center-block text-center\">\n    <figure><img src=\"https:\/\/cdn.plagiarismcheckerx.com\/images\/credit-cards-2.png\" loading=\"lazy\" alt=\"Credit Cards\"> <\/figure>\n    <\/div><\/div>\n    <div>\n    <a href=\"..\/download-thank-you\" class=\"btn btn-large btn-gray\">T\u00c9L\u00c9CHARGER GRATUITEMENT<\/a>&nbsp;\n    <a href=\"..\/buy\" class=\"btn btn-large\">Acheter Maintenant<\/a>\n    <\/div>\n    <\/div>\n    <\/div>\n    <\/div>\n    <\/section>\n\n\n    \n","protected":false},"excerpt":{"rendered":"<p>Recoupez Plusieurs Documents! La comparaison des documents devient facile maintenant, car vous pouvez v\u00e9rifier plusieurs documents en m\u00eame temps. L&#8217;une des principales distinctions de Plagiarism Checker X, c&#8217;est qu&#8217;il fonctionne non seulement en ligne, mais peut \u00e9galement fournir une assistance partielle hors ligne. Par exemple, si vous devez comparer deux documents pour la duplication\u2009; la [&hellip;]<\/p>\n","protected":false},"author":1,"featured_media":0,"parent":0,"menu_order":0,"comment_status":"closed","ping_status":"closed","template":"","meta":[],"_links":{"self":[{"href":"https:\/\/plagiarismcheckerx.com\/fr\/wp-json\/wp\/v2\/pages\/71"}],"collection":[{"href":"https:\/\/plagiarismcheckerx.com\/fr\/wp-json\/wp\/v2\/pages"}],"about":[{"href":"https:\/\/plagiarismcheckerx.com\/fr\/wp-json\/wp\/v2\/types\/page"}],"author":[{"embeddable":true,"href":"https:\/\/plagiarismcheckerx.com\/fr\/wp-json\/wp\/v2\/users\/1"}],"replies":[{"embeddable":true,"href":"https:\/\/plagiarismcheckerx.com\/fr\/wp-json\/wp\/v2\/comments?post=71"}],"version-history":[{"count":4,"href":"https:\/\/plagiarismcheckerx.com\/fr\/wp-json\/wp\/v2\/pages\/71\/revisions"}],"predecessor-version":[{"id":366,"href":"https:\/\/plagiarismcheckerx.com\/fr\/wp-json\/wp\/v2\/pages\/71\/revisions\/366"}],"wp:attachment":[{"href":"https:\/\/plagiarismcheckerx.com\/fr\/wp-json\/wp\/v2\/media?parent=71"}],"curies":[{"name":"wp","href":"https:\/\/api.w.org\/{rel}","templated":true}]}}