{"id":69,"date":"2020-11-25T10:47:35","date_gmt":"2020-11-25T10:47:35","guid":{"rendered":"https:\/\/plagiarismcheckerx.com\/wordpress\/es\/?page_id=69"},"modified":"2020-12-01T17:50:55","modified_gmt":"2020-12-01T17:50:55","slug":"side-by-side-comparison","status":"publish","type":"page","link":"https:\/\/plagiarismcheckerx.com\/fr\/side-by-side-comparison","title":{"rendered":"Side by Side Comparison"},"content":{"rendered":"\n<section id=\"overview\">\n<div class=\"container inner-sm\">\n<div class=\"row\">\n<div class=\"col-md-5\">\n<figure><img src=\"https:\/\/cdn.plagiarismcheckerx.com\/images\/screenshots\/side-by-side-comparison.jpg\" alt=\"\"><\/figure>\n<\/div>\n<div class=\"col-md-7\">\n<h1 align=\"center\">Diff\u00e9renciation Juxtapos\u00e9e<\/h1>\n<p>La comparaison des documents est facile maintenant, vous pouvez trouver l&#8217;existence de votre contenu sur le Web. Parfait pour les Enseignants, les \u00c9tudiants, les \u00c9diteurs. L&#8217;une des principales distinctions de Plagiarism Checker X, c&#8217;est qu&#8217;il fonctionne non seulement en ligne, mais peut \u00e9galement fournir une assistance partielle hors ligne. Par exemple, si vous devez comparer deux documents pour la duplication\u2009; la section de v\u00e9rification crois\u00e9e vous permet de voir et de comparer deux documents. Cela aide \u00e0 v\u00e9rifier si ces documents ont un certain taux de plagiat l&#8217;un par rapport \u00e0 l&#8217;autre. La meilleure chose \u00e0 propos de cette fonctionnalit\u00e9, c&#8217;est qu&#8217;elle peut \u00e9galement fonctionner hors ligne.<\/p>\n<div align=\"center\">\n<a href=\"..\/download-thank-you\" class=\"btn btn-large btn-gray\">Free Download<\/a>&nbsp;\n<a href=\"..\/buy\" class=\"btn btn-large\">Buy PRO<\/a>\n<\/div>\n<\/div>\n<\/div>\n<\/div>\n<\/section>\n\n<section id=\"source\" class=\"light-bg\">\n<div class=\"container inner-sm inner-bottom-xs\">\n<div class=\"row\">\n<div class=\"col-md-12\">\n<div class=\"tabs tabs-2-big-top tab-container\">\n<ul class=\"etabs text-center\">\n<li class=\"tab\">\n<a href=\"#tab-1\">\n<h3>Document Source<\/h3>\n<p class=\"text-small\">La source est le document ou le texte original qui sert de base pour comparer le contenu. \u00c0 la fin du contr\u00f4le de similitudes, le contenu correspondant est mis en surbrillance.<\/p>\n<br>\n<img src=\"https:\/\/cdn.plagiarismcheckerx.com\/images\/thumbnails\/side-by-side-difference-source.jpg\" loading=\"lazy\" alt=\"Two Documents Comparison\" height=\"250px\">\n<\/a>\n<\/li>\n<li class=\"tab\">\n<a href=\"#tab-2\">\n<h3>Document Cible<\/h3>\n<p class=\"text-small\">La cible est le document ou le texte relatif analys\u00e9 par rapport au contenu source avec la source. \u00c0 la fin du contr\u00f4le de similitudes, le contenu correspondant est mis en surbrillance.<\/p>\n<br>\n<img src=\"https:\/\/cdn.plagiarismcheckerx.com\/images\/thumbnails\/side-by-side-difference-target.jpg\" loading=\"lazy\" alt=\"Two Documents Comparison\" height=\"250px\">\n<\/a>\n<\/li>\n<\/ul>\n\n<div class=\"panel-container\">\n<div class=\"tab-content\" id=\"tab-1\"><\/div>\n<div class=\"tab-content\" id=\"tab-2\">\n<\/div>\n<\/div>\n\n<\/div>\n<\/div>\n<\/div>\n<\/div>\n<\/section>\n\n<section id=\"services\">\n<div class=\"container\">\n<div class=\"row\">\n<div class=\"col-md-8 col-sm-9 center-block text-center\">\n<header>\n<br><br>\n<h2>Fonctionnalit\u00e9s du D\u00e9tecteur de Plagiat<\/h2>\n<\/header>\n<\/div>\n<\/div>\n\n<div class=\"row inner-top-xs\">\n<div class=\"col-sm-1 col-md-offset-1\">\n<div class=\"icon pull-right\">\n<i class=\"icon-doc icn lg\"><\/i>\n<\/div>\n<\/div>\n\n<div class=\"col-sm-9 inner-bottom-xs\">\n<h3>Interface Utilisateur Simple<\/h3>\n<p class=\"text-small\">Plagiarism Checker X a un design compl\u00e8tement nouveau ainsi qu&#8217;une interface utilisateur qui facilite grandement l&#8217;analyse du contenu. Le nouveau d\u00e9tecteur de contenu visuel supprime tous les obstacles auxquels les internautes sont confront\u00e9s tout en v\u00e9rifiant leur contenu pour la duplication. Le nouveau \u00ab\u2009Scanneur de Contenu Dupliqu\u00e9\u2009\u00bb offre des fonctionnalit\u00e9s avanc\u00e9es gr\u00e2ce \u00e0 des modules compl\u00e9mentaires s\u00e9par\u00e9s. Cette interface et les utilitaires associ\u00e9s offrent des avantages \u00e9gaux aux \u00e9tudiants, aux enseignants, aux chercheurs et aux professionnels du SEO. <br><br>Lorsque vous cliquez sur \u00ab\u2009Comparaison Juxtapos\u00e9e\u2009\u00bb, deux fen\u00eatres attach\u00e9es apparaissent. Collez simplement le contenu ou importez le contenu d&#8217;un document et cliquez sur \u00ab\u2009Analyser maintenant\u2009\u00bb. En quelques secondes, un rapport d\u00e9taill\u00e9 est g\u00e9n\u00e9r\u00e9.<\/p>\n<\/div>\n<\/div>\n\n<div class=\"row inner-xs\">\n<div class=\"col-sm-1 col-md-offset-1\">\n<div class=\"icon pull-right\">\n<i class=\"icon-switch icn lg\"><\/i>\n<\/div>\n<\/div>\n\n<div class=\"col-sm-4 inner-bottom-xs\">\n<h3>Flip Document<\/h3>\n<p class=\"text-small\">La fonction Flip Document vous permet d&#8217;\u00e9changer le contenu entre deux fen\u00eatres et de v\u00e9rifier quel est le contenu original et d&#8217;atteindre la source r\u00e9elle du contenu. La partie similaire du contenu est mise en surbrillance une fois l&#8217;analyse termin\u00e9e et peut ainsi \u00eatre facilement distingu\u00e9e.<\/p>\n<\/div>\n\n<div class=\"col-sm-1\">\n<div class=\"icon pull-right\">\n<i class=\"icon-progress-2 icn lg\"><\/i>\n<\/div>\n<\/div>\n\n<div class=\"col-sm-4 inner-bottom-sm\">\n<h3>Pourcentage de Similarit\u00e9<\/h3>\n<p class=\"text-small\">Pour rendre la comparaison visuelle beaucoup plus facile et plus conviviale selon les recherches scientifiques visuelles, le logiciel affiche le contenu similaire sous forme de texte surlign\u00e9 en jaune. Cela facilite la distinction visuelle entre un contenu unique et du contenu similaire.<\/p>\n<\/div>\n<\/div>\n\n<div class=\"row\">\n<div class=\"col-sm-1 col-md-offset-1\">\n<div class=\"icon pull-right\">\n<i class=\"icon-export icn lg\"><\/i>\n<\/div>\n<\/div>\n\n<div class=\"col-sm-4 inner-bottom-sm\">\n<h3>Exports de Rapports en un Clic<\/h3>\n<p class=\"text-small\">Les r\u00e9sultats peuvent \u00eatre export\u00e9s sous forme de document Word ou PDF. Ces documents cr\u00e9\u00e9s sont compatibles avec Microsoft Word, Libre Office, WPS Office, Google Sheets et d&#8217;autres principaux processeurs de texte.<\/p>\n<\/div>\n\n<div class=\"col-sm-1\">\n<div class=\"icon pull-right\">\n<i class=\"icon-gauge-1 icn lg\"><\/i>\n<\/div>\n<\/div>\n\n<div class=\"col-sm-4\">\n<h3>Comparaison par Code Couleur<\/h3>\n<p class=\"text-small\">Conna\u00eetre le ratio de contenu similaire entre les documents source et cible est tr\u00e8s simple\u00a0: dans le coin sup\u00e9rieur droit, un pourcentage de similitude est visible, indiquant l&#8217;homog\u00e9n\u00e9it\u00e9 du contenu par rapport aux documents.<\/p>\n<\/div>\n<\/div>\n\n<div class=\"row\">\n<div class=\"col-sm-1 col-md-offset-1\">\n<div class=\"icon pull-right\">\n<i class=\"icon-flash-1 icn lg\"><\/i>\n<\/div>\n<\/div>\n\n<div class=\"col-sm-9\">\n<h3>Compatible avec Plusieurs Formats de Fichiers et Caract\u00e8res Linguistiques<\/h3>\n<p class=\"text-small\">Les utilisateurs qui doivent v\u00e9rifier le contenu dans plusieurs formats vont adorer cette fonctionnalit\u00e9. Vous pouvez importer des documents au format PDF .txt .doc, .docx, .rtf.  &amp; .html, et de nombreux autres types de \u00ab\u2009fichiers texte\u2009\u00bb peuvent \u00eatre import\u00e9s pour analyse. Il est \u00e9galement compatible avec tous les caract\u00e8res textuels et langues, car il prend en charge plus de 20\u00a0langues actuellement, et nous en ajoutons plus p\u00e9riodiquement.<\/p>\n<\/div>\n<\/div>\n\n<\/div>\n<\/section>\n\n<section id=\"easySteps\">\n<div class=\"row inner-md\">\n<div class=\"col-md-7 center-block text-center\">\n<h1>Diff\u00e9renciation Juxtapos\u00e9e en 4\u00a0\u00c9tapes Faciles\u2009!<\/h1>\n<p>Lors de l&#8217;analyse de votre contenu dans Diff\u00e9renciation Juxtapos\u00e9e, suivez ces \u00e9tapes simples pour v\u00e9rifier le rapport de similitude entre deux documents. C&#8217;est tr\u00e8s facile \u00e0 faire. Vous pouvez faire cela une \u00e9tape \u00e0 la fois.<\/p>\n<\/div>\n<\/div>\n\n<div class=\"row inner-bottom-sm\">\n  <div class=\"col-md-8 center-block\">\n\n  <div class=\"col-md-3 text-center\">\n  <img src=\"https:\/\/cdn.plagiarismcheckerx.com\/images\/thumbnails\/side-by-side-difference-box-1.jpg\" loading=\"lazy\" style=\"border-radius: 50%;border: 2px solid #3F8DBF\" alt=\"Source Document\" width=\"200px\">\n  <br><br> <span class=\"blue\">1<\/span> Chargez le Document Source.\n  <\/div>\n\n<div class=\"col-md-3 text-center\">\n  <img src=\"https:\/\/cdn.plagiarismcheckerx.com\/images\/thumbnails\/side-by-side-difference-box-2.jpg\" loading=\"lazy\" style=\"border-radius: 50%;border: 2px solid #3F8DBF\" alt=\"Target Document\" width=\"200px\">\n<br><br> <span class=\"blue\">2<\/span> Chargez le Document Cible.\n<\/div>\n\n<div class=\"col-md-3 text-center\">\n  <img src=\"https:\/\/cdn.plagiarismcheckerx.com\/images\/thumbnails\/side-by-side-difference-box-3.jpg\" loading=\"lazy\" style=\"border-radius: 50%;border: 2px solid #3F8DBF\" alt=\"Check Plagiarism\" width=\"200px\">\n<br><br><span class=\"blue\">3<\/span> Appuyez sur V\u00e9rifier Plagiarisme.\n<\/div>\n\n<div class=\"col-md-3 text-center\">\n  <img src=\"https:\/\/cdn.plagiarismcheckerx.com\/images\/thumbnails\/side-by-side-difference-box-4.jpg\" loading=\"lazy\" style=\"border-radius: 50%;border: 2px solid #3F8DBF\" alt=\"Text Side By Side Comparison Results\" width=\"200px\">\n<br><br><span class=\"blue\">4<\/span> Affichez &amp; Exportez.\n<\/div>\n\n<\/div>\n<\/div>\n<\/section>\n\n<div class=\"light-bg\">\n\n<section id=\"clients\">\n<div class=\"container inner-sm\">\n\n<div class=\"row\">\n<div class=\"col-md-8 col-sm-9 center-block text-center\">\n<header>\n<h2>Utiliser par des instituts renomm\u00e9s<\/h2>\n<p>Nous appr\u00e9cions nos exp\u00e9riences de client. La rapidit\u00e9, l'exactitude et l'interface utilisateur facile a rendu les clients satisfaits et fid\u00e8les.<\/p>\n<\/header>\n<\/div>\n<\/div>\n\n<div class=\"row inner-top-xs\">\n<div class=\"col-sm-12\">\n<div id=\"owl-clients\" class=\"owl-carousel owl-outer-nav\">\n\n<div class=\"item\">\n<figure>\n<figcaption class=\"text-overlay\">\n<div class=\"info\">\n<h4>IEEE<\/h4>\n<\/div>\n<\/figcaption>\n<img class=\"SliceImages OrgImage1\">\n<\/figure>\n<\/div>\n\n<div class=\"item\">\n<figure>\n<figcaption class=\"text-overlay\">\n<div class=\"info\">\n<h4>American University of Science And Technology<\/h4>\n<\/div>\n<\/figcaption>\n<img class=\"SliceImages OrgImage2\">\n<\/figure>\n<\/div>\n\n<div class=\"item\">\n<figure>\n<figcaption class=\"text-overlay\">\n<div class=\"info\">\n<h4>Remington College<\/h4>\n<\/div>\n<\/figcaption>\n<img class=\"SliceImages OrgImage3\">\n<\/figure>\n<\/div>\n\n<div class=\"item\">\n<figure>\n<figcaption class=\"text-overlay\">\n<div class=\"info\">\n<h4>JM Field Marketing<\/h4>\n<\/div>\n<\/figcaption>\n<img class=\"SliceImages OrgImage4\">\n<\/figure>\n<\/div>\n\n<div class=\"item\">\n<figure>\n<figcaption class=\"text-overlay\">\n<div class=\"info\">\n<h4>University of Maribor<\/h4>\n<\/div>\n<\/figcaption>\n<img class=\"SliceImages OrgImage5\">\n<\/figure>\n<\/div>\n\n<div class=\"item\">\n<figure>\n<figcaption class=\"text-overlay\">\n<div class=\"info\">\n<h4>Great American Cookies<\/h4>\n<\/div>\n<\/figcaption>\n<img class=\"SliceImages OrgImage6\">\n<\/figure>\n<\/div>\n\n<div class=\"item\">\n<figure>\n<figcaption class=\"text-overlay\">\n<div class=\"info\">\n<h4>Ohio University<\/h4>\n<\/div>\n<\/figcaption>\n<img class=\"SliceImages OrgImage7\">\n<\/figure>\n<\/div>\n\n<div class=\"item\">\n<figure>\n<figcaption class=\"text-overlay\">\n<div class=\"info\">\n<h4>University Of Massachusetts Boston<\/h4>\n<\/div>\n<\/figcaption>\n<img class=\"SliceImages OrgImage8\">\n<\/figure>\n<\/div>\n\n<div class=\"item\">\n<figure>\n<figcaption class=\"text-overlay\">\n<div class=\"info\">\n<h4>Labournet Services India<\/h4>\n<\/div>\n<\/figcaption>\n<img class=\"SliceImages OrgImage9\">\n<\/figure>\n<\/div>\n\n<div class=\"item\">\n<figure>\n<figcaption class=\"text-overlay\">\n<div class=\"info\">\n<h4>King Saud University<\/h4>\n<\/div>\n<\/figcaption>\n<img class=\"SliceImages OrgImage10\">\n<\/figure>\n<\/div>\n\n<div class=\"item\">\n<figure>\n<figcaption class=\"text-overlay\">\n<div class=\"info\">\n<h4>Delta-State-University-Abraka<\/h4>\n<\/div>\n<\/figcaption>\n<img class=\"SliceImages OrgImage11\">\n<\/figure>\n<\/div>\n\n<div class=\"item\">\n<figure>\n<figcaption class=\"text-overlay\">\n<div class=\"info\">\n<h4>Trinity College<\/h4>\n<\/div>\n<\/figcaption>\n<img class=\"SliceImages OrgImage12\">\n<\/figure>\n<\/div>\n\n<\/div>\n<\/div>\n<\/div>\n\n<\/div>\n<\/section>\n\n<\/div>\n\n    <section id=\"what-are-you-waiting-for\">\n    <div class=\"container inner-sm\">\n    <div class=\"row\">\n    <div class=\"col-md-10 col-sm-9 center-block text-center\">\n    <header>\n    <h2>Alors, qu\u2019est-ce que vous attendez?<\/h2>\n    <\/header>\n    <p>En bref, cet outil facile \u00e0 utiliser peut vous aider \u00e0 \u00e9viter les complexit\u00e9s des outils de v\u00e9rification du plagiat en ligne et des p\u00e9nalit\u00e9s acad\u00e9miques. Il y a des universit\u00e9s o\u00f9 les \u00e9tudiants doivent faire face \u00e0 des peines extr\u00eames comme des probations acad\u00e9miques, des amendes et m\u00eame l'expulsion. Si la cession viole les droits d'auteur, elle peut entra\u00eener des attaques et poursuites p\u00e9nales. Par cons\u00e9quent, il est tr\u00e8s important d'avoir un d\u00e9tecteur de plagiat.<\/p>\n    <div class=\"row\">\n    <div class=\"col-md-8 center-block text-center\">\n    <figure><img src=\"https:\/\/cdn.plagiarismcheckerx.com\/images\/credit-cards-2.png\" loading=\"lazy\" alt=\"Credit Cards\"> <\/figure>\n    <\/div><\/div>\n    <div>\n    <a href=\"..\/download-thank-you\" class=\"btn btn-large btn-gray\">T\u00c9L\u00c9CHARGER GRATUITEMENT<\/a>&nbsp;\n    <a href=\"..\/buy\" class=\"btn btn-large\">Acheter Maintenant<\/a>\n    <\/div>\n    <\/div>\n    <\/div>\n    <\/div>\n    <\/section>\n\n\n    \n","protected":false},"excerpt":{"rendered":"<p>Diff\u00e9renciation Juxtapos\u00e9e La comparaison des documents est facile maintenant, vous pouvez trouver l&#8217;existence de votre contenu sur le Web. Parfait pour les Enseignants, les \u00c9tudiants, les \u00c9diteurs. L&#8217;une des principales distinctions de Plagiarism Checker X, c&#8217;est qu&#8217;il fonctionne non seulement en ligne, mais peut \u00e9galement fournir une assistance partielle hors ligne. Par exemple, si vous [&hellip;]<\/p>\n","protected":false},"author":1,"featured_media":0,"parent":0,"menu_order":0,"comment_status":"closed","ping_status":"closed","template":"","meta":[],"_links":{"self":[{"href":"https:\/\/plagiarismcheckerx.com\/fr\/wp-json\/wp\/v2\/pages\/69"}],"collection":[{"href":"https:\/\/plagiarismcheckerx.com\/fr\/wp-json\/wp\/v2\/pages"}],"about":[{"href":"https:\/\/plagiarismcheckerx.com\/fr\/wp-json\/wp\/v2\/types\/page"}],"author":[{"embeddable":true,"href":"https:\/\/plagiarismcheckerx.com\/fr\/wp-json\/wp\/v2\/users\/1"}],"replies":[{"embeddable":true,"href":"https:\/\/plagiarismcheckerx.com\/fr\/wp-json\/wp\/v2\/comments?post=69"}],"version-history":[{"count":3,"href":"https:\/\/plagiarismcheckerx.com\/fr\/wp-json\/wp\/v2\/pages\/69\/revisions"}],"predecessor-version":[{"id":334,"href":"https:\/\/plagiarismcheckerx.com\/fr\/wp-json\/wp\/v2\/pages\/69\/revisions\/334"}],"wp:attachment":[{"href":"https:\/\/plagiarismcheckerx.com\/fr\/wp-json\/wp\/v2\/media?parent=69"}],"curies":[{"name":"wp","href":"https:\/\/api.w.org\/{rel}","templated":true}]}}