{"id":67,"date":"2020-11-25T10:42:28","date_gmt":"2020-11-25T10:42:28","guid":{"rendered":"https:\/\/plagiarismcheckerx.com\/wordpress\/es\/?page_id=67"},"modified":"2020-12-01T17:50:55","modified_gmt":"2020-12-01T17:50:55","slug":"online-plagiarism","status":"publish","type":"page","link":"https:\/\/plagiarismcheckerx.com\/fr\/online-plagiarism","title":{"rendered":"Online Plagiarism"},"content":{"rendered":"\n<section id=\"online-plagiarism\">\n<div class=\"container inner-sm\">\n<div class=\"row\">\n<div class=\"col-md-6\">\n<figure><img src=\"https:\/\/cdn.plagiarismcheckerx.com\/images\/header-banner-online-plagiarism.jpg\" alt=\"\"><\/figure>\n<\/div>\n\n<div class=\"col-md-6\">\n<h1>D\u00e9tecteur de Plagiat en Ligne<\/h1>\n<p>Vous pouvez retrouver l\u2019existence de votre contenu sur le Web. Parfait pour les Enseignants, les \u00c9tudiants, les \u00c9diteurs. Le plagiat est un casse-t\u00eate constant pour les \u00e9tudiants, les enseignants, les r\u00e9dacteurs de contenu Web, les administrateurs de sites Web et les \u00e9diteurs en ligne. Avec la disponibilit\u00e9 des ressources en ligne, la tendance du copier\/coller s\u2019est accrue. Ceci est non seulement contraire \u00e0 l\u2019\u00e9thique professionnelle, mais \u00e9galement aux droits d\u2019auteur, ce qui peut entra\u00eener des poursuites judiciaires. Par cons\u00e9quent, tout le monde essaie d\u2019\u00e9viter d\u2019avoir des ennuis. Avec Plagiarism Checker X en main, les utilisateurs peuvent facilement \u00e9viter de tels probl\u00e8mes.<\/p>\n<div align=\"center\">\n<a href=\"..\/download-thank-you\" class=\"btn btn-large btn-gray\">T\u00c9L\u00c9CHARGER GRATUITEMENT<\/a> &nbsp;\n<a href=\"..\/buy\" class=\"btn btn-large\">Acheter Maintenant<\/a>\n<\/div>\n<\/div>\n<\/div>\n<\/div>\n<\/section>\n\n<section id=\"features\">\n<div class=\"container inner-top-sm inner-bottom-sm\">\n\n<div class=\"row\">\n<div class=\"col-md-8 col-sm-9 center-block text-center\">\n<header>\n<h3 style=\"font-size: 35px\" align=\"center\">Simple et S\u00fbr<\/h3>\n<p>V\u00e9rifier votre texte avec une protection compl\u00e8te n\u2019a jamais \u00e9t\u00e9 aussi simple. Le contr\u00f4le instantan\u00e9 de la similitude avec une vitesse et une pr\u00e9cision \u00e9lev\u00e9es, d\u00e9sormais \u00e0 port\u00e9e de main. Un propri\u00e9taire de site Web peut \u00e9galement utiliser l\u2019option \u00ab\u2009V\u00e9rifier vos pages Web\u2009\u00bb pour v\u00e9rifier la qualit\u00e9 du contenu du site Web en un seul clic.<\/p>\n<\/header>\n<\/div><!-- \/.col -->\n<\/div><!-- \/.row -->\n\n<div class=\"row inner-top-sm\">\n\n<div class=\"col-md-3 inner-bottom-sm\">\n<h3>Un Jeu d\u2019Enfant<\/h3>\n<p class=\"text-small\">Chargez simplement le document dans le logiciel et appuyez sur le bouton Analyser. Le logiciel comparera votre contenu \u00e0 des milliards de contenus open source disponibles publiquement sur Internet.<\/p>\n<a href=\"#\" class=\"txt-btn\">Voir toutes les possibilit\u00e9s<\/a>\n<\/div><!-- \/.col -->\n\n<div class=\"col-md-3 inner-bottom-sm\">\n<h3>Rapports Intuitifs<\/h3>\n<p class=\"text-small\">La mise en page visuellement attrayante et facile \u00e0 comprendre du rapport facilite la s\u00e9lection des sources de similitude en un coup d\u2019\u0153il, avec une option pour exporter les rapports au format Word, PDF et plus encore.<\/p>\n<a href=\"#\" class=\"txt-btn\">Voyez par vous-m\u00eame<\/a>\n<\/div><!-- \/.col -->\n\n<div class=\"col-md-6 inner-left-xs\">\n<figure><img src=\"https:\/\/cdn.plagiarismcheckerx.com\/images\/screenshots\/online-plagiarism-report-color.jpg\" alt=\"\"><\/figure>\n<\/div><!-- \/.col -->\n\n<\/div><!-- \/.row -->\n\n<\/div><!-- \/.container -->\n<\/section>\n\n<section id=\"online-plagiarism-features\">\n<div class=\"container\">\n<div class=\"row inner-bottom-xs\">\n<div class=\"col-md-8 col-sm-9 center-block text-center\">\n<header>\n<br><br>\n<h2 style=\"font-size: 35px\"> <span style=\"color: #3c78d8\">Caract\u00e9ristiques<\/span> de la V\u00e9rification du Plagiat en Ligne<\/h2>\n<\/header>\n<\/div>\n<\/div>\n\n<div class=\"row inner-top-xs inner-bottom-sm\">\n<div class=\"col-sm-1 col-md-offset-1\">\n<div class=\"icon pull-right\">\n<i class=\"icon-lock-1 icn lg\"><\/i>\n<\/div>\n<\/div>\n\n<div class=\"col-sm-4\">\n<h3>Confidentialit\u00e9 des Donn\u00e9es<\/h3>\n<p class=\"text-small\">Plagiarism Checker X respecte pleinement la confidentialit\u00e9 de vos donn\u00e9es. Le texte que vous ins\u00e9rez dans le logiciel reste priv\u00e9. Comme vous le savez, il s\u2019agit d\u2019un logiciel et non d\u2019un service\u00a0: vous l\u2019utilisez donc directement depuis votre ordinateur. Les donn\u00e9es restent dans votre appareil tout au long de l\u2019analyse. Et ne sont jamais stock\u00e9 dans aucune de nos bases de donn\u00e9es. Nous n\u2019utiliserons ces donn\u00e9es que pour la v\u00e9rification du plagiat. Vous pouvez lire notre politique de confidentialit\u00e9 pour conna\u00eetre vos droits, en d\u00e9tail.<\/p>\n<\/div>\n\n<div class=\"col-sm-1\">\n<div class=\"icon pull-right\">\n<i class=\"icon-paper-plane icn lg\"><\/i>\n<\/div>\n<\/div>\n\n<div class=\"col-sm-4\">\n<h3>Technologie Deep Search<\/h3>\n<p class=\"text-small\">Plagiarism Checker X est r\u00e9invent\u00e9 avec la derni\u00e8re technologie d\u2019apprentissage en profondeur (Deep Learning) bas\u00e9e sur l\u2019IA. Il permet aux processeurs backend de v\u00e9rifier m\u00eame les plus infimes bits de donn\u00e9es dans tout le contenu public en ligne, vous offrant ainsi une exp\u00e9rience bien adapt\u00e9e pour de meilleurs r\u00e9sultats.<\/p>\n<\/div>\n<\/div>\n\n<div class=\"row inner-bottom-sm\">\n<div class=\"col-sm-1 col-md-offset-1\">\n<div class=\"icon pull-right\">\n<i class=\"icon-flash icn lg\"><\/i>\n<\/div>\n<\/div>\n\n<div class=\"col-sm-4\">\n<h3>Vitesse acc\u00e9l\u00e9r\u00e9e\u00a02x<\/h3>\n<p class=\"text-small\">La derni\u00e8re version de PCX est dot\u00e9e de fonctionnalit\u00e9s puissantes. L\u2019avantage de performance de la nouvelle version, c\u2019est les performances doubl\u00e9es. Pendant que vous scannez le document pour d\u00e9tecter le plagiat en ligne, un algorithme d\u2019action rapide acc\u00e9l\u00e8re la vitesse. Vous offrant ainsi une meilleure exp\u00e9rience avec des performances doubl\u00e9es. Profitez du traitement doubl\u00e9 et obtenez des r\u00e9sultats plus rapides en quelques clics.<\/p>\n<\/div>\n\n<div class=\"col-sm-1\">\n<div class=\"icon pull-right\">\n<i class=\"icon-signal-1 icn md\"><\/i>\n<\/div>\n<\/div>\n\n<div class=\"col-sm-4\">\n<h3>Pr\u00e9cision accrue de 26\u00a0%<\/h3>\n<p class=\"text-small\">Le potentiel de pr\u00e9cision est grandement augment\u00e9, car nous avons r\u00e9invent\u00e9 le noyau de notre logiciel. Cela signifie que le contenu coll\u00e9 est analys\u00e9 en profondeur dans les plus petits d\u00e9tails, vous donnant ainsi de meilleurs r\u00e9sultats. Cela vous permet de fournir votre contenu pour un score d\u2019originalit\u00e9 plus \u00e9lev\u00e9. Par cons\u00e9quent, plus la qualit\u00e9 est \u00e9lev\u00e9e, plus vous \u00eates satisfaits du contenu. Pour que votre texte soit identifi\u00e9 comme un travail de qualit\u00e9 raffin\u00e9, procurez-vous la derni\u00e8re version maintenant.<\/p>\n<\/div>\n<\/div>\n\n<div class=\"row\">\n<div class=\"col-sm-1 col-md-offset-1\">\n<div class=\"icon pull-right\">\n<i class=\"icon-gauge-1 icn lg\"><\/i>\n<\/div>\n<\/div>\n\n<div class=\"col-sm-4 inner-bottom-sm\">\n<h3>Cat\u00e9gorisation et Rapports<\/h3>\n<p class=\"text-small\">Au cours du d\u00e9veloppement de notre \u00ab\u2009outil de v\u00e9rification du plagiat\u2009\u00bb, nous avons gard\u00e9 la \u00ab\u2009facilit\u00e9 d\u2019utilisation\u2009\u00bb avant tout le reste. Utiliser Plagiarism Checker X n\u2019est pas seulement simple mais aussi amusant. Le contenu re\u00e7oit une couleur particuli\u00e8re, en fonction du pourcentage de duplication. Le bleu et le jaune sont acceptables, tandis que le rouge indique une situation alarmante, o\u00f9 le retrait est la seule option.<\/p>\n<\/div>\n\n<div class=\"col-sm-1\">\n<div class=\"icon pull-right\">\n<i class=\"icon-eye icn lg\"><\/i>\n<\/div>\n<\/div>\n\n<div class=\"col-sm-4\">\n<h3>Atteindre la Source d\u2019Origine<\/h3>\n<p class=\"text-small\">Plagiarism Checker X est le meilleur d\u00e9tecteur de plagiat en ligne gr\u00e2ce \u00e0 ses rapports complets. Nous vous donnons une longueur d\u2019avance dans l\u2019analyse du contenu en vous dirigeant vers la destination d\u2019origine du contenu. Lorsque vous soumettez votre travail \u00e9crit pour v\u00e9rification, il vous affiche des URL qui ont le m\u00eame contenu que votre mat\u00e9riel soumis. Cela signifie que vous pouvez facilement identifier si les donn\u00e9es sont copi\u00e9es.<\/p>\n<\/div>\n<\/div>\n\n<div class=\"row\">\n<div class=\"col-sm-1 col-md-offset-1\">\n<div class=\"icon pull-right\">\n<i class=\"icon-docs icn lg\"><\/i>\n<\/div>\n<\/div>\n\n<div class=\"col-sm-4\">\n<h3>Prise en Charge Word &amp; PDF Int\u00e9gr\u00e9e <\/h3>\n<p class=\"text-small\">Vous n\u2019avez pas install\u00e9 Microsoft Office\u2009? Pas de soucis\u2009! Plagiarism Checker X fournit une prise en charge int\u00e9gr\u00e9e de Word et PDF. Vous pouvez d\u00e9sormais utiliser cette fonctionnalit\u00e9 m\u00eame si Microsoft Word n\u2019est pas install\u00e9 sur votre syst\u00e8me. Le traitement ind\u00e9pendant du texte sans Microsoft ni lecteur de PDF permet de d\u00e9tecter facilement la similitude de texte dans votre contenu.<\/p>\n<\/div>\n\n<div class=\"col-sm-1\">\n<div class=\"icon pull-right\">\n<i class=\"icon-export icn lg\"><\/i>\n<\/div>\n<\/div>\n\n<div class=\"col-sm-4\">\n<h3>Exports de Rapports en un Clic<\/h3>\n<p class=\"text-small\">Apr\u00e8s avoir analys\u00e9 le document, vous pouvez exporter les r\u00e9sultats sous forme de document PDF ou de fichier Word. Vous n\u2019avez pas install\u00e9 Microsoft Office\u2009? Pas de soucis\u2009! Plagiarism Checker X fournit une prise en charge int\u00e9gr\u00e9e de Word et PDF. Vous pouvez d\u00e9sormais utiliser cette fonctionnalit\u00e9 m\u00eame si Microsoft Word n\u2019est pas install\u00e9 sur votre syst\u00e8me. <\/p>\n<\/div>\n<\/div>\n\n<\/div>\n<\/section>\n\n<section id=\"easySteps\">\n<div class=\"row inner-md\">\n<div class=\"col-md-7 center-block text-center\">\n<h1>Utilisez le Plagiat En Ligne en 4\u00a0\u00e9tapes<\/h1>\n<p>Lors de l\u2019analyse de votre contenu dans le Plagiat En Ligne, suivez ces \u00e9tapes simples pour v\u00e9rifier votre document pour le pourcentage de similitude. C\u2019est tr\u00e8s facile \u00e0 faire. Vous pouvez faire cela une \u00e9tape \u00e0 la fois.<\/p>\n<\/div>\n<\/div>\n\n<div class=\"row inner-bottom-sm\">\n  <div class=\"col-md-8 center-block\">\n\n  <div class=\"col-md-3 text-center\">\n  <img src=\"https:\/\/cdn.plagiarismcheckerx.com\/images\/thumbnails\/online-plagiarism-box-1.jpg\" loading=\"lazy\" style=\"border-radius: 50%;border: 2px solid #3F8DBF\" alt=\"Source Document\" width=\"200px\">\n  <br><br> <span class=\"blue\">1<\/span> Chargez &amp; cliquez\n  <\/div>\n\n<div class=\"col-md-3 text-center\">\n  <img src=\"https:\/\/cdn.plagiarismcheckerx.com\/images\/thumbnails\/online-plagiarism-box-2.jpg\" loading=\"lazy\" style=\"border-radius: 50%;border: 2px solid #3F8DBF\" alt=\"Target Document\" width=\"200px\">\n<br><br> <span class=\"blue\">2<\/span> Attendez une seconde\u2009!\n<\/div>\n\n<div class=\"col-md-3 text-center\">\n  <img src=\"https:\/\/cdn.plagiarismcheckerx.com\/images\/thumbnails\/online-plagiarism-box-3.jpg\" loading=\"lazy\" style=\"border-radius: 50%;border: 2px solid #3F8DBF\" alt=\"Check Plagiarism\" width=\"200px\">\n<br><br><span class=\"blue\">3<\/span> Voir le r\u00e9sum\u00e9\n<\/div>\n\n\n<div class=\"col-md-3 text-center\">\n  <img src=\"https:\/\/cdn.plagiarismcheckerx.com\/images\/thumbnails\/online-plagiarism-box-4.jpg\" loading=\"lazy\" style=\"border-radius: 50%;border: 2px solid #3F8DBF\" alt=\"Text Side By Side Comparison Results\" width=\"200px\">\n<br><br><span class=\"blue\">4<\/span> Voir le rapport\u2009!\n<\/div>\n\n<\/div>\n<\/div>\n\n<\/section>\n\n<div class=\"light-bg\">\n\n<section id=\"clients\">\n<div class=\"container inner-sm\">\n\n<div class=\"row\">\n<div class=\"col-md-8 col-sm-9 center-block text-center\">\n<header>\n<h2>Utiliser par des instituts renomm\u00e9s<\/h2>\n<p>Nous appr\u00e9cions nos exp\u00e9riences de client. La rapidit\u00e9, l'exactitude et l'interface utilisateur facile a rendu les clients satisfaits et fid\u00e8les.<\/p>\n<\/header>\n<\/div>\n<\/div>\n\n<div class=\"row inner-top-xs\">\n<div class=\"col-sm-12\">\n<div id=\"owl-clients\" class=\"owl-carousel owl-outer-nav\">\n\n<div class=\"item\">\n<figure>\n<figcaption class=\"text-overlay\">\n<div class=\"info\">\n<h4>IEEE<\/h4>\n<\/div>\n<\/figcaption>\n<img class=\"SliceImages OrgImage1\">\n<\/figure>\n<\/div>\n\n<div class=\"item\">\n<figure>\n<figcaption class=\"text-overlay\">\n<div class=\"info\">\n<h4>American University of Science And Technology<\/h4>\n<\/div>\n<\/figcaption>\n<img class=\"SliceImages OrgImage2\">\n<\/figure>\n<\/div>\n\n<div class=\"item\">\n<figure>\n<figcaption class=\"text-overlay\">\n<div class=\"info\">\n<h4>Remington College<\/h4>\n<\/div>\n<\/figcaption>\n<img class=\"SliceImages OrgImage3\">\n<\/figure>\n<\/div>\n\n<div class=\"item\">\n<figure>\n<figcaption class=\"text-overlay\">\n<div class=\"info\">\n<h4>JM Field Marketing<\/h4>\n<\/div>\n<\/figcaption>\n<img class=\"SliceImages OrgImage4\">\n<\/figure>\n<\/div>\n\n<div class=\"item\">\n<figure>\n<figcaption class=\"text-overlay\">\n<div class=\"info\">\n<h4>University of Maribor<\/h4>\n<\/div>\n<\/figcaption>\n<img class=\"SliceImages OrgImage5\">\n<\/figure>\n<\/div>\n\n<div class=\"item\">\n<figure>\n<figcaption class=\"text-overlay\">\n<div class=\"info\">\n<h4>Great American Cookies<\/h4>\n<\/div>\n<\/figcaption>\n<img class=\"SliceImages OrgImage6\">\n<\/figure>\n<\/div>\n\n<div class=\"item\">\n<figure>\n<figcaption class=\"text-overlay\">\n<div class=\"info\">\n<h4>Ohio University<\/h4>\n<\/div>\n<\/figcaption>\n<img class=\"SliceImages OrgImage7\">\n<\/figure>\n<\/div>\n\n<div class=\"item\">\n<figure>\n<figcaption class=\"text-overlay\">\n<div class=\"info\">\n<h4>University Of Massachusetts Boston<\/h4>\n<\/div>\n<\/figcaption>\n<img class=\"SliceImages OrgImage8\">\n<\/figure>\n<\/div>\n\n<div class=\"item\">\n<figure>\n<figcaption class=\"text-overlay\">\n<div class=\"info\">\n<h4>Labournet Services India<\/h4>\n<\/div>\n<\/figcaption>\n<img class=\"SliceImages OrgImage9\">\n<\/figure>\n<\/div>\n\n<div class=\"item\">\n<figure>\n<figcaption class=\"text-overlay\">\n<div class=\"info\">\n<h4>King Saud University<\/h4>\n<\/div>\n<\/figcaption>\n<img class=\"SliceImages OrgImage10\">\n<\/figure>\n<\/div>\n\n<div class=\"item\">\n<figure>\n<figcaption class=\"text-overlay\">\n<div class=\"info\">\n<h4>Delta-State-University-Abraka<\/h4>\n<\/div>\n<\/figcaption>\n<img class=\"SliceImages OrgImage11\">\n<\/figure>\n<\/div>\n\n<div class=\"item\">\n<figure>\n<figcaption class=\"text-overlay\">\n<div class=\"info\">\n<h4>Trinity College<\/h4>\n<\/div>\n<\/figcaption>\n<img class=\"SliceImages OrgImage12\">\n<\/figure>\n<\/div>\n\n<\/div>\n<\/div>\n<\/div>\n\n<\/div>\n<\/section>\n\n<\/div>\n\n    <section id=\"what-are-you-waiting-for\">\n    <div class=\"container inner-sm\">\n    <div class=\"row\">\n    <div class=\"col-md-10 col-sm-9 center-block text-center\">\n    <header>\n    <h2>Alors, qu\u2019est-ce que vous attendez?<\/h2>\n    <\/header>\n    <p>En bref, cet outil facile \u00e0 utiliser peut vous aider \u00e0 \u00e9viter les complexit\u00e9s des outils de v\u00e9rification du plagiat en ligne et des p\u00e9nalit\u00e9s acad\u00e9miques. Il y a des universit\u00e9s o\u00f9 les \u00e9tudiants doivent faire face \u00e0 des peines extr\u00eames comme des probations acad\u00e9miques, des amendes et m\u00eame l'expulsion. Si la cession viole les droits d'auteur, elle peut entra\u00eener des attaques et poursuites p\u00e9nales. Par cons\u00e9quent, il est tr\u00e8s important d'avoir un d\u00e9tecteur de plagiat.<\/p>\n    <div class=\"row\">\n    <div class=\"col-md-8 center-block text-center\">\n    <figure><img src=\"https:\/\/cdn.plagiarismcheckerx.com\/images\/credit-cards-2.png\" loading=\"lazy\" alt=\"Credit Cards\"> <\/figure>\n    <\/div><\/div>\n    <div>\n    <a href=\"..\/download-thank-you\" class=\"btn btn-large btn-gray\">T\u00c9L\u00c9CHARGER GRATUITEMENT<\/a>&nbsp;\n    <a href=\"..\/buy\" class=\"btn btn-large\">Acheter Maintenant<\/a>\n    <\/div>\n    <\/div>\n    <\/div>\n    <\/div>\n    <\/section>\n\n\n    \n","protected":false},"excerpt":{"rendered":"<p>D\u00e9tecteur de Plagiat en Ligne Vous pouvez retrouver l\u2019existence de votre contenu sur le Web. Parfait pour les Enseignants, les \u00c9tudiants, les \u00c9diteurs. Le plagiat est un casse-t\u00eate constant pour les \u00e9tudiants, les enseignants, les r\u00e9dacteurs de contenu Web, les administrateurs de sites Web et les \u00e9diteurs en ligne. Avec la disponibilit\u00e9 des ressources en [&hellip;]<\/p>\n","protected":false},"author":1,"featured_media":0,"parent":0,"menu_order":0,"comment_status":"closed","ping_status":"closed","template":"","meta":[],"_links":{"self":[{"href":"https:\/\/plagiarismcheckerx.com\/fr\/wp-json\/wp\/v2\/pages\/67"}],"collection":[{"href":"https:\/\/plagiarismcheckerx.com\/fr\/wp-json\/wp\/v2\/pages"}],"about":[{"href":"https:\/\/plagiarismcheckerx.com\/fr\/wp-json\/wp\/v2\/types\/page"}],"author":[{"embeddable":true,"href":"https:\/\/plagiarismcheckerx.com\/fr\/wp-json\/wp\/v2\/users\/1"}],"replies":[{"embeddable":true,"href":"https:\/\/plagiarismcheckerx.com\/fr\/wp-json\/wp\/v2\/comments?post=67"}],"version-history":[{"count":3,"href":"https:\/\/plagiarismcheckerx.com\/fr\/wp-json\/wp\/v2\/pages\/67\/revisions"}],"predecessor-version":[{"id":331,"href":"https:\/\/plagiarismcheckerx.com\/fr\/wp-json\/wp\/v2\/pages\/67\/revisions\/331"}],"wp:attachment":[{"href":"https:\/\/plagiarismcheckerx.com\/fr\/wp-json\/wp\/v2\/media?parent=67"}],"curies":[{"name":"wp","href":"https:\/\/api.w.org\/{rel}","templated":true}]}}