{"id":65,"date":"2020-11-25T10:33:36","date_gmt":"2020-11-25T10:33:36","guid":{"rendered":"https:\/\/plagiarismcheckerx.com\/wordpress\/es\/?page_id=65"},"modified":"2020-12-01T17:50:55","modified_gmt":"2020-12-01T17:50:55","slug":"features","status":"publish","type":"page","link":"https:\/\/plagiarismcheckerx.com\/fr\/features","title":{"rendered":"Features"},"content":{"rendered":"\n<section id=\"features\">\n<div class=\"container inner-sm\">\n<div class=\"row\">\n<div class=\"col-md-10 text-center center-block\">\n<h1 align=\"center\">Fonctionnalit\u00e9s de Plagiarism Checker X<\/h1>\n<p>Vous \u00eates un \u00e9tudiant, un blogueur ou un r\u00e9dacteur de contenu assidu\u2009? Ou peut \u00eatre un enseignant, un \u00e9diteur ou un analyste SEO d\u00e9vou\u00e9\u2009? Si vous faites partie des ces personnes, alors il est fort probable que vous soyez conscient des cons\u00e9quences d&#8217;un contenu plagi\u00e9. Notre \u00e9quipe de &#8216;Plagiarism Checker X&#8217; appr\u00e9cie votre travail acharn\u00e9 et vos efforts. Par cons\u00e9quent, nous avons mis au point le meilleur d\u00e9tecteur de plagiat, d\u00e9velopp\u00e9 sp\u00e9cialement pour des personnes comme vous.<\/p>\n<div align=\"center\">\n<a href=\"\/download-thank-you\" class=\"btn btn-large btn-gray\">T\u00c9L\u00c9CHARGER GRATUITEMENT<\/a> &nbsp;\n<a href=\"..\/buy\" class=\"btn btn-large\">Acheter Maintenant<\/a>\n<\/div>\n<\/div>\n<\/div>\n<\/div>\n<\/section>\n\n<section id=\"center\" class=\"border-top\">\n<div class=\"row inner-md\">\n<div class=\"col-md-1\"><\/div>\n<div class=\"col-md-5\">\n<h2>D\u00e9tection de Plagiat en Ligne <\/h2>\n<p>Notre fonction de base d\u00e9tecte le contenu plagi\u00e9 en utilisant plusieurs moteurs de recherche. Le r\u00e9sultat\u00a0: vos documents sont scann\u00e9s sur plus de 16\u00a0milliards de pages Web index\u00e9es.\n<\/p>\n<\/div>\n\n<div class=\"col-md-1\"><\/div>\n<div class=\"col-md-3\">\n<img src=\"https:\/\/cdn.plagiarismcheckerx.com\/images\/promo_one.png\" style=\"height: 180px\">\n<\/div>\n<div class=\"col-md-2\"><\/div>\n<\/div>\n\n<div class=\"row inner-sm\">\n<div class=\"col-md-2\"><\/div>\n<div class=\"col-md-3\">\n<img src=\"https:\/\/cdn.plagiarismcheckerx.com\/images\/side-by-side-comparison.png\" loading=\"lazy\" style=\"height: 180px\">\n<\/div>\n<div class=\"col-md-1\"><\/div>\n<div class=\"col-md-5\">\n<h2>Comparaison Juxtapos\u00e9e <\/h2>\n<p>Une option pratique qui vous permet d&#8217;\u00e9changer votre contenu entre deux fen\u00eatres et de localiser facilement le contenu copi\u00e9. Les \u00e9diteurs et les analystes SEO adoreront cette fonctionnalit\u00e9.<\/p>\n<\/div>\n<div class=\"col-md-1\"><\/div>\n<\/div>\n\n<div class=\"row inner-sm\">\n<div class=\"col-md-1\"><\/div>\n<div class=\"col-md-5\">\n<h2>Comparaison en Masse  <\/h2>\n<p>Une caract\u00e9ristique unique et exclusive de notre application. Cela vous permet d&#8217;analyser plusieurs documents pour d\u00e9terminer l&#8217;originalit\u00e9 dans un ou plusieurs r\u00e9f\u00e9rentiels. Exemple concret\u2009; Les enseignants peuvent recouper les devoirs d&#8217;un lot entier en un seul clic.<\/p>\n<\/div>\n<div class=\"col-md-1\"><\/div>\n\n<div class=\"col-md-3\">\n<img src=\"https:\/\/cdn.plagiarismcheckerx.com\/images\/bulk-plagiarism.png\" loading=\"lazy\" style=\"height: 180px\">\n<\/div>\n<div class=\"col-md-2\"><\/div>\n<\/div>\n\n<div class=\"row inner-sm\">\n<div class=\"col-md-2\"><\/div>\n<div class=\"col-md-3\">\n<img src=\"https:\/\/cdn.plagiarismcheckerx.com\/images\/accuracy.png\" loading=\"lazy\" style=\"height: 180px\">\n<\/div>\n<div class=\"col-md-1\"><\/div>\n<div class=\"col-md-5\">\n<h2>pr\u00e9cis &amp; instantan\u00e9s R\u00e9sultats  <\/h2>\n<p>Ressentez la vitesse avec notre algorithme avanc\u00e9 qui interroge jusqu&#8217;\u00e0 20\u00a0000\u00a0mots en une seconde, vous offrant des r\u00e9sultats instantan\u00e9s. De plus, des \u00e9tudes comparatives effectu\u00e9es par des agences de test ind\u00e9pendantes montrent que nous avons une pr\u00e9cision trois fois plus \u00e9lev\u00e9e que celle d&#8217;autres applications similaires.<\/p>\n<\/div>\n<div class=\"col-md-1\"><\/div>\n<\/div>\n\n<div class=\"row inner-sm\">\n<div class=\"col-md-1\"><\/div>\n<div class=\"col-md-5\">\n<h2>Confidentialit\u00e9 Garantie \u00e0 100\u00a0%   <\/h2>\n<p>Aucun de vos contenus soumis n&#8217;est copi\u00e9, stock\u00e9 ou vendu. C&#8217;est aujourd&#8217;hui le seul outil de d\u00e9tection de plagiat offrant cette fonctionnalit\u00e9.<\/p>\n<\/div>\n<div class=\"col-md-1\"><\/div>\n<div class=\"col-md-3 text-center\">\n<img src=\"https:\/\/cdn.plagiarismcheckerx.com\/images\/safe.png\" loading=\"lazy\" style=\"height: 180px\">\n<\/div>\n<div class=\"col-md-2\"><\/div>\n<\/div>\n\n<div class=\"row inner-sm\">\n<div class=\"col-md-1\"><\/div>\n<div class=\"col-md-4 \">\n<img src=\"https:\/\/cdn.plagiarismcheckerx.com\/images\/formats.png\" loading=\"lazy\" style=\"height: 180px\">\n<\/div>\n<div class=\"col-md-1\"><\/div>\n<div class=\"col-md-5\">\n<h2>Compatibilit\u00e9 Am\u00e9lior\u00e9e<\/h2>\n<p>Notre application prend en charge tous les formats textuels populaires, y compris\u00a0: PDF, DOCX, DOC, RTF et HTML. De plus, il est compatible avec toutes les \u00e9ditions Windows disponibles.<\/p>\n<\/div>\n<div class=\"col-md-1\"><\/div>\n<\/div>\n\n<div class=\"row inner-sm\">\n<div class=\"col-md-1\"><\/div>\n<div class=\"col-md-5\">\n<h2>Multilingues Support &amp; Disponibilit\u00e9<\/h2>\n<p>Vous travaillez avec diff\u00e9rentes langues\u2009? Pas besoin de payer pour des outils s\u00e9par\u00e9s, car notre application prend actuellement en charge 7\u00a0langues, \u00e0 savoir l&#8217;anglais, l&#8217;espagnol, le fran\u00e7ais, l&#8217;allemand, l&#8217;italien, le n\u00e9erlandais et le portugais, avec toutes les fonctionnalit\u00e9s. Plus de langues seront bient\u00f4t disponibles.<\/p>\n<\/div>\n<div class=\"col-md-1\"><\/div>\n<div class=\"col-md-3\">\n<img src=\"https:\/\/cdn.plagiarismcheckerx.com\/images\/languages.png\" loading=\"lazy\" style=\"height: 180px\">\n<\/div>\n<div class=\"col-md-2\"><\/div>\n<\/div>\n\n<div class=\"row inner-sm\">\n<div class=\"col-md-2\"><\/div>\n<div class=\"col-md-3\">\n<img src=\"https:\/\/cdn.plagiarismcheckerx.com\/images\/color-density.png\" loading=\"lazy\" style=\"height: 180px\">\n<\/div>\n<div class=\"col-md-1\"><\/div>\n<div class=\"col-md-5\">\n<h2>R\u00e9sultats Bas\u00e9s sur la Densit\u00e9 \u00e0 Code Couleur  <\/h2>\n<p>Une mani\u00e8re intuitive de comprendre les r\u00e9sultats en un coup d&#8217;\u0153il.<\/p>\n<\/div>\n<div class=\"col-md-1\"><\/div>\n<\/div>\n\n<div class=\"row inner-sm\">\n<div class=\"col-md-1\"><\/div>\n<div class=\"col-md-5\">\n<h2>Assistance technique 24\u00a0h par jour, 7\u00a0jours par semaine    <\/h2>\n<p>Vous avez besoin d\u2019aide\u2009? Contactez-nous \u00e0 tout moment pour pouvoir communiquer avec un de nos conseillers. Disponible juste pour vous, 24\u00a0heures sur 24.<\/p>\n<\/div>\n<div class=\"col-md-1\"><\/div>\n<div class=\"col-md-3\">\n<img src=\"https:\/\/cdn.plagiarismcheckerx.com\/images\/24x7.png\" loading=\"lazy\" style=\"height: 180px\">\n<\/div>\n<div class=\"col-md-2\"><\/div>\n<\/div>\n\n<div class=\"row inner-top-sm\">\n<div class=\"col-md-2\"><\/div>\n<div class=\"col-md-3\">\n<img src=\"https:\/\/cdn.plagiarismcheckerx.com\/images\/cost-effective.png\" loading=\"lazy\" style=\"height: 180px\">\n<\/div>\n<div class=\"col-md-1\"><\/div>\n<div class=\"col-md-5\">\n<h2>\u00c9conomique <\/h2>\n<p>Enfin, nous vous offrons un bon rapport qualit\u00e9-prix. Fini les m\u00e9thodes co\u00fbteuses, notre solution est disponible pour vous en un paiement simple. Choisissez simplement le plan qui correspond le mieux \u00e0 vos besoins, c&#8217;est-\u00e0-dire un seul utilisateur ou plusieurs utilisateurs.<\/p>\n<\/div>\n<div class=\"col-md-1\"><\/div>\n<\/div>\n<br><br><br>\n<\/section>\n\n<div class=\"light-bg\">\n    <section id=\"quick-video\">\n    <div class=\"container inner-sm\">\n    <div class=\"row\">\n    <div class=\"col-md-10 col-sm-9 center-block text-center\">\n    <header>\n    <h2>Vid\u00e9o Rapide de 1 min Pr\u00e9sentant les Fonctionnalit\u00e9s!<\/h2>\n    <p>Obtenez un aper\u00e7u de tous les outils disponibles dans Plagiarism Checker X dans cette vid\u00e9o de pr\u00e9sentation courte de Plagiarism Checker X. Cliquez, jetez un \u0153il \u00e0 tous les outils disponibles et commencez tout de suite.<\/p>\n    <div class=\"row\">\n    <div class=\"col-md-8 center-block text-center\">\n    <iframe src=\"https:\/\/www.youtube.com\/embed\/8hlmDcQ18rE?modestbranding=1&playlist=h9KxPuCCn6M,4Y18EvBvGdg,yzH_fw0bxrU,7zsNw-HEO_Q\" width=\"560\" height=\"315\" frameborder=\"0\"><\/iframe>\n    <\/div><\/div>\n    <\/header>\n    <\/div>\n    <\/div>\n    <\/div>\n    <\/section>\n\n\n    <\/div>\n\n\n<section id=\"your-data-is-safe\">\n<div class=\"container inner-sm\">\n<div class=\"row\">\n<div class=\"col-md-10 col-sm-9 center-block text-center\">\n<header>\n<h2>Vos donn\u00e9es sont s\u00e9curis\u00e9es dans votre appareil, vous ne devez pas le t\u00e9l\u00e9charger<\/h2>\n<p>\"En tant qu'utilisateur, vous n'\u00eates pas tenu de t\u00e9l\u00e9charger vos devoirs et contenus dans notre base de donn\u00e9es; au lieu de cela, les fichiers restent avec vous. Cette fonctionnalit\u00e9 rend le v\u00e9rificateur de plagiat X tr\u00e8s diff\u00e9rent du reste des fournisseurs de services sur le march\u00e9. Alors, d\u00e9p\u00eachez-vous! Prenez une copie ici!\".<\/p>\n<div class=\"row\">\n<div class=\"col-md-8 center-block text-center\">\n<figure><img src=\"https:\/\/cdn.plagiarismcheckerx.com\/images\/credit-cards-2.png\" alt=\"Credit Cards\"> <\/figure>\n<\/div><\/div>\n<\/header>\n<div>\n<a href=\"..\/download-thank-you\" class=\"btn btn-large\">T\u00c9L\u00c9CHARGER GRATUITEMENT<\/a> \n<a href=\"..\/buy\" class=\"btn btn-large\">Acheter Maintenant<\/a>\n<\/div>\n<\/div>\n<\/div>\n<\/div>\n<\/section>\n\n\n","protected":false},"excerpt":{"rendered":"<p>Fonctionnalit\u00e9s de Plagiarism Checker X Vous \u00eates un \u00e9tudiant, un blogueur ou un r\u00e9dacteur de contenu assidu\u2009? Ou peut \u00eatre un enseignant, un \u00e9diteur ou un analyste SEO d\u00e9vou\u00e9\u2009? Si vous faites partie des ces personnes, alors il est fort probable que vous soyez conscient des cons\u00e9quences d&#8217;un contenu plagi\u00e9. Notre \u00e9quipe de &#8216;Plagiarism Checker [&hellip;]<\/p>\n","protected":false},"author":1,"featured_media":0,"parent":0,"menu_order":0,"comment_status":"closed","ping_status":"closed","template":"","meta":[],"_links":{"self":[{"href":"https:\/\/plagiarismcheckerx.com\/fr\/wp-json\/wp\/v2\/pages\/65"}],"collection":[{"href":"https:\/\/plagiarismcheckerx.com\/fr\/wp-json\/wp\/v2\/pages"}],"about":[{"href":"https:\/\/plagiarismcheckerx.com\/fr\/wp-json\/wp\/v2\/types\/page"}],"author":[{"embeddable":true,"href":"https:\/\/plagiarismcheckerx.com\/fr\/wp-json\/wp\/v2\/users\/1"}],"replies":[{"embeddable":true,"href":"https:\/\/plagiarismcheckerx.com\/fr\/wp-json\/wp\/v2\/comments?post=65"}],"version-history":[{"count":5,"href":"https:\/\/plagiarismcheckerx.com\/fr\/wp-json\/wp\/v2\/pages\/65\/revisions"}],"predecessor-version":[{"id":329,"href":"https:\/\/plagiarismcheckerx.com\/fr\/wp-json\/wp\/v2\/pages\/65\/revisions\/329"}],"wp:attachment":[{"href":"https:\/\/plagiarismcheckerx.com\/fr\/wp-json\/wp\/v2\/media?parent=65"}],"curies":[{"name":"wp","href":"https:\/\/api.w.org\/{rel}","templated":true}]}}