{"id":50,"date":"2020-11-25T09:13:40","date_gmt":"2020-11-25T09:13:40","guid":{"rendered":"https:\/\/plagiarismcheckerx.com\/wordpress\/es\/?page_id=50"},"modified":"2020-12-01T17:50:55","modified_gmt":"2020-12-01T17:50:55","slug":"plagiarism-checker-for-publishers","status":"publish","type":"page","link":"https:\/\/plagiarismcheckerx.com\/fr\/plagiarism-checker-for-publishers","title":{"rendered":"For Publishers"},"content":{"rendered":"\r\n<section id=\"services\">\r\n\r\n<div class=\"container inner-top-sm\">\r\n<div class=\"row inner-bottom-sm\">\r\n<div class=\"col-md-4 col-md-offset-1\">\r\n<figure><img src=\"https:\/\/cdn.plagiarismcheckerx.com\/images\/publishers.jpg\" alt=\"\"><\/figure>\r\n<\/div>\r\n\r\n<div class=\"col-md-7\">\r\n\r\n<h1 class=\"text-center\">Plagiarism Checker X pour les \u00c9diteurs &amp; Experts SEO<\/h1>\r\n\r\n<p>Il est tr\u00e8s important pour un \u00e9diteur en ligne et les administrateurs de sites Web de garantir l&#8217;unicit\u00e9 du contenu de son portail. Plagiarism Checker X peut faire des merveilles en fournissant une aide \u00e9tendue aux propri\u00e9taires et aux gestionnaires de sites Web. Il d\u00e9tecte le plagiat en ligne, et peut \u00e9galement les aider dans le processus de gestion de contenu.<\/p>\r\n\r\n<div align=\"center\">\r\n\r\n<a href=\"..\/download-thank-you\" class=\"btn btn-large btn-gray\">T\u00c9L\u00c9CHARGER GRATUITEMENT<\/a> \r\n<a href=\"..\/buy\" class=\"btn btn-large\">Acheter Maintenant<\/a>\r\n\r\n<\/div>\r\n\r\n<\/div>\r\n\r\n<\/div>\r\n\r\n<\/div>\r\n\r\n<\/section>\r\n\r\n<section id=\"features\" class=\"light-bg\">\r\n\r\n<div class=\"container inner-sm\">\r\n\r\n<div class=\"row\">\r\n\r\n<div class=\"col-md-11 col-md-offset-1\">\r\n\r\n<header class=\"text-center\">\r\n\r\n<h2>Meilleur Choix pour les \u00c9diteurs<\/h2>\r\n\r\n<\/header>\r\n\r\n<p><\/p>\r\n\r\n<\/div>\r\n\r\n<\/div>\r\n\r\n<div class=\"row inner-top-sm col-md-offset-1\">\r\n\r\n<div class=\"col-sm-1\">\r\n\r\n<div class=\"icon pull-right\">\r\n\r\n<i class=\"icon-lamp icn lg\"><\/i>\r\n\r\n<\/div>\r\n\r\n<\/div>\r\n\r\n<div class=\"col-sm-5 inner-bottom-sm\">\r\n\r\n<h3>Vue d&#8217;ensemble<\/h3>\r\n\r\n<p class=\"text-small\">Un \u00e9diteur peut voir si le contenu est r\u00e9ellement original ou s&#8217;il pr\u00e9sente une quantit\u00e9 \u00ab\u2009inacceptable\u2009\u00bb de duplication. Plagiarism Checker X fournit un rapport d\u00e9taill\u00e9 sur le contenu \u00e0 publier. La fonction de \u00ab\u2009recherche en masse\u2009\u00bb est une autre b\u00e9n\u00e9diction pour les \u00e9diteurs\/gestionnaires de contenu Web qui peuvent v\u00e9rifier le plagiat dans plusieurs documents en m\u00eame temps. Il n&#8217;y a pas de limite de documents, vous pouvez donc rechercher plusieurs affectations\/articles de blog en un seul clic.<\/p>\r\n\r\n<\/div>\r\n\r\n<div class=\"col-sm-1\">\r\n\r\n<div class=\"icon pull-right\">\r\n\r\n<i class=\"icon-doc icn lg\"><\/i>\r\n\r\n<\/div>\r\n\r\n<\/div>\r\n\r\n<div class=\"col-sm-5 inner-bottom-sm\">\r\n\r\n<h3>Un Produit, Pas un Service<\/h3>\r\n\r\n<p class=\"text-small\">Si vous effectuez une analyse comparative de l&#8217;industrie\u2009; il vous sera \u00e9vident que Plagiarism Checker X a un grand avantage de co\u00fbt. Si nous regardons les v\u00e9rificateurs de plagiat en ligne disponibles\u2009; la plupart offrent principalement des services sur la base du \u00ab\u2009paiement par document\u2009\u00bb. Chez nous, les utilisateurs peuvent \u00e9galement profiter d&#8217;un essai gratuit de 14\u00a0jours pour tester le produit et vous pouvez visiter la section \u00ab\u2009fonctionnalit\u00e9s\u2009\u00bb pour conna\u00eetre en d\u00e9tail les utilitaires et les avantages des principaux d\u00e9tecteurs de plagiat.<\/p>\r\n\r\n<\/div>\r\n\r\n<\/div>\r\n\r\n<div class=\"row inner-top-x col-md-offset-1\">\r\n\r\n<div class=\"col-sm-1\">\r\n\r\n<div class=\"icon pull-right\">\r\n\r\n<i class=\"icon-edit icn lg\"><\/i>\r\n\r\n<\/div>\r\n\r\n<\/div>\r\n\r\n<div class=\"col-sm-5 inner-bottom-sm\">\r\n\r\n<h3>Assurer l&#8217;Originalit\u00e9<\/h3>\r\n\r\n<p class=\"text-small\">L&#8217;unicit\u00e9 et l&#8217;ing\u00e9niosit\u00e9 sont ce qui diff\u00e9rencie une marque des autres. Si votre contenu est similaire \u00e0 d&#8217;autres ou si vous offrez la m\u00eame chose que X, Y ouZ\u2009; les clients ne verraient pas votre valeur ajout\u00e9e. Cependant, Google n&#8217;aime pas les sites Web pour faire tourner le contenu des concurrents. Pour v\u00e9rifier l&#8217;\u00e9tat du contenu existant sur votre site Web\/blog\u2009; tout ce dont vous avez besoin est de coller l&#8217;URL de la page donn\u00e9e et de cliquer sur analyser. <br><br> Le logiciel scanne automatiquement les moteurs de recherche et v\u00e9rifie le r\u00e9sultat dans les principaux moteurs de recherche\u00a0: Google, Bing et Yahoo. En outre, cela aide \u00e0 suivre si vos articles publi\u00e9s sont utilis\u00e9s par quelqu&#8217;un d&#8217;autre.<\/p>\r\n\r\n<\/div>\r\n\r\n<div class=\"col-sm-1\">\r\n\r\n<div class=\"icon pull-right\">\r\n\r\n<i class=\"icon-umbrella icn lg\"><\/i>\r\n\r\n<\/div>\r\n\r\n<\/div>\r\n\r\n\r\n\r\n<div class=\"col-sm-5 inner-bottom-sm\">\r\n\r\n<h3>Prot\u00e9ger Votre Marque<\/h3>\r\n\r\n<p class=\"text-small\">Les outils de contr\u00f4le du plagiat ne sont pas seulement un moyen d&#8217;\u00e9viter toute duplication\u2009; c&#8217;est \u00e9galement un moyen de prot\u00e9ger votre marque. Si vous avez travaill\u00e9 dur, mais qu&#8217;un expert du copier-coller a pr\u00e9sent\u00e9 vos comp\u00e9tences comme les leurs\u00a0: c&#8217;est insupportable. Par cons\u00e9quent, vous avez besoin d&#8217;un outil de v\u00e9rification du plagiat pour suivre votre travail et prot\u00e9ger votre marque. En tant qu&#8217;\u00e9diteur, vous devez \u00eatre conscient des probl\u00e8mes de violation du droit d&#8217;auteur. <br><br> En termes simples, c&#8217;est un probl\u00e8me tr\u00e8s grave du point de vue \u00e9thique, juridique et corporatif. M\u00eame si vous publiez seulement ce que vous avez \u00e9crit vous-m\u00eame, il est fortement recommand\u00e9 de prendre quelques secondes et de vous prot\u00e9ger de tout probl\u00e8me par la suite.<\/p>\r\n\r\n<\/div>\r\n\r\n<\/div>\r\n\r\n<\/div>\r\n\r\n<\/section>\r\n\r\n\n\n<section id=\"clients\">\n<div class=\"container inner-sm\">\n\n<div class=\"row\">\n<div class=\"col-md-8 col-sm-9 center-block text-center\">\n<header>\n<h2>Utiliser par des instituts renomm\u00e9s<\/h2>\n<p>Nous appr\u00e9cions nos exp\u00e9riences de client. La rapidit\u00e9, l'exactitude et l'interface utilisateur facile a rendu les clients satisfaits et fid\u00e8les.<\/p>\n<\/header>\n<\/div>\n<\/div>\n\n<div class=\"row inner-top-xs\">\n<div class=\"col-sm-12\">\n<div id=\"owl-clients\" class=\"owl-carousel owl-outer-nav\">\n\n<div class=\"item\">\n<figure>\n<figcaption class=\"text-overlay\">\n<div class=\"info\">\n<h4>IEEE<\/h4>\n<\/div>\n<\/figcaption>\n<img class=\"SliceImages OrgImage1\">\n<\/figure>\n<\/div>\n\n<div class=\"item\">\n<figure>\n<figcaption class=\"text-overlay\">\n<div class=\"info\">\n<h4>American University of Science And Technology<\/h4>\n<\/div>\n<\/figcaption>\n<img class=\"SliceImages OrgImage2\">\n<\/figure>\n<\/div>\n\n<div class=\"item\">\n<figure>\n<figcaption class=\"text-overlay\">\n<div class=\"info\">\n<h4>Remington College<\/h4>\n<\/div>\n<\/figcaption>\n<img class=\"SliceImages OrgImage3\">\n<\/figure>\n<\/div>\n\n<div class=\"item\">\n<figure>\n<figcaption class=\"text-overlay\">\n<div class=\"info\">\n<h4>JM Field Marketing<\/h4>\n<\/div>\n<\/figcaption>\n<img class=\"SliceImages OrgImage4\">\n<\/figure>\n<\/div>\n\n<div class=\"item\">\n<figure>\n<figcaption class=\"text-overlay\">\n<div class=\"info\">\n<h4>University of Maribor<\/h4>\n<\/div>\n<\/figcaption>\n<img class=\"SliceImages OrgImage5\">\n<\/figure>\n<\/div>\n\n<div class=\"item\">\n<figure>\n<figcaption class=\"text-overlay\">\n<div class=\"info\">\n<h4>Great American Cookies<\/h4>\n<\/div>\n<\/figcaption>\n<img class=\"SliceImages OrgImage6\">\n<\/figure>\n<\/div>\n\n<div class=\"item\">\n<figure>\n<figcaption class=\"text-overlay\">\n<div class=\"info\">\n<h4>Ohio University<\/h4>\n<\/div>\n<\/figcaption>\n<img class=\"SliceImages OrgImage7\">\n<\/figure>\n<\/div>\n\n<div class=\"item\">\n<figure>\n<figcaption class=\"text-overlay\">\n<div class=\"info\">\n<h4>University Of Massachusetts Boston<\/h4>\n<\/div>\n<\/figcaption>\n<img class=\"SliceImages OrgImage8\">\n<\/figure>\n<\/div>\n\n<div class=\"item\">\n<figure>\n<figcaption class=\"text-overlay\">\n<div class=\"info\">\n<h4>Labournet Services India<\/h4>\n<\/div>\n<\/figcaption>\n<img class=\"SliceImages OrgImage9\">\n<\/figure>\n<\/div>\n\n<div class=\"item\">\n<figure>\n<figcaption class=\"text-overlay\">\n<div class=\"info\">\n<h4>King Saud University<\/h4>\n<\/div>\n<\/figcaption>\n<img class=\"SliceImages OrgImage10\">\n<\/figure>\n<\/div>\n\n<div class=\"item\">\n<figure>\n<figcaption class=\"text-overlay\">\n<div class=\"info\">\n<h4>Delta-State-University-Abraka<\/h4>\n<\/div>\n<\/figcaption>\n<img class=\"SliceImages OrgImage11\">\n<\/figure>\n<\/div>\n\n<div class=\"item\">\n<figure>\n<figcaption class=\"text-overlay\">\n<div class=\"info\">\n<h4>Trinity College<\/h4>\n<\/div>\n<\/figcaption>\n<img class=\"SliceImages OrgImage12\">\n<\/figure>\n<\/div>\n\n<\/div>\n<\/div>\n<\/div>\n\n<\/div>\n<\/section>\n\n\r\n<div class=\"light-bg\">\n\n<section id=\"your-data-is-safe\">\n<div class=\"container inner-sm\">\n<div class=\"row\">\n<div class=\"col-md-10 col-sm-9 center-block text-center\">\n<header>\n<h2>Vos donn\u00e9es sont s\u00e9curis\u00e9es dans votre appareil, vous ne devez pas le t\u00e9l\u00e9charger<\/h2>\n<p>\"En tant qu'utilisateur, vous n'\u00eates pas tenu de t\u00e9l\u00e9charger vos devoirs et contenus dans notre base de donn\u00e9es; au lieu de cela, les fichiers restent avec vous. Cette fonctionnalit\u00e9 rend le v\u00e9rificateur de plagiat X tr\u00e8s diff\u00e9rent du reste des fournisseurs de services sur le march\u00e9. Alors, d\u00e9p\u00eachez-vous! Prenez une copie ici!\".<\/p>\n<div class=\"row\">\n<div class=\"col-md-8 center-block text-center\">\n<figure><img src=\"https:\/\/cdn.plagiarismcheckerx.com\/images\/credit-cards-2.png\" alt=\"Credit Cards\"> <\/figure>\n<\/div><\/div>\n<\/header>\n<div>\n<a href=\"..\/download-thank-you\" class=\"btn btn-large\">T\u00c9L\u00c9CHARGER GRATUITEMENT<\/a> \n<a href=\"..\/buy\" class=\"btn btn-large\">Acheter Maintenant<\/a>\n<\/div>\n<\/div>\n<\/div>\n<\/div>\n<\/section>\n\n<\/div>\r\n","protected":false},"excerpt":{"rendered":"<p>Plagiarism Checker X pour les \u00c9diteurs &amp; Experts SEO Il est tr\u00e8s important pour un \u00e9diteur en ligne et les administrateurs de sites Web de garantir l&#8217;unicit\u00e9 du contenu de son portail. Plagiarism Checker X peut faire des merveilles en fournissant une aide \u00e9tendue aux propri\u00e9taires et aux gestionnaires de sites Web. Il d\u00e9tecte le [&hellip;]<\/p>\n","protected":false},"author":1,"featured_media":0,"parent":0,"menu_order":0,"comment_status":"closed","ping_status":"closed","template":"","meta":[],"_links":{"self":[{"href":"https:\/\/plagiarismcheckerx.com\/fr\/wp-json\/wp\/v2\/pages\/50"}],"collection":[{"href":"https:\/\/plagiarismcheckerx.com\/fr\/wp-json\/wp\/v2\/pages"}],"about":[{"href":"https:\/\/plagiarismcheckerx.com\/fr\/wp-json\/wp\/v2\/types\/page"}],"author":[{"embeddable":true,"href":"https:\/\/plagiarismcheckerx.com\/fr\/wp-json\/wp\/v2\/users\/1"}],"replies":[{"embeddable":true,"href":"https:\/\/plagiarismcheckerx.com\/fr\/wp-json\/wp\/v2\/comments?post=50"}],"version-history":[{"count":4,"href":"https:\/\/plagiarismcheckerx.com\/fr\/wp-json\/wp\/v2\/pages\/50\/revisions"}],"predecessor-version":[{"id":363,"href":"https:\/\/plagiarismcheckerx.com\/fr\/wp-json\/wp\/v2\/pages\/50\/revisions\/363"}],"wp:attachment":[{"href":"https:\/\/plagiarismcheckerx.com\/fr\/wp-json\/wp\/v2\/media?parent=50"}],"curies":[{"name":"wp","href":"https:\/\/api.w.org\/{rel}","templated":true}]}}