{"id":48,"date":"2020-11-25T10:24:42","date_gmt":"2020-11-25T10:24:42","guid":{"rendered":"https:\/\/plagiarismcheckerx.com\/wordpress\/es\/?page_id=48"},"modified":"2020-12-01T17:50:55","modified_gmt":"2020-12-01T17:50:55","slug":"plagiarism-checker-for-teachers","status":"publish","type":"page","link":"https:\/\/plagiarismcheckerx.com\/fr\/plagiarism-checker-for-teachers","title":{"rendered":"For Teachers"},"content":{"rendered":"\n<section id=\"services\">\n\n<div class=\"container inner-top-md\">\n\n<div class=\"row inner-bottom-sm\">\n  \n<div class=\"col-md-4 col-md-offset-1\">\n<figure><img src=\"https:\/\/cdn.plagiarismcheckerx.com\/images\/teachers.jpg\" alt=\"\"><\/figure>\n<\/div>\n\n<div class=\"col-md-7\">\n  \n<h1 class=\"text-center\">V\u00e9rificateur de Plagiat pour les Enseignants<\/h1>\n\n<p>Plagiat Checker X est une b\u00e9n\u00e9diction pour les enseignants. Cela leur fait gagner du temps en fournissant une fonction de recoupage en masse et un service de v\u00e9rification rapide du contenu en ligne. D\u00e9sormais, ils peuvent facilement d\u00e9tecter le plagiat dans les devoirs, les th\u00e8ses et les articles en quelques secondes. De plus, la fonction de recherche en bloc est un autre avantage, ce qui permet de num\u00e9riser l&#8217;ensemble du lot en un seul clic.<\/p>\n\n<div align=\"center\">\n<a href=\"..\/download-thank-you\" class=\"btn btn-large btn-gray\">T\u00c9L\u00c9CHARGER GRATUITEMENT<\/a> \n<a href=\"..\/buy\" class=\"btn btn-large\">Acheter Maintenant<\/a>\n<\/div>\n\n<\/div>\n\n<\/div>\n\n<\/div>\n\n<\/section>\n\n\n\n<section id=\"features\" class=\"light-bg\">\n\n<div class=\"container inner-sm\">\n\n<div class=\"row\">\n<div class=\"col-md-11 col-md-offset-1\">\n<header class=\"text-center\">\n<h2>Solution pour les Enseignants et les Chercheurs<\/h2>\n<\/header>\n<p>Les enseignants et les chercheurs universitaires ont un besoin urgent d&#8217;un outil de v\u00e9rification du plagiat, qui pourrait les aider \u00e0 noter leurs \u00e9l\u00e8ves et \u00e0 juger de la qualit\u00e9 de leur travail. Ils doivent \u00e9galement avoir un contr\u00f4le et un \u00e9quilibre sur la qualit\u00e9 de leurs propres travaux de recherche et articles universitaires.<\/p>\n<\/div>\n<\/div>\n\n<div class=\"row inner-top-sm col-md-offset-1\">\n\n<div class=\"col-sm-1\">  \n<div class=\"icon pull-right\">\n<i class=\"icon-lamp icn lg\"><\/i>\n<\/div>\n<\/div>\n\n<div class=\"col-sm-5 inner-bottom-sm\">\n<h3>Vue d&#8217;Ensemble<\/h3>\n<p class=\"text-small\">Pour un tuteur, il est encore plus important de veiller au respect des droits d&#8217;auteur. Cela les oblige \u00e0 v\u00e9rifier le plagiat encore plus strictement dans leur propre travail que dans les devoirs de leurs \u00e9tudiants. Tout d&#8217;abord, ce d\u00e9tecteur de plagiat les aide \u00e0 v\u00e9rifier l&#8217;originalit\u00e9 des travaux de recherche. Dans un r\u00e9cent examen des performances, notre outil s&#8217;est r\u00e9v\u00e9l\u00e9 3\u00a0fois plus rapide et pr\u00e9cis, tout en \u00e9tant moins co\u00fbteux que les alternatives disponibles.<\/p>\n<\/div>\n\n<div class=\"col-sm-1\">  \n<div class=\"icon pull-right\">\n<i class=\"icon-thumbs-up-1 icn lg\"><\/i>\n<\/div>\n<\/div>\n\n<div class=\"col-sm-5 inner-bottom-sm\">\n<h3>Pourquoi C&#8217;est G\u00e9nial<\/h3>\n<p class=\"text-small\">Les enseignants peuvent effectuer une analyse comparative\/recoupement des documents. L&#8217;option \u00ab\u2009recherche en masse\u2009\u00bb les aides \u00e0 comparer les articles et les travaux de recherche de toute la classe les uns par rapport aux autres. Il s&#8217;agit d&#8217;une fonctionnalit\u00e9 tr\u00e8s innovante qui fait gagner beaucoup de temps \u00e0 l&#8217;enseignant, tout en fournissant un r\u00e9sultat tr\u00e8s rapidement. Si vous souhaitez en savoir plus \u00e0 ce sujet, parcourez la section des fonctionnalit\u00e9s du site.<\/p>\n<\/div>\n\n<\/div>\n\n<div class=\"row inner-top-x col-md-offset-1\">\n\n<div class=\"col-sm-1\">\n<div class=\"icon pull-right\">\n<i class=\"icon-cog-alt icn lg\"><\/i>\n<\/div>\n<\/div>\n\n<div class=\"col-sm-5\">\n<h3>Fonctionnalit\u00e9<\/h3>\n<p class=\"text-small\">L&#8217;avantage d&#8217;utiliser Plagiarism Checker X, c&#8217;est sa capacit\u00e9 \u00e0 fonctionner en mode en ligne\/hors-ligne, bien que toutes les fonctionnalit\u00e9s ne fonctionnent pas en mode hors ligne. Cependant, vous pouvez v\u00e9rifier deux affectations et effectuer d&#8217;autres t\u00e2ches en mode hors ligne \u00e9galement. Le quatri\u00e8me avantage concurrentiel de l&#8217;utilisation de ce v\u00e9rificateur de plagiat est qu&#8217;il fournit des informations d\u00e9taill\u00e9es et approfondies en un seul clic. Vous pouvez afficher et enregistrer le rapport sur votre machine.<\/p>\n<\/div>\n\n<div class=\"col-sm-1\">\n<div class=\"icon pull-right\">\n<i class=\"icon-gift icn lg\"><\/i>\n<\/div>\n<\/div>\n\n<div class=\"col-sm-5\">\n<h3>Dans Votre Budget<\/h3>\n<p class=\"text-small\">Une analyse comparative des plans d&#8217;abonnement montre que Plagiarism Checker X se place parfaitement bien concernant les co\u00fbts dans la cat\u00e9gorie des outils de contr\u00f4le de plagiat en ligne. Au lieu de proc\u00e9der par le \u00ab\u2009paiement par document\u2009\u00bb, nous vous proposons un achat valable \u00e0 vie, o\u00f9 vous pouvez effectuer des recherches illimit\u00e9es contre un paiement unique.<\/p>\n<\/div>\n<\/div>\n<\/div>\n<\/section>\n\n\n\n<section id=\"clients\">\n<div class=\"container inner-sm\">\n\n<div class=\"row\">\n<div class=\"col-md-8 col-sm-9 center-block text-center\">\n<header>\n<h2>Utiliser par des instituts renomm\u00e9s<\/h2>\n<p>Nous appr\u00e9cions nos exp\u00e9riences de client. La rapidit\u00e9, l'exactitude et l'interface utilisateur facile a rendu les clients satisfaits et fid\u00e8les.<\/p>\n<\/header>\n<\/div>\n<\/div>\n\n<div class=\"row inner-top-xs\">\n<div class=\"col-sm-12\">\n<div id=\"owl-clients\" class=\"owl-carousel owl-outer-nav\">\n\n<div class=\"item\">\n<figure>\n<figcaption class=\"text-overlay\">\n<div class=\"info\">\n<h4>IEEE<\/h4>\n<\/div>\n<\/figcaption>\n<img class=\"SliceImages OrgImage1\">\n<\/figure>\n<\/div>\n\n<div class=\"item\">\n<figure>\n<figcaption class=\"text-overlay\">\n<div class=\"info\">\n<h4>American University of Science And Technology<\/h4>\n<\/div>\n<\/figcaption>\n<img class=\"SliceImages OrgImage2\">\n<\/figure>\n<\/div>\n\n<div class=\"item\">\n<figure>\n<figcaption class=\"text-overlay\">\n<div class=\"info\">\n<h4>Remington College<\/h4>\n<\/div>\n<\/figcaption>\n<img class=\"SliceImages OrgImage3\">\n<\/figure>\n<\/div>\n\n<div class=\"item\">\n<figure>\n<figcaption class=\"text-overlay\">\n<div class=\"info\">\n<h4>JM Field Marketing<\/h4>\n<\/div>\n<\/figcaption>\n<img class=\"SliceImages OrgImage4\">\n<\/figure>\n<\/div>\n\n<div class=\"item\">\n<figure>\n<figcaption class=\"text-overlay\">\n<div class=\"info\">\n<h4>University of Maribor<\/h4>\n<\/div>\n<\/figcaption>\n<img class=\"SliceImages OrgImage5\">\n<\/figure>\n<\/div>\n\n<div class=\"item\">\n<figure>\n<figcaption class=\"text-overlay\">\n<div class=\"info\">\n<h4>Great American Cookies<\/h4>\n<\/div>\n<\/figcaption>\n<img class=\"SliceImages OrgImage6\">\n<\/figure>\n<\/div>\n\n<div class=\"item\">\n<figure>\n<figcaption class=\"text-overlay\">\n<div class=\"info\">\n<h4>Ohio University<\/h4>\n<\/div>\n<\/figcaption>\n<img class=\"SliceImages OrgImage7\">\n<\/figure>\n<\/div>\n\n<div class=\"item\">\n<figure>\n<figcaption class=\"text-overlay\">\n<div class=\"info\">\n<h4>University Of Massachusetts Boston<\/h4>\n<\/div>\n<\/figcaption>\n<img class=\"SliceImages OrgImage8\">\n<\/figure>\n<\/div>\n\n<div class=\"item\">\n<figure>\n<figcaption class=\"text-overlay\">\n<div class=\"info\">\n<h4>Labournet Services India<\/h4>\n<\/div>\n<\/figcaption>\n<img class=\"SliceImages OrgImage9\">\n<\/figure>\n<\/div>\n\n<div class=\"item\">\n<figure>\n<figcaption class=\"text-overlay\">\n<div class=\"info\">\n<h4>King Saud University<\/h4>\n<\/div>\n<\/figcaption>\n<img class=\"SliceImages OrgImage10\">\n<\/figure>\n<\/div>\n\n<div class=\"item\">\n<figure>\n<figcaption class=\"text-overlay\">\n<div class=\"info\">\n<h4>Delta-State-University-Abraka<\/h4>\n<\/div>\n<\/figcaption>\n<img class=\"SliceImages OrgImage11\">\n<\/figure>\n<\/div>\n\n<div class=\"item\">\n<figure>\n<figcaption class=\"text-overlay\">\n<div class=\"info\">\n<h4>Trinity College<\/h4>\n<\/div>\n<\/figcaption>\n<img class=\"SliceImages OrgImage12\">\n<\/figure>\n<\/div>\n\n<\/div>\n<\/div>\n<\/div>\n\n<\/div>\n<\/section>\n\n\n<div class=\"light-bg\">\n    <section id=\"customer-satisfaction\">\n    <div class=\"container inner-sm\">\n    <div class=\"row\">\n    <div class=\"col-md-10 col-sm-9 center-block text-center\">\n    <header>\n    <h2>Satisfaction Client Garantie<\/h2>\n    <p>\"Plagiarism Checker X a \u00e9t\u00e9 con\u00e7u conform\u00e9ment aux retours, suggestions et commentaires techniques du march\u00e9. La rapidit\u00e9, la pr\u00e9cision et l'interface utilisateur simple nous ont apport\u00e9 des clients satisfaits et fid\u00e8les.\"<\/p>\n    <div class=\"row\">\n    <div class=\"col-md-8 center-block text-center\">\n    <figure><img src=\"https:\/\/cdn.plagiarismcheckerx.com\/images\/credit-cards-2.png\" loading=\"lazy\" alt=\"Credit Cards\"> <\/figure>\n    <\/div><\/div>\n    <\/header>\n    <div>\n    <a href=\"..\/download-thank-you\" class=\"btn btn-large btn-gray\">T\u00c9L\u00c9CHARGER GRATUITEMENT<\/a>&nbsp;\n    <a href=\"..\/buy\" class=\"btn btn-large\">Acheter Maintenant<\/a>\n    <\/div>\n    <\/div>\n    <\/div>\n    <\/div>\n    <\/section>\n\n\n    <\/div>\n\n\n\n<p><\/p>\n","protected":false},"excerpt":{"rendered":"<p>V\u00e9rificateur de Plagiat pour les Enseignants Plagiat Checker X est une b\u00e9n\u00e9diction pour les enseignants. Cela leur fait gagner du temps en fournissant une fonction de recoupage en masse et un service de v\u00e9rification rapide du contenu en ligne. D\u00e9sormais, ils peuvent facilement d\u00e9tecter le plagiat dans les devoirs, les th\u00e8ses et les articles en [&hellip;]<\/p>\n","protected":false},"author":1,"featured_media":0,"parent":0,"menu_order":0,"comment_status":"closed","ping_status":"closed","template":"","meta":[],"_links":{"self":[{"href":"https:\/\/plagiarismcheckerx.com\/fr\/wp-json\/wp\/v2\/pages\/48"}],"collection":[{"href":"https:\/\/plagiarismcheckerx.com\/fr\/wp-json\/wp\/v2\/pages"}],"about":[{"href":"https:\/\/plagiarismcheckerx.com\/fr\/wp-json\/wp\/v2\/types\/page"}],"author":[{"embeddable":true,"href":"https:\/\/plagiarismcheckerx.com\/fr\/wp-json\/wp\/v2\/users\/1"}],"replies":[{"embeddable":true,"href":"https:\/\/plagiarismcheckerx.com\/fr\/wp-json\/wp\/v2\/comments?post=48"}],"version-history":[{"count":3,"href":"https:\/\/plagiarismcheckerx.com\/fr\/wp-json\/wp\/v2\/pages\/48\/revisions"}],"predecessor-version":[{"id":359,"href":"https:\/\/plagiarismcheckerx.com\/fr\/wp-json\/wp\/v2\/pages\/48\/revisions\/359"}],"wp:attachment":[{"href":"https:\/\/plagiarismcheckerx.com\/fr\/wp-json\/wp\/v2\/media?parent=48"}],"curies":[{"name":"wp","href":"https:\/\/api.w.org\/{rel}","templated":true}]}}