{"id":44,"date":"2020-11-25T09:32:45","date_gmt":"2020-11-25T09:32:45","guid":{"rendered":"https:\/\/plagiarismcheckerx.com\/wordpress\/es\/?page_id=44"},"modified":"2020-12-01T17:50:55","modified_gmt":"2020-12-01T17:50:55","slug":"plagiarism-checker-for-students","status":"publish","type":"page","link":"https:\/\/plagiarismcheckerx.com\/fr\/plagiarism-checker-for-students","title":{"rendered":"For Students"},"content":{"rendered":"\n<section id=\"services\">\n\n<div class=\"container inner-top-md\">\n\n<div class=\"row inner-bottom-sm\">\n\n<div class=\"col-md-4 col-md-offset-1\">\n<figure><img src=\"https:\/\/cdn.plagiarismcheckerx.com\/images\/students.jpg\" alt=\"\"><\/figure>\n<\/div>\n\n<div class=\"col-md-7\">\n\n<h1 class=\"text-center\">Plagiarism Checker X Pour les \u00c9tudiants<\/h1>\n\n<p>Plagiarism Checker X est l&#8217;un des d\u00e9tecteurs de plagiat les plus fiables et les plus faciles \u00e0 utiliser du march\u00e9. Avec son aide, les \u00e9tudiants peuvent facilement d\u00e9tecter le plagiat dans leurs devoirs et ainsi avoir de meilleures notes. T\u00e9l\u00e9chargez le logiciel d\u00e8s aujourd&#8217;hui et profitez des services de d\u00e9tection de plagiat en ligne, de plagiat de sites Web et d&#8217;analyse de contenu en masse.<\/p>\n\n<div align=\"center\">\n<a href=\"..\/download-thank-you\" class=\"btn btn-large btn-gray\">Free Download<\/a>\n<a href=\"..\/buy\" class=\"btn btn-large\">Buy PRO<\/a>\n<\/div>\n\n<\/div>\n\n<\/div>\n\n<\/div>\n\n<\/section>\n\n\n\n<section id=\"features\" class=\"light-bg\">\n\n<div class=\"container inner-xs\">\n\n<div class=\"row\">\n<div class=\"col-md-11 col-md-offset-1\">\n<header class=\"text-center\">\n<h2>Nous aidons les \u00e9tudiants<\/h2>\n<\/header>\n<p>Plagiarism Checker X est une b\u00e9n\u00e9diction pour les \u00e9tudiants, qui profiteront des nombreux avantages et avantages de ce d\u00e9tecteur de plagiat haut de gamme. L&#8217;une des principales exigences pour tout article ou devoir acad\u00e9mique est qu&#8217;il ne contienne pas de violations de droits d&#8217;auteur et de plagiat.<\/p>\n<\/div>\n<\/div>\n\n<div class=\"row inner-top-sm col-md-offset-1\">\n\n<div class=\"col-sm-1\">\n<div class=\"icon pull-right\">\n<i class=\"icon-lamp icn lg\"><\/i>\n<\/div>\n<\/div>\n\n<div class=\"col-sm-5 inner-bottom-sm\">\n<h3>Vue d&#8217;ensemble<\/h3>\n<p class=\"text-small\">Une solution rapide, pr\u00e9cise et \u00e9conomique par rapport aux autres solutions disponibles. Cela ne les oblige pas \u00e0 soumettre leurs travaux de recherche ou leurs missions dans notre base de donn\u00e9es. Voici quelques caract\u00e9ristiques importantes de Plagiarism Checker X qui peuvent expliquer son caract\u00e8re unique.<\/p>\n<\/div>\n\n<div class=\"col-sm-1\">\n<div class=\"icon pull-right\">\n<i class=\"icon-doc icn lg\"><\/i>\n<\/div>\n<\/div>\n\n<div class=\"col-sm-5 inner-bottom-sm\">\n<h3>Un Produit, pas un Service<\/h3>\n<p class=\"text-small\">Plagiarism Checker X est un produit, pas un service &#8211; nous ne facturons pas pour chaque document que vous soumettez. Votre contenu est totalement s\u00e9curis\u00e9\u00a0: nous ne stockons rien sur nos serveurs.<\/p>\n<\/div>\n\n<\/div>\n\n<div class=\"row inner-top-x col-md-offset-1\">\n\n<div class=\"col-sm-1\">\n<div class=\"icon pull-right\">\n<i class=\"icon-chart-pie icn lg\"><\/i>\n<\/div>\n<\/div>\n\n<div class=\"col-sm-5 inner-bottom-sm\">\n<h3>Rapports D\u00e9taill\u00e9s<\/h3>\n<p class=\"text-small\">En un seul clic, Plagiarism Checker X g\u00e9n\u00e8re des rapports et des statistiques HTML ou docx d\u00e9taill\u00e9s. Il fournit une analyse approfondie de la qualit\u00e9 du contenu et des sources r\u00e9f\u00e9renc\u00e9es, et met en \u00e9vidence la section copi\u00e9e. Les utilisateurs peuvent \u00e9galement enregistrer le rapport sur leur machine pour le consulter ult\u00e9rieurement.<\/p>\n<\/div>\n\n<div class=\"col-sm-1\">\n<div class=\"icon pull-right\">\n<i class=\"icon-gift icn lg\"><\/i>\n<\/div>\n<\/div>\n\n<div class=\"col-sm-5 inner-bottom-sm\">\n<h3>Dans Votre Budget<\/h3>\n<p class=\"text-small\">Nous comprenons que les \u00e9tudiants sont tr\u00e8s soucieux de leurs finances. Par cons\u00e9quent, nous vous proposons des packages tr\u00e8s raisonnables ainsi qu&#8217;une version gratuite \u00e0 vie. Payez une fois et profitez d&#8217;une licence \u00e0 vie. Les abonn\u00e9s n&#8217;ont pas besoin de payer pour tout document soumis\u2009; au lieu de cela, payez un petit montant une seule fois.<\/p>\n<\/div>\n<\/div>\n\n<\/div>\n<\/section>\n\n    <section id=\"what-are-you-waiting-for\">\n    <div class=\"container inner-sm\">\n    <div class=\"row\">\n    <div class=\"col-md-10 col-sm-9 center-block text-center\">\n    <header>\n    <h2>Alors, qu\u2019est-ce que vous attendez?<\/h2>\n    <\/header>\n    <p>En bref, cet outil facile \u00e0 utiliser peut vous aider \u00e0 \u00e9viter les complexit\u00e9s des outils de v\u00e9rification du plagiat en ligne et des p\u00e9nalit\u00e9s acad\u00e9miques. Il y a des universit\u00e9s o\u00f9 les \u00e9tudiants doivent faire face \u00e0 des peines extr\u00eames comme des probations acad\u00e9miques, des amendes et m\u00eame l'expulsion. Si la cession viole les droits d'auteur, elle peut entra\u00eener des attaques et poursuites p\u00e9nales. Par cons\u00e9quent, il est tr\u00e8s important d'avoir un d\u00e9tecteur de plagiat.<\/p>\n    <div class=\"row\">\n    <div class=\"col-md-8 center-block text-center\">\n    <figure><img src=\"https:\/\/cdn.plagiarismcheckerx.com\/images\/credit-cards-2.png\" loading=\"lazy\" alt=\"Credit Cards\"> <\/figure>\n    <\/div><\/div>\n    <div>\n    <a href=\"..\/download-thank-you\" class=\"btn btn-large btn-gray\">T\u00c9L\u00c9CHARGER GRATUITEMENT<\/a>&nbsp;\n    <a href=\"..\/buy\" class=\"btn btn-large\">Acheter Maintenant<\/a>\n    <\/div>\n    <\/div>\n    <\/div>\n    <\/div>\n    <\/section>\n\n\n    \n\n\n\n<p><\/p>\n","protected":false},"excerpt":{"rendered":"<p>Plagiarism Checker X Pour les \u00c9tudiants Plagiarism Checker X est l&#8217;un des d\u00e9tecteurs de plagiat les plus fiables et les plus faciles \u00e0 utiliser du march\u00e9. Avec son aide, les \u00e9tudiants peuvent facilement d\u00e9tecter le plagiat dans leurs devoirs et ainsi avoir de meilleures notes. T\u00e9l\u00e9chargez le logiciel d\u00e8s aujourd&#8217;hui et profitez des services de [&hellip;]<\/p>\n","protected":false},"author":1,"featured_media":0,"parent":0,"menu_order":0,"comment_status":"closed","ping_status":"closed","template":"","meta":[],"_links":{"self":[{"href":"https:\/\/plagiarismcheckerx.com\/fr\/wp-json\/wp\/v2\/pages\/44"}],"collection":[{"href":"https:\/\/plagiarismcheckerx.com\/fr\/wp-json\/wp\/v2\/pages"}],"about":[{"href":"https:\/\/plagiarismcheckerx.com\/fr\/wp-json\/wp\/v2\/types\/page"}],"author":[{"embeddable":true,"href":"https:\/\/plagiarismcheckerx.com\/fr\/wp-json\/wp\/v2\/users\/1"}],"replies":[{"embeddable":true,"href":"https:\/\/plagiarismcheckerx.com\/fr\/wp-json\/wp\/v2\/comments?post=44"}],"version-history":[{"count":2,"href":"https:\/\/plagiarismcheckerx.com\/fr\/wp-json\/wp\/v2\/pages\/44\/revisions"}],"predecessor-version":[{"id":356,"href":"https:\/\/plagiarismcheckerx.com\/fr\/wp-json\/wp\/v2\/pages\/44\/revisions\/356"}],"wp:attachment":[{"href":"https:\/\/plagiarismcheckerx.com\/fr\/wp-json\/wp\/v2\/media?parent=44"}],"curies":[{"name":"wp","href":"https:\/\/api.w.org\/{rel}","templated":true}]}}