{"id":30,"date":"2020-11-25T06:49:23","date_gmt":"2020-11-25T06:49:23","guid":{"rendered":"https:\/\/plagiarismcheckerx.com\/wordpress\/es\/?page_id=30"},"modified":"2021-01-16T08:28:58","modified_gmt":"2021-01-16T08:28:58","slug":"home","status":"publish","type":"page","link":"https:\/\/plagiarismcheckerx.com\/fr\/","title":{"rendered":"HOME"},"content":{"rendered":"<main>\r\n<section id=\"download\">\r\n<div class=\"container inner-xs\">\r\n<div class=\"row\">\r\n<div class=\"col-md-7 inner-xs text-center\"><br \/>\r\n<h1 align=\"center\">#1 v\u00e9rificateur de plagiat<\/h1>\r\n<p>Le v\u00e9rificateur de plagiat X vous aide \u00e0 d\u00e9tecter le plagiat dans vos documents de recherche, Blogs, devoirs et sites Web. Avec une vitesse et une pr\u00e9cision plus \u00e9lev\u00e9es, vous pouvez facilement v\u00e9rifier la similarit\u00e9 de votre document en quelques secondes seulement.<\/p>\r\n<a class=\"btn btn-large\" href=\"buy\">GET STARTED<\/a> \u00a0\r\n<p class=\"text-center\"><img src=\"https:\/\/cdn.plagiarismcheckerx.com\/images\/windows-10-logo.png\" alt=\"plagairism checker windows 10, 8, 7\" height=\"32px\" \/> <small>Compatible with Windows 10, 8, 7, and Vista.<\/small><\/p>\r\n<\/div>\r\n<div class=\"col-md-5\"><br \/><img src=\"https:\/\/cdn.plagiarismcheckerx.com\/images\/header-banner-blue.jpg\" alt=\"plagairism checker free\" height=\"395px\" \/><\/div>\r\n<\/div>\r\n<\/div>\r\n<\/section>\r\n<section id=\"standard-tabs-side\" class=\"border-top light-bg\">\r\n<div class=\"container inner-top-md inner-bottom-sm\">\r\n<div class=\"row\">\r\n<div class=\"col-xs-12\">\r\n<div class=\"tabs tabs-circle-top tab-container text-center\">\r\n<ul class=\"etabs\">\r\n<li class=\"tab\"><a href=\"#tab-1\">\u00e9tudiants<\/a><\/li>\r\n<li class=\"tab\"><a href=\"#tab-2\">enseignants<\/a><\/li>\r\n<li class=\"tab\"><a href=\"#tab-3\">Writers &amp; Journalists<\/a><\/li>\r\n<li class=\"tab\"><a href=\"#tab-4\">Digital Marketers<\/a><\/li>\r\n<li class=\"tab\"><a href=\"#tab-5\">R\u00e9compenses<\/a><\/li>\r\n<\/ul>\r\n<div class=\"panel-container\">\r\n<div id=\"tab-1\" class=\"tab-content\">\r\n<div class=\"row\">\r\n<div class=\"col-md-4 col-md-offset-1\">\r\n<figure><img style=\"filter: grayscale(100);\" src=\"https:\/\/cdn.plagiarismcheckerx.com\/images\/students.jpg\" alt=\"Similarity Scanner for Students\" \/><\/figure>\r\n<\/div>\r\n<div class=\"col-md-5 text-left\">\r\n<h2>\u00e9tudiants<\/h2>\r\n<p>Le v\u00e9rificateur de plagiat X aide les \u00e9tudiants \u00e0 v\u00e9rifier les probl\u00e8mes de duplication dans leurs devoirs et papiers. Vous pouvez facilement v\u00e9rifier le plagiat et trouver les sources originales, les citations correctes, et, par cons\u00e9quent, obtenir les meilleures notes. <br \/><a class=\"btn btn-green\" href=\"plagiarism-checker-for-students\">Know More!<\/a><\/p>\r\n<\/div>\r\n<\/div>\r\n<\/div>\r\n<div id=\"tab-2\" class=\"tab-content\">\r\n<div class=\"row\">\r\n<div class=\"col-md-4 col-md-offset-1\">\r\n<figure><img style=\"filter: grayscale(100);\" src=\"https:\/\/cdn.plagiarismcheckerx.com\/images\/teachers.jpg\" alt=\"Similarity Scanner for Teachers\" \/><\/figure>\r\n<\/div>\r\n<div class=\"col-md-5 text-left\">\r\n<h2>enseignants<\/h2>\r\n<p>En tant qu&#8217;enseignant, vous pouvez utiliser le v\u00e9rificateur de plagiat pour v\u00e9rifier vos propres documents de recherche et les devoirs de vos \u00e9tudiants. La fonction Bulk Search vous permet de v\u00e9rifier un lot entier de documents en un seul clic. En outre, vous pouvez d\u00e9tecter le plagiat dans les documents et les contenus publi\u00e9s. <br \/><a class=\"btn btn-green\" href=\"plagiarism-checker-for-teachers\">Know More!<\/a><\/p>\r\n<\/div>\r\n<\/div>\r\n<\/div>\r\n<div id=\"tab-3\" class=\"tab-content\">\r\n<div class=\"row\">\r\n<div class=\"col-md-4 col-md-offset-1\">\r\n<figure><img style=\"filter: grayscale(100);\" src=\"https:\/\/cdn.plagiarismcheckerx.com\/images\/publishers.jpg\" alt=\"Similarity Scanner for Publishers\" \/><\/figure>\r\n<\/div>\r\n<div class=\"col-md-5 text-left\">\r\n<h2>Writers &amp; Journalists<\/h2>\r\n<p>For online publishers such as writers &amp; journalists, unique content is very important. Your main challenge is producing or obtaining original content. Whether you\u2019re a blog owner or a professional content writer, Plagiarism Checker X can help you avoid potential contnet similarity. <br \/><a class=\"btn btn-green\" href=\"plagiarism-checker-for-publishers\">Know More!<\/a><\/p>\r\n<\/div>\r\n<\/div>\r\n<\/div>\r\n<div id=\"tab-4\" class=\"tab-content\">\r\n<div class=\"row\">\r\n<div class=\"col-md-10 text-center center-block\">\r\n<h2>Digital Marketers<\/h2>\r\n<p>Digital Marketers and SEO experts understand the value of original content. Pages never achieve a high rank in leading search engines, such as Google or Bing, unless their content is fresh, unique, and well written. Plagiarism Checker X helps you discover similarity rank of your written content before submitting to search engines. <br \/><\/p>\r\n<\/div>\r\n<\/div>\r\n<\/div>\r\n<div id=\"tab-5\" class=\"tab-content\">\r\n<div class=\"row\">\r\n<div class=\"col-md-4 col-md-offset-1\">\r\n<figure><img style=\"filter: grayscale(100);\" src=\"https:\/\/cdn.plagiarismcheckerx.com\/images\/awards.jpg\" alt=\"Similarity Detector for SEO Experts\" \/><\/figure>\r\n<\/div>\r\n<div class=\"col-md-5 text-left\">\r\n<h2>R\u00e9compenses et certifications<\/h2>\r\n<p>Le v\u00e9rificateur de plagiat X est un logiciel prim\u00e9. Oui, nous n&#8217;aimons pas se vanter mais nous partageons avec joie nos r\u00e9alisations et notre reconnaissance internationale. Les critiques positives que nous avons re\u00e7ues de nombreuses organisations ind\u00e9pendantes, li\u00e9es \u00e0 l&#8217;industrie et les organismes d&#8217;essai sont une valeur ajour\u00e9 pour nous<\/p>\r\n<\/div>\r\n<\/div>\r\n<\/div>\r\n<\/div>\r\n<\/div>\r\n<\/div>\r\n<\/div>\r\n<\/div>\r\n<\/section>\r\n<section id=\"features\">\r\n<div class=\"container inner-sm\">\r\n<div class=\"row\">\r\n<div class=\"col-md-10 col-sm-9 center-block text-center\">\r\n<h2>Fonctionnalit\u00e9s du d\u00e9tecteur de plagiat<\/h2>\r\n<p>Les points suivants indiquent les raisons pour lesquelles vous devriez utiliser ce produit. Ce sont \u00e9galement des fonctionnalit\u00e9s comp\u00e9titives qui lui donnent un avantage sur les solutions alternatives.<\/p>\r\n<\/div>\r\n<\/div>\r\n<div class=\"row text-center inner-top-xs inner-bottom-xs\">\r\n<div class=\"col-sm-4\">\r\n<h3>Compatibilit\u00e9 accrue<\/h3>\r\n<p class=\"text-small\">Le v\u00e9rificateur de plagiat X est con\u00e7u pour examiner les formats de fichiers les plus populaires, y compris doc, docx, RTF, PDF, et texte brut, et il est compatible avec Windows 10, 8, 7 et Vista.<\/p>\r\n<\/div>\r\n<div class=\"col-sm-4\">\r\n<h3>Disponible en 7 langues<\/h3>\r\n<p class=\"text-small\">Aucunes barri\u00e8res linguistiques pour les utilisateurs internationaux: Le v\u00e9rificateur de plagiat X est maintenant disponible en anglais, espagnol, fran\u00e7ais, allemand, italien, n\u00e9erlandais et portugais.<\/p>\r\n<\/div>\r\n<div class=\"col-sm-4\">\r\n<h3>Utiliser dans plus de 80 pays<\/h3>\r\n<p class=\"text-small\">Les personnes de plus de 80 pays b\u00e9n\u00e9ficient des avantages du v\u00e9rificateur de plagiat X. Nos clients sont situ\u00e9s aux \u00c9tats-Unis, au Royaume-Uni, au Canada, en Indon\u00e9sie, en Allemagne, en Inde et en Malaisie et dans de nombreux autres pays.<\/p>\r\n<\/div>\r\n<\/div>\r\n<div class=\"row inner-top-xs\">\r\n<div class=\"col-sm-1 col-md-offset-1\">\r\n<div class=\"icon pull-right\">\u00a0<\/div>\r\n<\/div>\r\n<div class=\"col-sm-4 inner-bottom-sm\">\r\n<h3>Online Plagiat-Erkennung<\/h3>\r\n<p class=\"text-small\">Le v\u00e9rificateur de plagiat X aide les \u00e9tudiants, les enseignants et les chercheurs professionnels \u00e0 v\u00e9rifier rapidement et avec une grande pr\u00e9cision le plagiat dans leurs documents.<\/p>\r\n<\/div>\r\n<div class=\"col-sm-1\">\r\n<div class=\"icon pull-right\">\u00a0<\/div>\r\n<\/div>\r\n<div class=\"col-sm-4 inner-bottom-sm\">\r\n<h3>Comparaison juxtapos\u00e9e<\/h3>\r\n<p class=\"text-small\">Vous pouvez faire une comparaison juxtapos\u00e9e pour v\u00e9rifier les similitudes. Cette fonctionnalit\u00e9 met en \u00e9vidence les contenus originaux et alternatifs partout o\u00f9 il trouve des duplicatas.<\/p>\r\n<\/div>\r\n<\/div>\r\n<div class=\"row\">\r\n<div class=\"col-sm-1 col-md-offset-1\">\r\n<div class=\"icon pull-right\">\u00a0<\/div>\r\n<\/div>\r\n<div class=\"col-sm-4 inner-bottom-sm\">\r\n<h3>Bulk Search<\/h3>\r\n<p class=\"text-small\">Les enseignants doivent v\u00e9rifier plusieurs devoirs, une t\u00e2che difficile et prend du temps. Avec notre fonction Bulk Search , vous pouvez num\u00e9riser un lot complet d&#8217;affectations en un seul clic.<\/p>\r\n<\/div>\r\n<div class=\"col-sm-1\">\r\n<div class=\"icon pull-right\">\u00a0<\/div>\r\n<\/div>\r\n<div class=\"col-sm-4 inner-bottom-sm\">\r\n<h3>V\u00e9rification des Page Web\/Blogs<\/h3>\r\n<p class=\"text-small\">Les auteurs de contenu Web, les blogueurs et les \u00e9diteurs peuvent utiliser le v\u00e9rificateur de plagiat X pour analyser la qualit\u00e9 de leur contenu en ligne afin d&#8217;\u00e9viter les p\u00e9nalit\u00e9s des moteurs de recherche.<\/p>\r\n<\/div>\r\n<\/div>\r\n<div class=\"row\">\r\n<div class=\"col-sm-1 col-md-offset-1\">\r\n<div class=\"icon pull-right\">\u00a0<\/div>\r\n<\/div>\r\n<div class=\"col-sm-4\">\r\n<h3>Analyseur des mots cl\u00e9s<\/h3>\r\n<p class=\"text-small\">Si vous \u00eates un expert en r\u00e9f\u00e9rencement, alors vous connaissez l&#8217;importance des mots-cl\u00e9s. \u00c0 l&#8217;aide de cet outil, vous pouvez maintenant extraire les mots cl\u00e9s ainsi que leur rapport d&#8217;occurrence et de densit\u00e9.<\/p>\r\n<\/div>\r\n<div class=\"col-sm-1\">\r\n<div class=\"icon pull-right\">\u00a0<\/div>\r\n<\/div>\r\n<div class=\"col-sm-4\">\r\n<h3>Rapports exhaustifs<\/h3>\r\n<p class=\"text-small\">D\u00e9taill\u00e9e et compl\u00e8te des rapports Word\/PDF est une marque de fabrique du logiciel de v\u00e9rification de plagiat X. Les rapports sont mis en \u00e9vidence par couleur, indiquant le niveau de plagiat.<\/p>\r\n<\/div>\r\n<\/div>\r\n<\/div>\r\n<\/section>\r\n<div class=\"light-bg\">\n\n<section id=\"clients\">\n<div class=\"container inner-sm\">\n\n<div class=\"row\">\n<div class=\"col-md-8 col-sm-9 center-block text-center\">\n<header>\n<h2>Utiliser par des instituts renomm\u00e9s<\/h2>\n<p>Nous appr\u00e9cions nos exp\u00e9riences de client. La rapidit\u00e9, l'exactitude et l'interface utilisateur facile a rendu les clients satisfaits et fid\u00e8les.<\/p>\n<\/header>\n<\/div>\n<\/div>\n\n<div class=\"row inner-top-xs\">\n<div class=\"col-sm-12\">\n<div id=\"owl-clients\" class=\"owl-carousel owl-outer-nav\">\n\n<div class=\"item\">\n<figure>\n<figcaption class=\"text-overlay\">\n<div class=\"info\">\n<h4>IEEE<\/h4>\n<\/div>\n<\/figcaption>\n<img class=\"SliceImages OrgImage1\">\n<\/figure>\n<\/div>\n\n<div class=\"item\">\n<figure>\n<figcaption class=\"text-overlay\">\n<div class=\"info\">\n<h4>American University of Science And Technology<\/h4>\n<\/div>\n<\/figcaption>\n<img class=\"SliceImages OrgImage2\">\n<\/figure>\n<\/div>\n\n<div class=\"item\">\n<figure>\n<figcaption class=\"text-overlay\">\n<div class=\"info\">\n<h4>Remington College<\/h4>\n<\/div>\n<\/figcaption>\n<img class=\"SliceImages OrgImage3\">\n<\/figure>\n<\/div>\n\n<div class=\"item\">\n<figure>\n<figcaption class=\"text-overlay\">\n<div class=\"info\">\n<h4>JM Field Marketing<\/h4>\n<\/div>\n<\/figcaption>\n<img class=\"SliceImages OrgImage4\">\n<\/figure>\n<\/div>\n\n<div class=\"item\">\n<figure>\n<figcaption class=\"text-overlay\">\n<div class=\"info\">\n<h4>University of Maribor<\/h4>\n<\/div>\n<\/figcaption>\n<img class=\"SliceImages OrgImage5\">\n<\/figure>\n<\/div>\n\n<div class=\"item\">\n<figure>\n<figcaption class=\"text-overlay\">\n<div class=\"info\">\n<h4>Great American Cookies<\/h4>\n<\/div>\n<\/figcaption>\n<img class=\"SliceImages OrgImage6\">\n<\/figure>\n<\/div>\n\n<div class=\"item\">\n<figure>\n<figcaption class=\"text-overlay\">\n<div class=\"info\">\n<h4>Ohio University<\/h4>\n<\/div>\n<\/figcaption>\n<img class=\"SliceImages OrgImage7\">\n<\/figure>\n<\/div>\n\n<div class=\"item\">\n<figure>\n<figcaption class=\"text-overlay\">\n<div class=\"info\">\n<h4>University Of Massachusetts Boston<\/h4>\n<\/div>\n<\/figcaption>\n<img class=\"SliceImages OrgImage8\">\n<\/figure>\n<\/div>\n\n<div class=\"item\">\n<figure>\n<figcaption class=\"text-overlay\">\n<div class=\"info\">\n<h4>Labournet Services India<\/h4>\n<\/div>\n<\/figcaption>\n<img class=\"SliceImages OrgImage9\">\n<\/figure>\n<\/div>\n\n<div class=\"item\">\n<figure>\n<figcaption class=\"text-overlay\">\n<div class=\"info\">\n<h4>King Saud University<\/h4>\n<\/div>\n<\/figcaption>\n<img class=\"SliceImages OrgImage10\">\n<\/figure>\n<\/div>\n\n<div class=\"item\">\n<figure>\n<figcaption class=\"text-overlay\">\n<div class=\"info\">\n<h4>Delta-State-University-Abraka<\/h4>\n<\/div>\n<\/figcaption>\n<img class=\"SliceImages OrgImage11\">\n<\/figure>\n<\/div>\n\n<div class=\"item\">\n<figure>\n<figcaption class=\"text-overlay\">\n<div class=\"info\">\n<h4>Trinity College<\/h4>\n<\/div>\n<\/figcaption>\n<img class=\"SliceImages OrgImage12\">\n<\/figure>\n<\/div>\n\n<\/div>\n<\/div>\n<\/div>\n\n<\/div>\n<\/section>\n\n<\/div>\r\n\n\n<section id=\"your-data-is-safe\">\n<div class=\"container inner-sm\">\n<div class=\"row\">\n<div class=\"col-md-10 col-sm-9 center-block text-center\">\n<header>\n<h2>Vos donn\u00e9es sont s\u00e9curis\u00e9es dans votre appareil, vous ne devez pas le t\u00e9l\u00e9charger<\/h2>\n<p>\"En tant qu'utilisateur, vous n'\u00eates pas tenu de t\u00e9l\u00e9charger vos devoirs et contenus dans notre base de donn\u00e9es; au lieu de cela, les fichiers restent avec vous. Cette fonctionnalit\u00e9 rend le v\u00e9rificateur de plagiat X tr\u00e8s diff\u00e9rent du reste des fournisseurs de services sur le march\u00e9. Alors, d\u00e9p\u00eachez-vous! Prenez une copie ici!\".<\/p>\n<div class=\"row\">\n<div class=\"col-md-8 center-block text-center\">\n<figure><img src=\"https:\/\/cdn.plagiarismcheckerx.com\/images\/credit-cards-2.png\" alt=\"Credit Cards\"> <\/figure>\n<\/div><\/div>\n<\/header>\n<div>\n<a href=\"..\/download-thank-you\" class=\"btn btn-large\">T\u00c9L\u00c9CHARGER GRATUITEMENT<\/a> \n<a href=\"..\/buy\" class=\"btn btn-large\">Acheter Maintenant<\/a>\n<\/div>\n<\/div>\n<\/div>\n<\/div>\n<\/section>\n\n<\/main>","protected":false},"excerpt":{"rendered":"<p>#1 v\u00e9rificateur de plagiat Le v\u00e9rificateur de plagiat X vous aide \u00e0 d\u00e9tecter le plagiat dans vos documents de recherche, Blogs, devoirs et sites Web. Avec une vitesse et une pr\u00e9cision plus \u00e9lev\u00e9es, vous pouvez facilement v\u00e9rifier la similarit\u00e9 de votre document en quelques secondes seulement. GET STARTED \u00a0 Compatible with Windows 10, 8, 7, [&hellip;]<\/p>\n","protected":false},"author":1,"featured_media":0,"parent":0,"menu_order":0,"comment_status":"closed","ping_status":"closed","template":"","meta":[],"_links":{"self":[{"href":"https:\/\/plagiarismcheckerx.com\/fr\/wp-json\/wp\/v2\/pages\/30"}],"collection":[{"href":"https:\/\/plagiarismcheckerx.com\/fr\/wp-json\/wp\/v2\/pages"}],"about":[{"href":"https:\/\/plagiarismcheckerx.com\/fr\/wp-json\/wp\/v2\/types\/page"}],"author":[{"embeddable":true,"href":"https:\/\/plagiarismcheckerx.com\/fr\/wp-json\/wp\/v2\/users\/1"}],"replies":[{"embeddable":true,"href":"https:\/\/plagiarismcheckerx.com\/fr\/wp-json\/wp\/v2\/comments?post=30"}],"version-history":[{"count":5,"href":"https:\/\/plagiarismcheckerx.com\/fr\/wp-json\/wp\/v2\/pages\/30\/revisions"}],"predecessor-version":[{"id":387,"href":"https:\/\/plagiarismcheckerx.com\/fr\/wp-json\/wp\/v2\/pages\/30\/revisions\/387"}],"wp:attachment":[{"href":"https:\/\/plagiarismcheckerx.com\/fr\/wp-json\/wp\/v2\/media?parent=30"}],"curies":[{"name":"wp","href":"https:\/\/api.w.org\/{rel}","templated":true}]}}