{"id":298,"date":"2020-11-28T15:57:59","date_gmt":"2020-11-28T15:57:59","guid":{"rendered":"https:\/\/plagiarismcheckerx.com\/wordpress\/es\/?page_id=298"},"modified":"2020-12-08T12:11:22","modified_gmt":"2020-12-08T12:11:22","slug":"faqs","status":"publish","type":"page","link":"https:\/\/plagiarismcheckerx.com\/fr\/faqs","title":{"rendered":"Faqs"},"content":{"rendered":"\r\n\r\n<section id=\"faqs\">\r\n<div class=\"container\">\r\n<div class=\"row\">\r\n<div class=\"col-md-9 inner-sm center-block\">\r\n<h1>FAQ<\/h1>\r\n<p>Trouvez les r\u00e9ponses aux questions fr\u00e9quemment pos\u00e9es ici.<br \/><\/p>\r\n\r\n<h3>Qu&#8217;est-ce que Plagiarism Checker X\u2009?<\/h3>\r\n<p>Plagiarism Checker X est un outil d&#8217;analyse de contenu de premier plan qui aide les utilisateurs \u00e0 identifier le niveau de plagiat dans leur contenu. Avec une vitesse et une pr\u00e9cision trois fois sup\u00e9rieures, cette application de bureau profite \u00e0 ses clients depuis trois ans.<br \/><br \/><\/p>\r\n<h3>Qu&#8217;est-ce que la V\u00e9rification du Plagiat en Ligne\u2009?<\/h3>\r\n<p>La v\u00e9rification du plagiat en ligne est un service fourni par Plagiarism Checker X. Gr\u00e2ce \u00e0 cette fonctionnalit\u00e9, les utilisateurs peuvent v\u00e9rifier l&#8217;authenticit\u00e9 de leur contenu par rapport \u00e0 16 milliards de pages publi\u00e9es. Cette fonctionnalit\u00e9 aide les \u00e9tudiants, les \u00e9crivains et les chercheurs \u00e0 \u00e9viter toute violation des droits d&#8217;auteur.<br \/><br \/><\/p>\r\n<h3>Qu&#8217;est-ce que la Comparaison Juxtapos\u00e9e\u2009?<\/h3>\r\n<p>La comparaison juxtapos\u00e9e est un autre service fourni par Plagiarism Checker X. Cette fonctionnalit\u00e9 permet aux utilisateurs d&#8217;\u00e9valuer leur contenu entre deux fen\u00eatres et de localiser le contenu copi\u00e9 sans effort.<br \/><br \/><\/p>\r\n<h3>Qu&#8217;est-ce que le Recoupage en Masse\u2009?<\/h3>\r\n<p>Le Recoupage en Masse est un autre service unique fourni par Plagiarism Checker X. Les utilisateurs trouveront cette fonctionnalit\u00e9 tr\u00e8s utile lors de l&#8217;analyse de plusieurs documents pour d\u00e9terminer l&#8217;originalit\u00e9 dans un ou plusieurs r\u00e9f\u00e9rentiels.<br \/><br \/><\/p>\r\n<h3>Enregistrez-Vous Mes Documents\/Devoirs\u2009?<\/h3>\r\n<p>Non, absolument pas. Plagiarism Checker X est tr\u00e8s diff\u00e9rent des autres d\u00e9tecteurs de plagiat en ligne qui vous obligent \u00e0 t\u00e9l\u00e9charger vos documents sur leurs serveurs. Dans cette application de bureau, il vous suffit de copier et coller votre contenu pour lui permettre d&#8217;analyser l&#8217;authenticit\u00e9 du m\u00eame contenu dans \u00ab\u200916 milliards de pages publi\u00e9es\u2009\u00bb. Ainsi, le document est simplement utilis\u00e9 pour le scan, mais il reste stock\u00e9 sur votre ordinateur personnel. Plagiarism Checker X assure strictement la s\u00e9curit\u00e9 de vos donn\u00e9es et garantit une confidentialit\u00e9 ad\u00e9quate. Nous suivons strictement notre principe de ne jamais copier, stocker ou vendre le contenu d&#8217;un client.<br \/><br \/><\/p>\r\n<h3>V\u00e9rifiez-Vous \u00c9galement la Grammaire\u2009?<\/h3>\r\n<p>Pour le moment, nos services sont exclusivement ax\u00e9s sur l&#8217;analyse de qualit\u00e9 du contenu pour le plagiat uniquement. Plagiarism Checker X vous aide \u00e0 r\u00e9diger et \u00e0 soumettre des articles originaux, des devoirs et des documents de recherche.<br \/><br \/><\/p>\r\n<h3>Est-ce que Plagiarism Checker X Est Gratuit\u2009?<\/h3>\r\n<p>Oui, vous pouvez t\u00e9l\u00e9charger le produit et utiliser sa version de base GRATUITEMENT. Cependant, pour profiter de toutes les fonctionnalit\u00e9s et avantages premium, nous vous recommandons de passer \u00e0 l&#8217;\u00e9dition premium (PRO).<br \/><br \/><\/p>\r\n<h3>Combien de Fois Puis-Je Faire un Scan de Recherche de Plagiat\u2009?<\/h3>\r\n<p>Il n&#8217;y a absolument aucune limite lors de l&#8217;utilisation de la \u00ab\u2009version payante\u2009\u00bb de Plagiarism Checker X. Cependant, la version gratuite peut avoir certaines limitations et elle ne fournit pas toutes les fonctionnalit\u00e9s du produit. Pour plus de d\u00e9tails, vous pouvez consulter nos plans d&#8217;abonnement.<br \/><br \/><\/p>\r\n<h3>Plagiarism Checker X Peut-Il Analyser des Documents Volumineux ou Plusieurs Documents en M\u00eame Temps\u2009?<\/h3>\r\n<p>Oui, absolument. Contrairement aux autres v\u00e9rificateurs de plagiat disponibles, Plagiarism Checker X n&#8217;impose aucune \u00ab\u2009limite\u2009\u00bb, que ce soit en nombre de documents ou de mots. Qu&#8217;il s&#8217;agisse d&#8217;une simple v\u00e9rification en ligne ou d&#8217;un recoupage en masse, vous pouvez v\u00e9rifier un grand nombre de mots ou de pages en une seule fois. Cependant, si vous t\u00e9l\u00e9chargez une bonne quantit\u00e9 de pages, le logiciel peut prendre plus de temps pour traiter votre demande. Par cons\u00e9quent, nous vous conseillons de v\u00e9rifier les gros documents par sections ou par pi\u00e8ces.<br \/><br \/><\/p>\r\n<h3>Quels Formats de Fichiers Sont Pris en Charge par Plagiarism Checker X\u2009?<\/h3>\r\n<p>Plagiarism Checker X est un outil tr\u00e8s complet car il est compatible avec une gamme de formats de fichiers. Vous pouvez charger tous les fichiers \u00ab\u2009textuels\u2009\u00bb, y compris les documents Word et PDF ainsi que de nombreux autres formats.<br \/><br \/><\/p>\r\n<h3>Plagiarism Checker X est-il Disponible Dans d&#8217;Autres Langues\u2009?<\/h3>\r\n<p>Oui, actuellement Plagiarism Checker X est disponible avec un support complet en anglais, espagnol, fran\u00e7ais, allemand, italien, n\u00e9erlandais et portugais. En outre, la disponibilit\u00e9 et la prise en charge de plus de langues seront bient\u00f4t disponibles.<br \/><br \/><\/p>\r\n<h3>Comment Changer la Langue de l&#8217;Anglais Vers une Autre Langue dans Plagiarism Checker X\u2009?<\/h3>\r\n<p>Cliquez simplement sur l&#8217;option de langue (situ\u00e9e dans le coin sup\u00e9rieur droit de l&#8217;\u00e9cran du logiciel) et choisissez la langue dans laquelle vous souhaitez travailler. Actuellement, Plagiarism Checker X est disponible avec un support complet en anglais, espagnol, fran\u00e7ais, allemand, italien, n\u00e9erlandais et portugais.<br \/><br \/><\/p>\r\n<h3>Que Mettent en \u00c9vidence les Diff\u00e9rentes Couleurs de Plagiarism Checker X\u2009?<\/h3>\r\n<p>Plagiarism Checker X utilise trois couleurs pour mettre en \u00e9vidence les diff\u00e9rents niveaux de plagiat d\u00e9tect\u00e9s. La couleur bleue repr\u00e9sente un faible niveau de plagiat, allant de 0 \u00e0 19\u00a0%. La couleur verte repr\u00e9sente un niveau moyen de plagiat, allant de 20 \u00e0 39\u00a0%. Alors que la couleur rouge repr\u00e9sente un niveau \u00e9lev\u00e9 de plagiat, allant de 40\u00a0% \u00e0 plus.<br \/><br \/><\/p>\r\n<h3>Quelle Est la Limite de Correspondance de Mots sur Plagiarism Checker X, et Peut-Elle \u00catre Ajust\u00e9e\u2009?<\/h3>\r\n<p>La limite de correspondance de mots par d\u00e9faut sur Plagiarism Checker X est de trois mots cons\u00e9cutifs. Oui, cela peut \u00eatre ajust\u00e9 en fonction de vos pr\u00e9f\u00e9rences personnelles, gr\u00e2ce \u00e0 l&#8217;onglet Options.<br \/><br \/><\/p>\r\n<h3>Comment Puis-Je Acheter\/Souscrire \u00e0 l&#8217;\u00c9dition Premium de Plagiarism Checker X\u2009?<\/h3>\r\n<p>\u00c0 partir de notre site Web, acc\u00e9dez \u00e0 l&#8217;option d&#8217;achat ou \u00e0 la page d&#8217;aper\u00e7u des prix. Choisissez ici le plan qui correspond le mieux \u00e0 vos besoins, c&#8217;est-\u00e0-dire un plan individuel ou un plan d&#8217;entreprise. Cela vous m\u00e8nera \u00e0 une page de paiement s\u00e9curis\u00e9e o\u00f9 vous fournirez des informations de facturation, choisirez les options de paiement et proc\u00e9derez \u00e0 l&#8217;achat\/\u00e0 l&#8217;abonnement \u00e0 nos produits\/services. Nous proposons plus de 15 m\u00e9thodes de paiement, notamment PayPal, Visa, MasterCard, Eurocard et American Express.<br \/><br \/><\/p>\r\n<h3>Les Informations de Ma Carte de Cr\u00e9dit Seront-Elles S\u00e9curis\u00e9es\u2009?<\/h3>\r\n<p>Oui, absolument. Plagiarism Checker X utilise les meilleurs services de cryptage et de traitement des paiements disponibles pour tous les abonnements des clients. Vous pouvez \u00e9galement utiliser Paypal.<br \/><br \/><\/p>\r\n<h3>Je n&#8217;ai Pas de Carte de Cr\u00e9dit ou de Compte PayPal, Alors Comment Puis-Je Acheter\/m&#8217;Abonner \u00e0 Plagiarism Checker X\u2009?<\/h3>\r\n<p>Pas de soucis. Vous pouvez acheter\/vous abonner \u00e0 Plagiarism Checker X par virement bancaire (transaction bancaire locale) ou par paiement par fax. Les d\u00e9tails des deux options de paiement sont fournis lors de la passation de la commande.<br \/><br \/><\/p>\r\n<h3>J&#8217;ai Pass\u00e9 une Commande pour Plagiarism Checker X. Quand Recevrai-Je Mon Produit\u2009?<\/h3>\r\n<p>Tout de suite. D\u00e8s que votre commande est pass\u00e9e, un e-mail est envoy\u00e9 par Plagiarism Checker X, LLC accusant r\u00e9ception du paiement, avec un lien pour le t\u00e9l\u00e9chargement et la cl\u00e9 de produit.<br \/><br \/><\/p>\r\n<h3>Je n&#8217;ai Toujours Re\u00e7u Aucun Mail de Plagiarism Checker X Concernant ma Commande.<\/h3>\r\n<p>Actualisez votre messagerie ou v\u00e9rifiez votre dossier spam. Si vous n&#8217;avez toujours pas re\u00e7u d&#8217;e-mail concernant votre commande, veuillez contacter notre \u00e9quipe d&#8217;assistance.<br \/><br \/><\/p>\r\n<h3>Est-ce Que Plagiarism Checker X Propose une Offre Sp\u00e9ciale Pour les Organisations \u00e0 But Non Lucratif\u2009?<\/h3>\r\n<p>Bien s\u00fbr que oui\u2009! Nous offrons une r\u00e9duction forfaitaire de 20\u00a0% pour tous les organismes \u00e0 but non lucratif. Contactez-nous simplement avec une preuve de votre statut d&#8217;organisme \u00e0 but non lucratif.<br \/><br \/><\/p>\r\n<h3>Est-ce que Plagiarism Checker X Offre des Remises Pour Achats Group\u00e9s\u2009?<\/h3>\r\n<p>Oui, c&#8217;est quelque chose que nous proposons. Si vous pr\u00e9voyez d&#8217;acheter 20 licences ou plus, veuillez contacter notre \u00e9quipe d&#8217;assistance \u00e0 l&#8217;adresse <a href=\"https:\/\/plagiarismcheckerx.com\/contact\">https:\/\/plagiarismcheckerx.com\/contact<\/a><br \/><br \/><\/p>\r\n\r\n<\/div>\r\n<\/div>\r\n<\/div>\r\n<\/section>\r\n\r\n","protected":false},"excerpt":{"rendered":"<p>FAQ Trouvez les r\u00e9ponses aux questions fr\u00e9quemment pos\u00e9es ici. Qu&#8217;est-ce que Plagiarism Checker X\u2009? Plagiarism Checker X est un outil d&#8217;analyse de contenu de premier plan qui aide les utilisateurs \u00e0 identifier le niveau de plagiat dans leur contenu. Avec une vitesse et une pr\u00e9cision trois fois sup\u00e9rieures, cette application de bureau profite \u00e0 ses [&hellip;]<\/p>\n","protected":false},"author":1,"featured_media":0,"parent":0,"menu_order":0,"comment_status":"closed","ping_status":"closed","template":"","meta":[],"_links":{"self":[{"href":"https:\/\/plagiarismcheckerx.com\/fr\/wp-json\/wp\/v2\/pages\/298"}],"collection":[{"href":"https:\/\/plagiarismcheckerx.com\/fr\/wp-json\/wp\/v2\/pages"}],"about":[{"href":"https:\/\/plagiarismcheckerx.com\/fr\/wp-json\/wp\/v2\/types\/page"}],"author":[{"embeddable":true,"href":"https:\/\/plagiarismcheckerx.com\/fr\/wp-json\/wp\/v2\/users\/1"}],"replies":[{"embeddable":true,"href":"https:\/\/plagiarismcheckerx.com\/fr\/wp-json\/wp\/v2\/comments?post=298"}],"version-history":[{"count":4,"href":"https:\/\/plagiarismcheckerx.com\/fr\/wp-json\/wp\/v2\/pages\/298\/revisions"}],"predecessor-version":[{"id":382,"href":"https:\/\/plagiarismcheckerx.com\/fr\/wp-json\/wp\/v2\/pages\/298\/revisions\/382"}],"wp:attachment":[{"href":"https:\/\/plagiarismcheckerx.com\/fr\/wp-json\/wp\/v2\/media?parent=298"}],"curies":[{"name":"wp","href":"https:\/\/api.w.org\/{rel}","templated":true}]}}