{"id":227,"date":"2020-11-27T18:24:56","date_gmt":"2020-11-27T18:24:56","guid":{"rendered":"https:\/\/plagiarismcheckerx.com\/wordpress\/es\/?page_id=227"},"modified":"2020-12-04T10:50:00","modified_gmt":"2020-12-04T10:50:00","slug":"contact","status":"publish","type":"page","link":"https:\/\/plagiarismcheckerx.com\/fr\/contact","title":{"rendered":"Contact"},"content":{"rendered":"<p><main><\/main><\/p>\n<style> #contact{ display:none; } <\/style>\n<section id=\"contact-form\">\n<div class=\"container inner-sm\">\n<div class=\"row\">\n<div class=\"col-md-10 col-sm-9 center-block text-center\">\n<header>\n<h1>Contactez-nous<\/h1>\n<p>La Team Plagiarism Checker X est toujours pr\u00eat \u00e0 vous soutenir. Nous savons qu\u2019un nouvel utilisateur peut rencontrer des probl\u00e8mes lors de l\u2019installation, de la configuration ou de l\u2019utilisation du produit. De plus, il peut y avoir des personnes qui ont des id\u00e9es tr\u00e8s cr\u00e9atives et qui veulent partager avec nous.<\/p>\n<\/header>\n<\/div>\n<\/div>\n<div class=\"row\">\n<div class=\"col-sm-12\">\n<div class=\"row\">\n<div class=\"col-sm-6 outer-top-md inner-right-sm\">\n<h2>\u00c9crivez-nous<\/h2>\n<form id=\"form1\" action=\"\" method=\"post\" name=\"form1\">\n<table border=\"0\">\n<tbody>\n<tr>\n<td><input id=\"name\" class=\"form-control\" name=\"Name\" type=\"text\" value=\"\" placeholder=\"Name\" \/><\/td>\n<\/tr>\n<tr>\n<td><input id=\"email\" class=\"form-control\" name=\"Email\" type=\"text\" value=\"\" placeholder=\"Email\" \/><\/td>\n<td><input id=\"contact\" class=\"form-control\" name=\"contact\" type=\"text\" placeholder=\"contact\" \/><\/td>\n<\/tr>\n<tr>\n<td colspan=\"2\"><select class=\"form-control\" name=\"Question\"><option>Question G\u00e9n\u00e9rale<\/option><option>Question Relative \u00e0 la Facturation<\/option><option>Probl\u00e8me Technique<\/option><option>Proposer une Fonctionnalit\u00e9<\/option><option>Commentaires et Id\u00e9es<\/option><option>Other<\/option><\/select><\/td>\n<\/tr>\n<tr>\n<td colspan=\"2\"><textarea id=\"Message\" class=\"form-control\" style=\"color: black; height: 170px; width: 550px;\" cols=\"55\" name=\"Message\" rows=\"8\" placeholder=\"Message\"><\/textarea><\/td>\n<\/tr>\n<tr>\n<td align=\"center\"><button id=\"submit\" class=\"btn btn-default btn-submit\" name=\"submit\" type=\"submit\" value=\"1\"> Send Message<\/button><\/td>\n<\/tr>\n<\/tbody>\n<\/table>\n<\/form>\n<\/div>\n<p><!-- .\/col --><\/p>\n<div class=\"col-sm-5 outer-top-md inner-left-sm border-left\">\n<h2>Contactez-nous<\/h2>\n<div class=\"social-network\">\n<ul class=\"social\">\n<li><a href=\"https:\/\/facebook.com\/plagiarismcheckerx.llc\" target=\"_blank\" rel=\"noopener noreferrer\"><i class=\"icon-s-facebook\"><\/i><\/a><\/li>\n<li><a href=\"https:\/\/twitter.com\/PlagiarismX\" target=\"_blank\" rel=\"noopener noreferrer\"><i class=\"icon-s-twitter\"><\/i><\/a><\/li>\n<li><a href=\"https:\/\/www.pinterest.com\/plagiarismcheckerx\/\" target=\"_blank\" rel=\"noopener noreferrer\"><i class=\"icon-s-pinterest\"><\/i><\/a><\/li>\n<li><a href=\"https:\/\/www.youtube.com\/channel\/UCTFh3QNYt-KlpvDrxCizF6g\" target=\"_blank\" rel=\"noopener noreferrer\"><i class=\"icon-s-youtube icon-s-gplus\"><\/i><\/a><\/li>\n<\/ul>\n<\/div>\n<p>&nbsp;<\/p>\n<h4>Badges de Protection Pour Votre Site Web<\/h4>\n<p><a href=\"badges\"><img src=\"https:\/\/plagiarismcheckerx.com\/assets\/images\/badges\/pcx-protected-11.png\" \/><\/a><\/p>\n<p>Besoin de badges de protection, d\u2019images ou de logos pour votre histoire\u2009? Vous pouvez retrouver gratuitement des <a href=\"badges\">Badges<\/a>, des <a href=\"Screenshots\">captures d\u2019\u00e9cran<\/a> et des ressources du dossier de <a href=\"presskit\">presse<\/a>.<\/p>\n<\/div>\n<\/div>\n<\/div>\n<\/div>\n<\/div>\n<\/section>\n<p>&nbsp;<\/p>\n","protected":false},"excerpt":{"rendered":"<p>Contactez-nous La Team Plagiarism Checker X est toujours pr\u00eat \u00e0 vous soutenir. Nous savons qu\u2019un nouvel utilisateur peut rencontrer des probl\u00e8mes lors de l\u2019installation, de la configuration ou de l\u2019utilisation du produit. De plus, il peut y avoir des personnes qui ont des id\u00e9es tr\u00e8s cr\u00e9atives et qui veulent partager avec nous. \u00c9crivez-nous Question G\u00e9n\u00e9raleQuestion [&hellip;]<\/p>\n","protected":false},"author":1,"featured_media":0,"parent":0,"menu_order":0,"comment_status":"closed","ping_status":"closed","template":"","meta":[],"_links":{"self":[{"href":"https:\/\/plagiarismcheckerx.com\/fr\/wp-json\/wp\/v2\/pages\/227"}],"collection":[{"href":"https:\/\/plagiarismcheckerx.com\/fr\/wp-json\/wp\/v2\/pages"}],"about":[{"href":"https:\/\/plagiarismcheckerx.com\/fr\/wp-json\/wp\/v2\/types\/page"}],"author":[{"embeddable":true,"href":"https:\/\/plagiarismcheckerx.com\/fr\/wp-json\/wp\/v2\/users\/1"}],"replies":[{"embeddable":true,"href":"https:\/\/plagiarismcheckerx.com\/fr\/wp-json\/wp\/v2\/comments?post=227"}],"version-history":[{"count":5,"href":"https:\/\/plagiarismcheckerx.com\/fr\/wp-json\/wp\/v2\/pages\/227\/revisions"}],"predecessor-version":[{"id":372,"href":"https:\/\/plagiarismcheckerx.com\/fr\/wp-json\/wp\/v2\/pages\/227\/revisions\/372"}],"wp:attachment":[{"href":"https:\/\/plagiarismcheckerx.com\/fr\/wp-json\/wp\/v2\/media?parent=227"}],"curies":[{"name":"wp","href":"https:\/\/api.w.org\/{rel}","templated":true}]}}