{"id":131,"date":"2020-11-26T11:07:35","date_gmt":"2020-11-26T11:07:35","guid":{"rendered":"https:\/\/plagiarismcheckerx.com\/wordpress\/es\/?page_id=131"},"modified":"2020-12-08T12:20:33","modified_gmt":"2020-12-08T12:20:33","slug":"download-thank-you","status":"publish","type":"page","link":"https:\/\/plagiarismcheckerx.com\/fr\/download-thank-you","title":{"rendered":"Download Thank You"},"content":{"rendered":"\r\n<style>\r\n.numberCircle {width: 45px;line-height: 45px;border-radius: 50%;text-align: center;font-size: 24px;color: white;background: #5587ff;top: 20px; position: relative;}\r\n<\/style>\r\n\r\n<section id=\"download-thank-you\">\r\n<iframe name=\"download-frame\" style=\"height:0px; width: 0px;\"><\/iframe>\r\n<script>\r\nsetTimeout(function() {window.open('https:\/\/plagiarismcheckerx.com\/download\/new\/PlagiarismCheckerX_Setup.exe', 'download-frame'); }, 2500);\r\n<\/script>\r\n<div class=\"container\">\r\n\r\n<div class=\"row\">\r\n<div class=\"col-md-9 inner-top-md inner-bottom-xs center-block text-center\">\r\n<img loading=\"lazy\" src=\"https:\/\/cdn.plagiarismcheckerx.com\/images\/accuracy.png\" width=\"48px\" height=\"48px\">\r\n<h1>C\u2019est presque termin\u00e9\u00a0!<\/h1>\r\n<p>Suivez ces 3 \u00e9tapes simples pour terminer votre installation de Plagiarism Checker X.<\/p>\r\n<div> <strong>Si votre t\u00e9l\u00e9chargement n&#8217;a pas commenc\u00e9 automatiquement, veuillez<\/strong> <a class=\"themeColor\" target=\"_blank\" href=\"https:\/\/plagiarismcheckerx.com\/download\/new\/PlagiarismCheckerX_Setup.exe\" rel=\"noopener noreferrer\">cliquer ici.<\/a><\/div>\r\n<div class=\"col-md-5 col-md-offset-1\">\r\n<\/div>\r\n<\/div>\r\n<\/div>\r\n\r\n<div class=\"row inner-bottom-xs\">\r\n\r\n<div class=\"col-md-4\">\r\n<div class=\"numberCircle center-block\">1<\/div>\r\n<div class=\"card border\">\r\n<div class=\"card-body\">\r\n<br \/><br \/>\r\n<h2 class=\"card-title text-center\">Ouvrir le Logiciel<\/h2>\r\n<p class=\"card-text text-center\" style=\"margin-left: 20%;margin-right: 20%\">Cliquez sur le fichier .exe que vous venez de t\u00e9l\u00e9charger.<\/p>\r\n<br \/>\r\n<\/div>\r\n<\/div>\r\n<\/div>\r\n\r\n<div class=\"col-md-4\">\r\n<div class=\"numberCircle center-block\">2<\/div>\r\n<div class=\"card border\">\r\n<div class=\"card-body\">\r\n<br \/><br \/>\r\n<h2 class=\"card-title text-center\">Commencez l&#8217;installation<\/h2>\r\n<p class=\"card-text text-center\" style=\"margin-left: 20%;margin-right: 20%\">Cliquez sur l&#8217;ic\u00f4ne du produit pour commencer l&#8217;installation.<\/p>\r\n<br \/>\r\n<\/div>\r\n<\/div>\r\n<\/div>\r\n\r\n<div class=\"col-md-4\">\r\n<div class=\"numberCircle center-block\">3<\/div>\r\n<div class=\"card border\">\r\n<div class=\"card-body\">\r\n<br \/><br \/>\r\n<h2 class=\"card-title text-center\">Suivez les Instructions<\/h2>\r\n<p class=\"card-text text-center\" style=\"margin-left: 20%;margin-right: 20%\">Suivez les instructions \u00e0 l&#8217;\u00e9cran pour terminer votre installatio<\/p>\r\n<br \/>\r\n<\/div>\r\n<\/div>\r\n<\/div>\r\n<\/div>\r\n\r\n<div class=\"row inner-bottom-xs\">\r\n<div class=\"col-md-10 center-block text-center \">\r\n<div> Besoin d&#8217;aide\u2009? <a href=\"\/help\" class=\"themeColor\"> Cliquez ici  <\/a> <\/div>\r\n<\/div>\r\n<\/div>\r\n\r\n<div class=\"row inner-bottom-md\">\r\n\r\n<\/div>\r\n\r\n<\/div>\r\n<\/section>\r\n\r\n\r\n\r\n\r\n\r\n","protected":false},"excerpt":{"rendered":"<p>C\u2019est presque termin\u00e9\u00a0! Suivez ces 3 \u00e9tapes simples pour terminer votre installation de Plagiarism Checker X. Si votre t\u00e9l\u00e9chargement n&#8217;a pas commenc\u00e9 automatiquement, veuillez cliquer ici. 1 Ouvrir le Logiciel Cliquez sur le fichier .exe que vous venez de t\u00e9l\u00e9charger. 2 Commencez l&#8217;installation Cliquez sur l&#8217;ic\u00f4ne du produit pour commencer l&#8217;installation. 3 Suivez les Instructions [&hellip;]<\/p>\n","protected":false},"author":1,"featured_media":0,"parent":0,"menu_order":0,"comment_status":"closed","ping_status":"closed","template":"","meta":[],"_links":{"self":[{"href":"https:\/\/plagiarismcheckerx.com\/fr\/wp-json\/wp\/v2\/pages\/131"}],"collection":[{"href":"https:\/\/plagiarismcheckerx.com\/fr\/wp-json\/wp\/v2\/pages"}],"about":[{"href":"https:\/\/plagiarismcheckerx.com\/fr\/wp-json\/wp\/v2\/types\/page"}],"author":[{"embeddable":true,"href":"https:\/\/plagiarismcheckerx.com\/fr\/wp-json\/wp\/v2\/users\/1"}],"replies":[{"embeddable":true,"href":"https:\/\/plagiarismcheckerx.com\/fr\/wp-json\/wp\/v2\/comments?post=131"}],"version-history":[{"count":9,"href":"https:\/\/plagiarismcheckerx.com\/fr\/wp-json\/wp\/v2\/pages\/131\/revisions"}],"predecessor-version":[{"id":384,"href":"https:\/\/plagiarismcheckerx.com\/fr\/wp-json\/wp\/v2\/pages\/131\/revisions\/384"}],"wp:attachment":[{"href":"https:\/\/plagiarismcheckerx.com\/fr\/wp-json\/wp\/v2\/media?parent=131"}],"curies":[{"name":"wp","href":"https:\/\/api.w.org\/{rel}","templated":true}]}}