{"id":115,"date":"2020-11-26T08:41:22","date_gmt":"2020-11-26T08:41:22","guid":{"rendered":"https:\/\/plagiarismcheckerx.com\/wordpress\/es\/?page_id=115"},"modified":"2020-12-01T17:50:55","modified_gmt":"2020-12-01T17:50:55","slug":"buy","status":"publish","type":"page","link":"https:\/\/plagiarismcheckerx.com\/fr\/buy","title":{"rendered":"Buy"},"content":{"rendered":"\n<section id=\"buy\">\n<div class=\"container\">\n<div class=\"row\">\n<div class=\"col-md-11 inner-sm center-block text-center\">\n<header>\n<h1>Tarification simple, pas de surprises<\/h1>\n<\/header>\n<p>Vous pouvez t\u00e9l\u00e9charger l&#8217;\u00e9dition limit\u00e9e de Plagiarism Checker X absolument GRATUITEMENT en utilisant le lien ci-dessous. De plus, vous pouvez \u00e9galement acheter une \u00e9dition professionnelle de Plagiarism Checker \u2014 une licence avec une plus grande pr\u00e9cision, une meilleure vitesse et des fonctionnalit\u00e9s plus avanc\u00e9es \u00e0 un co\u00fbt unique tr\u00e8s faible.<\/p>\n<\/div>\n<\/div>\n<\/div>\n<\/section>\n\n<section id=\"packages\">\n<div class=\"container inner-xs\">\n<div class=\"row\">\n<div class=\"col-md-10 center-block\">\n<div class=\"columns pricing_border flexibleWidthFreePro\">\n<h4>Basique<\/h4>\n<div class=\"row paddingNone\" style=\"margin:0px\">\n<div class=\"columns text_align_center free_Line_height\">\n<span class=\"pricing_font\">Gratuit<\/span>\n<\/div>\n<div class=\"columns align_Button\">\n<a href=\"download-thank-you\"><div style=\"text-align: center\" class=\"pricing_button panel btn_blue radius callout pricing_button_padding\"> Download <\/div><\/a>\n<\/div>\n<\/div>\n<div class=\"row paddingNone\" style=\"margin:0px\">\n<div class=\"twelve columns\">\n<ul class=\"priceList_ul\">\n<li class=\"users priceList_li\">30 Recherches par Jour<\/li>\n<li class=\"storage priceList_li\">Mots Limit\u00e9s<\/li>\n<li class=\"groups priceList_li\">Gratuit \u00e0 Vie<\/li>\n<\/ul>\n<\/div>\n<\/div>\n<\/div>\n<div class=\"pricingMarginBetween\"><\/div>\n<div class=\"columns pricing_border flexibleWidthFreePro\">\n<h4>Professionnel <\/h4>\n<div class=\"row paddingNone\" style=\"margin:0px\">\n<div class=\"columns text_align_center padding_price_text\">\n<span class=\"pricing_font\"><sup>$<\/sup>39<\/span><span class=\"pricing_body_font\">.95<\/span><\/div>\n<div class=\"columns align_Button\">\n<a href=\"..\/buy\">\n<div style=\"text-align: center\" class=\"pricing_button panel btn_blue radius callout pricing_button_padding\"> Buy Now <\/div>\n<\/a>\n<\/div>\n<\/div>\n<div class=\"row paddingNone\" style=\"margin:0px\">\n<div class=\"twelve columns\">\n<ul class=\"priceList_ul\">\n<li class=\"groups priceList_li\">1 Licence Utilisateur<\/li>\n<li class=\"users priceList_li\">Mots Illimit\u00e9s<\/li>\n<li class=\"training priceList_li\">Licence \u00e0 Vie<\/li>\n<li class=\"admin priceList_li\">Assistance 24\u00a0h\/24, 7\u00a0j\/7<\/li>\n<li class=\"storage priceList_li\">Plan d&#8217;Entretien d&#8217;un An Inclus<\/li>\n<\/ul>\n<\/div>\n<\/div>\n<\/div>\n<div class=\"pricingMarginBetween\"><\/div>\n<div class=\"columns pricing_border flexibleWidthContactUs\">\n<h4>Business<\/h4>\n<div class=\"row paddingNone\" style=\"margin:0px\">\n<div class=\"columns paddingNone text_align_center\" style=\"margin-bottom: 4px\">\n<span class=\"pricing_font\"><sup>$<\/sup>147<\/span><span class=\"pricing_body_font\">.95<\/span>\n<\/div>\n<div class=\"columns align_Button\">\n<a href=\"..\/buy\">\n<div style=\"text-align: center\" class=\"pricing_button panel btn_blue radius callout pricing_button_padding\"> Buy Now <\/div>\n<\/a>\n<\/div>\n<\/div>\n<div class=\"row paddingNone\" style=\"margin:0px\">\n<div class=\"columns floatNone\">\n<ul class=\"blueColor priceList_ul\">\n<li class=\"groups priceList_li\">Licence\u00a05 utilisateurs<\/li>\n<li class=\"admin priceList_li\">Assistance \u00c9tendue<\/li>\n&nbsp; TOUTES les fonctionnalit\u00e9s Pro incluses*.\n<\/ul>\n<\/div>\n<\/div>\n<\/div>\n<\/div>\n<\/div>\n<\/div>\n<\/section>\n\n\n\n    <section id=\"faq\" class=\"light-bg\">\n      <div class=\"container inner-sm\">\n\n        <div class=\"row\">\n          <div class=\"col-md-8 col-sm-9 center-block text-center\">\n            <header>\n              <h1>Question?<\/h1>\n              <p>Voici quelques questions fr\u00e9quemment pos\u00e9es sur les ventes. Si vous avez besoin de savoir autre chose, veuillez nous contacter.<\/p>\n            <\/header>\n          <\/div>\n        <\/div>\n\n        <div class=\"row\">\n          <div class=\"col-sm-6 inner-right-sm inner-top-sm\">\n            <h3>Quel est le d\u00e9lai de livraison du produit?<\/h3>\n            <p>Instantan\u00e9. Une fois la commande pass\u00e9e, vous recevrez une livraison logicielle instantan\u00e9e par e-mail avec la cl\u00e9 de licence et le re\u00e7u de paiement.<\/p>\n            <h3>\u00c0 quelle fr\u00e9quence devrai-je payer?<\/h3>\n            <p>\u00c9tant donn\u00e9 que notre licence de produit est perp\u00e9tuelle, cela vous permet d'utiliser le logiciel sous licence ind\u00e9finiment sans payer de frais suppl\u00e9mentaires.<\/p>\n\n          <\/div>\n\n          <div class=\"col-sm-6 inner-left-sm inner-top-sm\">\n            <h3>Quels sont les moyens de paiement accept\u00e9s?<\/h3>\n            <p>Nous acceptons toutes les principales cartes de cr\u00e9dit, PayPal et (dans certains pays) les pr\u00e9l\u00e8vements automatiques. Nous prenons \u00e9galement en charge les transactions dans plusieurs devises.<\/p>\n\n            <h3>Je n'ai pas de carte bancaire, que faire?<\/h3>\n            <p>Pas de probl\u00e8me, vous pouvez payer depuis une de vos banques locales. Tout ce que vous avez \u00e0 faire, c'est de s\u00e9lectionner l'option de virement \u00abBanque\/Virement\u00bb lors du processus de commande.<\/p>\n          <\/div>\n\n        <\/div>\n      <\/div>\n    <\/section>\n\n\n    \n\n\n<section id=\"clients\">\n<div class=\"container inner-sm\">\n\n<div class=\"row\">\n<div class=\"col-md-8 col-sm-9 center-block text-center\">\n<header>\n<h2>Utiliser par des instituts renomm\u00e9s<\/h2>\n<p>Nous appr\u00e9cions nos exp\u00e9riences de client. La rapidit\u00e9, l'exactitude et l'interface utilisateur facile a rendu les clients satisfaits et fid\u00e8les.<\/p>\n<\/header>\n<\/div>\n<\/div>\n\n<div class=\"row inner-top-xs\">\n<div class=\"col-sm-12\">\n<div id=\"owl-clients\" class=\"owl-carousel owl-outer-nav\">\n\n<div class=\"item\">\n<figure>\n<figcaption class=\"text-overlay\">\n<div class=\"info\">\n<h4>IEEE<\/h4>\n<\/div>\n<\/figcaption>\n<img class=\"SliceImages OrgImage1\">\n<\/figure>\n<\/div>\n\n<div class=\"item\">\n<figure>\n<figcaption class=\"text-overlay\">\n<div class=\"info\">\n<h4>American University of Science And Technology<\/h4>\n<\/div>\n<\/figcaption>\n<img class=\"SliceImages OrgImage2\">\n<\/figure>\n<\/div>\n\n<div class=\"item\">\n<figure>\n<figcaption class=\"text-overlay\">\n<div class=\"info\">\n<h4>Remington College<\/h4>\n<\/div>\n<\/figcaption>\n<img class=\"SliceImages OrgImage3\">\n<\/figure>\n<\/div>\n\n<div class=\"item\">\n<figure>\n<figcaption class=\"text-overlay\">\n<div class=\"info\">\n<h4>JM Field Marketing<\/h4>\n<\/div>\n<\/figcaption>\n<img class=\"SliceImages OrgImage4\">\n<\/figure>\n<\/div>\n\n<div class=\"item\">\n<figure>\n<figcaption class=\"text-overlay\">\n<div class=\"info\">\n<h4>University of Maribor<\/h4>\n<\/div>\n<\/figcaption>\n<img class=\"SliceImages OrgImage5\">\n<\/figure>\n<\/div>\n\n<div class=\"item\">\n<figure>\n<figcaption class=\"text-overlay\">\n<div class=\"info\">\n<h4>Great American Cookies<\/h4>\n<\/div>\n<\/figcaption>\n<img class=\"SliceImages OrgImage6\">\n<\/figure>\n<\/div>\n\n<div class=\"item\">\n<figure>\n<figcaption class=\"text-overlay\">\n<div class=\"info\">\n<h4>Ohio University<\/h4>\n<\/div>\n<\/figcaption>\n<img class=\"SliceImages OrgImage7\">\n<\/figure>\n<\/div>\n\n<div class=\"item\">\n<figure>\n<figcaption class=\"text-overlay\">\n<div class=\"info\">\n<h4>University Of Massachusetts Boston<\/h4>\n<\/div>\n<\/figcaption>\n<img class=\"SliceImages OrgImage8\">\n<\/figure>\n<\/div>\n\n<div class=\"item\">\n<figure>\n<figcaption class=\"text-overlay\">\n<div class=\"info\">\n<h4>Labournet Services India<\/h4>\n<\/div>\n<\/figcaption>\n<img class=\"SliceImages OrgImage9\">\n<\/figure>\n<\/div>\n\n<div class=\"item\">\n<figure>\n<figcaption class=\"text-overlay\">\n<div class=\"info\">\n<h4>King Saud University<\/h4>\n<\/div>\n<\/figcaption>\n<img class=\"SliceImages OrgImage10\">\n<\/figure>\n<\/div>\n\n<div class=\"item\">\n<figure>\n<figcaption class=\"text-overlay\">\n<div class=\"info\">\n<h4>Delta-State-University-Abraka<\/h4>\n<\/div>\n<\/figcaption>\n<img class=\"SliceImages OrgImage11\">\n<\/figure>\n<\/div>\n\n<div class=\"item\">\n<figure>\n<figcaption class=\"text-overlay\">\n<div class=\"info\">\n<h4>Trinity College<\/h4>\n<\/div>\n<\/figcaption>\n<img class=\"SliceImages OrgImage12\">\n<\/figure>\n<\/div>\n\n<\/div>\n<\/div>\n<\/div>\n\n<\/div>\n<\/section>\n\n\n\n<section id=\"testimonials\" class=\"light-bg img-bg-softer\" style=\"background-image: url(assets\/images\/testimonials-backgrond.jpg);\">\n<div class=\"container inner-xs\">\n\n<div class=\"row\">\n<div class=\"col-md-8 col-sm-8 center-block text-center\">\n<header>\n<h2>Ce qu'en disent nos clients?<\/h2>\n<\/header>\n<\/div>\n<\/div>\n\n<div class=\"row\">\n<div class=\"col-md-11 col-sm-12 center-block text-center\">\n<div id=\"owl-testimonials\" class=\"owl-carousel owl-outer-nav owl-ui-md\">\n\n<div class=\"item\">\n<blockquote>\n<p>\"Plagiarism Checker X helps me a lot to reduce the time to verify the information to avoid the classic 'cut and paste' for the preparation of your documents, it is a program that has a great future for the help it is for us.\"<\/p>\n<footer>\n<cite>C.U Louis (Law School. C.U. Luis Donaldo Colosio Murrieta)<\/cite>\n<\/footer>\n<\/blockquote>\n<\/div>\n\n<div class=\"item\">\n<blockquote>\n<p>\"Frankly, we purchased it last year after I tried the free trial, and loved the features that it gave. We were looking for a software that can determine plagiarism from the web and among reports between students, and this software gave us both options.\"<\/p>\n<footer>\n<cite>Mouayyad Al-Azem (Research Assistant at American University of Science and Technology (AUST))<\/cite>\n<\/footer>\n<\/blockquote>\n<\/div>\n\n<div class=\"item\">\n<blockquote>\n<p>\"Plagiarism Checker X has excellent features, and it is appropriate for Students, Academicians, Scholars.\"<\/p>\n<footer>\n<cite>Dr. RAM SAHU (Associate Professor at Columbia Institute of Pharmacy.)<\/cite>\n<\/footer>\n<\/blockquote>\n<\/div>\n\n<div class=\"item\">\n<blockquote>\n<p>\"We had difficulty to check the level of similarity of scientific documents or articles that we had. This application is able to check documents that are quite long quickly, also display the results accurately with the sources listed on.\"<\/p>\n<footer>\n<cite>Prof. Arif Rahman (Head of Academic Affair at Malikussaleh University)<\/cite>\n<\/footer>\n<\/blockquote>\n<\/div>\n\n<\/div>\n<\/div>\n<\/div>\n\n<\/div>\n<\/section>\n\n    \n    \n\n    <section id=\"reviews\">\n<div class=\"container inner-sm\">\n<div class=\"row\">\n<div class=\"col-md-8 col-sm-10 center-block text-center\">\n<header>\n<h2>Editor Reviews by Top Publishers<\/h2>\n<p>What Editors of leading software publishing houses are saying about our product.<\/p>\n<\/header>\n<\/div>\n<\/div>\n\n<div class=\"row inner-top-sm text-center\">\n<div class=\"col-sm-4 inner-left inner-right\">\n<figure class=\"member\">\n<div class=\"icon-overlay icn-link\">\n<a href=\"http:\/\/plagiarism-checker-x.findmysoft.com\/\" target=\"_blank\"><img src=\"https:\/\/cdn.plagiarismcheckerx.com\/images\/editors\/frederick-barton.jpg\" loading=\"lazy\" class=\"img-circle\"><\/a>\n<\/div><!-- \/.icon-overlay -->\n<figcaption>\n<h3>Frederick Barton<span>Editor at findmysoft.com<\/span><\/h3>\n<blockquote>PlagiarismCheckerX provides useful statistics, like the total number of matches, duplicate percentage and it highlights the matches themselves.<\/blockquote>\n<\/figcaption>\n<\/figure>\n<\/div>\n<div class=\"col-sm-4 inner-left inner-right\">\n<figure class=\"member\">\n<div class=\"icon-overlay icn-link\">\n<a href=\"http:\/\/plagiarism-checker-x.software.informer.com\/\" target=\"_blank\"><img src=\"https:\/\/cdn.plagiarismcheckerx.com\/images\/editors\/francisco-martinez.jpg\" loading=\"lazy\" class=\"img-circle\"><\/a>\n<\/div><!-- \/.icon-overlay -->\n<figcaption>\n<h3>Francisco Mart\u00ednez<span>Editor at Informer.com<\/span><\/h3>\n<blockquote>Excellent two-panel interface for a clearer text comparison. Clearly highlighted matched occurrences<\/blockquote>\n<\/figcaption>\n<\/figure>\n<\/div>\n<div class=\"col-sm-4 inner-left inner-right\">\n<figure class=\"member\">\n<div class=\"icon-overlay icn-link\">\n<a href=\"http:\/\/www.softpedia.com\/get\/Office-tools\/Other-Office-Tools\/Plagiarism-Checker-X.shtml\" target=\"_blank\"><img src=\"https:\/\/cdn.plagiarismcheckerx.com\/images\/editors\/cristina-jitaru.jpg\" loading=\"lazy\" class=\"img-circle\"><\/a>\n<\/div><!-- \/.icon-overlay -->\n<figcaption>\n<h3>Cristina Jitaru<span>Editor at softpedia.com<\/span><\/h3>\n<blockquote>Plagiarism Checker X proves to be an effective solution when it comes to checking and identifying identical content inside multiple documents.<\/blockquote>\n<\/figcaption>\n<\/figure>\n<\/div>\n\n<\/div>\n<\/div>\n<\/section>\n    \n    \n<div class=\"light-bg\">\n    <section id=\"what-are-you-waiting-for\">\n    <div class=\"container inner-sm\">\n    <div class=\"row\">\n    <div class=\"col-md-10 col-sm-9 center-block text-center\">\n    <header>\n    <h2>Alors, qu\u2019est-ce que vous attendez?<\/h2>\n    <\/header>\n    <p>En bref, cet outil facile \u00e0 utiliser peut vous aider \u00e0 \u00e9viter les complexit\u00e9s des outils de v\u00e9rification du plagiat en ligne et des p\u00e9nalit\u00e9s acad\u00e9miques. Il y a des universit\u00e9s o\u00f9 les \u00e9tudiants doivent faire face \u00e0 des peines extr\u00eames comme des probations acad\u00e9miques, des amendes et m\u00eame l'expulsion. Si la cession viole les droits d'auteur, elle peut entra\u00eener des attaques et poursuites p\u00e9nales. Par cons\u00e9quent, il est tr\u00e8s important d'avoir un d\u00e9tecteur de plagiat.<\/p>\n    <div class=\"row\">\n    <div class=\"col-md-8 center-block text-center\">\n    <figure><img src=\"https:\/\/cdn.plagiarismcheckerx.com\/images\/credit-cards-2.png\" loading=\"lazy\" alt=\"Credit Cards\"> <\/figure>\n    <\/div><\/div>\n    <div>\n    <a href=\"..\/download-thank-you\" class=\"btn btn-large btn-gray\">T\u00c9L\u00c9CHARGER GRATUITEMENT<\/a>&nbsp;\n    <a href=\"..\/buy\" class=\"btn btn-large\">Acheter Maintenant<\/a>\n    <\/div>\n    <\/div>\n    <\/div>\n    <\/div>\n    <\/section>\n\n\n    <\/div>\n","protected":false},"excerpt":{"rendered":"<p>Tarification simple, pas de surprises Vous pouvez t\u00e9l\u00e9charger l&#8217;\u00e9dition limit\u00e9e de Plagiarism Checker X absolument GRATUITEMENT en utilisant le lien ci-dessous. De plus, vous pouvez \u00e9galement acheter une \u00e9dition professionnelle de Plagiarism Checker \u2014 une licence avec une plus grande pr\u00e9cision, une meilleure vitesse et des fonctionnalit\u00e9s plus avanc\u00e9es \u00e0 un co\u00fbt unique tr\u00e8s faible. [&hellip;]<\/p>\n","protected":false},"author":1,"featured_media":0,"parent":0,"menu_order":0,"comment_status":"closed","ping_status":"closed","template":"","meta":[],"_links":{"self":[{"href":"https:\/\/plagiarismcheckerx.com\/fr\/wp-json\/wp\/v2\/pages\/115"}],"collection":[{"href":"https:\/\/plagiarismcheckerx.com\/fr\/wp-json\/wp\/v2\/pages"}],"about":[{"href":"https:\/\/plagiarismcheckerx.com\/fr\/wp-json\/wp\/v2\/types\/page"}],"author":[{"embeddable":true,"href":"https:\/\/plagiarismcheckerx.com\/fr\/wp-json\/wp\/v2\/users\/1"}],"replies":[{"embeddable":true,"href":"https:\/\/plagiarismcheckerx.com\/fr\/wp-json\/wp\/v2\/comments?post=115"}],"version-history":[{"count":3,"href":"https:\/\/plagiarismcheckerx.com\/fr\/wp-json\/wp\/v2\/pages\/115\/revisions"}],"predecessor-version":[{"id":348,"href":"https:\/\/plagiarismcheckerx.com\/fr\/wp-json\/wp\/v2\/pages\/115\/revisions\/348"}],"wp:attachment":[{"href":"https:\/\/plagiarismcheckerx.com\/fr\/wp-json\/wp\/v2\/media?parent=115"}],"curies":[{"name":"wp","href":"https:\/\/api.w.org\/{rel}","templated":true}]}}