{"id":81,"date":"2020-11-25T11:08:27","date_gmt":"2020-11-25T11:08:27","guid":{"rendered":"https:\/\/plagiarismcheckerx.com\/wordpress\/es\/?page_id=81"},"modified":"2020-12-09T13:58:48","modified_gmt":"2020-12-09T13:58:48","slug":"what-is-plagiarism","status":"publish","type":"page","link":"https:\/\/plagiarismcheckerx.com\/es\/what-is-plagiarism","title":{"rendered":"What is Plagiarism"},"content":{"rendered":"\r\n\r\n<section id=\"what-is-plagiarism\">\r\n<div class=\"container\">\r\n<div class=\"row\">\r\n<div class=\"col-md-11 inner-top-sm center-block text-center\">\r\n<header>\r\n<h1>\u00bfQu\u00e9 es el plagio?<\/h1>\r\n<\/header>\r\n<p> En la mayor\u00eda de los casos, la gente se encoge de hombros, tom\u00e1ndose el plagio demasiado a la ligera. Una percepci\u00f3n habitual del plagio es &#8216;copiar el trabajo de otra persona o tomar prestadas las ideas originales de alguien&#8217;. Sin embargo, t\u00e9rminos como &#8220;copiar&#8221; hacen que la ofensa parezca un poco m\u00e1s suave. Seg\u00fan el diccionario online Merriam-Webster, la palabra &#8220;Plagiarize&#8221; (&#8220;Plagiar&#8221;) significa lo siguiente:<\/p>\r\n<\/div>\r\n<\/div>\r\n<\/div>\r\n<\/section>\r\n<section>\r\n<div class=\"container\">\r\n<div class=\"row\">\r\n<div class=\"col-md-10 inner-bottom-md center-block\">\r\n<br>\r\n<ol>\r\n<li>Robar y transmitir contenido (ideas\/palabras) de otras personas como propio<\/li>\r\n<li>Usar la producci\u00f3n de otras personas sin citarlos adecuadamente<\/li>\r\n<li>Cometer un robo literario<\/li>\r\n<li>Presentar las ideas o el producto de alguien como si fuera algo nuevo<\/li>\r\n<\/ol>\r\n<p>Seg\u00fan el diccionario Oxford English Dictionary, el plagio es &#8220;La pr\u00e1ctica de tomar el trabajo o las ideas de otra persona y trasmitirlos como propios&#8221;. Por lo tanto, el plagio es el robo flagrante de ideas, palabras o productos pertenecientes a otras personas. <br \/> <br \/>Algunos de los principales ejemplos de plagio incluyen los siguientes:<\/p>\r\n<ol>\r\n<li>Copiar literalmente un documento que est\u00e9 disponible en formato digital o impreso.<\/li>\r\n<li>Tomar el trabajo de otra persona y presentarlo como si fuera completamente suyo.<\/li>\r\n<li>Entregar o enviar documentos que no escribi\u00f3 realmente.<\/li>\r\n<li>Usar ideas, texto o trabajo de otro autor sin citarlo adecuadamente.<\/li>\r\n<li>Parafrasear.<\/li>\r\n<li>No poner comillas en el trabajo citado.<\/li>\r\n<li>Copiar una cantidad importante de palabras de alg\u00fan p\u00e1rrafo y reformularlo como trabajo propio (si se cita correctamente, no se considerar\u00e1 plagio).<\/li>\r\n<\/ol>\r\n\r\n<br><h2>Tipos de plagio<\/h2>\r\n<p>Hay muchos tipos de plagio. S\u00f3lo citamos aqu\u00ed a algunos de ellos.<\/p>\r\n<ol>\r\n<li>Plagio directo: Es la transcripci\u00f3n palabra por palabra de una parte del trabajo de otra persona, donde el usuario no utiliza comillas ni lo cita adecuadamente. Tales acciones deliberadas se consideran carentes de honestidad acad\u00e9mica y de \u00e9tica.<\/li>\r\n<li>Autoplagio: Esto ocurre cuando una persona presenta su propio trabajo previo o una mezcla de trabajos acad\u00e9micos del pasado, sin el permiso de los profesores involucrados.<\/li>\r\n<li>Escritura de parches: Esto tambi\u00e9n se conoce como &#8220;Plagio de Mosaico&#8221;. Se produce cuando un alumno toma prestadas frases de una fuente sin usar comillas. O busca algunos sin\u00f3nimos para el lenguaje del autor, pero mantiene la misma estructura general y significado del contenido.<\/li>\r\n<li>Plagio accidental: Tal situaci\u00f3n ocurre cuando una persona descuida citar sus fuentes, o las cita mal. La par\u00e1frasis involuntaria o la agrupaci\u00f3n de palabras que coincidan con alguna otra fuente tambi\u00e9n puede estar comprendida en este tipo de plagio. Los casos de plagio accidental se toman tan en serio como cualquier otro plagio.<\/li>\r\n<\/ol>\r\n\r\n<br><h2>\u00bfSe pueden robar ideas\/palabras? Una perspectiva legal<\/h2>\r\n<p>Desde el punto de vista legal, hay amplias evidencias y pruebas que favorecen la respuesta &#8216;no&#8217;. La expresi\u00f3n de una idea en un cierto modo se considera propiedad intelectual, la cual est\u00e1 protegida por leyes de copyright. De acuerdo con la legislaci\u00f3n de los Estados Unidos, es un delito importante que puede implicar ciertas sanciones junto con compensaci\u00f3n financiera para la fuente o el autor original. Para entenderlo mejor, simplemente tome las ideas como el &#8216;producto originalmente inventado&#8217; de alguien.<\/p>\r\n\r\n<h2>\u00bfConsecuencias del plagio?<\/h2>\r\n<p>Como el plagio se considera un delito, sus consecuencias no son positivas para la persona\/instituci\u00f3n acusada. Vea las siguientes probabilidades.<\/p>\r\n<ol>\r\n<li>Destruy\u00f3 la reputaci\u00f3n del individuo<\/li>\r\n<li>Destruy\u00f3 la reputaci\u00f3n de la instituci\u00f3n acad\u00e9mica<\/li>\r\n<li>Suspenso en una tarea particular<\/li>\r\n<li>Recompensas de bajas calificaciones en el curso<\/li>\r\n<li>Sanciones acad\u00e9micas<\/li>\r\n<li>Probatorias acad\u00e9micas<\/li>\r\n<li>Expulsi\u00f3n de la universidad<\/li>\r\n<li>Demandas por violaci\u00f3n de los derechos de autor<\/li>\r\n<li>Compensaci\u00f3n econ\u00f3mica para el autor original<\/li>\r\n<\/ol>\r\n\r\n<br><h2>\u00bfC\u00f3mo evitar el plagio?<\/h2>\r\n<p>Siguiendo unas simples sugerencias, uno puede evitar f\u00e1cilmente el plagio y sus consecuencias negativas enumeradas anteriormente.<\/p>\r\n<ol>\r\n<li>En la mayor\u00eda de los casos, podemos evitarlo citando las fuentes originales. Un simple reconocimiento de que cierto material ha sido tomado prestado de la fuente citada puede mantener las cosas dentro de la normalidad.<\/li>\r\n<li>Un estudiante, sin duda, puede mejorar el aprendizaje de los diferentes estilos de citaci\u00f3n, para evitar tales problemas acad\u00e9micos. Plagiarism Checker X tambi\u00e9n ha tratado de ayudar a los estudiantes haciendo una p\u00e1gina dedicada como &#8216;gu\u00eda de referencia&#8217;.<\/li>\r\n<li> Incluso si hacemos todo lo posible, puede suceder que caigamos presas del plagio, sin querer. Por lo tanto, la \u00faltima opci\u00f3n es descargar un detector de plagio como Plagiarism Checker X y usarlo para cada tarea. Dedique un momento a este servicio de escaneo y prot\u00e9jase de la verg\u00fcenza y las sanciones.<\/li>\r\n<\/ol>\r\n<p>Hay muchos portales acad\u00e9micos que pueden ayudarle a aprender m\u00e1s sobre el plagio, sus diferentes formas y c\u00f3mo evitarlo.<\/p>\r\n\r\n<h2>Referencias<\/h2>\r\n<p> Academic Integrity Assessment Team. &#8220;Definitions of Academic Dishonesty.&#8221; Proposed Honor System &#8211; Texas A&amp;M University. Comp. Bill Kibler. Texas A&amp;M University, 2003 Definici\u00f3n de plagio en ingl\u00e9s.<\/p>\r\n<\/div>\r\n<\/div>\r\n<\/div>\r\n<\/section>\r\n\r\n","protected":false},"excerpt":{"rendered":"<p>\u00bfQu\u00e9 es el plagio? En la mayor\u00eda de los casos, la gente se encoge de hombros, tom\u00e1ndose el plagio demasiado a la ligera. Una percepci\u00f3n habitual del plagio es &#8216;copiar el trabajo de otra persona o tomar prestadas las ideas originales de alguien&#8217;. Sin embargo, t\u00e9rminos como &#8220;copiar&#8221; hacen que la ofensa parezca un poco [&hellip;]<\/p>\n","protected":false},"author":3,"featured_media":0,"parent":0,"menu_order":0,"comment_status":"closed","ping_status":"closed","template":"","meta":[],"_links":{"self":[{"href":"https:\/\/plagiarismcheckerx.com\/es\/wp-json\/wp\/v2\/pages\/81"}],"collection":[{"href":"https:\/\/plagiarismcheckerx.com\/es\/wp-json\/wp\/v2\/pages"}],"about":[{"href":"https:\/\/plagiarismcheckerx.com\/es\/wp-json\/wp\/v2\/types\/page"}],"author":[{"embeddable":true,"href":"https:\/\/plagiarismcheckerx.com\/es\/wp-json\/wp\/v2\/users\/3"}],"replies":[{"embeddable":true,"href":"https:\/\/plagiarismcheckerx.com\/es\/wp-json\/wp\/v2\/comments?post=81"}],"version-history":[{"count":3,"href":"https:\/\/plagiarismcheckerx.com\/es\/wp-json\/wp\/v2\/pages\/81\/revisions"}],"predecessor-version":[{"id":351,"href":"https:\/\/plagiarismcheckerx.com\/es\/wp-json\/wp\/v2\/pages\/81\/revisions\/351"}],"wp:attachment":[{"href":"https:\/\/plagiarismcheckerx.com\/es\/wp-json\/wp\/v2\/media?parent=81"}],"curies":[{"name":"wp","href":"https:\/\/api.w.org\/{rel}","templated":true}]}}