{"id":77,"date":"2020-11-25T11:00:08","date_gmt":"2020-11-25T11:00:08","guid":{"rendered":"https:\/\/plagiarismcheckerx.com\/wordpress\/es\/?page_id=77"},"modified":"2021-09-21T15:31:28","modified_gmt":"2021-09-21T15:31:28","slug":"system-requirements","status":"publish","type":"page","link":"https:\/\/plagiarismcheckerx.com\/es\/system-requirements","title":{"rendered":"System Requirements"},"content":{"rendered":"\r\n<section id=\"system-requirements\">\r\n<div class=\"container inner-top-sm\">\r\n<div class=\"row\">\r\n<div class=\"col-md-10 center-block text-center\">\r\n<header>\r\n<h1>Requisitos del sistema<\/h1>\r\n<\/header>\r\n<p> Plagiarism Checker X es un detector de contenido duplicado de primer nivel que ayuda a estudiantes, profesores, instituciones acad\u00e9micas, firmas de investigaci\u00f3n, redactores web, editores y muchos otros segmentos de la sociedad en sus \u00e1mbitos. Para poder disfrutar del producto y sus beneficios, hay que descargarlo. Ahora bien, aseg\u00farese de que el equipo cumple los siguientes criterios.<\/p>\r\n<\/div>\r\n<\/div>\r\n<\/div>\r\n<\/section>\r\n\r\n<section id=\"system-requirements\">\r\n<div class=\"container inner-xs\">\r\n<div class=\"row\">\r\n<div class=\"col-md-10 center-block\"><br>\r\n<table class=\"table table-striped wide-table\">\r\n<tbody>\r\n<tr>\r\n<td> <\/td>\r\n<td>Minimo<\/td>\r\n<td>Recomendado<\/td>\r\n<\/tr>\r\n<tr>\r\n<td>Procesador<\/td>\r\n<td>1.5GHz o mayor <\/td>\r\n<td>2.5GHz o mayor <\/td>\r\n<\/tr>\r\n<tr>\r\n<td>Memoria  (RAM)<\/td>\r\n<td>2GB<\/td>\r\n<td>4GB o m\u00e1s<\/td>\r\n<\/tr>\r\n<tr>\r\n<td>Almacenamiento en disco<\/td>\r\n<td>50MB<\/td>\r\n<td>100MB<\/td>\r\n<\/tr>\r\n<tr>\r\n<td>.Net Framework<\/td>\r\n<td><a href=\"https:\/\/dotnet.microsoft.com\/download\/dotnet-framework\/thank-you\/net451-offline-installer\" target=\"_blank\" rel=\"nofollow noreferrer noopener\">4.5.1 <i class=\"icon-download-1\"><\/i><\/a><\/td>\r\n<td><a href=\"https:\/\/dotnet.microsoft.com\/download\/dotnet-framework\/thank-you\/net471-offline-installer\" target=\"_blank\" rel=\"nofollow noreferrer noopener\">4.7.1 <\/a> o superior<\/td>\r\n<\/tr>\r\n<tr>\r\n<td>Conexi\u00f3n a internet <\/td>\r\n<td>512 Kbps<\/td>\r\n<td>1 Mbps o m\u00e1s<\/td>\r\n<\/tr>\r\n\r\n<\/tbody><\/table>\r\n<br><br><h2>Sistema operativo<\/h2>\r\n<p>Plagiarism Checker X es compatible con todos estos sistemas operativos.<\/p>\r\n<table class=\"table table-striped wide-table\">\r\n<tbody>\r\n<tr>\r\n<td> <\/td>\r\n<td>32-Bit<\/td>\r\n<td>64-Bit<\/td>\r\n<\/tr>\r\n\r\n<tr>\r\n<td>Windows 10<\/td>\r\n<td><img src=\"https:\/\/plagiarismcheckerx.com\/assets\/images\/icon_yes_color.png\"><\/td>\r\n<td><img src=\"https:\/\/plagiarismcheckerx.com\/assets\/images\/icon_yes_color.png\"><\/td>\r\n<\/tr>\r\n\r\n<tr>\r\n<td>Windows 8<\/td>\r\n<td><img src=\"https:\/\/plagiarismcheckerx.com\/assets\/images\/icon_yes_color.png\"><\/td>\r\n<td><img src=\"https:\/\/plagiarismcheckerx.com\/assets\/images\/icon_yes_color.png\"><\/td>\r\n<\/tr>\r\n<tr>\r\n<td>Windows 7<\/td>\r\n<td><img src=\"https:\/\/plagiarismcheckerx.com\/assets\/images\/icon_yes_color.png\"><\/td>\r\n<td><img src=\"https:\/\/plagiarismcheckerx.com\/assets\/images\/icon_yes_color.png\"><\/td>\r\n<\/tr>\r\n<tr>\r\n<td>Windows Vista SP2<\/td>\r\n<td><img src=\"https:\/\/plagiarismcheckerx.com\/assets\/images\/icon_yes_color.png\"><\/td>\r\n<td><img src=\"https:\/\/plagiarismcheckerx.com\/assets\/images\/icon_yes_color.png\"><\/td>\r\n<\/tr>\r\n<\/tbody><\/table>\r\n\r\n<br><br><h2>Idiomas<\/h2>\r\n<p>Plagiarism Checker X est\u00e1 disponible en 7 idiomas, pero admite m\u00e1s de 20 idiomas.<\/p>\r\n<table class=\"table table-striped wide-table\">\r\n<tbody>\r\n<tr>\r\n<td> <\/td>\r\n<td>Disponibilidad<\/td>\r\n<\/tr>\r\n\r\n<tr>\r\n<td>English<\/td>\r\n<td><img src=\"https:\/\/plagiarismcheckerx.com\/assets\/images\/icon_yes_color.png\"><\/td>\r\n<\/tr>\r\n<tr>\r\n<td>Spanish<\/td>\r\n<td><img src=\"https:\/\/plagiarismcheckerx.com\/assets\/images\/icon_yes_color.png\"><\/td>\r\n<\/tr>\r\n<tr>\r\n<td>Deutch<\/td>\r\n<td><img src=\"https:\/\/plagiarismcheckerx.com\/assets\/images\/icon_yes_color.png\"><\/td>\r\n<\/tr>\r\n<tr>\r\n<td>French<\/td>\r\n<td><img src=\"https:\/\/plagiarismcheckerx.com\/assets\/images\/icon_yes_color.png\"><\/td>\r\n<\/tr>\r\n<tr>\r\n<td>German<\/td>\r\n<td><img src=\"https:\/\/plagiarismcheckerx.com\/assets\/images\/icon_yes_color.png\"><\/td>\r\n<\/tr>\r\n<tr>\r\n<td>Italian<\/td>\r\n<td><img src=\"https:\/\/plagiarismcheckerx.com\/assets\/images\/icon_yes_color.png\"><\/td>\r\n<\/tr>\r\n<tr>\r\n<td>Portuguese<\/td>\r\n<td><img src=\"https:\/\/plagiarismcheckerx.com\/assets\/images\/icon_yes_color.png\"><\/td>\r\n<\/tr>\r\n<tr>\r\n<td>Russian<\/td>\r\n<td>Soportado<\/td>\r\n<\/tr>\r\n<tr>\r\n<td>Japanese<\/td>\r\n<td>Soportado<\/td>\r\n<\/tr>\r\n<tr>\r\n<td>Hindi<\/td>\r\n<td>Soportado<\/td>\r\n<\/tr>\r\n<\/tbody><\/table>\r\n<\/div>\r\n<\/div>\r\n<\/div>\r\n<\/section>\r\n\n    <section id=\"customer-satisfaction\">\n    <div class=\"container inner-sm\">\n    <div class=\"row\">\n    <div class=\"col-md-10 col-sm-9 center-block text-center\">\n    <header>\n    <h2>Satisfacci\u00f3n de cliente garantizada<\/h2>\n    <p>\"Plagiarism Checker X se ha dise\u00f1ado en base a los comentarios, sugerencias y revisiones t\u00e9cnicas del mercado. La velocidad, precisi\u00f3n y sencilla interfaz de usuario han creado clientes satisfechos y fieles.\"<\/p>\n    <div class=\"row\">\n    <div class=\"col-md-8 center-block text-center\">\n    <figure><img src=\"https:\/\/cdn.plagiarismcheckerx.com\/images\/credit-cards-2.png\" loading=\"lazy\" alt=\"Credit Cards\"> <\/figure>\n    <\/div><\/div>\n    <\/header>\n    <div>\n    <a href=\"..\/download-thank-you\" class=\"btn btn-large btn-gray\">DESCARGA GRATUITA<\/a>&nbsp;\n    <a href=\"..\/buy\" class=\"btn btn-large\">COMPRAR PRO<\/a>\n    <\/div>\n    <\/div>\n    <\/div>\n    <\/div>\n    <\/section>\n\n\n    \r\n","protected":false},"excerpt":{"rendered":"<p>Requisitos del sistema Plagiarism Checker X es un detector de contenido duplicado de primer nivel que ayuda a estudiantes, profesores, instituciones acad\u00e9micas, firmas de investigaci\u00f3n, redactores web, editores y muchos otros segmentos de la sociedad en sus \u00e1mbitos. Para poder disfrutar del producto y sus beneficios, hay que descargarlo. Ahora bien, aseg\u00farese de que el [&hellip;]<\/p>\n","protected":false},"author":3,"featured_media":0,"parent":0,"menu_order":0,"comment_status":"closed","ping_status":"closed","template":"","meta":[],"_links":{"self":[{"href":"https:\/\/plagiarismcheckerx.com\/es\/wp-json\/wp\/v2\/pages\/77"}],"collection":[{"href":"https:\/\/plagiarismcheckerx.com\/es\/wp-json\/wp\/v2\/pages"}],"about":[{"href":"https:\/\/plagiarismcheckerx.com\/es\/wp-json\/wp\/v2\/types\/page"}],"author":[{"embeddable":true,"href":"https:\/\/plagiarismcheckerx.com\/es\/wp-json\/wp\/v2\/users\/3"}],"replies":[{"embeddable":true,"href":"https:\/\/plagiarismcheckerx.com\/es\/wp-json\/wp\/v2\/comments?post=77"}],"version-history":[{"count":9,"href":"https:\/\/plagiarismcheckerx.com\/es\/wp-json\/wp\/v2\/pages\/77\/revisions"}],"predecessor-version":[{"id":359,"href":"https:\/\/plagiarismcheckerx.com\/es\/wp-json\/wp\/v2\/pages\/77\/revisions\/359"}],"wp:attachment":[{"href":"https:\/\/plagiarismcheckerx.com\/es\/wp-json\/wp\/v2\/media?parent=77"}],"curies":[{"name":"wp","href":"https:\/\/api.w.org\/{rel}","templated":true}]}}