{"id":75,"date":"2020-11-25T10:57:13","date_gmt":"2020-11-25T10:57:13","guid":{"rendered":"https:\/\/plagiarismcheckerx.com\/wordpress\/es\/?page_id=75"},"modified":"2020-12-01T19:22:51","modified_gmt":"2020-12-01T19:22:51","slug":"download","status":"publish","type":"page","link":"https:\/\/plagiarismcheckerx.com\/es\/download","title":{"rendered":"Download"},"content":{"rendered":"\n<section id=\"download\">\n<div class=\"container inner-xs\">\n<div class=\"row\">\n\n<div class=\"col-md-7 inner-xs text-center\">\n<br>\n<h1 align=\"center\">Descargar Plagiarism Checker<\/h1>\n<p>El software Plagiarism Checker X software est\u00e1 dise\u00f1ado para detectar contenido duplicado al cotejarlo con sus documentos \/ textos, ayudando a los usuarios (por ejemplo, estudiantes, profesores, universidades, colegios, escritores, agentes SEO, etc.) a comprobar la originalidad de su contenido sobre el material plagiado. Esta versi\u00f3n de prueba del software es de descarga GRATUITA, pero tienen algunas limitaciones. Permite a los usuarios probar el software si lo desean. Adem\u00e1s, les permite detectar f\u00e1cilmente el plagio y les ayuda a prevenir que se haga un mal uso de su trabajo. Para disfrutar de la versi\u00f3n completa con todas sus incre\u00edbles e innovadoras funcionalidades, compre ahora el software por s\u00f3lo 39.95$.<\/p>\n<a href=\"..\/download-thank-you\" class=\"btn btn-large btn-gray\">DESCARGA GRATUITA<\/a> &nbsp;\n<a href=\"..\/buy\" class=\"btn btn-large\">COMPRAR PRO<\/a>\n<\/div>\n\n<div class=\"col-md-5\">\n<br>\n<img src=\"https:\/\/cdn.plagiarismcheckerx.com\/images\/header-banner-dashboard.jpg\" alt=\"plagairism checker free\" height=\"395px\">\n<\/div>\n<\/div>\n<br>\n<\/div>\n<\/section>\n\n\n<section id=\"clients\">\n<div class=\"container inner-sm\">\n\n<div class=\"row\">\n<div class=\"col-md-8 col-sm-9 center-block text-center\">\n<header>\n<h2>Utilizado por Instituciones L\u00edderes<\/h2>\n<p>Valoramos las experiencias de nuestros clientes. La velocidad, precisi\u00f3n y f\u00e1cil interfaz de usuario han conseguido clientes leales y satisfechos.<\/p>\n<\/header>\n<\/div>\n<\/div>\n\n<div class=\"row inner-top-xs\">\n<div class=\"col-sm-12\">\n<div id=\"owl-clients\" class=\"owl-carousel owl-outer-nav\">\n\n<div class=\"item\">\n<figure>\n<figcaption class=\"text-overlay\">\n<div class=\"info\">\n<h4>IEEE<\/h4>\n<\/div>\n<\/figcaption>\n<img class=\"SliceImages OrgImage1\">\n<\/figure>\n<\/div>\n\n<div class=\"item\">\n<figure>\n<figcaption class=\"text-overlay\">\n<div class=\"info\">\n<h4>American University of Science And Technology<\/h4>\n<\/div>\n<\/figcaption>\n<img class=\"SliceImages OrgImage2\">\n<\/figure>\n<\/div>\n\n<div class=\"item\">\n<figure>\n<figcaption class=\"text-overlay\">\n<div class=\"info\">\n<h4>Remington College<\/h4>\n<\/div>\n<\/figcaption>\n<img class=\"SliceImages OrgImage3\">\n<\/figure>\n<\/div>\n\n<div class=\"item\">\n<figure>\n<figcaption class=\"text-overlay\">\n<div class=\"info\">\n<h4>JM Field Marketing<\/h4>\n<\/div>\n<\/figcaption>\n<img class=\"SliceImages OrgImage4\">\n<\/figure>\n<\/div>\n\n<div class=\"item\">\n<figure>\n<figcaption class=\"text-overlay\">\n<div class=\"info\">\n<h4>University of Maribor<\/h4>\n<\/div>\n<\/figcaption>\n<img class=\"SliceImages OrgImage5\">\n<\/figure>\n<\/div>\n\n<div class=\"item\">\n<figure>\n<figcaption class=\"text-overlay\">\n<div class=\"info\">\n<h4>Great American Cookies<\/h4>\n<\/div>\n<\/figcaption>\n<img class=\"SliceImages OrgImage6\">\n<\/figure>\n<\/div>\n\n<div class=\"item\">\n<figure>\n<figcaption class=\"text-overlay\">\n<div class=\"info\">\n<h4>Ohio University<\/h4>\n<\/div>\n<\/figcaption>\n<img class=\"SliceImages OrgImage7\">\n<\/figure>\n<\/div>\n\n<div class=\"item\">\n<figure>\n<figcaption class=\"text-overlay\">\n<div class=\"info\">\n<h4>University Of Massachusetts Boston<\/h4>\n<\/div>\n<\/figcaption>\n<img class=\"SliceImages OrgImage8\">\n<\/figure>\n<\/div>\n\n<div class=\"item\">\n<figure>\n<figcaption class=\"text-overlay\">\n<div class=\"info\">\n<h4>Labournet Services India<\/h4>\n<\/div>\n<\/figcaption>\n<img class=\"SliceImages OrgImage9\">\n<\/figure>\n<\/div>\n\n<div class=\"item\">\n<figure>\n<figcaption class=\"text-overlay\">\n<div class=\"info\">\n<h4>King Saud University<\/h4>\n<\/div>\n<\/figcaption>\n<img class=\"SliceImages OrgImage10\">\n<\/figure>\n<\/div>\n\n<div class=\"item\">\n<figure>\n<figcaption class=\"text-overlay\">\n<div class=\"info\">\n<h4>Delta-State-University-Abraka<\/h4>\n<\/div>\n<\/figcaption>\n<img class=\"SliceImages OrgImage11\">\n<\/figure>\n<\/div>\n\n<div class=\"item\">\n<figure>\n<figcaption class=\"text-overlay\">\n<div class=\"info\">\n<h4>Trinity College<\/h4>\n<\/div>\n<\/figcaption>\n<img class=\"SliceImages OrgImage12\">\n<\/figure>\n<\/div>\n\n<\/div>\n<\/div>\n<\/div>\n\n<\/div>\n<\/section>\n\n\n\n    <section id=\"awards\">\n    <div class=\"container inner-xs\">\n    <div class=\"row\">\n    <div class=\"col-md-11 col-sm-9 center-block text-center\">\n    <header>\n    <h2>Premios y certificaciones<\/h2>\n    <\/header>\n    <p>\"Plagiarism Checker X es un software galardonado. S\u00ed, no nos gusta alardear, pero nos alegra poder compartir nuestros logros y reconocimiento mundial. Las cr\u00edticas positivas que hemos recibido de numerosas organizaciones independientes relacionadas con la industria y agencias de pruebas son motivos adicionales. Por lo tanto, cuando descargue el software, recuerde que la capacidad de escaneo y las caracter\u00edsticas innovadoras de PlagiarismCheckerX tienen prestigio a nivel mundial.\"<\/p>\n    <img src=\"https:\/\/cdn.plagiarismcheckerx.com\/images\/awards\/softonic.png\" loading=\"lazy\" alt=\"softonic\">\n    <img src=\"https:\/\/cdn.plagiarismcheckerx.com\/images\/awards\/software-informer.png\" loading=\"lazy\" alt=\"software informer\">\n    <img src=\"https:\/\/cdn.plagiarismcheckerx.com\/images\/awards\/mcafee.png\" loading=\"lazy\" alt=\"mcafee\">\n    <img src=\"https:\/\/cdn.plagiarismcheckerx.com\/images\/awards\/softpedia.png\" loading=\"lazy\" alt=\"sofepedia\">\n    <img src=\"https:\/\/cdn.plagiarismcheckerx.com\/images\/awards\/softpedia-clean.png\" loading=\"lazy\" alt=\"Softpedia clean\">\n    <img src=\"https:\/\/cdn.plagiarismcheckerx.com\/images\/awards\/software-informer-clean.png\" loading=\"lazy\" alt=\"software informer\">\n    <\/div>\n    <\/div>\n    <\/div>\n    <\/section>\n\n    \n\n\n<section id=\"your-data-is-safe\">\n<div class=\"container inner-sm\">\n<div class=\"row\">\n<div class=\"col-md-10 col-sm-9 center-block text-center\">\n<header>\n<h2>Tus Datos est\u00e1n Seguros con este Dispositivo, No Necesitas Subirlos<\/h2>\n<p>\"Como usuario, no necesitas subir tus ex\u00e1menes y contenidos a tu base de datos, en vez de ello, los documentos se quedan donde est\u00e1n. Esta caracter\u00edstica hace que el Revisor de Plagios X sea bastante diferente al resto de proveedores de servicios en el mercado. As\u00ed que, \u00a1Apres\u00farate!, \u00a1Obt\u00e9n una reproducci\u00f3n aqu\u00ed!\".<\/p>\n<div class=\"row\">\n<div class=\"col-md-8 center-block text-center\">\n<figure><img src=\"https:\/\/cdn.plagiarismcheckerx.com\/images\/credit-cards-2.png\" alt=\"Credit Cards\"> <\/figure>\n<\/div><\/div>\n<\/header>\n<div>\n<a href=\"..\/download-thank-you\" class=\"btn btn-large\">DESCARGA GRATUITA<\/a> \n<a href=\"..\/buy\" class=\"btn btn-large\">COMPRAR PRO<\/a>\n<\/div>\n<\/div>\n<\/div>\n<\/div>\n<\/section>\n\n\n","protected":false},"excerpt":{"rendered":"<p>Descargar Plagiarism Checker El software Plagiarism Checker X software est\u00e1 dise\u00f1ado para detectar contenido duplicado al cotejarlo con sus documentos \/ textos, ayudando a los usuarios (por ejemplo, estudiantes, profesores, universidades, colegios, escritores, agentes SEO, etc.) a comprobar la originalidad de su contenido sobre el material plagiado. Esta versi\u00f3n de prueba del software es de [&hellip;]<\/p>\n","protected":false},"author":3,"featured_media":0,"parent":0,"menu_order":0,"comment_status":"closed","ping_status":"closed","template":"","meta":[],"_links":{"self":[{"href":"https:\/\/plagiarismcheckerx.com\/es\/wp-json\/wp\/v2\/pages\/75"}],"collection":[{"href":"https:\/\/plagiarismcheckerx.com\/es\/wp-json\/wp\/v2\/pages"}],"about":[{"href":"https:\/\/plagiarismcheckerx.com\/es\/wp-json\/wp\/v2\/types\/page"}],"author":[{"embeddable":true,"href":"https:\/\/plagiarismcheckerx.com\/es\/wp-json\/wp\/v2\/users\/3"}],"replies":[{"embeddable":true,"href":"https:\/\/plagiarismcheckerx.com\/es\/wp-json\/wp\/v2\/comments?post=75"}],"version-history":[{"count":7,"href":"https:\/\/plagiarismcheckerx.com\/es\/wp-json\/wp\/v2\/pages\/75\/revisions"}],"predecessor-version":[{"id":253,"href":"https:\/\/plagiarismcheckerx.com\/es\/wp-json\/wp\/v2\/pages\/75\/revisions\/253"}],"wp:attachment":[{"href":"https:\/\/plagiarismcheckerx.com\/es\/wp-json\/wp\/v2\/media?parent=75"}],"curies":[{"name":"wp","href":"https:\/\/api.w.org\/{rel}","templated":true}]}}