{"id":71,"date":"2020-11-25T10:53:07","date_gmt":"2020-11-25T10:53:07","guid":{"rendered":"https:\/\/plagiarismcheckerx.com\/wordpress\/es\/?page_id=71"},"modified":"2020-12-05T16:41:38","modified_gmt":"2020-12-05T16:41:38","slug":"bulk-comparison","status":"publish","type":"page","link":"https:\/\/plagiarismcheckerx.com\/es\/bulk-comparison","title":{"rendered":"Bulk Comparison"},"content":{"rendered":"\n<section id=\"services\">\n<div class=\"container inner-xs\">\n<div class=\"row\">\n<div class=\"col-md-5\">\n<br><br>\n<figure><img src=\"https:\/\/cdn.plagiarismcheckerx.com\/images\/screenshots\/bulk-comparison-results.jpg\" alt=\"\"><\/figure>\n<\/div>\n\n<div class=\"col-md-7\">\n<h1 align=\"center\">\u00a1Comparaci\u00f3n cruzada de m\u00faltiples documentos!<\/h1>\n<p>La comparaci\u00f3n de documentos ahora es f\u00e1cil, ya puede comprobar m\u00faltiples documentos al mismo tiempo. Una de las ventajas de Plagiarism Checker X es que no s\u00f3lo funciona online, sino que tambi\u00e9n ofrece soporte parcial fuera de l\u00ednea. Por ejemplo, si desea analizar dos documentos en busca de contenido duplicado, la secci\u00f3n de comprobaci\u00f3n cruzada le permite ver y comparar dos documentos entre s\u00ed. Esto ayuda a comprobar si contienen contenido plagiado, cada uno con respecto al otro. Lo mejor de esta funcionalidad es que tambi\u00e9n funciona sin conexi\u00f3n.<\/p>\n<div align=\"center\">\n<a href=\"..\/download-thank-you\" class=\"btn btn-large btn-gray\">Free Download<\/a>&nbsp;\n<a href=\"..\/buy\" class=\"btn btn-large\">Buy PRO<\/a>\n<\/div>\n<\/div>\n<\/div>\n<\/div>\n\n<\/section>\n\n<section id=\"source\" class=\"light-bg\">\n<div class=\"container inner-sm inner-bottom-xs\">\n<div class=\"row\">\n<div class=\"col-md-12\">\n<div class=\"tabs tabs-2-big-top tab-container\">\n<ul class=\"etabs text-center\">\n<li class=\"tab\">\n<a href=\"#tab-1\">\n  <h3><i class=\"icon-th-large icn lg\"><\/i> Comprobaci\u00f3n cruzada<\/h3>\n  <p class=\"text-small\">Este m\u00e9todo contiene solo un repositorio y encuentra el plagio comparando cada archivo con el resto de los archivos de ese repositorio. Este sistema supone sin duda un ahorro de tiempo y es igualmente \u00fatil para profesores y editores web. No es necesario que coteje cada art\u00edculo\/trabajo individualmente. <br><br> En su lugar, Plagiarism Checker X puede utilizarse para obtener una puntuaci\u00f3n de plagio distintiva para cada archivo o url.<\/p>\n<\/a>\n<\/li>\n<li class=\"tab\">\n<a href=\"#tab-2\">\n  <h3><i class=\"icon-list-1 icn lg\"><\/i> Comparaci\u00f3n de grupos<\/h3>\n  <p class=\"text-small\">En esta metodolog\u00eda selectiva, la similitud se puede analizar dentro de dos grupos de repositorios (lista de documentos o m\u00faltiples direcciones url de p\u00e1ginas web). Esta funcionalidad crea un lote comparativo para analizar varios documentos Fuente (A) en relaci\u00f3n con los distintos archivos Destino (B). <br><br> Las puntuaciones de similitud al final se representan en los bloques de celdas que se pueden previsualizar en detalle.\n<\/p>\n<\/a>\n<\/li>\n<\/ul>\n\n<div class=\"panel-container\">\n<div class=\"tab-content\" id=\"tab-1\"><\/div>\n<div class=\"tab-content\" id=\"tab-2\">\n<\/div>\n<\/div>\n\n<\/div>\n<\/div>\n<\/div>\n<\/div>\n<\/section>\n\n<section id=\"services\">\n<div class=\"container\">\n<div class=\"row\">\n<div class=\"col-md-8 col-sm-9 center-block text-center\">\n<header>\n<br><br>\n<h2>Caracter\u00edsticas de la comparaci\u00f3n masiva<\/h2>\n<\/header>\n<\/div>\n<\/div>\n\n<div class=\"row inner-top-xs\">\n<div class=\"col-sm-1 col-md-offset-1\">\n<div class=\"icon pull-right\">\n<i class=\"icon-list-1 icn lg\"><\/i>\n<\/div>\n<\/div>\n\n<div class=\"col-sm-4 inner-bottom-sm\">\n<h3>Comparaci\u00f3n por lotes<\/h3>\n<p class=\"text-small\">Cuando desee comparar un conjunto de archivos A con un conjunto de archivos B, para decir cu\u00e1nto se parece cada archivo en la primera lista a cada archivo en la segunda lista, esta herramienta le ser\u00e1 \u00fatil. Le permite comparar por lotes m\u00faltiples documentos a la vez.<\/p>\n<\/div>\n\n<div class=\"col-sm-1\">\n<div class=\"icon pull-right\">\n<i class=\"icon-text-height icn lg\"><\/i>\n<\/div>\n<\/div>\n\n<div class=\"col-sm-4\">\n<h3>Resultados tabulares<\/h3>\n<p class=\"text-small\">Los resultados generados por la comparaci\u00f3n masiva se muestran como un conjunto de filas y columnas. Los archivos Fuente [A] se muestran en la secci\u00f3n vertical de la tabla, mientras que los archivos Destino [B] se presentan en la secci\u00f3n horizontal de la tabla.<\/p>\n<\/div>\n<\/div>\n<div class=\"row inner-xs\">\n<div class=\"col-sm-1 col-md-offset-1\">\n<div class=\"icon pull-right\">\n<i class=\"icon-switch icn lg\"><\/i>\n<\/div>\n<\/div>\n\n<div class=\"col-sm-4 inner-bottom-xs\">\n<h3>Swap &amp; Repositorio intercambios<\/h3>\n<p class=\"text-small\">La funcionalidad &#8216;Cambiar documento&#8217; le permite intercambiar los datos cargados entre la fuente y el destino. Puede comprobar el cambio en la ratio de plagio intercambiando el texto fuente y el texto destino. Para ello, simplemente haga clic en las flechas azules de intercambio en el medio de los cuadros de texto. Es un m\u00e9todo r\u00e1pido para intercambiar contenido con un solo clic.<\/p>\n<\/div>\n\n<div class=\"col-sm-1\">\n<div class=\"icon pull-right\">\n<i class=\"icon-check-1 icn lg\"><\/i>\n<\/div>\n<\/div>\n\n<div class=\"col-sm-4 inner-bottom-sm\">\n<h3>Porcentaje de similitud distintivo<\/h3>\n<p class=\"text-small\">Para hacer la comparaci\u00f3n visual mucho m\u00e1s amigable y f\u00e1cil de entender de acuerdo con las investigaciones cient\u00edficas visuales, el software dibuja bloques que representan la puntuaci\u00f3n de originalidad de cada archivo asociado. Este dise\u00f1o facilita la comprobaci\u00f3n de la ratio de plagio de cada archivo con respecto a cada documento distintivo.<\/p>\n<\/div>\n<\/div>\n\n<div class=\"row\">\n<div class=\"col-sm-1 col-md-offset-1\">\n<div class=\"icon pull-right\">\n<i class=\"icon-export icn lg\"><\/i>\n<\/div>\n<\/div>\n\n<div class=\"col-sm-4 inner-bottom-sm\">\n<h3>Informes protegidos (WYSIWYG)<\/h3>\n<p class=\"text-small\">El informe de comparaci\u00f3n masiva se genera exactamente en el mismo dise\u00f1o que se muestra dentro del software. La consistencia en el dise\u00f1o hace que sea m\u00e1s presentable y f\u00e1cil de entender. Por lo tanto, garantiza que lo que ve, \u00a1es lo que obtiene!<\/p>\n<\/div>\n\n<div class=\"col-sm-1\">\n<div class=\"icon pull-right\">\n<i class=\"icon-text-height icn lg\"><\/i>\n<\/div>\n<\/div>\n\n<div class=\"col-sm-4\">\n<h3>multiling\u00fces &amp; Formatos de archivo<\/h3>\n<p class=\"text-small\">El software es compatible con una amplia gama de formatos de archivo de texto para analizar. Puede importar documentos en .pdf .txt .doc, .docx .rtf., &amp; html y muchos otros tipos de &#8216;archivos de texto&#8217; compatibles. Adem\u00e1s, nuestro software es compatible con todos los caracteres de textos, ya que soporta m\u00e1s de 20 idiomas en la actualidad y vamos agregando m\u00e1s peri\u00f3dicamente. <\/p>\n<\/div>\n<\/div>\n\n<\/div>\n<\/section>\n\n<section id=\"easySteps\">\n<div class=\"row inner-sm\">\n<div class=\"col-md-7 center-block text-center\">\n<h1>\u00a1Comparaci\u00f3n masiva en 5 sencillos pasos!<\/h1>\n<p>Al analizar sus documentos o direcciones URL con la comparaci\u00f3n masiva, siga estos sencillos pasos para comprobar la relaci\u00f3n de similitud entre dos repositorios. Es muy f\u00e1cil. Puede hacerlo paso a paso.<\/p>\n<\/div>\n<\/div>\n\n<div class=\"row inner-bottom-sm\">\n  <div class=\"col-md-10 center-block\">\n\n  <div class=\"col-md-2 text-center col-md-offset-1\">\n  <img src=\"https:\/\/cdn.plagiarismcheckerx.com\/images\/thumbnails\/bulk-comparison-box-1.jpg\" loading=\"lazy\" style=\"border-radius: 50%;border: 2px solid #3F8DBF\" alt=\"Compare Two Documents\" width=\"200px\">\n  <br><br> <span class=\"blue\">1. <\/span>Seleccionar el modo.\n  <\/div>\n\n<div class=\"col-md-2 text-center\">\n  <img src=\"https:\/\/cdn.plagiarismcheckerx.com\/images\/thumbnails\/bulk-comparison-box-2.jpg\" loading=\"lazy\" style=\"border-radius: 50%;border: 2px solid #3F8DBF\" alt=\"Load Two Documents Comparison\" width=\"200px\">\n<br><br> <span class=\"blue\">2. <\/span>Cargar la fuente.\n<\/div>\n\n<div class=\"col-md-2 text-center\">\n  <img src=\"https:\/\/cdn.plagiarismcheckerx.com\/images\/thumbnails\/bulk-comparison-box-3.jpg\" loading=\"lazy\" style=\"border-radius: 50%;border: 2px solid #3F8DBF\" alt=\"Load Two Documents Comparison\" width=\"200px\">\n<br><br> <span class=\"blue\">3. <\/span>Cargar el destino.\n<\/div>\n\n\n<div class=\"col-md-2 text-center\">\n  <img src=\"https:\/\/cdn.plagiarismcheckerx.com\/images\/thumbnails\/bulk-comparison-box-4.jpg\" loading=\"lazy\" style=\"border-radius: 50%;border: 2px solid #3F8DBF\" alt=\"Two Documents Similarity Results\" width=\"200px\">\n<br><br><span class=\"blue\">4. <\/span>Comprobar plagio.\n<\/div>\n\n<div class=\"col-md-2 text-center\">\n  <img src=\"https:\/\/cdn.plagiarismcheckerx.com\/images\/thumbnails\/bulk-comparison-box-5.jpg\" loading=\"lazy\" style=\"border-radius: 50%;border: 2px solid #3F8DBF\" alt=\"Documents Cross Comparison Report\" width=\"200px\">\n<br><br><span class=\"blue\">5.<\/span>Ver &amp; Exportar\n<\/div>\n\n<\/div>\n<\/div>\n\n<\/section>\n\n<div class=\"light-bg\">\n\n<section id=\"clients\">\n<div class=\"container inner-sm\">\n\n<div class=\"row\">\n<div class=\"col-md-8 col-sm-9 center-block text-center\">\n<header>\n<h2>Utilizado por Instituciones L\u00edderes<\/h2>\n<p>Valoramos las experiencias de nuestros clientes. La velocidad, precisi\u00f3n y f\u00e1cil interfaz de usuario han conseguido clientes leales y satisfechos.<\/p>\n<\/header>\n<\/div>\n<\/div>\n\n<div class=\"row inner-top-xs\">\n<div class=\"col-sm-12\">\n<div id=\"owl-clients\" class=\"owl-carousel owl-outer-nav\">\n\n<div class=\"item\">\n<figure>\n<figcaption class=\"text-overlay\">\n<div class=\"info\">\n<h4>IEEE<\/h4>\n<\/div>\n<\/figcaption>\n<img class=\"SliceImages OrgImage1\">\n<\/figure>\n<\/div>\n\n<div class=\"item\">\n<figure>\n<figcaption class=\"text-overlay\">\n<div class=\"info\">\n<h4>American University of Science And Technology<\/h4>\n<\/div>\n<\/figcaption>\n<img class=\"SliceImages OrgImage2\">\n<\/figure>\n<\/div>\n\n<div class=\"item\">\n<figure>\n<figcaption class=\"text-overlay\">\n<div class=\"info\">\n<h4>Remington College<\/h4>\n<\/div>\n<\/figcaption>\n<img class=\"SliceImages OrgImage3\">\n<\/figure>\n<\/div>\n\n<div class=\"item\">\n<figure>\n<figcaption class=\"text-overlay\">\n<div class=\"info\">\n<h4>JM Field Marketing<\/h4>\n<\/div>\n<\/figcaption>\n<img class=\"SliceImages OrgImage4\">\n<\/figure>\n<\/div>\n\n<div class=\"item\">\n<figure>\n<figcaption class=\"text-overlay\">\n<div class=\"info\">\n<h4>University of Maribor<\/h4>\n<\/div>\n<\/figcaption>\n<img class=\"SliceImages OrgImage5\">\n<\/figure>\n<\/div>\n\n<div class=\"item\">\n<figure>\n<figcaption class=\"text-overlay\">\n<div class=\"info\">\n<h4>Great American Cookies<\/h4>\n<\/div>\n<\/figcaption>\n<img class=\"SliceImages OrgImage6\">\n<\/figure>\n<\/div>\n\n<div class=\"item\">\n<figure>\n<figcaption class=\"text-overlay\">\n<div class=\"info\">\n<h4>Ohio University<\/h4>\n<\/div>\n<\/figcaption>\n<img class=\"SliceImages OrgImage7\">\n<\/figure>\n<\/div>\n\n<div class=\"item\">\n<figure>\n<figcaption class=\"text-overlay\">\n<div class=\"info\">\n<h4>University Of Massachusetts Boston<\/h4>\n<\/div>\n<\/figcaption>\n<img class=\"SliceImages OrgImage8\">\n<\/figure>\n<\/div>\n\n<div class=\"item\">\n<figure>\n<figcaption class=\"text-overlay\">\n<div class=\"info\">\n<h4>Labournet Services India<\/h4>\n<\/div>\n<\/figcaption>\n<img class=\"SliceImages OrgImage9\">\n<\/figure>\n<\/div>\n\n<div class=\"item\">\n<figure>\n<figcaption class=\"text-overlay\">\n<div class=\"info\">\n<h4>King Saud University<\/h4>\n<\/div>\n<\/figcaption>\n<img class=\"SliceImages OrgImage10\">\n<\/figure>\n<\/div>\n\n<div class=\"item\">\n<figure>\n<figcaption class=\"text-overlay\">\n<div class=\"info\">\n<h4>Delta-State-University-Abraka<\/h4>\n<\/div>\n<\/figcaption>\n<img class=\"SliceImages OrgImage11\">\n<\/figure>\n<\/div>\n\n<div class=\"item\">\n<figure>\n<figcaption class=\"text-overlay\">\n<div class=\"info\">\n<h4>Trinity College<\/h4>\n<\/div>\n<\/figcaption>\n<img class=\"SliceImages OrgImage12\">\n<\/figure>\n<\/div>\n\n<\/div>\n<\/div>\n<\/div>\n\n<\/div>\n<\/section>\n\n<\/div>\n\n    <section id=\"what-are-you-waiting-for\">\n    <div class=\"container inner-sm\">\n    <div class=\"row\">\n    <div class=\"col-md-10 col-sm-9 center-block text-center\">\n    <header>\n    <h2>Entonces, \u00bfa qu\u00e9 espera?<\/h2>\n    <\/header>\n    <p>En resumen, esta herramienta f\u00e1cil de usar puede ayudarle a evitar las complejidades de las herramientas de comprobaci\u00f3n de plagio online y las sanciones acad\u00e9micas. Hay universidades donde los estudiantes tienen que asumir sanciones extremas como las probatorias acad\u00e9micas, multas e incluso la expulsi\u00f3n. Si un trabajo acad\u00e9mico viola los derechos de autor, puede dar lugar a demandas y procedimientos penales. Por lo tanto, conseguir un detector de plagio razonable es muy importante.<\/p>\n    <div class=\"row\">\n    <div class=\"col-md-8 center-block text-center\">\n    <figure><img src=\"https:\/\/cdn.plagiarismcheckerx.com\/images\/credit-cards-2.png\" loading=\"lazy\" alt=\"Credit Cards\"> <\/figure>\n    <\/div><\/div>\n    <div>\n    <a href=\"..\/download-thank-you\" class=\"btn btn-large btn-gray\">DESCARGA GRATUITA<\/a>&nbsp;\n    <a href=\"..\/buy\" class=\"btn btn-large\">COMPRAR PRO<\/a>\n    <\/div>\n    <\/div>\n    <\/div>\n    <\/div>\n    <\/section>\n\n\n    \n","protected":false},"excerpt":{"rendered":"<p>\u00a1Comparaci\u00f3n cruzada de m\u00faltiples documentos! La comparaci\u00f3n de documentos ahora es f\u00e1cil, ya puede comprobar m\u00faltiples documentos al mismo tiempo. Una de las ventajas de Plagiarism Checker X es que no s\u00f3lo funciona online, sino que tambi\u00e9n ofrece soporte parcial fuera de l\u00ednea. Por ejemplo, si desea analizar dos documentos en busca de contenido duplicado, [&hellip;]<\/p>\n","protected":false},"author":3,"featured_media":0,"parent":0,"menu_order":0,"comment_status":"closed","ping_status":"closed","template":"","meta":[],"_links":{"self":[{"href":"https:\/\/plagiarismcheckerx.com\/es\/wp-json\/wp\/v2\/pages\/71"}],"collection":[{"href":"https:\/\/plagiarismcheckerx.com\/es\/wp-json\/wp\/v2\/pages"}],"about":[{"href":"https:\/\/plagiarismcheckerx.com\/es\/wp-json\/wp\/v2\/types\/page"}],"author":[{"embeddable":true,"href":"https:\/\/plagiarismcheckerx.com\/es\/wp-json\/wp\/v2\/users\/3"}],"replies":[{"embeddable":true,"href":"https:\/\/plagiarismcheckerx.com\/es\/wp-json\/wp\/v2\/comments?post=71"}],"version-history":[{"count":8,"href":"https:\/\/plagiarismcheckerx.com\/es\/wp-json\/wp\/v2\/pages\/71\/revisions"}],"predecessor-version":[{"id":361,"href":"https:\/\/plagiarismcheckerx.com\/es\/wp-json\/wp\/v2\/pages\/71\/revisions\/361"}],"wp:attachment":[{"href":"https:\/\/plagiarismcheckerx.com\/es\/wp-json\/wp\/v2\/media?parent=71"}],"curies":[{"name":"wp","href":"https:\/\/api.w.org\/{rel}","templated":true}]}}